{"id":836,"date":"2021-05-21T18:19:38","date_gmt":"2021-05-21T15:19:38","guid":{"rendered":"https:\/\/inkroomtattoo.com\/?page_id=836"},"modified":"2026-02-19T22:31:12","modified_gmt":"2026-02-19T20:31:12","slug":"japan-tattoo-oriental-tetovalas-keszites","status":"publish","type":"page","link":"https:\/\/inkroomtattoo.com\/en\/japan-tattoo-oriental-tetovalas-keszites\/","title":{"rendered":"Japanese tattoo, oriental tattoo"},"content":{"rendered":"<div data-elementor-type=\"wp-page\" data-elementor-id=\"836\" class=\"elementor elementor-836\" data-elementor-post-type=\"page\">\n\t\t\t\t\t\t<section class=\"elementor-section elementor-top-section elementor-element elementor-element-8ae0e82 elementor-section-height-min-height animated-slow elementor-section-boxed elementor-section-height-default elementor-section-items-middle elementor-invisible\" data-id=\"8ae0e82\" data-element_type=\"section\" data-settings=\"{&quot;background_background&quot;:&quot;classic&quot;,&quot;animation&quot;:&quot;fadeIn&quot;}\">\n\t\t\t\t\t\t<div class=\"elementor-container elementor-column-gap-default\">\n\t\t\t\t\t<div class=\"elementor-column elementor-col-100 elementor-top-column elementor-element elementor-element-60db1cc\" data-id=\"60db1cc\" data-element_type=\"column\" data-settings=\"{&quot;motion_fx_motion_fx_scrolling&quot;:&quot;yes&quot;,&quot;motion_fx_opacity_effect&quot;:&quot;yes&quot;,&quot;motion_fx_opacity_direction&quot;:&quot;in-out&quot;,&quot;motion_fx_opacity_range&quot;:{&quot;unit&quot;:&quot;%&quot;,&quot;size&quot;:&quot;&quot;,&quot;sizes&quot;:{&quot;start&quot;:50,&quot;end&quot;:100}},&quot;motion_fx_opacity_level&quot;:{&quot;unit&quot;:&quot;px&quot;,&quot;size&quot;:10,&quot;sizes&quot;:[]},&quot;motion_fx_devices&quot;:[&quot;desktop&quot;,&quot;tablet&quot;,&quot;mobile&quot;]}\">\n\t\t\t<div class=\"elementor-widget-wrap elementor-element-populated\">\n\t\t\t\t\t\t<div class=\"elementor-element elementor-element-f39fbe3 dupla-shadow elementor-widget elementor-widget-heading\" data-id=\"f39fbe3\" data-element_type=\"widget\" data-widget_type=\"heading.default\">\n\t\t\t\t<div class=\"elementor-widget-container\">\n\t\t\t\t\t<h1 class=\"elementor-heading-title elementor-size-default\">Japanese tattoo, oriental tattoo<\/h1>\t\t\t\t<\/div>\n\t\t\t\t<\/div>\n\t\t\t\t\t<\/div>\n\t\t<\/div>\n\t\t\t\t\t<\/div>\n\t\t<\/section>\n\t\t\t\t<section class=\"elementor-section elementor-top-section elementor-element elementor-element-09672e9 elementor-section-height-min-height elementor-section-boxed elementor-section-height-default elementor-section-items-middle\" data-id=\"09672e9\" data-element_type=\"section\">\n\t\t\t\t\t\t<div class=\"elementor-container elementor-column-gap-default\">\n\t\t\t\t\t<div class=\"elementor-column elementor-col-100 elementor-top-column elementor-element elementor-element-af7a92f\" data-id=\"af7a92f\" data-element_type=\"column\">\n\t\t\t<div class=\"elementor-widget-wrap elementor-element-populated\">\n\t\t\t\t\t\t<div class=\"elementor-element elementor-element-b2bb982 elementor-invisible elementor-widget elementor-widget-text-editor\" data-id=\"b2bb982\" data-element_type=\"widget\" data-settings=\"{&quot;_animation&quot;:&quot;slideInUp&quot;}\" data-widget_type=\"text-editor.default\">\n\t\t\t\t<div class=\"elementor-widget-container\">\n\t\t\t\t\t\t\t\t\t<style>\n    .inkroom-oriental-card {\n        background-color: #000000;\n        color: #ffffff;\n        font-family: 'Inter', -apple-system, sans-serif;\n        padding: 40px 20px;\n        max-width: 450px;\n        margin: 0 auto;\n        line-height: 1.6;\n    }\n\n    .o-headline {\n        font-size: 22px;\n        font-weight: 700;\n        letter-spacing: -0.02em;\n        margin-bottom: 20px;\n        line-height: 1.3;\n    }\n\n    .o-intro-text {\n        font-size: 16px;\n        color: #eeeeee;\n        margin-bottom: 25px;\n        font-weight: 400;\n    }\n\n    .o-divider {\n        width: 50px;\n        height: 2px;\n        background: #ffffff;\n        margin: 30px 0;\n    }\n\n    .o-feature-grid {\n        display: grid;\n        grid-template-columns: 1fr;\n        gap: 15px;\n        margin-bottom: 30px;\n    }\n\n    .o-feature-item {\n        background: #0a0a0a;\n        border: 1px solid #1a1a1a;\n        padding: 15px 20px;\n        font-size: 14px;\n        color: #999;\n    }\n\n    .o-feature-item strong {\n        display: block;\n        color: #ffffff;\n        margin-bottom: 5px;\n        text-transform: uppercase;\n        font-size: 12px;\n        letter-spacing: 1px;\n    }\n\n    .o-highlight-section {\n        background: #111;\n        padding: 20px;\n        border-left: 3px solid #ffffff;\n        font-size: 15px;\n        margin: 30px 0;\n    }\n\n    \/* Actions Area *\/\n    .action-area {\n        margin-top: 40px;\n        padding-top: 30px;\n        border-top: 1px solid #222;\n    }\n\n    .cta-grid {\n        display: grid;\n        grid-template-columns: 1fr;\n        gap: 12px;\n        margin-bottom: 30px;\n    }\n\n    .btn-primary {\n        display: block;\n        background-color: #ffffff;\n        color: #000000;\n        text-align: center;\n        text-decoration: none;\n        font-weight: 700;\n        font-size: 14px;\n        text-transform: uppercase;\n        letter-spacing: 1.5px;\n        padding: 18px;\n        border-radius: 2px;\n    }\n\n    .btn-secondary {\n        display: block;\n        background-color: #000000;\n        color: #ffffff;\n        text-align: center;\n        text-decoration: none;\n        font-weight: 700;\n        font-size: 14px;\n        text-transform: uppercase;\n        letter-spacing: 1.5px;\n        padding: 18px;\n        border: 1px solid #333;\n        border-radius: 2px;\n    }\n\n    .info-grid {\n        display: grid;\n        grid-template-columns: 1fr 1fr;\n        gap: 10px;\n    }\n\n    .info-link {\n        text-decoration: none;\n        display: flex;\n        flex-direction: column;\n        align-items: center;\n        text-align: center;\n    }\n\n    .info-label {\n        color: #555;\n        font-size: 10px;\n        text-transform: uppercase;\n        letter-spacing: 1px;\n        margin-bottom: 4px;\n    }\n\n    .info-value {\n        color: #ffffff;\n        font-size: 12px;\n        font-weight: 500;\n    }\n<\/style>\n\n<div class=\"inkroom-oriental-card\">\n    <h2>\u00c9rdekel a Jap\u00e1n kult\u00fara?<\/h2>\n    \n    <p class=\"o-intro-text\">\n        Szeretn\u00e9l egy tetov\u00e1l\u00e1st, amely m\u0171v\u00e9szi \u00e9rt\u00e9kein k\u00edv\u00fcl m\u00e9ly jelent\u00e9ssel is rendelkezik? Akkor Neked aj\u00e1nljuk az Oriental Tattoo-kat!\n    <\/p>\n\n    <div class=\"o-feature-grid\">\n        <div class=\"o-feature-item\">\n            <strong>Trad\u00edci\u00f3<\/strong>\n            A jap\u00e1n tetov\u00e1l\u00e1s az egyik leg\u0151sibb kifejez\u00e9sm\u00f3d a test d\u00edsz\u00edt\u00e9sben, melyek \u00e1ltal\u00e1ban egy esem\u00e9nyt vagy t\u00f6rt\u00e9netet mes\u00e9lnek el.\n        <\/div>\n        <div class=\"o-feature-item\">\n            <strong>Karakteres st\u00edlus<\/strong>\n            Jellemz\u0151ek az \u00e9l\u00e9nk, kih\u00edv\u00f3 sz\u00ednek, valamint az er\u0151s \u00e9s \u00e9les kont\u00farok.\n        <\/div>\n    <\/div>\n\n    <div class=\"o-divider\"><\/div>\n\n    <p style=\"font-size: 14px; color: #888; margin-bottom: 20px;\">\n        Common motivs include dragons, koi fish, cherry blossoms, and mythical creatures.\n    <\/p>\n\n    <div class=\"o-highlight-section\">\n        Neotrad\u00edcion\u00e1lis st\u00edlussal \u00f6tv\u00f6zve m\u00e9g egyedibb mint\u00e1t lehet alkotni bel\u0151le. Fordulj hozz\u00e1nk bizalommal!\n    <\/div>\n\n    <div class=\"action-area\">\n        <div class=\"cta-grid\">\n            <a href=\"https:\/\/inkroomtattoo.com\/en\/ajanlatkeres\/\" class=\"btn-primary\">Request a quote<\/a>\n            <a href=\"https:\/\/inkroomtattoo.com\/en\/idopontfoglalas\/\" class=\"btn-secondary\">Booking an appointment<\/a>\n        <\/div>\n\n        <div class=\"info-grid\">\n            <a href=\"tel:+36309143215\" class=\"info-link\">\n                <span class=\"info-label\">H\u00edv\u00e1s<\/span>\n                <span class=\"info-value\">+36 30 914 3215<\/span>\n            <\/a>\n            <a href=\"mailto:info@inkroomtattoo.com\" class=\"info-link\">\n                <span class=\"info-label\">Email<\/span>\n                <span class=\"info-value\">info@inkroomtattoo.com<\/span>\n            <\/a>\n        <\/div>\n    <\/div>\n<\/div>\t\t\t\t\t\t\t\t<\/div>\n\t\t\t\t<\/div>\n\t\t\t\t<section class=\"elementor-section elementor-inner-section elementor-element elementor-element-36d0f65 elementor-section-boxed elementor-section-height-default elementor-section-height-default\" data-id=\"36d0f65\" data-element_type=\"section\">\n\t\t\t\t\t\t<div class=\"elementor-container elementor-column-gap-default\">\n\t\t\t\t\t<div class=\"elementor-column elementor-col-100 elementor-inner-column elementor-element elementor-element-ba5c667\" data-id=\"ba5c667\" data-element_type=\"column\">\n\t\t\t<div class=\"elementor-widget-wrap\">\n\t\t\t\t\t\t\t<\/div>\n\t\t<\/div>\n\t\t\t\t\t<\/div>\n\t\t<\/section>\n\t\t\t\t<section class=\"elementor-section elementor-inner-section elementor-element elementor-element-7c1cc49 elementor-section-boxed elementor-section-height-default elementor-section-height-default\" data-id=\"7c1cc49\" data-element_type=\"section\">\n\t\t\t\t\t\t<div class=\"elementor-container elementor-column-gap-default\">\n\t\t\t\t\t<div class=\"elementor-column elementor-col-50 elementor-inner-column elementor-element elementor-element-30e0f80\" data-id=\"30e0f80\" data-element_type=\"column\">\n\t\t\t<div class=\"elementor-widget-wrap elementor-element-populated\">\n\t\t\t\t\t\t<div class=\"elementor-element elementor-element-a091f25 elementor-invisible elementor-widget elementor-widget-image\" data-id=\"a091f25\" data-element_type=\"widget\" data-settings=\"{&quot;_animation&quot;:&quot;slideInLeft&quot;}\" data-widget_type=\"image.default\">\n\t\t\t\t<div class=\"elementor-widget-container\">\n\t\t\t\t\t\t\t\t\t\t\t\t\t\t\t<img decoding=\"async\" src=\"https:\/\/inkroomtattoo.com\/wp-content\/uploads\/elementor\/thumbs\/japo_kep-felrakasra-min-r33eniu893gfay9nz7gkyudcne2m3fl4s8a45eh440.jpg\" title=\"japo_kep felrakasra-min\" alt=\"Tattoo Budapest - Inkroom tattoo\" loading=\"lazy\" \/>\t\t\t\t\t\t\t\t\t\t\t\t\t\t\t<\/div>\n\t\t\t\t<\/div>\n\t\t\t\t\t<\/div>\n\t\t<\/div>\n\t\t\t\t<div class=\"elementor-column elementor-col-50 elementor-inner-column elementor-element elementor-element-e1d18bc\" data-id=\"e1d18bc\" data-element_type=\"column\">\n\t\t\t<div class=\"elementor-widget-wrap elementor-element-populated\">\n\t\t\t\t\t\t<div class=\"elementor-element elementor-element-e78cbcb elementor-invisible elementor-widget elementor-widget-image\" data-id=\"e78cbcb\" data-element_type=\"widget\" data-settings=\"{&quot;_animation&quot;:&quot;slideInLeft&quot;}\" data-widget_type=\"image.default\">\n\t\t\t\t<div class=\"elementor-widget-container\">\n\t\t\t\t\t\t\t\t\t\t\t\t\t\t\t<img decoding=\"async\" src=\"https:\/\/inkroomtattoo.com\/wp-content\/uploads\/elementor\/thumbs\/japan-oriental_01-r4qjo0pnl7zs1nuzy7neuve0cj3sauxb39ktf8wzrk.jpg\" title=\"japan-oriental_01\" alt=\"Tattoo Budapest - Inkroom tattoo\" loading=\"lazy\" \/>\t\t\t\t\t\t\t\t\t\t\t\t\t\t\t<\/div>\n\t\t\t\t<\/div>\n\t\t\t\t\t<\/div>\n\t\t<\/div>\n\t\t\t\t\t<\/div>\n\t\t<\/section>\n\t\t\t\t<section class=\"elementor-section elementor-inner-section elementor-element elementor-element-72a5fc1 elementor-section-boxed elementor-section-height-default elementor-section-height-default\" data-id=\"72a5fc1\" data-element_type=\"section\">\n\t\t\t\t\t\t<div class=\"elementor-container elementor-column-gap-default\">\n\t\t\t\t\t<div class=\"elementor-column elementor-col-50 elementor-inner-column elementor-element elementor-element-c9f1051\" data-id=\"c9f1051\" data-element_type=\"column\">\n\t\t\t<div class=\"elementor-widget-wrap elementor-element-populated\">\n\t\t\t\t\t\t<div class=\"elementor-element elementor-element-6ff7357 elementor-invisible elementor-widget elementor-widget-image\" data-id=\"6ff7357\" data-element_type=\"widget\" data-settings=\"{&quot;_animation&quot;:&quot;slideInLeft&quot;}\" data-widget_type=\"image.default\">\n\t\t\t\t<div class=\"elementor-widget-container\">\n\t\t\t\t\t\t\t\t\t\t\t\t\t\t\t<img decoding=\"async\" src=\"https:\/\/inkroomtattoo.com\/wp-content\/uploads\/elementor\/thumbs\/japan-oriental_02-r4qjoikl72o869521xdbo8vrmunrd3w7hpz1ji6ihc.jpg\" title=\"japan-oriental_02\" alt=\"Tattoo Budapest - Inkroom tattoo\" loading=\"lazy\" \/>\t\t\t\t\t\t\t\t\t\t\t\t\t\t\t<\/div>\n\t\t\t\t<\/div>\n\t\t\t\t\t<\/div>\n\t\t<\/div>\n\t\t\t\t<div class=\"elementor-column elementor-col-50 elementor-inner-column elementor-element elementor-element-6bb3448\" data-id=\"6bb3448\" data-element_type=\"column\">\n\t\t\t<div class=\"elementor-widget-wrap elementor-element-populated\">\n\t\t\t\t\t\t<div class=\"elementor-element elementor-element-3ecc296 elementor-invisible elementor-widget elementor-widget-image\" data-id=\"3ecc296\" data-element_type=\"widget\" data-settings=\"{&quot;_animation&quot;:&quot;slideInLeft&quot;}\" data-widget_type=\"image.default\">\n\t\t\t\t<div class=\"elementor-widget-container\">\n\t\t\t\t\t\t\t\t\t\t\t\t\t\t\t<img decoding=\"async\" src=\"https:\/\/inkroomtattoo.com\/wp-content\/uploads\/elementor\/thumbs\/japan-oriental_03-r4qjor14wkzt2qsroj0ysoqwzbi2adtsivueuztyxc.jpg\" title=\"japan-oriental_03\" alt=\"Tattoo Budapest - Inkroom tattoo\" loading=\"lazy\" \/>\t\t\t\t\t\t\t\t\t\t\t\t\t\t\t<\/div>\n\t\t\t\t<\/div>\n\t\t\t\t\t<\/div>\n\t\t<\/div>\n\t\t\t\t\t<\/div>\n\t\t<\/section>\n\t\t\t\t<div class=\"elementor-element elementor-element-32b0ef5 elementor-align-center elementor-widget elementor-widget-button\" data-id=\"32b0ef5\" data-element_type=\"widget\" data-widget_type=\"button.default\">\n\t\t\t\t<div class=\"elementor-widget-container\">\n\t\t\t\t\t\t\t\t\t<div class=\"elementor-button-wrapper\">\n\t\t\t\t\t<a class=\"elementor-button elementor-button-link elementor-size-sm elementor-animation-grow\" href=\"https:\/\/inkroomtattoo.com\/en\/kapcsolat\/\">\n\t\t\t\t\t\t<span class=\"elementor-button-content-wrapper\">\n\t\t\t\t\t\t\t\t\t<span class=\"elementor-button-text\">Contact<\/span>\n\t\t\t\t\t<\/span>\n\t\t\t\t\t<\/a>\n\t\t\t\t<\/div>\n\t\t\t\t\t\t\t\t<\/div>\n\t\t\t\t<\/div>\n\t\t\t\t\t<\/div>\n\t\t<\/div>\n\t\t\t\t\t<\/div>\n\t\t<\/section>\n\t\t\t\t<\/div>","protected":false},"excerpt":{"rendered":"<p>Jap\u00e1n tattoo, Oriental tetov\u00e1l\u00e1s k\u00e9sz\u00edt\u00e9s \u00c9rdekel a Jap\u00e1n kult\u00fara? Szeretn\u00e9l egy tetov\u00e1l\u00e1st, amely m\u0171v\u00e9szi \u00e9rt\u00e9kein k\u00edv\u00fcl m\u00e9ly jelent\u00e9ssel is rendelkezik? Akkor Neked aj\u00e1nljuk az Oriental Tattoo-kat! Trad\u00edci\u00f3 A jap\u00e1n tetov\u00e1l\u00e1s az egyik leg\u0151sibb kifejez\u00e9sm\u00f3d a test d\u00edsz\u00edt\u00e9sben, melyek \u00e1ltal\u00e1ban egy esem\u00e9nyt vagy t\u00f6rt\u00e9netet mes\u00e9lnek el. Karakteres st\u00edlus Jellemz\u0151ek az \u00e9l\u00e9nk, kih\u00edv\u00f3 sz\u00ednek, valamint az er\u0151s [&hellip;]<\/p>","protected":false},"author":1,"featured_media":0,"parent":0,"menu_order":0,"comment_status":"closed","ping_status":"closed","template":"elementor_header_footer","meta":{"footnotes":""},"class_list":["post-836","page","type-page","status-publish","hentry"],"yoast_head":"<!-- This site is optimized with the Yoast SEO plugin v25.3 - https:\/\/yoast.com\/wordpress\/plugins\/seo\/ -->\n<title>A jap\u00e1n tetov\u00e1l\u00e1s, ami \u00f6sszefon\u00f3dott a Yakuz\u00e1kkal- Inkroom Tattoo<\/title>\n<meta name=\"description\" content=\"A jap\u00e1n tattoo k\u00e9pi vil\u00e1ga m\u00e9ly jelent\u00e9ssel b\u00edr. Ha ez az \u0151si st\u00edlus \u00e9rdekel, fordulj hozz\u00e1nk bizalommal! Inkroom Tattoo\" \/>\n<meta name=\"robots\" content=\"index, follow, max-snippet:-1, max-image-preview:large, max-video-preview:-1\" \/>\n<link rel=\"canonical\" href=\"https:\/\/inkroomtattoo.com\/en\/japan-tattoo-oriental-tetovalas-keszites\/\" \/>\n<meta property=\"og:locale\" content=\"en_GB\" \/>\n<meta property=\"og:type\" content=\"article\" \/>\n<meta property=\"og:title\" content=\"jap\u00e1n tattoo\" \/>\n<meta property=\"og:description\" content=\"A jap\u00e1n tattoo k\u00e9pi vil\u00e1ga m\u00e9ly jelent\u00e9ssel b\u00edr. Ha ez az \u0151si st\u00edlus \u00e9rdekel, fordulj hozz\u00e1nk bizalommal!\" \/>\n<meta property=\"og:url\" content=\"https:\/\/inkroomtattoo.com\/en\/japan-tattoo-oriental-tetovalas-keszites\/\" \/>\n<meta property=\"og:site_name\" content=\"InkRoomTattoo\" \/>\n<meta property=\"article:modified_time\" content=\"2026-02-19T20:31:12+00:00\" \/>\n<meta property=\"og:image\" content=\"https:\/\/inkroomtattoo.com\/wp-content\/uploads\/elementor\/thumbs\/japo_kep-felrakasra-min-r33eniu893gfay9nz7gkyudcne2m3fl4s8a45eh440.jpg\" \/>\n<meta name=\"twitter:card\" content=\"summary_large_image\" \/>\n<meta name=\"twitter:label1\" content=\"Estimated reading time\" \/>\n\t<meta name=\"twitter:data1\" content=\"2 minutes\" \/>\n<script type=\"application\/ld+json\" class=\"yoast-schema-graph\">{\"@context\":\"https:\/\/schema.org\",\"@graph\":[{\"@type\":\"WebPage\",\"@id\":\"https:\/\/inkroomtattoo.com\/japan-tattoo-oriental-tetovalas-keszites\/\",\"url\":\"https:\/\/inkroomtattoo.com\/japan-tattoo-oriental-tetovalas-keszites\/\",\"name\":\"A jap\u00e1n tetov\u00e1l\u00e1s, ami \u00f6sszefon\u00f3dott a Yakuz\u00e1kkal- Inkroom Tattoo\",\"isPartOf\":{\"@id\":\"https:\/\/inkroomtattoo.com\/#website\"},\"primaryImageOfPage\":{\"@id\":\"https:\/\/inkroomtattoo.com\/japan-tattoo-oriental-tetovalas-keszites\/#primaryimage\"},\"image\":{\"@id\":\"https:\/\/inkroomtattoo.com\/japan-tattoo-oriental-tetovalas-keszites\/#primaryimage\"},\"thumbnailUrl\":\"https:\/\/inkroomtattoo.com\/wp-content\/uploads\/elementor\/thumbs\/japo_kep-felrakasra-min-r33eniu893gfay9nz7gkyudcne2m3fl4s8a45eh440.jpg\",\"datePublished\":\"2021-05-21T15:19:38+00:00\",\"dateModified\":\"2026-02-19T20:31:12+00:00\",\"description\":\"A jap\u00e1n tattoo k\u00e9pi vil\u00e1ga m\u00e9ly jelent\u00e9ssel b\u00edr. Ha ez az \u0151si st\u00edlus \u00e9rdekel, fordulj hozz\u00e1nk bizalommal! Inkroom Tattoo\",\"breadcrumb\":{\"@id\":\"https:\/\/inkroomtattoo.com\/japan-tattoo-oriental-tetovalas-keszites\/#breadcrumb\"},\"inLanguage\":\"en-GB\",\"potentialAction\":[{\"@type\":\"ReadAction\",\"target\":[\"https:\/\/inkroomtattoo.com\/japan-tattoo-oriental-tetovalas-keszites\/\"]}]},{\"@type\":\"ImageObject\",\"inLanguage\":\"en-GB\",\"@id\":\"https:\/\/inkroomtattoo.com\/japan-tattoo-oriental-tetovalas-keszites\/#primaryimage\",\"url\":\"https:\/\/inkroomtattoo.com\/wp-content\/uploads\/elementor\/thumbs\/japo_kep-felrakasra-min-r33eniu893gfay9nz7gkyudcne2m3fl4s8a45eh440.jpg\",\"contentUrl\":\"https:\/\/inkroomtattoo.com\/wp-content\/uploads\/elementor\/thumbs\/japo_kep-felrakasra-min-r33eniu893gfay9nz7gkyudcne2m3fl4s8a45eh440.jpg\"},{\"@type\":\"BreadcrumbList\",\"@id\":\"https:\/\/inkroomtattoo.com\/japan-tattoo-oriental-tetovalas-keszites\/#breadcrumb\",\"itemListElement\":[{\"@type\":\"ListItem\",\"position\":1,\"name\":\"Kezd\u0151lap\",\"item\":\"https:\/\/inkroomtattoo.com\/\"},{\"@type\":\"ListItem\",\"position\":2,\"name\":\"Jap\u00e1n tattoo, Oriental tetov\u00e1l\u00e1s k\u00e9sz\u00edt\u00e9s\"}]},{\"@type\":\"WebSite\",\"@id\":\"https:\/\/inkroomtattoo.com\/#website\",\"url\":\"https:\/\/inkroomtattoo.com\/\",\"name\":\"InkRoomTattoo\",\"description\":\"Tattoo Budapest\",\"publisher\":{\"@id\":\"https:\/\/inkroomtattoo.com\/#organization\"},\"potentialAction\":[{\"@type\":\"SearchAction\",\"target\":{\"@type\":\"EntryPoint\",\"urlTemplate\":\"https:\/\/inkroomtattoo.com\/?s={search_term_string}\"},\"query-input\":{\"@type\":\"PropertyValueSpecification\",\"valueRequired\":true,\"valueName\":\"search_term_string\"}}],\"inLanguage\":\"en-GB\"},{\"@type\":\"Organization\",\"@id\":\"https:\/\/inkroomtattoo.com\/#organization\",\"name\":\"Inkroomtattoo\",\"url\":\"https:\/\/inkroomtattoo.com\/\",\"logo\":{\"@type\":\"ImageObject\",\"inLanguage\":\"en-GB\",\"@id\":\"https:\/\/inkroomtattoo.com\/#\/schema\/logo\/image\/\",\"url\":\"https:\/\/inkroomtattoo.com\/wp-content\/uploads\/2020\/12\/cropped-inkroom_logo_egysoros_BLACKnegyzet-01.png\",\"contentUrl\":\"https:\/\/inkroomtattoo.com\/wp-content\/uploads\/2020\/12\/cropped-inkroom_logo_egysoros_BLACKnegyzet-01.png\",\"width\":512,\"height\":512,\"caption\":\"Inkroomtattoo\"},\"image\":{\"@id\":\"https:\/\/inkroomtattoo.com\/#\/schema\/logo\/image\/\"}}]}<\/script>\n<!-- \/ Yoast SEO plugin. -->","yoast_head_json":{"title":"A jap\u00e1n tetov\u00e1l\u00e1s, ami \u00f6sszefon\u00f3dott a Yakuz\u00e1kkal- Inkroom Tattoo","description":"A jap\u00e1n tattoo k\u00e9pi vil\u00e1ga m\u00e9ly jelent\u00e9ssel b\u00edr. Ha ez az \u0151si st\u00edlus \u00e9rdekel, fordulj hozz\u00e1nk bizalommal! Inkroom Tattoo","robots":{"index":"index","follow":"follow","max-snippet":"max-snippet:-1","max-image-preview":"max-image-preview:large","max-video-preview":"max-video-preview:-1"},"canonical":"https:\/\/inkroomtattoo.com\/en\/japan-tattoo-oriental-tetovalas-keszites\/","og_locale":"en_GB","og_type":"article","og_title":"jap\u00e1n tattoo","og_description":"A jap\u00e1n tattoo k\u00e9pi vil\u00e1ga m\u00e9ly jelent\u00e9ssel b\u00edr. Ha ez az \u0151si st\u00edlus \u00e9rdekel, fordulj hozz\u00e1nk bizalommal!","og_url":"https:\/\/inkroomtattoo.com\/en\/japan-tattoo-oriental-tetovalas-keszites\/","og_site_name":"InkRoomTattoo","article_modified_time":"2026-02-19T20:31:12+00:00","og_image":[{"url":"https:\/\/inkroomtattoo.com\/wp-content\/uploads\/elementor\/thumbs\/japo_kep-felrakasra-min-r33eniu893gfay9nz7gkyudcne2m3fl4s8a45eh440.jpg","type":"","width":"","height":""}],"twitter_card":"summary_large_image","twitter_misc":{"Estimated reading time":"2 minutes"},"schema":{"@context":"https:\/\/schema.org","@graph":[{"@type":"WebPage","@id":"https:\/\/inkroomtattoo.com\/japan-tattoo-oriental-tetovalas-keszites\/","url":"https:\/\/inkroomtattoo.com\/japan-tattoo-oriental-tetovalas-keszites\/","name":"A jap\u00e1n tetov\u00e1l\u00e1s, ami \u00f6sszefon\u00f3dott a Yakuz\u00e1kkal- Inkroom Tattoo","isPartOf":{"@id":"https:\/\/inkroomtattoo.com\/#website"},"primaryImageOfPage":{"@id":"https:\/\/inkroomtattoo.com\/japan-tattoo-oriental-tetovalas-keszites\/#primaryimage"},"image":{"@id":"https:\/\/inkroomtattoo.com\/japan-tattoo-oriental-tetovalas-keszites\/#primaryimage"},"thumbnailUrl":"https:\/\/inkroomtattoo.com\/wp-content\/uploads\/elementor\/thumbs\/japo_kep-felrakasra-min-r33eniu893gfay9nz7gkyudcne2m3fl4s8a45eh440.jpg","datePublished":"2021-05-21T15:19:38+00:00","dateModified":"2026-02-19T20:31:12+00:00","description":"A jap\u00e1n tattoo k\u00e9pi vil\u00e1ga m\u00e9ly jelent\u00e9ssel b\u00edr. Ha ez az \u0151si st\u00edlus \u00e9rdekel, fordulj hozz\u00e1nk bizalommal! Inkroom Tattoo","breadcrumb":{"@id":"https:\/\/inkroomtattoo.com\/japan-tattoo-oriental-tetovalas-keszites\/#breadcrumb"},"inLanguage":"en-GB","potentialAction":[{"@type":"ReadAction","target":["https:\/\/inkroomtattoo.com\/japan-tattoo-oriental-tetovalas-keszites\/"]}]},{"@type":"ImageObject","inLanguage":"en-GB","@id":"https:\/\/inkroomtattoo.com\/japan-tattoo-oriental-tetovalas-keszites\/#primaryimage","url":"https:\/\/inkroomtattoo.com\/wp-content\/uploads\/elementor\/thumbs\/japo_kep-felrakasra-min-r33eniu893gfay9nz7gkyudcne2m3fl4s8a45eh440.jpg","contentUrl":"https:\/\/inkroomtattoo.com\/wp-content\/uploads\/elementor\/thumbs\/japo_kep-felrakasra-min-r33eniu893gfay9nz7gkyudcne2m3fl4s8a45eh440.jpg"},{"@type":"BreadcrumbList","@id":"https:\/\/inkroomtattoo.com\/japan-tattoo-oriental-tetovalas-keszites\/#breadcrumb","itemListElement":[{"@type":"ListItem","position":1,"name":"Kezd\u0151lap","item":"https:\/\/inkroomtattoo.com\/"},{"@type":"ListItem","position":2,"name":"Jap\u00e1n tattoo, Oriental tetov\u00e1l\u00e1s k\u00e9sz\u00edt\u00e9s"}]},{"@type":"WebSite","@id":"https:\/\/inkroomtattoo.com\/#website","url":"https:\/\/inkroomtattoo.com\/","name":"InkRoomTattoo","description":"Tattoo Budapest","publisher":{"@id":"https:\/\/inkroomtattoo.com\/#organization"},"potentialAction":[{"@type":"SearchAction","target":{"@type":"EntryPoint","urlTemplate":"https:\/\/inkroomtattoo.com\/?s={search_term_string}"},"query-input":{"@type":"PropertyValueSpecification","valueRequired":true,"valueName":"search_term_string"}}],"inLanguage":"en-GB"},{"@type":"Organization","@id":"https:\/\/inkroomtattoo.com\/#organization","name":"Inkroomtattoo","url":"https:\/\/inkroomtattoo.com\/","logo":{"@type":"ImageObject","inLanguage":"en-GB","@id":"https:\/\/inkroomtattoo.com\/#\/schema\/logo\/image\/","url":"https:\/\/inkroomtattoo.com\/wp-content\/uploads\/2020\/12\/cropped-inkroom_logo_egysoros_BLACKnegyzet-01.png","contentUrl":"https:\/\/inkroomtattoo.com\/wp-content\/uploads\/2020\/12\/cropped-inkroom_logo_egysoros_BLACKnegyzet-01.png","width":512,"height":512,"caption":"Inkroomtattoo"},"image":{"@id":"https:\/\/inkroomtattoo.com\/#\/schema\/logo\/image\/"}}]}},"_links":{"self":[{"href":"https:\/\/inkroomtattoo.com\/en\/wp-json\/wp\/v2\/pages\/836","targetHints":{"allow":["GET"]}}],"collection":[{"href":"https:\/\/inkroomtattoo.com\/en\/wp-json\/wp\/v2\/pages"}],"about":[{"href":"https:\/\/inkroomtattoo.com\/en\/wp-json\/wp\/v2\/types\/page"}],"author":[{"embeddable":true,"href":"https:\/\/inkroomtattoo.com\/en\/wp-json\/wp\/v2\/users\/1"}],"replies":[{"embeddable":true,"href":"https:\/\/inkroomtattoo.com\/en\/wp-json\/wp\/v2\/comments?post=836"}],"version-history":[{"count":28,"href":"https:\/\/inkroomtattoo.com\/en\/wp-json\/wp\/v2\/pages\/836\/revisions"}],"predecessor-version":[{"id":2023,"href":"https:\/\/inkroomtattoo.com\/en\/wp-json\/wp\/v2\/pages\/836\/revisions\/2023"}],"wp:attachment":[{"href":"https:\/\/inkroomtattoo.com\/en\/wp-json\/wp\/v2\/media?parent=836"}],"curies":[{"name":"wp","href":"https:\/\/api.w.org\/{rel}","templated":true}]}}