{"id":794,"date":"2021-04-08T12:24:06","date_gmt":"2021-04-08T09:24:06","guid":{"rendered":"https:\/\/inkroomtattoo.com\/?page_id=794"},"modified":"2026-02-19T22:30:17","modified_gmt":"2026-02-19T20:30:17","slug":"minimalista-tetovalas-keszites","status":"publish","type":"page","link":"https:\/\/inkroomtattoo.com\/en\/minimalista-tetovalas-keszites\/","title":{"rendered":"Blackwork Tattoo k\u00e9sz\u00edt\u00e9s"},"content":{"rendered":"<div data-elementor-type=\"wp-page\" data-elementor-id=\"794\" class=\"elementor elementor-794\" data-elementor-post-type=\"page\">\n\t\t\t\t\t\t<section class=\"elementor-section elementor-top-section elementor-element elementor-element-e6c6fb0 elementor-section-height-min-height animated-slow elementor-section-boxed elementor-section-height-default elementor-section-items-middle elementor-invisible\" data-id=\"e6c6fb0\" data-element_type=\"section\" data-settings=\"{&quot;background_background&quot;:&quot;classic&quot;,&quot;animation&quot;:&quot;fadeIn&quot;}\">\n\t\t\t\t\t\t<div class=\"elementor-container elementor-column-gap-default\">\n\t\t\t\t\t<div class=\"elementor-column elementor-col-100 elementor-top-column elementor-element elementor-element-b6df67b\" data-id=\"b6df67b\" data-element_type=\"column\" data-settings=\"{&quot;motion_fx_motion_fx_scrolling&quot;:&quot;yes&quot;,&quot;motion_fx_opacity_effect&quot;:&quot;yes&quot;,&quot;motion_fx_opacity_direction&quot;:&quot;in-out&quot;,&quot;motion_fx_opacity_range&quot;:{&quot;unit&quot;:&quot;%&quot;,&quot;size&quot;:&quot;&quot;,&quot;sizes&quot;:{&quot;start&quot;:50,&quot;end&quot;:100}},&quot;motion_fx_opacity_level&quot;:{&quot;unit&quot;:&quot;px&quot;,&quot;size&quot;:10,&quot;sizes&quot;:[]},&quot;motion_fx_devices&quot;:[&quot;desktop&quot;,&quot;tablet&quot;,&quot;mobile&quot;]}\">\n\t\t\t<div class=\"elementor-widget-wrap elementor-element-populated\">\n\t\t\t\t\t\t<div class=\"elementor-element elementor-element-57c34e0 dupla-shadow elementor-widget elementor-widget-heading\" data-id=\"57c34e0\" data-element_type=\"widget\" data-widget_type=\"heading.default\">\n\t\t\t\t<div class=\"elementor-widget-container\">\n\t\t\t\t\t<h1 class=\"elementor-heading-title elementor-size-default\">Blackwork Tattoo and minimalist tattoo\n\n<\/h1>\t\t\t\t<\/div>\n\t\t\t\t<\/div>\n\t\t\t\t\t<\/div>\n\t\t<\/div>\n\t\t\t\t\t<\/div>\n\t\t<\/section>\n\t\t\t\t<section class=\"elementor-section elementor-top-section elementor-element elementor-element-53728b9 elementor-section-height-min-height elementor-section-boxed elementor-section-height-default elementor-section-items-middle\" data-id=\"53728b9\" data-element_type=\"section\">\n\t\t\t\t\t\t<div class=\"elementor-container elementor-column-gap-default\">\n\t\t\t\t\t<div class=\"elementor-column elementor-col-100 elementor-top-column elementor-element elementor-element-5813237\" data-id=\"5813237\" data-element_type=\"column\">\n\t\t\t<div class=\"elementor-widget-wrap elementor-element-populated\">\n\t\t\t\t\t\t<div class=\"elementor-element elementor-element-5136c6b elementor-invisible elementor-widget elementor-widget-text-editor\" data-id=\"5136c6b\" data-element_type=\"widget\" data-settings=\"{&quot;_animation&quot;:&quot;slideInUp&quot;}\" data-widget_type=\"text-editor.default\">\n\t\t\t\t<div class=\"elementor-widget-container\">\n\t\t\t\t\t\t\t\t\t<style>\n    .inkroom-blackwork-card {\n        background-color: #000000;\n        color: #ffffff;\n        font-family: 'Inter', -apple-system, sans-serif;\n        padding: 40px 20px;\n        max-width: 450px;\n        margin: 0 auto;\n        line-height: 1.6;\n    }\n\n    .b-label {\n        font-size: 10px;\n        text-transform: uppercase;\n        letter-spacing: 4px;\n        color: #555;\n        display: block;\n        margin-bottom: 10px;\n    }\n\n    .b-main-title {\n        font-size: 24px;\n        font-weight: 700;\n        letter-spacing: -0.03em;\n        margin-bottom: 20px;\n        border-bottom: 1px solid #222;\n        padding-bottom: 15px;\n    }\n\n    .b-intro {\n        font-size: 16px;\n        color: #eeeeee;\n        margin-bottom: 25px;\n        font-weight: 400;\n    }\n\n    \/* Style Blocks *\/\n    .b-style-block {\n        background: #080808;\n        border: 1px solid #1a1a1a;\n        padding: 20px;\n        margin-bottom: 15px;\n    }\n\n    .b-style-name {\n        font-size: 14px;\n        font-weight: 700;\n        text-transform: uppercase;\n        letter-spacing: 1px;\n        display: block;\n        margin-bottom: 8px;\n        color: #ffffff;\n    }\n\n    .b-style-desc {\n        font-size: 14px;\n        color: #999;\n        margin: 0;\n        font-weight: 300;\n    }\n\n    .b-highlight-text {\n        font-size: 14px;\n        color: #888;\n        padding: 20px 0;\n        font-style: italic;\n    }\n\n    .b-closing {\n        text-align: center;\n        font-size: 15px;\n        font-weight: 500;\n        margin: 30px 0;\n        color: #ffffff;\n    }\n\n    \/* Actions Area *\/\n    .action-area {\n        margin-top: 20px;\n        padding-top: 30px;\n        border-top: 1px solid #222;\n    }\n\n    .cta-grid {\n        display: grid;\n        grid-template-columns: 1fr;\n        gap: 12px;\n        margin-bottom: 30px;\n    }\n\n    .btn-primary {\n        display: block;\n        background-color: #ffffff;\n        color: #000000;\n        text-align: center;\n        text-decoration: none;\n        font-weight: 700;\n        font-size: 14px;\n        text-transform: uppercase;\n        letter-spacing: 1.5px;\n        padding: 18px;\n        border-radius: 2px;\n    }\n\n    .btn-secondary {\n        display: block;\n        background-color: #000000;\n        color: #ffffff;\n        text-align: center;\n        text-decoration: none;\n        font-weight: 700;\n        font-size: 14px;\n        text-transform: uppercase;\n        letter-spacing: 1.5px;\n        padding: 18px;\n        border: 1px solid #333;\n        border-radius: 2px;\n    }\n\n    .info-grid {\n        display: grid;\n        grid-template-columns: 1fr 1fr;\n        gap: 10px;\n    }\n\n    .info-link {\n        text-decoration: none;\n        display: flex;\n        flex-direction: column;\n        align-items: center;\n        text-align: center;\n    }\n\n    .info-label {\n        color: #555;\n        font-size: 10px;\n        text-transform: uppercase;\n        letter-spacing: 1px;\n        margin-bottom: 4px;\n    }\n\n    .info-value {\n        color: #ffffff;\n        font-size: 12px;\n        font-weight: 500;\n    }\n<\/style>\n\n<div class=\"inkroom-blackwork-card\">\n    <span class=\"b-label\">St\u00edlusok<\/span>\n    <h2 class=\"b-main-title\">Blackwork tetov\u00e1l\u00e1s<\/h2>\n    \n    <p class=\"b-intro\">Simple, yet striking! These days, many people are drawn to the bold power of pure black ink.<\/p>\n\n    <p class=\"b-style-desc\" style=\"margin-bottom: 25px;\">\n        Mutat\u00f3sak tudnak lenni ezek a kiz\u00e1r\u00f3lag feket\u00e9vel kit\u00f6lt\u00f6tt mint\u00e1k, melyek eset\u00e9ben a m\u00e1sik sz\u00ednt a b\u0151r sz\u00edne adja, esetleg fekete\/sz\u00fcrke \u00e1rnyalatai. Ezek a mint\u00e1k a test k\u00f6rvonal\u00e1t k\u00f6vet\u0151, kihangs\u00falyoz\u00f3 nagy tetov\u00e1l\u00e1sok.\n    <\/p>\n\n    <div class=\"b-style-block\">\n        <span class=\"b-style-name\">Dotwork &#038; Geometria<\/span>\n        <p class=\"b-style-desc\">Kiz\u00e1r\u00f3lag pontok \u00f6sszess\u00e9g\u00e9b\u0151l \u00e1ll\u00f3 forma, mely hatalmas koncentr\u00e1ci\u00f3t ig\u00e9nyel. A geometrikus mint\u00e1kn\u00e1l ugyan\u00fagy fontos a precizit\u00e1s: pontos vonalak, szab\u00e1lyos alakzatok.<\/p>\n    <\/div>\n\n    <div class=\"b-style-block\">\n        <span class=\"b-style-name\">Minimalista tetov\u00e1l\u00e1s<\/span>\n        <p class=\"b-style-desc\">Egyszer\u0171s\u00e9g\u00fck miatt kis m\u00e9retben is elk\u00e9sz\u00edthet\u0151ek, \u00edgy t\u00f6k\u00e9letes v\u00e1laszt\u00e1s olyasvalakinek, aki \u00e9lete els\u0151 tetov\u00e1l\u00e1sa el\u0151tt \u00e1ll.<\/p>\n    <\/div>\n\n    <p class=\"b-highlight-text\">\n        Ma m\u00e1r mindenre r\u00e1v\u00e1gjuk, hogy blackwork, ha puszt\u00e1n fekete fest\u00e9kkel dolgozik a tetov\u00e1l\u00f3.\n    <\/p>\n\n    <div class=\"b-closing\">\n        Their small size and clean design make them timeless and meaningful, even with just a few lines.\n    <\/div>\n\n    <div class=\"action-area\">\n        <div class=\"cta-grid\">\n            <a href=\"https:\/\/inkroomtattoo.com\/en\/ajanlatkeres\/\" class=\"btn-primary\">Request a quote<\/a>\n            <a href=\"https:\/\/inkroomtattoo.com\/en\/idopontfoglalas\/\" class=\"btn-secondary\">Booking an appointment<\/a>\n        <\/div>\n\n        <div class=\"info-grid\">\n            <a href=\"tel:+36309143215\" class=\"info-link\">\n                <span class=\"info-label\">H\u00edv\u00e1s<\/span>\n                <span class=\"info-value\">+36 30 914 3215<\/span>\n            <\/a>\n            <a href=\"mailto:info@inkroomtattoo.com\" class=\"info-link\">\n                <span class=\"info-label\">Email<\/span>\n                <span class=\"info-value\">info@inkroomtattoo.com<\/span>\n            <\/a>\n        <\/div>\n    <\/div>\n<\/div>\t\t\t\t\t\t\t\t<\/div>\n\t\t\t\t<\/div>\n\t\t\t\t<section class=\"elementor-section elementor-inner-section elementor-element elementor-element-5d2b3ca elementor-section-boxed elementor-section-height-default elementor-section-height-default\" data-id=\"5d2b3ca\" data-element_type=\"section\">\n\t\t\t\t\t\t<div class=\"elementor-container elementor-column-gap-default\">\n\t\t\t\t\t<div class=\"elementor-column elementor-col-50 elementor-inner-column elementor-element elementor-element-6c60ecc\" data-id=\"6c60ecc\" data-element_type=\"column\">\n\t\t\t<div class=\"elementor-widget-wrap elementor-element-populated\">\n\t\t\t\t\t\t<div class=\"elementor-element elementor-element-1d9f79b elementor-invisible elementor-widget elementor-widget-image\" data-id=\"1d9f79b\" data-element_type=\"widget\" data-settings=\"{&quot;_animation&quot;:&quot;slideInLeft&quot;}\" data-widget_type=\"image.default\">\n\t\t\t\t<div class=\"elementor-widget-container\">\n\t\t\t\t\t\t\t\t\t\t\t\t\t\t\t<img decoding=\"async\" src=\"https:\/\/inkroomtattoo.com\/wp-content\/uploads\/elementor\/thumbs\/house-linework-dotwork-blackandgrey-rupf-tattoo-budapest-budapesttattoo-inkroomtattoo-min-r33eniu893gfay9nz7gkyudcne2m3fl4s8a45eh440.jpg\" title=\"house-linework-dotwork-blackandgrey-rupf-tattoo-budapest-budapesttattoo-inkroomtattoo-min\" alt=\"minimalista tetov\u00e1l\u00e1s Tattoo Budapest - Inkroom tattoo\" loading=\"lazy\" \/>\t\t\t\t\t\t\t\t\t\t\t\t\t\t\t<\/div>\n\t\t\t\t<\/div>\n\t\t\t\t\t<\/div>\n\t\t<\/div>\n\t\t\t\t<div class=\"elementor-column elementor-col-50 elementor-inner-column elementor-element elementor-element-ef78a27\" data-id=\"ef78a27\" data-element_type=\"column\">\n\t\t\t<div class=\"elementor-widget-wrap elementor-element-populated\">\n\t\t\t\t\t\t<div class=\"elementor-element elementor-element-921a83e elementor-invisible elementor-widget elementor-widget-image\" data-id=\"921a83e\" data-element_type=\"widget\" data-settings=\"{&quot;_animation&quot;:&quot;slideInLeft&quot;}\" data-widget_type=\"image.default\">\n\t\t\t\t<div class=\"elementor-widget-container\">\n\t\t\t\t\t\t\t\t\t\t\t\t\t\t\t<img decoding=\"async\" src=\"https:\/\/inkroomtattoo.com\/wp-content\/uploads\/elementor\/thumbs\/minimalista_01-1-scaled-r4qjdmlw15rnouyempxwahsjx6bp7bo4ztxkf4bok0.jpg\" title=\"minimalista_01 (1)\" alt=\"Tattoo Budapest - Inkroom tattoo\" loading=\"lazy\" \/>\t\t\t\t\t\t\t\t\t\t\t\t\t\t\t<\/div>\n\t\t\t\t<\/div>\n\t\t\t\t\t<\/div>\n\t\t<\/div>\n\t\t\t\t\t<\/div>\n\t\t<\/section>\n\t\t\t\t<section class=\"elementor-section elementor-inner-section elementor-element elementor-element-01d3b57 elementor-section-boxed elementor-section-height-default elementor-section-height-default\" data-id=\"01d3b57\" data-element_type=\"section\">\n\t\t\t\t\t\t<div class=\"elementor-container elementor-column-gap-default\">\n\t\t\t\t\t<div class=\"elementor-column elementor-col-100 elementor-inner-column elementor-element elementor-element-557768f\" data-id=\"557768f\" data-element_type=\"column\">\n\t\t\t<div class=\"elementor-widget-wrap elementor-element-populated\">\n\t\t\t\t\t\t<div class=\"elementor-element elementor-element-e8f04f7 elementor-invisible elementor-widget elementor-widget-image\" data-id=\"e8f04f7\" data-element_type=\"widget\" data-settings=\"{&quot;_animation&quot;:&quot;slideInLeft&quot;}\" data-widget_type=\"image.default\">\n\t\t\t\t<div class=\"elementor-widget-container\">\n\t\t\t\t\t\t\t\t\t\t\t\t\t\t\t<img decoding=\"async\" src=\"https:\/\/inkroomtattoo.com\/wp-content\/uploads\/elementor\/thumbs\/minimalista_02-scaled-r4qjdf36ihhd3z9bumovqjov63crhquaaspokwmtxs.jpg\" title=\"minimalista_02\" alt=\"Tattoo Budapest - Inkroom tattoo\" loading=\"lazy\" \/>\t\t\t\t\t\t\t\t\t\t\t\t\t\t\t<\/div>\n\t\t\t\t<\/div>\n\t\t\t\t\t<\/div>\n\t\t<\/div>\n\t\t\t\t\t<\/div>\n\t\t<\/section>\n\t\t\t\t<div class=\"elementor-element elementor-element-fc99f8b elementor-align-center elementor-widget elementor-widget-button\" data-id=\"fc99f8b\" data-element_type=\"widget\" data-widget_type=\"button.default\">\n\t\t\t\t<div class=\"elementor-widget-container\">\n\t\t\t\t\t\t\t\t\t<div class=\"elementor-button-wrapper\">\n\t\t\t\t\t<a class=\"elementor-button elementor-button-link elementor-size-sm\" href=\"https:\/\/inkroomtattoo.com\/en\/kapcsolat\/\">\n\t\t\t\t\t\t<span class=\"elementor-button-content-wrapper\">\n\t\t\t\t\t\t\t\t\t<span class=\"elementor-button-text\">Contact<\/span>\n\t\t\t\t\t<\/span>\n\t\t\t\t\t<\/a>\n\t\t\t\t<\/div>\n\t\t\t\t\t\t\t\t<\/div>\n\t\t\t\t<\/div>\n\t\t\t\t\t<\/div>\n\t\t<\/div>\n\t\t\t\t\t<\/div>\n\t\t<\/section>\n\t\t\t\t<\/div>","protected":false},"excerpt":{"rendered":"<p>Blackwork Tattoo \u00e9s minimalista tetov\u00e1l\u00e1s k\u00e9sz\u00edt\u00e9s St\u00edlusok Blackwork tetov\u00e1l\u00e1s Egyszer\u0171, de nagyszer\u0171! Manaps\u00e1g sokan adj\u00e1k le a voksukat a fekete sz\u00ednre. Mutat\u00f3sak tudnak lenni ezek a kiz\u00e1r\u00f3lag feket\u00e9vel kit\u00f6lt\u00f6tt mint\u00e1k, melyek eset\u00e9ben a m\u00e1sik sz\u00ednt a b\u0151r sz\u00edne adja, esetleg fekete\/sz\u00fcrke \u00e1rnyalatai. Ezek a mint\u00e1k a test k\u00f6rvonal\u00e1t k\u00f6vet\u0151, kihangs\u00falyoz\u00f3 nagy tetov\u00e1l\u00e1sok. Dotwork &#038; Geometria [&hellip;]<\/p>","protected":false},"author":1,"featured_media":0,"parent":0,"menu_order":0,"comment_status":"closed","ping_status":"closed","template":"elementor_header_footer","meta":{"footnotes":""},"class_list":["post-794","page","type-page","status-publish","hentry"],"yoast_head":"<!-- This site is optimized with the Yoast SEO plugin v25.3 - https:\/\/yoast.com\/wordpress\/plugins\/seo\/ -->\n<title>Blackwork \u00e9s minimalista tetov\u00e1l\u00e1s- Inkroom Tattoo<\/title>\n<meta name=\"description\" content=\"A Minimalista tetov\u00e1l\u00e1s \u00e9s Blackwork tattoo t\u00f6rzsi alapokra ny\u00falik vissza. Ha ez a st\u00edlus \u00e9rdekel, fordulj hozz\u00e1nk bizalommal!\" \/>\n<meta name=\"robots\" content=\"index, follow, max-snippet:-1, max-image-preview:large, max-video-preview:-1\" \/>\n<link rel=\"canonical\" href=\"https:\/\/inkroomtattoo.com\/en\/minimalista-tetovalas-keszites\/\" \/>\n<meta property=\"og:locale\" content=\"en_GB\" \/>\n<meta property=\"og:type\" content=\"article\" \/>\n<meta property=\"og:title\" content=\"Blackwork \u00e9s minimalista tetov\u00e1l\u00e1s- Inkroom Tattoo\" \/>\n<meta property=\"og:description\" content=\"A Minimalista tetov\u00e1l\u00e1s \u00e9s Blackwork tattoo t\u00f6rzsi alapokra ny\u00falik vissza. Ha ez a st\u00edlus \u00e9rdekel, fordulj hozz\u00e1nk bizalommal!\" \/>\n<meta property=\"og:url\" content=\"https:\/\/inkroomtattoo.com\/en\/minimalista-tetovalas-keszites\/\" \/>\n<meta property=\"og:site_name\" content=\"InkRoomTattoo\" \/>\n<meta property=\"article:modified_time\" content=\"2026-02-19T20:30:17+00:00\" \/>\n<meta property=\"og:image\" content=\"https:\/\/inkroomtattoo.com\/wp-content\/uploads\/elementor\/thumbs\/house-linework-dotwork-blackandgrey-rupf-tattoo-budapest-budapesttattoo-inkroomtattoo-min-r33eniu893gfay9nz7gkyudcne2m3fl4s8a45eh440.jpg\" \/>\n<meta name=\"twitter:card\" content=\"summary_large_image\" \/>\n<meta name=\"twitter:label1\" content=\"Estimated reading time\" \/>\n\t<meta name=\"twitter:data1\" content=\"2 minutes\" \/>\n<script type=\"application\/ld+json\" class=\"yoast-schema-graph\">{\"@context\":\"https:\/\/schema.org\",\"@graph\":[{\"@type\":\"WebPage\",\"@id\":\"https:\/\/inkroomtattoo.com\/minimalista-tetovalas-keszites\/\",\"url\":\"https:\/\/inkroomtattoo.com\/minimalista-tetovalas-keszites\/\",\"name\":\"Blackwork \u00e9s minimalista tetov\u00e1l\u00e1s- Inkroom Tattoo\",\"isPartOf\":{\"@id\":\"https:\/\/inkroomtattoo.com\/#website\"},\"primaryImageOfPage\":{\"@id\":\"https:\/\/inkroomtattoo.com\/minimalista-tetovalas-keszites\/#primaryimage\"},\"image\":{\"@id\":\"https:\/\/inkroomtattoo.com\/minimalista-tetovalas-keszites\/#primaryimage\"},\"thumbnailUrl\":\"https:\/\/inkroomtattoo.com\/wp-content\/uploads\/elementor\/thumbs\/house-linework-dotwork-blackandgrey-rupf-tattoo-budapest-budapesttattoo-inkroomtattoo-min-r33eniu893gfay9nz7gkyudcne2m3fl4s8a45eh440.jpg\",\"datePublished\":\"2021-04-08T09:24:06+00:00\",\"dateModified\":\"2026-02-19T20:30:17+00:00\",\"description\":\"A Minimalista tetov\u00e1l\u00e1s \u00e9s Blackwork tattoo t\u00f6rzsi alapokra ny\u00falik vissza. Ha ez a st\u00edlus \u00e9rdekel, fordulj hozz\u00e1nk bizalommal!\",\"breadcrumb\":{\"@id\":\"https:\/\/inkroomtattoo.com\/minimalista-tetovalas-keszites\/#breadcrumb\"},\"inLanguage\":\"en-GB\",\"potentialAction\":[{\"@type\":\"ReadAction\",\"target\":[\"https:\/\/inkroomtattoo.com\/minimalista-tetovalas-keszites\/\"]}]},{\"@type\":\"ImageObject\",\"inLanguage\":\"en-GB\",\"@id\":\"https:\/\/inkroomtattoo.com\/minimalista-tetovalas-keszites\/#primaryimage\",\"url\":\"https:\/\/inkroomtattoo.com\/wp-content\/uploads\/elementor\/thumbs\/house-linework-dotwork-blackandgrey-rupf-tattoo-budapest-budapesttattoo-inkroomtattoo-min-r33eniu893gfay9nz7gkyudcne2m3fl4s8a45eh440.jpg\",\"contentUrl\":\"https:\/\/inkroomtattoo.com\/wp-content\/uploads\/elementor\/thumbs\/house-linework-dotwork-blackandgrey-rupf-tattoo-budapest-budapesttattoo-inkroomtattoo-min-r33eniu893gfay9nz7gkyudcne2m3fl4s8a45eh440.jpg\"},{\"@type\":\"BreadcrumbList\",\"@id\":\"https:\/\/inkroomtattoo.com\/minimalista-tetovalas-keszites\/#breadcrumb\",\"itemListElement\":[{\"@type\":\"ListItem\",\"position\":1,\"name\":\"Kezd\u0151lap\",\"item\":\"https:\/\/inkroomtattoo.com\/\"},{\"@type\":\"ListItem\",\"position\":2,\"name\":\"Blackwork Tattoo k\u00e9sz\u00edt\u00e9s\"}]},{\"@type\":\"WebSite\",\"@id\":\"https:\/\/inkroomtattoo.com\/#website\",\"url\":\"https:\/\/inkroomtattoo.com\/\",\"name\":\"InkRoomTattoo\",\"description\":\"Tattoo Budapest\",\"publisher\":{\"@id\":\"https:\/\/inkroomtattoo.com\/#organization\"},\"potentialAction\":[{\"@type\":\"SearchAction\",\"target\":{\"@type\":\"EntryPoint\",\"urlTemplate\":\"https:\/\/inkroomtattoo.com\/?s={search_term_string}\"},\"query-input\":{\"@type\":\"PropertyValueSpecification\",\"valueRequired\":true,\"valueName\":\"search_term_string\"}}],\"inLanguage\":\"en-GB\"},{\"@type\":\"Organization\",\"@id\":\"https:\/\/inkroomtattoo.com\/#organization\",\"name\":\"Inkroomtattoo\",\"url\":\"https:\/\/inkroomtattoo.com\/\",\"logo\":{\"@type\":\"ImageObject\",\"inLanguage\":\"en-GB\",\"@id\":\"https:\/\/inkroomtattoo.com\/#\/schema\/logo\/image\/\",\"url\":\"https:\/\/inkroomtattoo.com\/wp-content\/uploads\/2020\/12\/cropped-inkroom_logo_egysoros_BLACKnegyzet-01.png\",\"contentUrl\":\"https:\/\/inkroomtattoo.com\/wp-content\/uploads\/2020\/12\/cropped-inkroom_logo_egysoros_BLACKnegyzet-01.png\",\"width\":512,\"height\":512,\"caption\":\"Inkroomtattoo\"},\"image\":{\"@id\":\"https:\/\/inkroomtattoo.com\/#\/schema\/logo\/image\/\"}}]}<\/script>\n<!-- \/ Yoast SEO plugin. -->","yoast_head_json":{"title":"Blackwork \u00e9s minimalista tetov\u00e1l\u00e1s- Inkroom Tattoo","description":"A Minimalista tetov\u00e1l\u00e1s \u00e9s Blackwork tattoo t\u00f6rzsi alapokra ny\u00falik vissza. Ha ez a st\u00edlus \u00e9rdekel, fordulj hozz\u00e1nk bizalommal!","robots":{"index":"index","follow":"follow","max-snippet":"max-snippet:-1","max-image-preview":"max-image-preview:large","max-video-preview":"max-video-preview:-1"},"canonical":"https:\/\/inkroomtattoo.com\/en\/minimalista-tetovalas-keszites\/","og_locale":"en_GB","og_type":"article","og_title":"Blackwork \u00e9s minimalista tetov\u00e1l\u00e1s- Inkroom Tattoo","og_description":"A Minimalista tetov\u00e1l\u00e1s \u00e9s Blackwork tattoo t\u00f6rzsi alapokra ny\u00falik vissza. Ha ez a st\u00edlus \u00e9rdekel, fordulj hozz\u00e1nk bizalommal!","og_url":"https:\/\/inkroomtattoo.com\/en\/minimalista-tetovalas-keszites\/","og_site_name":"InkRoomTattoo","article_modified_time":"2026-02-19T20:30:17+00:00","og_image":[{"url":"https:\/\/inkroomtattoo.com\/wp-content\/uploads\/elementor\/thumbs\/house-linework-dotwork-blackandgrey-rupf-tattoo-budapest-budapesttattoo-inkroomtattoo-min-r33eniu893gfay9nz7gkyudcne2m3fl4s8a45eh440.jpg","type":"","width":"","height":""}],"twitter_card":"summary_large_image","twitter_misc":{"Estimated reading time":"2 minutes"},"schema":{"@context":"https:\/\/schema.org","@graph":[{"@type":"WebPage","@id":"https:\/\/inkroomtattoo.com\/minimalista-tetovalas-keszites\/","url":"https:\/\/inkroomtattoo.com\/minimalista-tetovalas-keszites\/","name":"Blackwork \u00e9s minimalista tetov\u00e1l\u00e1s- Inkroom Tattoo","isPartOf":{"@id":"https:\/\/inkroomtattoo.com\/#website"},"primaryImageOfPage":{"@id":"https:\/\/inkroomtattoo.com\/minimalista-tetovalas-keszites\/#primaryimage"},"image":{"@id":"https:\/\/inkroomtattoo.com\/minimalista-tetovalas-keszites\/#primaryimage"},"thumbnailUrl":"https:\/\/inkroomtattoo.com\/wp-content\/uploads\/elementor\/thumbs\/house-linework-dotwork-blackandgrey-rupf-tattoo-budapest-budapesttattoo-inkroomtattoo-min-r33eniu893gfay9nz7gkyudcne2m3fl4s8a45eh440.jpg","datePublished":"2021-04-08T09:24:06+00:00","dateModified":"2026-02-19T20:30:17+00:00","description":"A Minimalista tetov\u00e1l\u00e1s \u00e9s Blackwork tattoo t\u00f6rzsi alapokra ny\u00falik vissza. Ha ez a st\u00edlus \u00e9rdekel, fordulj hozz\u00e1nk bizalommal!","breadcrumb":{"@id":"https:\/\/inkroomtattoo.com\/minimalista-tetovalas-keszites\/#breadcrumb"},"inLanguage":"en-GB","potentialAction":[{"@type":"ReadAction","target":["https:\/\/inkroomtattoo.com\/minimalista-tetovalas-keszites\/"]}]},{"@type":"ImageObject","inLanguage":"en-GB","@id":"https:\/\/inkroomtattoo.com\/minimalista-tetovalas-keszites\/#primaryimage","url":"https:\/\/inkroomtattoo.com\/wp-content\/uploads\/elementor\/thumbs\/house-linework-dotwork-blackandgrey-rupf-tattoo-budapest-budapesttattoo-inkroomtattoo-min-r33eniu893gfay9nz7gkyudcne2m3fl4s8a45eh440.jpg","contentUrl":"https:\/\/inkroomtattoo.com\/wp-content\/uploads\/elementor\/thumbs\/house-linework-dotwork-blackandgrey-rupf-tattoo-budapest-budapesttattoo-inkroomtattoo-min-r33eniu893gfay9nz7gkyudcne2m3fl4s8a45eh440.jpg"},{"@type":"BreadcrumbList","@id":"https:\/\/inkroomtattoo.com\/minimalista-tetovalas-keszites\/#breadcrumb","itemListElement":[{"@type":"ListItem","position":1,"name":"Kezd\u0151lap","item":"https:\/\/inkroomtattoo.com\/"},{"@type":"ListItem","position":2,"name":"Blackwork Tattoo k\u00e9sz\u00edt\u00e9s"}]},{"@type":"WebSite","@id":"https:\/\/inkroomtattoo.com\/#website","url":"https:\/\/inkroomtattoo.com\/","name":"InkRoomTattoo","description":"Tattoo Budapest","publisher":{"@id":"https:\/\/inkroomtattoo.com\/#organization"},"potentialAction":[{"@type":"SearchAction","target":{"@type":"EntryPoint","urlTemplate":"https:\/\/inkroomtattoo.com\/?s={search_term_string}"},"query-input":{"@type":"PropertyValueSpecification","valueRequired":true,"valueName":"search_term_string"}}],"inLanguage":"en-GB"},{"@type":"Organization","@id":"https:\/\/inkroomtattoo.com\/#organization","name":"Inkroomtattoo","url":"https:\/\/inkroomtattoo.com\/","logo":{"@type":"ImageObject","inLanguage":"en-GB","@id":"https:\/\/inkroomtattoo.com\/#\/schema\/logo\/image\/","url":"https:\/\/inkroomtattoo.com\/wp-content\/uploads\/2020\/12\/cropped-inkroom_logo_egysoros_BLACKnegyzet-01.png","contentUrl":"https:\/\/inkroomtattoo.com\/wp-content\/uploads\/2020\/12\/cropped-inkroom_logo_egysoros_BLACKnegyzet-01.png","width":512,"height":512,"caption":"Inkroomtattoo"},"image":{"@id":"https:\/\/inkroomtattoo.com\/#\/schema\/logo\/image\/"}}]}},"_links":{"self":[{"href":"https:\/\/inkroomtattoo.com\/en\/wp-json\/wp\/v2\/pages\/794","targetHints":{"allow":["GET"]}}],"collection":[{"href":"https:\/\/inkroomtattoo.com\/en\/wp-json\/wp\/v2\/pages"}],"about":[{"href":"https:\/\/inkroomtattoo.com\/en\/wp-json\/wp\/v2\/types\/page"}],"author":[{"embeddable":true,"href":"https:\/\/inkroomtattoo.com\/en\/wp-json\/wp\/v2\/users\/1"}],"replies":[{"embeddable":true,"href":"https:\/\/inkroomtattoo.com\/en\/wp-json\/wp\/v2\/comments?post=794"}],"version-history":[{"count":44,"href":"https:\/\/inkroomtattoo.com\/en\/wp-json\/wp\/v2\/pages\/794\/revisions"}],"predecessor-version":[{"id":2020,"href":"https:\/\/inkroomtattoo.com\/en\/wp-json\/wp\/v2\/pages\/794\/revisions\/2020"}],"wp:attachment":[{"href":"https:\/\/inkroomtattoo.com\/en\/wp-json\/wp\/v2\/media?parent=794"}],"curies":[{"name":"wp","href":"https:\/\/api.w.org\/{rel}","templated":true}]}}