{"id":391,"date":"2020-12-17T20:03:31","date_gmt":"2020-12-17T18:03:31","guid":{"rendered":"https:\/\/inkroomtattoo.com\/?page_id=391"},"modified":"2025-04-23T19:23:04","modified_gmt":"2025-04-23T16:23:04","slug":"utokezeles","status":"publish","type":"page","link":"https:\/\/inkroomtattoo.com\/en\/utokezeles\/","title":{"rendered":"Aftercare with an absorbent wound pad"},"content":{"rendered":"<div data-elementor-type=\"wp-page\" data-elementor-id=\"391\" class=\"elementor elementor-391\" data-elementor-post-type=\"page\">\n\t\t\t\t\t\t<section class=\"elementor-section elementor-top-section elementor-element elementor-element-fea2efd elementor-section-height-min-height animated-slow elementor-section-boxed elementor-section-height-default elementor-section-items-middle elementor-invisible\" data-id=\"fea2efd\" data-element_type=\"section\" data-settings=\"{&quot;background_background&quot;:&quot;classic&quot;,&quot;animation&quot;:&quot;fadeIn&quot;}\">\n\t\t\t\t\t\t<div class=\"elementor-container elementor-column-gap-default\">\n\t\t\t\t\t<div class=\"elementor-column elementor-col-100 elementor-top-column elementor-element elementor-element-0362a6b\" data-id=\"0362a6b\" data-element_type=\"column\" data-settings=\"{&quot;motion_fx_opacity_effect&quot;:&quot;yes&quot;,&quot;motion_fx_opacity_direction&quot;:&quot;in-out&quot;,&quot;motion_fx_opacity_range&quot;:{&quot;unit&quot;:&quot;%&quot;,&quot;size&quot;:&quot;&quot;,&quot;sizes&quot;:{&quot;start&quot;:50,&quot;end&quot;:100}},&quot;motion_fx_motion_fx_scrolling&quot;:&quot;yes&quot;,&quot;motion_fx_opacity_level&quot;:{&quot;unit&quot;:&quot;px&quot;,&quot;size&quot;:10,&quot;sizes&quot;:[]},&quot;motion_fx_devices&quot;:[&quot;desktop&quot;,&quot;tablet&quot;,&quot;mobile&quot;]}\">\n\t\t\t<div class=\"elementor-widget-wrap elementor-element-populated\">\n\t\t\t\t\t\t<div class=\"elementor-element elementor-element-c92f986 dupla-shadow elementor-widget elementor-widget-heading\" data-id=\"c92f986\" data-element_type=\"widget\" data-widget_type=\"heading.default\">\n\t\t\t\t<div class=\"elementor-widget-container\">\n\t\t\t\t\t<h1 class=\"elementor-heading-title elementor-size-default\">Aftercare with an absorbent wound pad<\/h1>\t\t\t\t<\/div>\n\t\t\t\t<\/div>\n\t\t\t\t\t<\/div>\n\t\t<\/div>\n\t\t\t\t\t<\/div>\n\t\t<\/section>\n\t\t\t\t<section class=\"elementor-section elementor-top-section elementor-element elementor-element-f858c15 elementor-section-height-min-height elementor-section-boxed elementor-section-height-default elementor-section-items-middle\" data-id=\"f858c15\" data-element_type=\"section\">\n\t\t\t\t\t\t<div class=\"elementor-container elementor-column-gap-default\">\n\t\t\t\t\t<div class=\"elementor-column elementor-col-100 elementor-top-column elementor-element elementor-element-3dc9020\" data-id=\"3dc9020\" data-element_type=\"column\">\n\t\t\t<div class=\"elementor-widget-wrap elementor-element-populated\">\n\t\t\t\t\t\t<div class=\"elementor-element elementor-element-8a4fa69 elementor-widget elementor-widget-text-editor\" data-id=\"8a4fa69\" data-element_type=\"widget\" data-widget_type=\"text-editor.default\">\n\t\t\t\t<div class=\"elementor-widget-container\">\n\t\t\t\t\t\t\t\t\t<p>What you will need during the care, available from any pharmacy:<\/p><ul><li>cream for aftercare: Bepanthen cream (wetter consistency)\/ointment (greaser consistency)<\/li><li>Antibacterial soap (odorless, colorless)<\/li><li>Zetuvit\u00ae absorbent wound pad (sterile)<\/li><li>folpack foil<\/li><li>Octenisept spray<\/li><li>medical adhesive tape<\/li><li>Lotion<\/li><\/ul><p><b>\u00a0<\/b><\/p><p><b>On the first day<\/b>, when the tattoo is still fresh, it is important to keep it clean to prevent anything from getting inside that could cause infection. It is important to always wash your hands before touching it!\u2028<\/p><ol><li>Remove the Zetuvit\u00ae and throw it away!\u2028<\/li><li>Wash the tattoo with antibacterial soap, without soaking. Rinse the soap off the surface thoroughly, first with lukewarm water and then with cold water, to help close the pores of the skin.<\/li><li>Gently blot with a paper towel or just let it dry. Do not wipe with a towel!<\/li><li>Spray Octenisept spray evenly and let it dry.\u2028<\/li><li>Apply Bepanthen, making sure to apply enough cream, as you will not be applying it all day, and if there is too little cream, Zetuvit\u00ae may stick to the wound.\u2028<\/li><li>Place Zetuvit\u00ae on the tattoo with the blue marking strip facing out, making sure it covers it everywhere, then carefully tape the edges with adhesive tape. You can leave this bandage on all day.\u2028<\/li><\/ol><p>\u00a0<\/p><p><b>The next day<\/b>, when it is no longer bleeding or oozing, it is still important to keep the wound clean. Wash it with soap, rinse thoroughly with water, dry it with a paper towel and spray it with Octenisept spray. When it has dried, apply a thin layer of Bepanthen and place a clean folpack foil on top. Make sure that the inside of the foil is in contact with the tattoo. Change this bandage 2-3 times during the day, so repeat the steps described in point 8.<\/p><p><b>On the third day <\/b>, the tattoo will no longer oozing, so the folpack foil will no longer be needed, instead leave it open so that your skin can breathe. Apply a thin layer of Bepanthen 2-3 times during the day, the goal is to hydrate.<\/p><p>In about 7-10 days, the tattoo will start to peel, which is an unpleasant feeling, because it itches. At this time, try not to pick at it with your nails, no matter how much you want to; because scratching vigorously can tear the wound and the pattern will be incomplete. Try stroking, patting, or scratching through clothing. You can also use a gentle skin scrub on the surface, and calendula cream can be a good solution to relieve itching.<\/p><p><b>After the 10th day:<\/b><\/p><p>When your tattoo has completely peeled off, you will not need Bepanthen, but until its surface is shiny and has not completely healed, moisturize it with the body lotion you used to pre-treat the surface.<\/p><p class=\"p1\"><b>What NOT to do:<\/b><\/p><ul><li>do not use any other cream than the ones prescribed<\/li><li>do not scrape or scratch, the dead skin layer will fall off on its own, just be patient!<\/li><li>do not soak it, you can shower, you should even wash it, but do not soak it!<\/li><li>sunbathe, go to a solarium, use tanning cream; if you absolutely must sunbathe, cover it up!<\/li><li>any kind of bathing or sauna is prohibited for 2-3 weeks<\/li><li>do not use sunscreen while the tattoo is fresh<\/li><\/ul><p>Once it is fully healed, use sunscreen when you are in the sun for a longer period of time to protect the colors and keep them vibrant for a long time!<\/p>\t\t\t\t\t\t\t\t<\/div>\n\t\t\t\t<\/div>\n\t\t\t\t<div class=\"elementor-element elementor-element-13cf14b elementor-align-center elementor-widget elementor-widget-button\" data-id=\"13cf14b\" data-element_type=\"widget\" data-widget_type=\"button.default\">\n\t\t\t\t<div class=\"elementor-widget-container\">\n\t\t\t\t\t\t\t\t\t<div class=\"elementor-button-wrapper\">\n\t\t\t\t\t<a class=\"elementor-button elementor-button-link elementor-size-sm elementor-animation-grow\" href=\"https:\/\/inkroomtattoo.com\/en\/kapcsolat\/\">\n\t\t\t\t\t\t<span class=\"elementor-button-content-wrapper\">\n\t\t\t\t\t\t\t\t\t<span class=\"elementor-button-text\">Contact<\/span>\n\t\t\t\t\t<\/span>\n\t\t\t\t\t<\/a>\n\t\t\t\t<\/div>\n\t\t\t\t\t\t\t\t<\/div>\n\t\t\t\t<\/div>\n\t\t\t\t\t<\/div>\n\t\t<\/div>\n\t\t\t\t\t<\/div>\n\t\t<\/section>\n\t\t\t\t<\/div>","protected":false},"excerpt":{"rendered":"<p>Ut\u00f3kezel\u00e9s nedvsz\u00edv\u00f3 sebp\u00e1rn\u00e1val Amire sz\u00fcks\u00e9ged lesz az \u00e1pol\u00e1s sor\u00e1n, minden beszerezhet\u0151 patik\u00e1b\u00f3l: kr\u00e9m az ut\u00f3kezel\u00e9shez: Bepanthen kr\u00e9m (vizesebb \u00e1llag\u00fa)\/ken\u0151cs (zs\u00edrosabb \u00e1llag\u00fa) antibakteri\u00e1lis szappan (illatmentes, sz\u00ednez\u00e9kmentes) Zetuvit\u00ae nedvsz\u00edv\u00f3 sebp\u00e1rna (steril) folpack f\u00f3lia Octenisept spray orvosi ragaszt\u00f3szalag test\u00e1pol\u00f3 \u00a0 Els\u0151 nap, mikor m\u00e9g a tetov\u00e1l\u00e1s friss, fontos annak tiszt\u00e1n tart\u00e1sa, nehogy beleker\u00fclj\u00f6n valami, amit\u0151l elfert\u0151z\u0151dhet. Fontos hogy [&hellip;]<\/p>","protected":false},"author":1,"featured_media":0,"parent":0,"menu_order":0,"comment_status":"closed","ping_status":"closed","template":"elementor_header_footer","meta":{"footnotes":""},"class_list":["post-391","page","type-page","status-publish","hentry"],"yoast_head":"<!-- This site is optimized with the Yoast SEO plugin v25.3 - https:\/\/yoast.com\/wordpress\/plugins\/seo\/ -->\n<title>Tetov\u00e1l\u00e1s ut\u00e1ni teend\u0151k - Inkroom Tattoo<\/title>\n<meta name=\"description\" content=\"Tetov\u00e1l\u00e1s ut\u00f3kezel\u00e9si \u00fatmutat\u00f3 l\u00e9p\u00e9sr\u0151l l\u00e9p\u00e9sre-\u00cdgy \u00e1pold helyesen friss tetov\u00e1l\u00e1sodat, hogy a v\u00e9geredm\u00e9ny hib\u00e1tlan legyen.\" \/>\n<meta name=\"robots\" content=\"index, follow, max-snippet:-1, max-image-preview:large, max-video-preview:-1\" \/>\n<link rel=\"canonical\" href=\"https:\/\/inkroomtattoo.com\/en\/utokezeles\/\" \/>\n<meta property=\"og:locale\" content=\"en_GB\" \/>\n<meta property=\"og:type\" content=\"article\" \/>\n<meta property=\"og:title\" content=\"ut\u00f3kezel\u00e9s\" \/>\n<meta property=\"og:description\" content=\"Tetov\u00e1l\u00e1s ut\u00f3kezel\u00e9si \u00fatmutat\u00f3 l\u00e9p\u00e9sr\u0151l l\u00e9p\u00e9sre-\u00cdgy \u00e1pold helyesen friss tetov\u00e1l\u00e1sodat, hogy a v\u00e9geredm\u00e9ny hib\u00e1tlan legyen.\" \/>\n<meta property=\"og:url\" content=\"https:\/\/inkroomtattoo.com\/en\/utokezeles\/\" \/>\n<meta property=\"og:site_name\" content=\"InkRoomTattoo\" \/>\n<meta property=\"article:modified_time\" content=\"2025-04-23T16:23:04+00:00\" \/>\n<meta name=\"twitter:card\" content=\"summary_large_image\" \/>\n<meta name=\"twitter:label1\" content=\"Estimated reading time\" \/>\n\t<meta name=\"twitter:data1\" content=\"3 minutes\" \/>\n<script type=\"application\/ld+json\" class=\"yoast-schema-graph\">{\"@context\":\"https:\/\/schema.org\",\"@graph\":[{\"@type\":\"WebPage\",\"@id\":\"https:\/\/inkroomtattoo.com\/utokezeles\/\",\"url\":\"https:\/\/inkroomtattoo.com\/utokezeles\/\",\"name\":\"Tetov\u00e1l\u00e1s ut\u00e1ni teend\u0151k - Inkroom Tattoo\",\"isPartOf\":{\"@id\":\"https:\/\/inkroomtattoo.com\/#website\"},\"datePublished\":\"2020-12-17T18:03:31+00:00\",\"dateModified\":\"2025-04-23T16:23:04+00:00\",\"description\":\"Tetov\u00e1l\u00e1s ut\u00f3kezel\u00e9si \u00fatmutat\u00f3 l\u00e9p\u00e9sr\u0151l l\u00e9p\u00e9sre-\u00cdgy \u00e1pold helyesen friss tetov\u00e1l\u00e1sodat, hogy a v\u00e9geredm\u00e9ny hib\u00e1tlan legyen.\",\"breadcrumb\":{\"@id\":\"https:\/\/inkroomtattoo.com\/utokezeles\/#breadcrumb\"},\"inLanguage\":\"en-GB\",\"potentialAction\":[{\"@type\":\"ReadAction\",\"target\":[\"https:\/\/inkroomtattoo.com\/utokezeles\/\"]}]},{\"@type\":\"BreadcrumbList\",\"@id\":\"https:\/\/inkroomtattoo.com\/utokezeles\/#breadcrumb\",\"itemListElement\":[{\"@type\":\"ListItem\",\"position\":1,\"name\":\"Kezd\u0151lap\",\"item\":\"https:\/\/inkroomtattoo.com\/\"},{\"@type\":\"ListItem\",\"position\":2,\"name\":\"Ut\u00f3kezel\u00e9s nedvsz\u00edv\u00f3 sebp\u00e1rn\u00e1val\"}]},{\"@type\":\"WebSite\",\"@id\":\"https:\/\/inkroomtattoo.com\/#website\",\"url\":\"https:\/\/inkroomtattoo.com\/\",\"name\":\"InkRoomTattoo\",\"description\":\"Tattoo Budapest\",\"publisher\":{\"@id\":\"https:\/\/inkroomtattoo.com\/#organization\"},\"potentialAction\":[{\"@type\":\"SearchAction\",\"target\":{\"@type\":\"EntryPoint\",\"urlTemplate\":\"https:\/\/inkroomtattoo.com\/?s={search_term_string}\"},\"query-input\":{\"@type\":\"PropertyValueSpecification\",\"valueRequired\":true,\"valueName\":\"search_term_string\"}}],\"inLanguage\":\"en-GB\"},{\"@type\":\"Organization\",\"@id\":\"https:\/\/inkroomtattoo.com\/#organization\",\"name\":\"Inkroomtattoo\",\"url\":\"https:\/\/inkroomtattoo.com\/\",\"logo\":{\"@type\":\"ImageObject\",\"inLanguage\":\"en-GB\",\"@id\":\"https:\/\/inkroomtattoo.com\/#\/schema\/logo\/image\/\",\"url\":\"https:\/\/inkroomtattoo.com\/wp-content\/uploads\/2020\/12\/cropped-inkroom_logo_egysoros_BLACKnegyzet-01.png\",\"contentUrl\":\"https:\/\/inkroomtattoo.com\/wp-content\/uploads\/2020\/12\/cropped-inkroom_logo_egysoros_BLACKnegyzet-01.png\",\"width\":512,\"height\":512,\"caption\":\"Inkroomtattoo\"},\"image\":{\"@id\":\"https:\/\/inkroomtattoo.com\/#\/schema\/logo\/image\/\"}}]}<\/script>\n<!-- \/ Yoast SEO plugin. -->","yoast_head_json":{"title":"Tetov\u00e1l\u00e1s ut\u00e1ni teend\u0151k - Inkroom Tattoo","description":"Tetov\u00e1l\u00e1s ut\u00f3kezel\u00e9si \u00fatmutat\u00f3 l\u00e9p\u00e9sr\u0151l l\u00e9p\u00e9sre-\u00cdgy \u00e1pold helyesen friss tetov\u00e1l\u00e1sodat, hogy a v\u00e9geredm\u00e9ny hib\u00e1tlan legyen.","robots":{"index":"index","follow":"follow","max-snippet":"max-snippet:-1","max-image-preview":"max-image-preview:large","max-video-preview":"max-video-preview:-1"},"canonical":"https:\/\/inkroomtattoo.com\/en\/utokezeles\/","og_locale":"en_GB","og_type":"article","og_title":"ut\u00f3kezel\u00e9s","og_description":"Tetov\u00e1l\u00e1s ut\u00f3kezel\u00e9si \u00fatmutat\u00f3 l\u00e9p\u00e9sr\u0151l l\u00e9p\u00e9sre-\u00cdgy \u00e1pold helyesen friss tetov\u00e1l\u00e1sodat, hogy a v\u00e9geredm\u00e9ny hib\u00e1tlan legyen.","og_url":"https:\/\/inkroomtattoo.com\/en\/utokezeles\/","og_site_name":"InkRoomTattoo","article_modified_time":"2025-04-23T16:23:04+00:00","twitter_card":"summary_large_image","twitter_misc":{"Estimated reading time":"3 minutes"},"schema":{"@context":"https:\/\/schema.org","@graph":[{"@type":"WebPage","@id":"https:\/\/inkroomtattoo.com\/utokezeles\/","url":"https:\/\/inkroomtattoo.com\/utokezeles\/","name":"Tetov\u00e1l\u00e1s ut\u00e1ni teend\u0151k - Inkroom Tattoo","isPartOf":{"@id":"https:\/\/inkroomtattoo.com\/#website"},"datePublished":"2020-12-17T18:03:31+00:00","dateModified":"2025-04-23T16:23:04+00:00","description":"Tetov\u00e1l\u00e1s ut\u00f3kezel\u00e9si \u00fatmutat\u00f3 l\u00e9p\u00e9sr\u0151l l\u00e9p\u00e9sre-\u00cdgy \u00e1pold helyesen friss tetov\u00e1l\u00e1sodat, hogy a v\u00e9geredm\u00e9ny hib\u00e1tlan legyen.","breadcrumb":{"@id":"https:\/\/inkroomtattoo.com\/utokezeles\/#breadcrumb"},"inLanguage":"en-GB","potentialAction":[{"@type":"ReadAction","target":["https:\/\/inkroomtattoo.com\/utokezeles\/"]}]},{"@type":"BreadcrumbList","@id":"https:\/\/inkroomtattoo.com\/utokezeles\/#breadcrumb","itemListElement":[{"@type":"ListItem","position":1,"name":"Kezd\u0151lap","item":"https:\/\/inkroomtattoo.com\/"},{"@type":"ListItem","position":2,"name":"Ut\u00f3kezel\u00e9s nedvsz\u00edv\u00f3 sebp\u00e1rn\u00e1val"}]},{"@type":"WebSite","@id":"https:\/\/inkroomtattoo.com\/#website","url":"https:\/\/inkroomtattoo.com\/","name":"InkRoomTattoo","description":"Tattoo Budapest","publisher":{"@id":"https:\/\/inkroomtattoo.com\/#organization"},"potentialAction":[{"@type":"SearchAction","target":{"@type":"EntryPoint","urlTemplate":"https:\/\/inkroomtattoo.com\/?s={search_term_string}"},"query-input":{"@type":"PropertyValueSpecification","valueRequired":true,"valueName":"search_term_string"}}],"inLanguage":"en-GB"},{"@type":"Organization","@id":"https:\/\/inkroomtattoo.com\/#organization","name":"Inkroomtattoo","url":"https:\/\/inkroomtattoo.com\/","logo":{"@type":"ImageObject","inLanguage":"en-GB","@id":"https:\/\/inkroomtattoo.com\/#\/schema\/logo\/image\/","url":"https:\/\/inkroomtattoo.com\/wp-content\/uploads\/2020\/12\/cropped-inkroom_logo_egysoros_BLACKnegyzet-01.png","contentUrl":"https:\/\/inkroomtattoo.com\/wp-content\/uploads\/2020\/12\/cropped-inkroom_logo_egysoros_BLACKnegyzet-01.png","width":512,"height":512,"caption":"Inkroomtattoo"},"image":{"@id":"https:\/\/inkroomtattoo.com\/#\/schema\/logo\/image\/"}}]}},"_links":{"self":[{"href":"https:\/\/inkroomtattoo.com\/en\/wp-json\/wp\/v2\/pages\/391","targetHints":{"allow":["GET"]}}],"collection":[{"href":"https:\/\/inkroomtattoo.com\/en\/wp-json\/wp\/v2\/pages"}],"about":[{"href":"https:\/\/inkroomtattoo.com\/en\/wp-json\/wp\/v2\/types\/page"}],"author":[{"embeddable":true,"href":"https:\/\/inkroomtattoo.com\/en\/wp-json\/wp\/v2\/users\/1"}],"replies":[{"embeddable":true,"href":"https:\/\/inkroomtattoo.com\/en\/wp-json\/wp\/v2\/comments?post=391"}],"version-history":[{"count":48,"href":"https:\/\/inkroomtattoo.com\/en\/wp-json\/wp\/v2\/pages\/391\/revisions"}],"predecessor-version":[{"id":1631,"href":"https:\/\/inkroomtattoo.com\/en\/wp-json\/wp\/v2\/pages\/391\/revisions\/1631"}],"wp:attachment":[{"href":"https:\/\/inkroomtattoo.com\/en\/wp-json\/wp\/v2\/media?parent=391"}],"curies":[{"name":"wp","href":"https:\/\/api.w.org\/{rel}","templated":true}]}}