{"id":383,"date":"2020-12-17T19:28:58","date_gmt":"2020-12-17T17:28:58","guid":{"rendered":"https:\/\/inkroomtattoo.com\/?page_id=383"},"modified":"2025-04-23T19:06:49","modified_gmt":"2025-04-23T16:06:49","slug":"hogyan-keszulj-fel-a-tetovalasra","status":"publish","type":"page","link":"https:\/\/inkroomtattoo.com\/en\/hogyan-keszulj-fel-a-tetovalasra\/","title":{"rendered":"How to Prepare for Your Tattoo"},"content":{"rendered":"<div data-elementor-type=\"wp-page\" data-elementor-id=\"383\" class=\"elementor elementor-383\" data-elementor-post-type=\"page\">\n\t\t\t\t\t\t<section class=\"elementor-section elementor-top-section elementor-element elementor-element-023c825 elementor-section-height-min-height animated-slow elementor-section-boxed elementor-section-height-default elementor-section-items-middle elementor-invisible\" data-id=\"023c825\" data-element_type=\"section\" data-settings=\"{&quot;background_background&quot;:&quot;classic&quot;,&quot;animation&quot;:&quot;fadeIn&quot;}\">\n\t\t\t\t\t\t<div class=\"elementor-container elementor-column-gap-default\">\n\t\t\t\t\t<div class=\"elementor-column elementor-col-100 elementor-top-column elementor-element elementor-element-ccd9480\" data-id=\"ccd9480\" data-element_type=\"column\" data-settings=\"{&quot;motion_fx_opacity_effect&quot;:&quot;yes&quot;,&quot;motion_fx_opacity_direction&quot;:&quot;in-out&quot;,&quot;motion_fx_opacity_range&quot;:{&quot;unit&quot;:&quot;%&quot;,&quot;size&quot;:&quot;&quot;,&quot;sizes&quot;:{&quot;start&quot;:50,&quot;end&quot;:100}},&quot;motion_fx_motion_fx_scrolling&quot;:&quot;yes&quot;,&quot;motion_fx_opacity_level&quot;:{&quot;unit&quot;:&quot;px&quot;,&quot;size&quot;:10,&quot;sizes&quot;:[]},&quot;motion_fx_devices&quot;:[&quot;desktop&quot;,&quot;tablet&quot;,&quot;mobile&quot;]}\">\n\t\t\t<div class=\"elementor-widget-wrap elementor-element-populated\">\n\t\t\t\t\t\t<div class=\"elementor-element elementor-element-4e3f530 dupla-shadow elementor-widget elementor-widget-heading\" data-id=\"4e3f530\" data-element_type=\"widget\" data-widget_type=\"heading.default\">\n\t\t\t\t<div class=\"elementor-widget-container\">\n\t\t\t\t\t<h1 class=\"elementor-heading-title elementor-size-default\">How to Prepare for Your Tattoo<\/h1>\t\t\t\t<\/div>\n\t\t\t\t<\/div>\n\t\t\t\t\t<\/div>\n\t\t<\/div>\n\t\t\t\t\t<\/div>\n\t\t<\/section>\n\t\t\t\t<section class=\"elementor-section elementor-top-section elementor-element elementor-element-db6c373 elementor-section-height-min-height elementor-section-boxed elementor-section-height-default elementor-section-items-middle\" data-id=\"db6c373\" data-element_type=\"section\">\n\t\t\t\t\t\t<div class=\"elementor-container elementor-column-gap-default\">\n\t\t\t\t\t<div class=\"elementor-column elementor-col-100 elementor-top-column elementor-element elementor-element-51fcb73\" data-id=\"51fcb73\" data-element_type=\"column\">\n\t\t\t<div class=\"elementor-widget-wrap elementor-element-populated\">\n\t\t\t\t\t\t<div class=\"elementor-element elementor-element-ba92626 elementor-widget elementor-widget-text-editor\" data-id=\"ba92626\" data-element_type=\"widget\" data-widget_type=\"text-editor.default\">\n\t\t\t\t<div class=\"elementor-widget-container\">\n\t\t\t\t\t\t\t\t\t<p class=\"p1\">It\u2019s important to keep the area to be tattooed well hydrated\u2014good skin quality makes the process easier and faster. Apply body lotion in the morning and evening! Use a rich cream for dry skin, and a strong moisturizer for oily skin. Choose a high-quality product, as you\u2019ll also need it to care for your tattoo after it heals.<\/p><p class=\"p1\">1\u20132 days before your appointment: get plenty of rest and drink lots of water!<\/p><p class=\"p1\">Getting a tattoo isn\u2019t the most pleasant experience\u2014especially if it takes several hours\u2014so make sure you\u2019re well-rested. Get a good night\u2019s sleep the night before. If you arrive exhausted, your pain tolerance and patience may be significantly lower.<\/p><p class=\"p1\">Be sure to eat something the morning of your appointment; starting a tattoo session on an empty stomach can lead to feeling unwell or even fainting.<\/p>\t\t\t\t\t\t\t\t<\/div>\n\t\t\t\t<\/div>\n\t\t\t\t<section class=\"elementor-section elementor-inner-section elementor-element elementor-element-d2027e7 elementor-section-boxed elementor-section-height-default elementor-section-height-default\" data-id=\"d2027e7\" data-element_type=\"section\">\n\t\t\t\t\t\t<div class=\"elementor-container elementor-column-gap-default\">\n\t\t\t\t\t<div class=\"elementor-column elementor-col-50 elementor-inner-column elementor-element elementor-element-b70045b\" data-id=\"b70045b\" data-element_type=\"column\">\n\t\t\t<div class=\"elementor-widget-wrap elementor-element-populated\">\n\t\t\t\t\t\t<div class=\"elementor-element elementor-element-1c82aaf elementor-invisible elementor-widget elementor-widget-image\" data-id=\"1c82aaf\" data-element_type=\"widget\" data-settings=\"{&quot;_animation&quot;:&quot;slideInLeft&quot;}\" data-widget_type=\"image.default\">\n\t\t\t\t<div class=\"elementor-widget-container\">\n\t\t\t\t\t\t\t\t\t\t\t\t\t\t\t<img fetchpriority=\"high\" decoding=\"async\" width=\"768\" height=\"1024\" src=\"https:\/\/inkroomtattoo.com\/wp-content\/uploads\/2020\/12\/studio_16-min-1-768x1024.jpg\" class=\"attachment-large size-large wp-image-386\" alt=\"Tattoo Budapest - Inkroom tattoo\" srcset=\"https:\/\/inkroomtattoo.com\/wp-content\/uploads\/2020\/12\/studio_16-min-1-768x1024.jpg 768w, https:\/\/inkroomtattoo.com\/wp-content\/uploads\/2020\/12\/studio_16-min-1-225x300.jpg 225w, https:\/\/inkroomtattoo.com\/wp-content\/uploads\/2020\/12\/studio_16-min-1-1152x1536.jpg 1152w, https:\/\/inkroomtattoo.com\/wp-content\/uploads\/2020\/12\/studio_16-min-1-1536x2048.jpg 1536w, https:\/\/inkroomtattoo.com\/wp-content\/uploads\/2020\/12\/studio_16-min-1-scaled.jpg 1920w\" sizes=\"(max-width: 768px) 100vw, 768px\" \/>\t\t\t\t\t\t\t\t\t\t\t\t\t\t\t<\/div>\n\t\t\t\t<\/div>\n\t\t\t\t\t<\/div>\n\t\t<\/div>\n\t\t\t\t<div class=\"elementor-column elementor-col-50 elementor-inner-column elementor-element elementor-element-2bb8c30\" data-id=\"2bb8c30\" data-element_type=\"column\">\n\t\t\t<div class=\"elementor-widget-wrap elementor-element-populated\">\n\t\t\t\t\t\t<div class=\"elementor-element elementor-element-ad30a93 elementor-invisible elementor-widget elementor-widget-image\" data-id=\"ad30a93\" data-element_type=\"widget\" data-settings=\"{&quot;_animation&quot;:&quot;slideInRight&quot;,&quot;_animation_delay&quot;:500}\" data-widget_type=\"image.default\">\n\t\t\t\t<div class=\"elementor-widget-container\">\n\t\t\t\t\t\t\t\t\t\t\t\t\t\t\t<img decoding=\"async\" width=\"768\" height=\"1024\" src=\"https:\/\/inkroomtattoo.com\/wp-content\/uploads\/2020\/12\/studio_18-min-1-768x1024.jpg\" class=\"attachment-large size-large wp-image-387\" alt=\"Tattoo Budapest - Inkroom tattoo\" srcset=\"https:\/\/inkroomtattoo.com\/wp-content\/uploads\/2020\/12\/studio_18-min-1-768x1024.jpg 768w, https:\/\/inkroomtattoo.com\/wp-content\/uploads\/2020\/12\/studio_18-min-1-225x300.jpg 225w, https:\/\/inkroomtattoo.com\/wp-content\/uploads\/2020\/12\/studio_18-min-1-1152x1536.jpg 1152w, https:\/\/inkroomtattoo.com\/wp-content\/uploads\/2020\/12\/studio_18-min-1-1536x2048.jpg 1536w, https:\/\/inkroomtattoo.com\/wp-content\/uploads\/2020\/12\/studio_18-min-1-scaled.jpg 1920w\" sizes=\"(max-width: 768px) 100vw, 768px\" \/>\t\t\t\t\t\t\t\t\t\t\t\t\t\t\t<\/div>\n\t\t\t\t<\/div>\n\t\t\t\t\t<\/div>\n\t\t<\/div>\n\t\t\t\t\t<\/div>\n\t\t<\/section>\n\t\t\t\t<div class=\"elementor-element elementor-element-b222086 elementor-widget elementor-widget-text-editor\" data-id=\"b222086\" data-element_type=\"widget\" data-widget_type=\"text-editor.default\">\n\t\t\t\t<div class=\"elementor-widget-container\">\n\t\t\t\t\t\t\t\t\t<p><strong>Tattoo Session Survival Kit<\/strong><\/p><p class=\"p1\">Since your whole day will be about getting tattooed, it\u2019s a good idea to pack a few essentials\u2014just like you would for a beach day. Wear comfortable \u201cplay clothes\u201d that you don\u2019t mind getting stained with ink or blood. When choosing what to wear, consider the placement of the tattoo\u2014it\u2019s important that the area can be easily exposed.<\/p><p><span style=\"font-weight: bold;\">For Women<\/span><\/p><ul style=\"font-size: 16px;\"><li style=\"font-size: 16px;\"><p class=\"p1\">thigh, shin, calf, hip area:<span class=\"Apple-converted-space\">\u00a0 <\/span>shorts, tie-side bikini bottoms<\/p><\/li><li style=\"font-size: 16px;\"><p class=\"p1\">Upper arm, shoulder: Spaghetti strap tops, tank tops, tube tops<\/p><\/li><li style=\"font-size: 16px;\"><p class=\"p1\">back: an old T-shirt works perfectly\u2014I\u2019ll cut it up as needed for access to the area<\/p><\/li><li style=\"font-size: 16px;\"><p class=\"p1\">Stomach, sternum, chest: Tube tops, tie-up bikini tops<\/p><\/li><\/ul><p><span style=\"font-weight: bold;\">For Men<\/span><\/p><ul style=\"font-size: 16px;\"><li style=\"font-size: 16px;\"><p class=\"p1\">thigh, shin, calf:<span class=\"Apple-converted-space\">\u00a0 <\/span>shorts<\/p><\/li><li style=\"font-size: 16px;\"><p class=\"p1\">Upper arm, shoulder: Tank tops<\/p><\/li><\/ul><p class=\"p1\">Bring anything to keep yourself entertained: laptop, tablet, headphones, charger (!), book, magazine, etc.<\/p><p class=\"p1\">Snacks &amp; Food\nPack a sandwich, chips, cookies, chocolate \u2013 anything you like to nibble on.\nIf you\u2019re bringing lunch, we have a microwave, or we can order food for you!<\/p>\t\t\t\t\t\t\t\t<\/div>\n\t\t\t\t<\/div>\n\t\t\t\t<div class=\"elementor-element elementor-element-214913f elementor-align-center elementor-widget elementor-widget-button\" data-id=\"214913f\" data-element_type=\"widget\" data-widget_type=\"button.default\">\n\t\t\t\t<div class=\"elementor-widget-container\">\n\t\t\t\t\t\t\t\t\t<div class=\"elementor-button-wrapper\">\n\t\t\t\t\t<a class=\"elementor-button elementor-button-link elementor-size-sm elementor-animation-grow\" href=\"https:\/\/inkroomtattoo.com\/en\/kapcsolat\/\">\n\t\t\t\t\t\t<span class=\"elementor-button-content-wrapper\">\n\t\t\t\t\t\t\t\t\t<span class=\"elementor-button-text\">Contact<\/span>\n\t\t\t\t\t<\/span>\n\t\t\t\t\t<\/a>\n\t\t\t\t<\/div>\n\t\t\t\t\t\t\t\t<\/div>\n\t\t\t\t<\/div>\n\t\t\t\t\t<\/div>\n\t\t<\/div>\n\t\t\t\t\t<\/div>\n\t\t<\/section>\n\t\t\t\t<\/div>","protected":false},"excerpt":{"rendered":"<p>Hogyan k\u00e9sz\u00fclj, ha tetov\u00e1ltatni j\u00f6ssz? Fontos a tetov\u00e1land\u00f3 fel\u00fclet hidrat\u00e1l\u00e1sa, \u00edgy a j\u00f3 b\u0151rmin\u0151s\u00e9ggel megk\u00f6nny\u00edted \u00e9s felgyors\u00edtod a munkafolyamatot. Kr\u00e9mezd test\u00e1pol\u00f3val reggel \u00e9s este! Sz\u00e1raz b\u0151rre zs\u00edros kr\u00e9met, zs\u00edros b\u0151rre er\u0151sen hidrat\u00e1l\u00f3 kr\u00e9met szerezz be! V\u00e1lassz j\u00f3 min\u0151s\u00e9g\u0171t, a tetov\u00e1l\u00e1st a legy\u00f3gyul\u00e1s ut\u00e1n ezzel kell majd \u00e1polnod. Az id\u0151pont el\u0151tti 1-2 napban: pihend ki magad, [&hellip;]<\/p>","protected":false},"author":1,"featured_media":0,"parent":0,"menu_order":0,"comment_status":"closed","ping_status":"closed","template":"elementor_header_footer","meta":{"footnotes":""},"class_list":["post-383","page","type-page","status-publish","hentry"],"yoast_head":"<!-- This site is optimized with the Yoast SEO plugin v25.3 - https:\/\/yoast.com\/wordpress\/plugins\/seo\/ -->\n<title>Hogyan k\u00e9sz\u00fclj, ha tetov\u00e1ltatni j\u00f6ssz?<\/title>\n<meta name=\"description\" content=\"Hogyan k\u00e9sz\u00fclj, ha tetov\u00e1ltatni j\u00f6ssz? A tetov\u00e1l\u00e1s k\u00e9sz\u00edt\u00e9se nem t\u00fal kellemes beavatkoz\u00e1s. Mit tegy\u00e9l, hogy megk\u00f6nny\u00edtsd.\" \/>\n<meta name=\"robots\" content=\"index, follow, max-snippet:-1, max-image-preview:large, max-video-preview:-1\" \/>\n<link rel=\"canonical\" href=\"https:\/\/inkroomtattoo.com\/en\/hogyan-keszulj-fel-a-tetovalasra\/\" \/>\n<meta property=\"og:locale\" content=\"en_GB\" \/>\n<meta property=\"og:type\" content=\"article\" \/>\n<meta property=\"og:title\" content=\"Hogyan k\u00e9sz\u00fclj, ha tetov\u00e1ltatni j\u00f6ssz?\" \/>\n<meta property=\"og:description\" content=\"Hogyan k\u00e9sz\u00fclj, ha tetov\u00e1ltatni j\u00f6ssz? A tetov\u00e1l\u00e1s k\u00e9sz\u00edt\u00e9se nem t\u00fal kellemes beavatkoz\u00e1s. Mit tegy\u00e9l, hogy megk\u00f6nny\u00edtsd.\" \/>\n<meta property=\"og:url\" content=\"https:\/\/inkroomtattoo.com\/en\/hogyan-keszulj-fel-a-tetovalasra\/\" \/>\n<meta property=\"og:site_name\" content=\"InkRoomTattoo\" \/>\n<meta property=\"article:modified_time\" content=\"2025-04-23T16:06:49+00:00\" \/>\n<meta property=\"og:image\" content=\"https:\/\/inkroomtattoo.com\/wp-content\/uploads\/2020\/12\/studio_16-min-1-scaled.jpg\" \/>\n\t<meta property=\"og:image:width\" content=\"1920\" \/>\n\t<meta property=\"og:image:height\" content=\"2560\" \/>\n\t<meta property=\"og:image:type\" content=\"image\/jpeg\" \/>\n<meta name=\"twitter:card\" content=\"summary_large_image\" \/>\n<meta name=\"twitter:label1\" content=\"Estimated reading time\" \/>\n\t<meta name=\"twitter:data1\" content=\"2 minutes\" \/>\n<script type=\"application\/ld+json\" class=\"yoast-schema-graph\">{\"@context\":\"https:\/\/schema.org\",\"@graph\":[{\"@type\":\"WebPage\",\"@id\":\"https:\/\/inkroomtattoo.com\/hogyan-keszulj-fel-a-tetovalasra\/\",\"url\":\"https:\/\/inkroomtattoo.com\/hogyan-keszulj-fel-a-tetovalasra\/\",\"name\":\"Hogyan k\u00e9sz\u00fclj, ha tetov\u00e1ltatni j\u00f6ssz?\",\"isPartOf\":{\"@id\":\"https:\/\/inkroomtattoo.com\/#website\"},\"primaryImageOfPage\":{\"@id\":\"https:\/\/inkroomtattoo.com\/hogyan-keszulj-fel-a-tetovalasra\/#primaryimage\"},\"image\":{\"@id\":\"https:\/\/inkroomtattoo.com\/hogyan-keszulj-fel-a-tetovalasra\/#primaryimage\"},\"thumbnailUrl\":\"https:\/\/inkroomtattoo.com\/wp-content\/uploads\/2020\/12\/studio_16-min-1-768x1024.jpg\",\"datePublished\":\"2020-12-17T17:28:58+00:00\",\"dateModified\":\"2025-04-23T16:06:49+00:00\",\"description\":\"Hogyan k\u00e9sz\u00fclj, ha tetov\u00e1ltatni j\u00f6ssz? A tetov\u00e1l\u00e1s k\u00e9sz\u00edt\u00e9se nem t\u00fal kellemes beavatkoz\u00e1s. Mit tegy\u00e9l, hogy megk\u00f6nny\u00edtsd.\",\"breadcrumb\":{\"@id\":\"https:\/\/inkroomtattoo.com\/hogyan-keszulj-fel-a-tetovalasra\/#breadcrumb\"},\"inLanguage\":\"en-GB\",\"potentialAction\":[{\"@type\":\"ReadAction\",\"target\":[\"https:\/\/inkroomtattoo.com\/hogyan-keszulj-fel-a-tetovalasra\/\"]}]},{\"@type\":\"ImageObject\",\"inLanguage\":\"en-GB\",\"@id\":\"https:\/\/inkroomtattoo.com\/hogyan-keszulj-fel-a-tetovalasra\/#primaryimage\",\"url\":\"https:\/\/inkroomtattoo.com\/wp-content\/uploads\/2020\/12\/studio_16-min-1-768x1024.jpg\",\"contentUrl\":\"https:\/\/inkroomtattoo.com\/wp-content\/uploads\/2020\/12\/studio_16-min-1-768x1024.jpg\"},{\"@type\":\"BreadcrumbList\",\"@id\":\"https:\/\/inkroomtattoo.com\/hogyan-keszulj-fel-a-tetovalasra\/#breadcrumb\",\"itemListElement\":[{\"@type\":\"ListItem\",\"position\":1,\"name\":\"Kezd\u0151lap\",\"item\":\"https:\/\/inkroomtattoo.com\/\"},{\"@type\":\"ListItem\",\"position\":2,\"name\":\"Hogyan k\u00e9sz\u00fclj, ha tetov\u00e1ltatni j\u00f6ssz?\"}]},{\"@type\":\"WebSite\",\"@id\":\"https:\/\/inkroomtattoo.com\/#website\",\"url\":\"https:\/\/inkroomtattoo.com\/\",\"name\":\"InkRoomTattoo\",\"description\":\"Tattoo Budapest\",\"publisher\":{\"@id\":\"https:\/\/inkroomtattoo.com\/#organization\"},\"potentialAction\":[{\"@type\":\"SearchAction\",\"target\":{\"@type\":\"EntryPoint\",\"urlTemplate\":\"https:\/\/inkroomtattoo.com\/?s={search_term_string}\"},\"query-input\":{\"@type\":\"PropertyValueSpecification\",\"valueRequired\":true,\"valueName\":\"search_term_string\"}}],\"inLanguage\":\"en-GB\"},{\"@type\":\"Organization\",\"@id\":\"https:\/\/inkroomtattoo.com\/#organization\",\"name\":\"Inkroomtattoo\",\"url\":\"https:\/\/inkroomtattoo.com\/\",\"logo\":{\"@type\":\"ImageObject\",\"inLanguage\":\"en-GB\",\"@id\":\"https:\/\/inkroomtattoo.com\/#\/schema\/logo\/image\/\",\"url\":\"https:\/\/inkroomtattoo.com\/wp-content\/uploads\/2020\/12\/cropped-inkroom_logo_egysoros_BLACKnegyzet-01.png\",\"contentUrl\":\"https:\/\/inkroomtattoo.com\/wp-content\/uploads\/2020\/12\/cropped-inkroom_logo_egysoros_BLACKnegyzet-01.png\",\"width\":512,\"height\":512,\"caption\":\"Inkroomtattoo\"},\"image\":{\"@id\":\"https:\/\/inkroomtattoo.com\/#\/schema\/logo\/image\/\"}}]}<\/script>\n<!-- \/ Yoast SEO plugin. -->","yoast_head_json":{"title":"Hogyan k\u00e9sz\u00fclj, ha tetov\u00e1ltatni j\u00f6ssz?","description":"Hogyan k\u00e9sz\u00fclj, ha tetov\u00e1ltatni j\u00f6ssz? A tetov\u00e1l\u00e1s k\u00e9sz\u00edt\u00e9se nem t\u00fal kellemes beavatkoz\u00e1s. Mit tegy\u00e9l, hogy megk\u00f6nny\u00edtsd.","robots":{"index":"index","follow":"follow","max-snippet":"max-snippet:-1","max-image-preview":"max-image-preview:large","max-video-preview":"max-video-preview:-1"},"canonical":"https:\/\/inkroomtattoo.com\/en\/hogyan-keszulj-fel-a-tetovalasra\/","og_locale":"en_GB","og_type":"article","og_title":"Hogyan k\u00e9sz\u00fclj, ha tetov\u00e1ltatni j\u00f6ssz?","og_description":"Hogyan k\u00e9sz\u00fclj, ha tetov\u00e1ltatni j\u00f6ssz? A tetov\u00e1l\u00e1s k\u00e9sz\u00edt\u00e9se nem t\u00fal kellemes beavatkoz\u00e1s. Mit tegy\u00e9l, hogy megk\u00f6nny\u00edtsd.","og_url":"https:\/\/inkroomtattoo.com\/en\/hogyan-keszulj-fel-a-tetovalasra\/","og_site_name":"InkRoomTattoo","article_modified_time":"2025-04-23T16:06:49+00:00","og_image":[{"width":1920,"height":2560,"url":"https:\/\/inkroomtattoo.com\/wp-content\/uploads\/2020\/12\/studio_16-min-1-scaled.jpg","type":"image\/jpeg"}],"twitter_card":"summary_large_image","twitter_misc":{"Estimated reading time":"2 minutes"},"schema":{"@context":"https:\/\/schema.org","@graph":[{"@type":"WebPage","@id":"https:\/\/inkroomtattoo.com\/hogyan-keszulj-fel-a-tetovalasra\/","url":"https:\/\/inkroomtattoo.com\/hogyan-keszulj-fel-a-tetovalasra\/","name":"Hogyan k\u00e9sz\u00fclj, ha tetov\u00e1ltatni j\u00f6ssz?","isPartOf":{"@id":"https:\/\/inkroomtattoo.com\/#website"},"primaryImageOfPage":{"@id":"https:\/\/inkroomtattoo.com\/hogyan-keszulj-fel-a-tetovalasra\/#primaryimage"},"image":{"@id":"https:\/\/inkroomtattoo.com\/hogyan-keszulj-fel-a-tetovalasra\/#primaryimage"},"thumbnailUrl":"https:\/\/inkroomtattoo.com\/wp-content\/uploads\/2020\/12\/studio_16-min-1-768x1024.jpg","datePublished":"2020-12-17T17:28:58+00:00","dateModified":"2025-04-23T16:06:49+00:00","description":"Hogyan k\u00e9sz\u00fclj, ha tetov\u00e1ltatni j\u00f6ssz? A tetov\u00e1l\u00e1s k\u00e9sz\u00edt\u00e9se nem t\u00fal kellemes beavatkoz\u00e1s. Mit tegy\u00e9l, hogy megk\u00f6nny\u00edtsd.","breadcrumb":{"@id":"https:\/\/inkroomtattoo.com\/hogyan-keszulj-fel-a-tetovalasra\/#breadcrumb"},"inLanguage":"en-GB","potentialAction":[{"@type":"ReadAction","target":["https:\/\/inkroomtattoo.com\/hogyan-keszulj-fel-a-tetovalasra\/"]}]},{"@type":"ImageObject","inLanguage":"en-GB","@id":"https:\/\/inkroomtattoo.com\/hogyan-keszulj-fel-a-tetovalasra\/#primaryimage","url":"https:\/\/inkroomtattoo.com\/wp-content\/uploads\/2020\/12\/studio_16-min-1-768x1024.jpg","contentUrl":"https:\/\/inkroomtattoo.com\/wp-content\/uploads\/2020\/12\/studio_16-min-1-768x1024.jpg"},{"@type":"BreadcrumbList","@id":"https:\/\/inkroomtattoo.com\/hogyan-keszulj-fel-a-tetovalasra\/#breadcrumb","itemListElement":[{"@type":"ListItem","position":1,"name":"Kezd\u0151lap","item":"https:\/\/inkroomtattoo.com\/"},{"@type":"ListItem","position":2,"name":"Hogyan k\u00e9sz\u00fclj, ha tetov\u00e1ltatni j\u00f6ssz?"}]},{"@type":"WebSite","@id":"https:\/\/inkroomtattoo.com\/#website","url":"https:\/\/inkroomtattoo.com\/","name":"InkRoomTattoo","description":"Tattoo Budapest","publisher":{"@id":"https:\/\/inkroomtattoo.com\/#organization"},"potentialAction":[{"@type":"SearchAction","target":{"@type":"EntryPoint","urlTemplate":"https:\/\/inkroomtattoo.com\/?s={search_term_string}"},"query-input":{"@type":"PropertyValueSpecification","valueRequired":true,"valueName":"search_term_string"}}],"inLanguage":"en-GB"},{"@type":"Organization","@id":"https:\/\/inkroomtattoo.com\/#organization","name":"Inkroomtattoo","url":"https:\/\/inkroomtattoo.com\/","logo":{"@type":"ImageObject","inLanguage":"en-GB","@id":"https:\/\/inkroomtattoo.com\/#\/schema\/logo\/image\/","url":"https:\/\/inkroomtattoo.com\/wp-content\/uploads\/2020\/12\/cropped-inkroom_logo_egysoros_BLACKnegyzet-01.png","contentUrl":"https:\/\/inkroomtattoo.com\/wp-content\/uploads\/2020\/12\/cropped-inkroom_logo_egysoros_BLACKnegyzet-01.png","width":512,"height":512,"caption":"Inkroomtattoo"},"image":{"@id":"https:\/\/inkroomtattoo.com\/#\/schema\/logo\/image\/"}}]}},"_links":{"self":[{"href":"https:\/\/inkroomtattoo.com\/en\/wp-json\/wp\/v2\/pages\/383","targetHints":{"allow":["GET"]}}],"collection":[{"href":"https:\/\/inkroomtattoo.com\/en\/wp-json\/wp\/v2\/pages"}],"about":[{"href":"https:\/\/inkroomtattoo.com\/en\/wp-json\/wp\/v2\/types\/page"}],"author":[{"embeddable":true,"href":"https:\/\/inkroomtattoo.com\/en\/wp-json\/wp\/v2\/users\/1"}],"replies":[{"embeddable":true,"href":"https:\/\/inkroomtattoo.com\/en\/wp-json\/wp\/v2\/comments?post=383"}],"version-history":[{"count":30,"href":"https:\/\/inkroomtattoo.com\/en\/wp-json\/wp\/v2\/pages\/383\/revisions"}],"predecessor-version":[{"id":1627,"href":"https:\/\/inkroomtattoo.com\/en\/wp-json\/wp\/v2\/pages\/383\/revisions\/1627"}],"wp:attachment":[{"href":"https:\/\/inkroomtattoo.com\/en\/wp-json\/wp\/v2\/media?parent=383"}],"curies":[{"name":"wp","href":"https:\/\/api.w.org\/{rel}","templated":true}]}}