{"id":2479,"date":"2026-03-19T22:55:00","date_gmt":"2026-03-19T20:55:00","guid":{"rendered":"https:\/\/inkroomtattoo.com\/?page_id=2479"},"modified":"2026-03-19T23:08:56","modified_gmt":"2026-03-19T21:08:56","slug":"ad-landing-2","status":"publish","type":"page","link":"https:\/\/inkroomtattoo.com\/en\/ad-landing-2\/","title":{"rendered":"ad landing 2"},"content":{"rendered":"<div data-elementor-type=\"wp-page\" data-elementor-id=\"2479\" class=\"elementor elementor-2479\" data-elementor-post-type=\"page\">\n\t\t\t\t\t\t<section class=\"elementor-section elementor-top-section elementor-element elementor-element-e16399e elementor-section-full_width elementor-section-height-default elementor-section-height-default\" data-id=\"e16399e\" data-element_type=\"section\" data-settings=\"{&quot;background_background&quot;:&quot;video&quot;,&quot;background_video_link&quot;:&quot;https:\\\/\\\/inkroomtattoo.com\\\/wp-content\\\/uploads\\\/2026\\\/03\\\/28d76613-3c49-470a-af25-b7a83d9caf8c.mp4&quot;,&quot;background_play_on_mobile&quot;:&quot;yes&quot;}\">\n\t\t\t\t\t\t\t\t<div class=\"elementor-background-video-container\">\n\t\t\t\t\t\t\t\t\t\t\t\t\t<video class=\"elementor-background-video-hosted\" autoplay muted playsinline loop><\/video>\n\t\t\t\t\t\t\t\t\t\t\t<\/div>\n\t\t\t\t\t\t\t\t\t<div class=\"elementor-background-overlay\"><\/div>\n\t\t\t\t\t\t\t<div class=\"elementor-container elementor-column-gap-default\">\n\t\t\t\t\t<div class=\"elementor-column elementor-col-100 elementor-top-column elementor-element elementor-element-ea70be6\" data-id=\"ea70be6\" data-element_type=\"column\" data-settings=\"{&quot;background_background&quot;:&quot;classic&quot;}\">\n\t\t\t<div class=\"elementor-widget-wrap elementor-element-populated\">\n\t\t\t\t\t\t<div class=\"elementor-element elementor-element-9b14974 elementor-widget elementor-widget-html\" data-id=\"9b14974\" data-element_type=\"widget\" data-widget_type=\"html.default\">\n\t\t\t\t<div class=\"elementor-widget-container\">\n\t\t\t\t\t<style>\r\n\/* ====================================== *\/\r\n\/* Mini Banner Szekci\u00f3 - \u00c1tl\u00e1tsz\u00f3 h\u00e1tt\u00e9r, nagy nevek *\/\r\n\/* ====================================== *\/\r\n\r\n\/* Box-sizing mindenre *\/\r\n*, *::before, *::after {\r\n    box-sizing: border-box;\r\n}\r\n\r\n\/* Banner szekci\u00f3 *\/\r\n.artists-banner {\r\n    padding: 1rem 0;\r\n    display: flex;\r\n    justify-content: center;\r\n    align-items: center;\r\n    gap: 1rem;\r\n    overflow-x: auto; \/* mobilon scroll ha t\u00f6bb k\u00e9p *\/\r\n    background: transparent; \/* teljesen \u00e1tl\u00e1tsz\u00f3 *\/\r\n}\r\n\r\n\/* K\u00e1rtya mini verzi\u00f3 *\/\r\n.artist-mini-card {\r\n    flex: 0 0 auto; \/* fix m\u00e9ret scrollhoz *\/\r\n    width: 120px;\r\n    text-align: center;\r\n    color: #fff;\r\n    font-family: 'Bebas Neue', sans-serif;\r\n}\r\n\r\n.artist-mini-card img {\r\n    width: 100%;\r\n    height: auto;\r\n    object-fit: cover;\r\n    border: 2px solid #8b0000;\r\n    border-radius: 6px;\r\n}\r\n\r\n\/* N\u00e9v nagyobb, j\u00f3l olvashat\u00f3 *\/\r\n.artist-mini-name {\r\n    font-size: 1.1rem;\r\n    margin-top: 0.4rem;\r\n    display: block;\r\n    color: #fff;\r\n    text-shadow: 1px 1px 3px rgba(0,0,0,0.7); \/* h\u00e1tt\u00e9r mellett j\u00f3l l\u00e1tszik *\/\r\n    letter-spacing: 1px;\r\n}\r\n\r\n\/* Mobil optimaliz\u00e1l\u00e1s *\/\r\n@media (max-width: 600px) {\r\n    .artist-mini-card {\r\n        width: 90px;\r\n    }\r\n\r\n    .artist-mini-name {\r\n        font-size: 0.95rem;\r\n    }\r\n}\r\n<\/style>\r\n\r\n<section class=\"artists-banner\">\r\n    <div class=\"artist-mini-card\">\r\n        <img decoding=\"async\" src=\"https:\/\/inkroomtattoo.com\/wp-content\/uploads\/2020\/11\/optin-borifalvay-tattoo-1365x1200-1.jpg\" alt=\"Falvay Bori\">\r\n        <span class=\"artist-mini-name\">FALVAY BORI<\/span>\r\n    <\/div>\r\n    <div class=\"artist-mini-card\">\r\n        <img decoding=\"async\" src=\"https:\/\/inkroomtattoo.com\/wp-content\/uploads\/2020\/11\/optin-Teglart1-1365x1200-1.jpg\" alt=\"T\u00e9gl\u00e1s Attila\">\r\n        <span class=\"artist-mini-name\">T\u00c9GL\u00c1S ATTILA<\/span>\r\n    <\/div>\r\n<\/section>\t\t\t\t<\/div>\n\t\t\t\t<\/div>\n\t\t\t\t<div class=\"elementor-element elementor-element-1b25d42 elementor-widget-divider--view-line elementor-widget elementor-widget-divider\" data-id=\"1b25d42\" data-element_type=\"widget\" data-widget_type=\"divider.default\">\n\t\t\t\t<div class=\"elementor-widget-container\">\n\t\t\t\t\t\t\t<div class=\"elementor-divider\">\n\t\t\t<span class=\"elementor-divider-separator\">\n\t\t\t\t\t\t<\/span>\n\t\t<\/div>\n\t\t\t\t\t\t<\/div>\n\t\t\t\t<\/div>\n\t\t\t\t<div class=\"elementor-element elementor-element-b52e75f elementor-widget-divider--view-line elementor-widget elementor-widget-divider\" data-id=\"b52e75f\" data-element_type=\"widget\" data-widget_type=\"divider.default\">\n\t\t\t\t<div class=\"elementor-widget-container\">\n\t\t\t\t\t\t\t<div class=\"elementor-divider\">\n\t\t\t<span class=\"elementor-divider-separator\">\n\t\t\t\t\t\t<\/span>\n\t\t<\/div>\n\t\t\t\t\t\t<\/div>\n\t\t\t\t<\/div>\n\t\t\t\t<div class=\"elementor-element elementor-element-e322749 elementor-widget-divider--view-line elementor-widget elementor-widget-divider\" data-id=\"e322749\" data-element_type=\"widget\" data-widget_type=\"divider.default\">\n\t\t\t\t<div class=\"elementor-widget-container\">\n\t\t\t\t\t\t\t<div class=\"elementor-divider\">\n\t\t\t<span class=\"elementor-divider-separator\">\n\t\t\t\t\t\t<\/span>\n\t\t<\/div>\n\t\t\t\t\t\t<\/div>\n\t\t\t\t<\/div>\n\t\t\t\t<div class=\"elementor-element elementor-element-1a5e241 elementor-widget-divider--view-line elementor-widget elementor-widget-divider\" data-id=\"1a5e241\" data-element_type=\"widget\" data-widget_type=\"divider.default\">\n\t\t\t\t<div class=\"elementor-widget-container\">\n\t\t\t\t\t\t\t<div class=\"elementor-divider\">\n\t\t\t<span class=\"elementor-divider-separator\">\n\t\t\t\t\t\t<\/span>\n\t\t<\/div>\n\t\t\t\t\t\t<\/div>\n\t\t\t\t<\/div>\n\t\t\t\t<div class=\"elementor-element elementor-element-42d9d5b elementor-mobile-align-center elementor-widget elementor-widget-button\" data-id=\"42d9d5b\" data-element_type=\"widget\" data-widget_type=\"button.default\">\n\t\t\t\t<div class=\"elementor-widget-container\">\n\t\t\t\t\t\t\t\t\t<div class=\"elementor-button-wrapper\">\n\t\t\t\t\t<a class=\"elementor-button elementor-button-link elementor-size-sm\" href=\"#\">\n\t\t\t\t\t\t<span class=\"elementor-button-content-wrapper\">\n\t\t\t\t\t\t\t\t\t<span class=\"elementor-button-text\">Request a quote<\/span>\n\t\t\t\t\t<\/span>\n\t\t\t\t\t<\/a>\n\t\t\t\t<\/div>\n\t\t\t\t\t\t\t\t<\/div>\n\t\t\t\t<\/div>\n\t\t\t\t<div class=\"elementor-element elementor-element-7b1328c elementor-widget-divider--view-line elementor-widget elementor-widget-divider\" data-id=\"7b1328c\" data-element_type=\"widget\" data-widget_type=\"divider.default\">\n\t\t\t\t<div class=\"elementor-widget-container\">\n\t\t\t\t\t\t\t<div class=\"elementor-divider\">\n\t\t\t<span class=\"elementor-divider-separator\">\n\t\t\t\t\t\t<\/span>\n\t\t<\/div>\n\t\t\t\t\t\t<\/div>\n\t\t\t\t<\/div>\n\t\t\t\t<div class=\"elementor-element elementor-element-c871449 elementor-widget-divider--view-line elementor-widget elementor-widget-divider\" data-id=\"c871449\" data-element_type=\"widget\" data-widget_type=\"divider.default\">\n\t\t\t\t<div class=\"elementor-widget-container\">\n\t\t\t\t\t\t\t<div class=\"elementor-divider\">\n\t\t\t<span class=\"elementor-divider-separator\">\n\t\t\t\t\t\t<\/span>\n\t\t<\/div>\n\t\t\t\t\t\t<\/div>\n\t\t\t\t<\/div>\n\t\t\t\t\t<\/div>\n\t\t<\/div>\n\t\t\t\t\t<\/div>\n\t\t<\/section>\n\t\t\t\t<\/div>","protected":false},"excerpt":{"rendered":"<p>FALVAY BORI T\u00c9GL\u00c1S ATTILA Aj\u00e1nlatk\u00e9r\u00e9s<\/p>","protected":false},"author":6,"featured_media":0,"parent":0,"menu_order":0,"comment_status":"closed","ping_status":"closed","template":"","meta":{"footnotes":""},"class_list":["post-2479","page","type-page","status-publish","hentry"],"yoast_head":"<!-- This site is optimized with the Yoast SEO plugin v25.3 - https:\/\/yoast.com\/wordpress\/plugins\/seo\/ -->\n<title>ad landing 2 - InkRoomTattoo<\/title>\n<meta name=\"robots\" content=\"index, follow, max-snippet:-1, max-image-preview:large, max-video-preview:-1\" \/>\n<link rel=\"canonical\" href=\"https:\/\/inkroomtattoo.com\/en\/ad-landing-2\/\" \/>\n<meta property=\"og:locale\" content=\"en_GB\" \/>\n<meta property=\"og:type\" content=\"article\" \/>\n<meta property=\"og:title\" content=\"ad landing 2 - InkRoomTattoo\" \/>\n<meta property=\"og:description\" content=\"FALVAY BORI T\u00c9GL\u00c1S ATTILA Aj\u00e1nlatk\u00e9r\u00e9s\" \/>\n<meta property=\"og:url\" content=\"https:\/\/inkroomtattoo.com\/en\/ad-landing-2\/\" \/>\n<meta property=\"og:site_name\" content=\"InkRoomTattoo\" \/>\n<meta property=\"article:modified_time\" content=\"2026-03-19T21:08:56+00:00\" \/>\n<meta property=\"og:image\" content=\"https:\/\/inkroomtattoo.com\/wp-content\/uploads\/2020\/11\/optin-borifalvay-tattoo-1365x1200-1.jpg\" \/>\n<meta name=\"twitter:card\" content=\"summary_large_image\" \/>\n<meta name=\"twitter:label1\" content=\"Estimated reading time\" \/>\n\t<meta name=\"twitter:data1\" content=\"1 minute\" \/>\n<script type=\"application\/ld+json\" class=\"yoast-schema-graph\">{\"@context\":\"https:\/\/schema.org\",\"@graph\":[{\"@type\":\"WebPage\",\"@id\":\"https:\/\/inkroomtattoo.com\/ad-landing-2\/\",\"url\":\"https:\/\/inkroomtattoo.com\/ad-landing-2\/\",\"name\":\"ad landing 2 - InkRoomTattoo\",\"isPartOf\":{\"@id\":\"https:\/\/inkroomtattoo.com\/#website\"},\"primaryImageOfPage\":{\"@id\":\"https:\/\/inkroomtattoo.com\/ad-landing-2\/#primaryimage\"},\"image\":{\"@id\":\"https:\/\/inkroomtattoo.com\/ad-landing-2\/#primaryimage\"},\"thumbnailUrl\":\"https:\/\/inkroomtattoo.com\/wp-content\/uploads\/2020\/11\/optin-borifalvay-tattoo-1365x1200-1.jpg\",\"datePublished\":\"2026-03-19T20:55:00+00:00\",\"dateModified\":\"2026-03-19T21:08:56+00:00\",\"breadcrumb\":{\"@id\":\"https:\/\/inkroomtattoo.com\/ad-landing-2\/#breadcrumb\"},\"inLanguage\":\"en-GB\",\"potentialAction\":[{\"@type\":\"ReadAction\",\"target\":[\"https:\/\/inkroomtattoo.com\/ad-landing-2\/\"]}]},{\"@type\":\"ImageObject\",\"inLanguage\":\"en-GB\",\"@id\":\"https:\/\/inkroomtattoo.com\/ad-landing-2\/#primaryimage\",\"url\":\"https:\/\/inkroomtattoo.com\/wp-content\/uploads\/2020\/11\/optin-borifalvay-tattoo-1365x1200-1.jpg\",\"contentUrl\":\"https:\/\/inkroomtattoo.com\/wp-content\/uploads\/2020\/11\/optin-borifalvay-tattoo-1365x1200-1.jpg\"},{\"@type\":\"BreadcrumbList\",\"@id\":\"https:\/\/inkroomtattoo.com\/ad-landing-2\/#breadcrumb\",\"itemListElement\":[{\"@type\":\"ListItem\",\"position\":1,\"name\":\"Kezd\u0151lap\",\"item\":\"https:\/\/inkroomtattoo.com\/\"},{\"@type\":\"ListItem\",\"position\":2,\"name\":\"ad landing 2\"}]},{\"@type\":\"WebSite\",\"@id\":\"https:\/\/inkroomtattoo.com\/#website\",\"url\":\"https:\/\/inkroomtattoo.com\/\",\"name\":\"InkRoomTattoo\",\"description\":\"Tattoo Budapest\",\"publisher\":{\"@id\":\"https:\/\/inkroomtattoo.com\/#organization\"},\"potentialAction\":[{\"@type\":\"SearchAction\",\"target\":{\"@type\":\"EntryPoint\",\"urlTemplate\":\"https:\/\/inkroomtattoo.com\/?s={search_term_string}\"},\"query-input\":{\"@type\":\"PropertyValueSpecification\",\"valueRequired\":true,\"valueName\":\"search_term_string\"}}],\"inLanguage\":\"en-GB\"},{\"@type\":\"Organization\",\"@id\":\"https:\/\/inkroomtattoo.com\/#organization\",\"name\":\"Inkroomtattoo\",\"url\":\"https:\/\/inkroomtattoo.com\/\",\"logo\":{\"@type\":\"ImageObject\",\"inLanguage\":\"en-GB\",\"@id\":\"https:\/\/inkroomtattoo.com\/#\/schema\/logo\/image\/\",\"url\":\"https:\/\/inkroomtattoo.com\/wp-content\/uploads\/2020\/12\/cropped-inkroom_logo_egysoros_BLACKnegyzet-01.png\",\"contentUrl\":\"https:\/\/inkroomtattoo.com\/wp-content\/uploads\/2020\/12\/cropped-inkroom_logo_egysoros_BLACKnegyzet-01.png\",\"width\":512,\"height\":512,\"caption\":\"Inkroomtattoo\"},\"image\":{\"@id\":\"https:\/\/inkroomtattoo.com\/#\/schema\/logo\/image\/\"}}]}<\/script>\n<!-- \/ Yoast SEO plugin. -->","yoast_head_json":{"title":"ad landing 2 - InkRoomTattoo","robots":{"index":"index","follow":"follow","max-snippet":"max-snippet:-1","max-image-preview":"max-image-preview:large","max-video-preview":"max-video-preview:-1"},"canonical":"https:\/\/inkroomtattoo.com\/en\/ad-landing-2\/","og_locale":"en_GB","og_type":"article","og_title":"ad landing 2 - InkRoomTattoo","og_description":"FALVAY BORI T\u00c9GL\u00c1S ATTILA Aj\u00e1nlatk\u00e9r\u00e9s","og_url":"https:\/\/inkroomtattoo.com\/en\/ad-landing-2\/","og_site_name":"InkRoomTattoo","article_modified_time":"2026-03-19T21:08:56+00:00","og_image":[{"url":"https:\/\/inkroomtattoo.com\/wp-content\/uploads\/2020\/11\/optin-borifalvay-tattoo-1365x1200-1.jpg","type":"","width":"","height":""}],"twitter_card":"summary_large_image","twitter_misc":{"Estimated reading time":"1 minute"},"schema":{"@context":"https:\/\/schema.org","@graph":[{"@type":"WebPage","@id":"https:\/\/inkroomtattoo.com\/ad-landing-2\/","url":"https:\/\/inkroomtattoo.com\/ad-landing-2\/","name":"ad landing 2 - InkRoomTattoo","isPartOf":{"@id":"https:\/\/inkroomtattoo.com\/#website"},"primaryImageOfPage":{"@id":"https:\/\/inkroomtattoo.com\/ad-landing-2\/#primaryimage"},"image":{"@id":"https:\/\/inkroomtattoo.com\/ad-landing-2\/#primaryimage"},"thumbnailUrl":"https:\/\/inkroomtattoo.com\/wp-content\/uploads\/2020\/11\/optin-borifalvay-tattoo-1365x1200-1.jpg","datePublished":"2026-03-19T20:55:00+00:00","dateModified":"2026-03-19T21:08:56+00:00","breadcrumb":{"@id":"https:\/\/inkroomtattoo.com\/ad-landing-2\/#breadcrumb"},"inLanguage":"en-GB","potentialAction":[{"@type":"ReadAction","target":["https:\/\/inkroomtattoo.com\/ad-landing-2\/"]}]},{"@type":"ImageObject","inLanguage":"en-GB","@id":"https:\/\/inkroomtattoo.com\/ad-landing-2\/#primaryimage","url":"https:\/\/inkroomtattoo.com\/wp-content\/uploads\/2020\/11\/optin-borifalvay-tattoo-1365x1200-1.jpg","contentUrl":"https:\/\/inkroomtattoo.com\/wp-content\/uploads\/2020\/11\/optin-borifalvay-tattoo-1365x1200-1.jpg"},{"@type":"BreadcrumbList","@id":"https:\/\/inkroomtattoo.com\/ad-landing-2\/#breadcrumb","itemListElement":[{"@type":"ListItem","position":1,"name":"Kezd\u0151lap","item":"https:\/\/inkroomtattoo.com\/"},{"@type":"ListItem","position":2,"name":"ad landing 2"}]},{"@type":"WebSite","@id":"https:\/\/inkroomtattoo.com\/#website","url":"https:\/\/inkroomtattoo.com\/","name":"InkRoomTattoo","description":"Tattoo Budapest","publisher":{"@id":"https:\/\/inkroomtattoo.com\/#organization"},"potentialAction":[{"@type":"SearchAction","target":{"@type":"EntryPoint","urlTemplate":"https:\/\/inkroomtattoo.com\/?s={search_term_string}"},"query-input":{"@type":"PropertyValueSpecification","valueRequired":true,"valueName":"search_term_string"}}],"inLanguage":"en-GB"},{"@type":"Organization","@id":"https:\/\/inkroomtattoo.com\/#organization","name":"Inkroomtattoo","url":"https:\/\/inkroomtattoo.com\/","logo":{"@type":"ImageObject","inLanguage":"en-GB","@id":"https:\/\/inkroomtattoo.com\/#\/schema\/logo\/image\/","url":"https:\/\/inkroomtattoo.com\/wp-content\/uploads\/2020\/12\/cropped-inkroom_logo_egysoros_BLACKnegyzet-01.png","contentUrl":"https:\/\/inkroomtattoo.com\/wp-content\/uploads\/2020\/12\/cropped-inkroom_logo_egysoros_BLACKnegyzet-01.png","width":512,"height":512,"caption":"Inkroomtattoo"},"image":{"@id":"https:\/\/inkroomtattoo.com\/#\/schema\/logo\/image\/"}}]}},"_links":{"self":[{"href":"https:\/\/inkroomtattoo.com\/en\/wp-json\/wp\/v2\/pages\/2479","targetHints":{"allow":["GET"]}}],"collection":[{"href":"https:\/\/inkroomtattoo.com\/en\/wp-json\/wp\/v2\/pages"}],"about":[{"href":"https:\/\/inkroomtattoo.com\/en\/wp-json\/wp\/v2\/types\/page"}],"author":[{"embeddable":true,"href":"https:\/\/inkroomtattoo.com\/en\/wp-json\/wp\/v2\/users\/6"}],"replies":[{"embeddable":true,"href":"https:\/\/inkroomtattoo.com\/en\/wp-json\/wp\/v2\/comments?post=2479"}],"version-history":[{"count":22,"href":"https:\/\/inkroomtattoo.com\/en\/wp-json\/wp\/v2\/pages\/2479\/revisions"}],"predecessor-version":[{"id":2503,"href":"https:\/\/inkroomtattoo.com\/en\/wp-json\/wp\/v2\/pages\/2479\/revisions\/2503"}],"wp:attachment":[{"href":"https:\/\/inkroomtattoo.com\/en\/wp-json\/wp\/v2\/media?parent=2479"}],"curies":[{"name":"wp","href":"https:\/\/api.w.org\/{rel}","templated":true}]}}