{"id":19,"date":"2020-11-24T11:04:32","date_gmt":"2020-11-24T09:04:32","guid":{"rendered":"https:\/\/inkroomtattoo.com\/?page_id=19"},"modified":"2025-07-29T11:39:03","modified_gmt":"2025-07-29T08:39:03","slug":"kapcsolat","status":"publish","type":"page","link":"https:\/\/inkroomtattoo.com\/en\/kapcsolat\/","title":{"rendered":"Contact"},"content":{"rendered":"<div data-elementor-type=\"wp-page\" data-elementor-id=\"19\" class=\"elementor elementor-19\" data-elementor-post-type=\"page\">\n\t\t\t\t\t\t<section class=\"elementor-section elementor-top-section elementor-element elementor-element-1eb206d elementor-section-height-min-height elementor-section-boxed elementor-section-height-default elementor-section-items-middle\" data-id=\"1eb206d\" data-element_type=\"section\">\n\t\t\t\t\t\t<div class=\"elementor-container elementor-column-gap-default\">\n\t\t\t\t\t<div class=\"elementor-column elementor-col-100 elementor-top-column elementor-element elementor-element-b952304\" data-id=\"b952304\" data-element_type=\"column\">\n\t\t\t<div class=\"elementor-widget-wrap elementor-element-populated\">\n\t\t\t\t\t\t<div class=\"elementor-element elementor-element-4c0735d dupla-shadow elementor-invisible elementor-widget elementor-widget-heading\" data-id=\"4c0735d\" data-element_type=\"widget\" data-settings=\"{&quot;_animation&quot;:&quot;slideInRight&quot;}\" data-widget_type=\"heading.default\">\n\t\t\t\t<div class=\"elementor-widget-container\">\n\t\t\t\t\t<h4 class=\"elementor-heading-title elementor-size-default\">Contact<\/h4>\t\t\t\t<\/div>\n\t\t\t\t<\/div>\n\t\t\t\t<div class=\"elementor-element elementor-element-5496dd4 elementor-widget-divider--view-line elementor-invisible elementor-widget elementor-widget-divider\" data-id=\"5496dd4\" data-element_type=\"widget\" data-settings=\"{&quot;_animation&quot;:&quot;slideInRight&quot;,&quot;_animation_delay&quot;:500}\" data-widget_type=\"divider.default\">\n\t\t\t\t<div class=\"elementor-widget-container\">\n\t\t\t\t\t\t\t<div class=\"elementor-divider\">\n\t\t\t<span class=\"elementor-divider-separator\">\n\t\t\t\t\t\t<\/span>\n\t\t<\/div>\n\t\t\t\t\t\t<\/div>\n\t\t\t\t<\/div>\n\t\t\t\t\t<\/div>\n\t\t<\/div>\n\t\t\t\t\t<\/div>\n\t\t<\/section>\n\t\t\t\t<section class=\"elementor-section elementor-top-section elementor-element elementor-element-98b744e elementor-section-boxed elementor-section-height-default elementor-section-height-default elementor-invisible\" data-id=\"98b744e\" data-element_type=\"section\" data-settings=\"{&quot;animation&quot;:&quot;slideInUp&quot;}\">\n\t\t\t\t\t\t<div class=\"elementor-container elementor-column-gap-default\">\n\t\t\t\t\t<div class=\"elementor-column elementor-col-100 elementor-top-column elementor-element elementor-element-a7f3bce\" data-id=\"a7f3bce\" data-element_type=\"column\">\n\t\t\t<div class=\"elementor-widget-wrap elementor-element-populated\">\n\t\t\t\t\t\t<section class=\"elementor-section elementor-inner-section elementor-element elementor-element-96effc1 elementor-section-boxed elementor-section-height-default elementor-section-height-default\" data-id=\"96effc1\" data-element_type=\"section\">\n\t\t\t\t\t\t<div class=\"elementor-container elementor-column-gap-default\">\n\t\t\t\t\t<div class=\"elementor-column elementor-col-50 elementor-inner-column elementor-element elementor-element-6c17dec\" data-id=\"6c17dec\" data-element_type=\"column\">\n\t\t\t<div class=\"elementor-widget-wrap elementor-element-populated\">\n\t\t\t\t\t\t<div class=\"elementor-element elementor-element-c4fa0e7 elementor-widget elementor-widget-text-editor\" data-id=\"c4fa0e7\" data-element_type=\"widget\" data-widget_type=\"text-editor.default\">\n\t\t\t\t<div class=\"elementor-widget-container\">\n\t\t\t\t\t\t\t\t\t<p><strong>Our address:<br \/><\/strong>Budapest, 1056 M\u00e1rcius 15. Square 2,<br \/>just a few steps from V\u00e1ci street.<\/p><p><strong>Nyitvatart\u00e1s:<\/strong><br \/>Mon-Fri 10:00-17:00, Sat-Sun Closed<\/p><p><strong>Phone:<br \/><\/strong><a href=\"tel:+36309143215\">+3630-914-3215<\/a><\/p><p><strong>Email:<br \/><\/strong><span style=\"color: #00ffff;\"><a style=\"color: #00ffff;\" href=\"mailto:info@inkroomtattoo.com\" target=\"_blank\" rel=\"noopener\">info@inkroomtattoo.com<\/a>\u00a0<\/span><\/p>\t\t\t\t\t\t\t\t<\/div>\n\t\t\t\t<\/div>\n\t\t\t\t\t<\/div>\n\t\t<\/div>\n\t\t\t\t<div class=\"elementor-column elementor-col-50 elementor-inner-column elementor-element elementor-element-ddb12ee\" data-id=\"ddb12ee\" data-element_type=\"column\">\n\t\t\t<div class=\"elementor-widget-wrap elementor-element-populated\">\n\t\t\t\t\t\t<div class=\"elementor-element elementor-element-1d600e0 elementor-widget elementor-widget-html\" data-id=\"1d600e0\" data-element_type=\"widget\" data-widget_type=\"html.default\">\n\t\t\t\t<div class=\"elementor-widget-container\">\n\t\t\t\t\t<iframe src=\"https:\/\/www.google.com\/maps\/embed?pb=!1m18!1m12!1m3!1d57976.22577580691!2d19.044841236358792!3d47.50862450090663!2m3!1f0!2f0!3f0!3m2!1i1024!2i768!4f13.1!3m3!1m2!1s0x0%3A0x89d4ce49a311276d!2sInkRoom%20Tattoo%20Budapest!5e0!3m2!1shu!2shu!4v1611839070902!5m2!1shu!2shu\" width=\"400\" height=\"300\" frameborder=\"0\" style=\"border:0;\" allowfullscreen=\"\" aria-hidden=\"false\" tabindex=\"0\"><\/iframe>\t\t\t\t<\/div>\n\t\t\t\t<\/div>\n\t\t\t\t\t<\/div>\n\t\t<\/div>\n\t\t\t\t\t<\/div>\n\t\t<\/section>\n\t\t\t\t<section class=\"elementor-section elementor-inner-section elementor-element elementor-element-a00d81d elementor-section-boxed elementor-section-height-default elementor-section-height-default\" data-id=\"a00d81d\" data-element_type=\"section\" data-settings=\"{&quot;motion_fx_motion_fx_scrolling&quot;:&quot;yes&quot;,&quot;motion_fx_opacity_effect&quot;:&quot;yes&quot;,&quot;motion_fx_opacity_range&quot;:{&quot;unit&quot;:&quot;%&quot;,&quot;size&quot;:&quot;&quot;,&quot;sizes&quot;:{&quot;start&quot;:0,&quot;end&quot;:50}},&quot;motion_fx_opacity_direction&quot;:&quot;out-in&quot;,&quot;motion_fx_opacity_level&quot;:{&quot;unit&quot;:&quot;px&quot;,&quot;size&quot;:10,&quot;sizes&quot;:[]},&quot;motion_fx_devices&quot;:[&quot;desktop&quot;,&quot;tablet&quot;,&quot;mobile&quot;]}\">\n\t\t\t\t\t\t<div class=\"elementor-container elementor-column-gap-default\">\n\t\t\t\t\t<div class=\"elementor-column elementor-col-50 elementor-inner-column elementor-element elementor-element-31a4160\" data-id=\"31a4160\" data-element_type=\"column\">\n\t\t\t<div class=\"elementor-widget-wrap elementor-element-populated\">\n\t\t\t\t\t\t<div class=\"elementor-element elementor-element-7d0d9bd elementor-cta--skin-cover elementor-cta--valign-middle elementor-animated-content elementor-bg-transform elementor-bg-transform-zoom-in elementor-widget elementor-widget-call-to-action\" data-id=\"7d0d9bd\" data-element_type=\"widget\" data-widget_type=\"call-to-action.default\">\n\t\t\t\t<div class=\"elementor-widget-container\">\n\t\t\t\t\t\t\t<div class=\"elementor-cta\">\n\t\t\t\t\t<div class=\"elementor-cta__bg-wrapper\">\n\t\t\t\t<div class=\"elementor-cta__bg elementor-bg\" style=\"background-image: url(https:\/\/inkroomtattoo.com\/wp-content\/uploads\/2020\/11\/optin-borifalvay-tattoo-1365x1200-1-1024x1024.jpg);\" role=\"img\" aria-label=\"Falvay Bori tattoo Tattoo Budapest - Inkroom tattoo\"><\/div>\n\t\t\t\t<div class=\"elementor-cta__bg-overlay\"><\/div>\n\t\t\t<\/div>\n\t\t\t\t\t\t\t<div class=\"elementor-cta__content\">\n\t\t\t\t\n\t\t\t\t\t\t\t\t\t<h4 class=\"elementor-cta__title elementor-cta__content-item elementor-content-item elementor-animated-item--grow\">\n\t\t\t\t\t\tBori Falvay\t\t\t\t\t<\/h4>\n\t\t\t\t\n\t\t\t\t\t\t\t\t\t<div class=\"elementor-cta__description elementor-cta__content-item elementor-content-item elementor-animated-item--grow\">\n\t\t\t\t\t\tPhone:<br> +3630-294-8575<br>\nEmail:<br> falvayborbala@gmail.com\n\t\t\t\t\t<\/div>\n\t\t\t\t\n\t\t\t\t\t\t\t\t\t<div class=\"elementor-cta__button-wrapper elementor-cta__content-item elementor-content-item elementor-animated-item--grow\">\n\t\t\t\t\t<a class=\"elementor-cta__button elementor-button elementor-size-\" href=\"mailto:falvayborbala@gmail.com\">\n\t\t\t\t\t\tMessage\t\t\t\t\t<\/a>\n\t\t\t\t\t<\/div>\n\t\t\t\t\t\t\t<\/div>\n\t\t\t\t\t\t<\/div>\n\t\t\t\t\t\t<\/div>\n\t\t\t\t<\/div>\n\t\t\t\t\t<\/div>\n\t\t<\/div>\n\t\t\t\t<div class=\"elementor-column elementor-col-50 elementor-inner-column elementor-element elementor-element-1697c4b\" data-id=\"1697c4b\" data-element_type=\"column\">\n\t\t\t<div class=\"elementor-widget-wrap elementor-element-populated\">\n\t\t\t\t\t\t<div class=\"elementor-element elementor-element-3c1d50a elementor-cta--skin-cover elementor-cta--valign-middle elementor-animated-content elementor-bg-transform elementor-bg-transform-zoom-in elementor-widget elementor-widget-call-to-action\" data-id=\"3c1d50a\" data-element_type=\"widget\" data-widget_type=\"call-to-action.default\">\n\t\t\t\t<div class=\"elementor-widget-container\">\n\t\t\t\t\t\t\t<div class=\"elementor-cta\">\n\t\t\t\t\t<div class=\"elementor-cta__bg-wrapper\">\n\t\t\t\t<div class=\"elementor-cta__bg elementor-bg\" style=\"background-image: url(https:\/\/inkroomtattoo.com\/wp-content\/uploads\/2020\/11\/optin-Teglart1-1365x1200-1-1024x1024.jpg);\" role=\"img\" aria-label=\"T\u00e9gl\u00e1s Attila tattoo Tattoo Budapest - Inkroom tattoo\"><\/div>\n\t\t\t\t<div class=\"elementor-cta__bg-overlay\"><\/div>\n\t\t\t<\/div>\n\t\t\t\t\t\t\t<div class=\"elementor-cta__content\">\n\t\t\t\t\n\t\t\t\t\t\t\t\t\t<h4 class=\"elementor-cta__title elementor-cta__content-item elementor-content-item elementor-animated-item--grow\">\n\t\t\t\t\t\tAttila T\u00e9gl\u00e1s\t\t\t\t\t<\/h4>\n\t\t\t\t\n\t\t\t\t\t\t\t\t\t<div class=\"elementor-cta__description elementor-cta__content-item elementor-content-item elementor-animated-item--grow\">\n\t\t\t\t\t\tPhone:<br> +3630-914-3215<br>\nEmail:<br> teglart@gmail.com\t\t\t\t\t<\/div>\n\t\t\t\t\n\t\t\t\t\t\t\t\t\t<div class=\"elementor-cta__button-wrapper elementor-cta__content-item elementor-content-item elementor-animated-item--grow\">\n\t\t\t\t\t<a class=\"elementor-cta__button elementor-button elementor-size-\" href=\"mailto:teglart@gmail.com\">\n\t\t\t\t\t\tMessage\t\t\t\t\t<\/a>\n\t\t\t\t\t<\/div>\n\t\t\t\t\t\t\t<\/div>\n\t\t\t\t\t\t<\/div>\n\t\t\t\t\t\t<\/div>\n\t\t\t\t<\/div>\n\t\t\t\t\t<\/div>\n\t\t<\/div>\n\t\t\t\t\t<\/div>\n\t\t<\/section>\n\t\t\t\t\t<\/div>\n\t\t<\/div>\n\t\t\t\t\t<\/div>\n\t\t<\/section>\n\t\t\t\t<\/div>","protected":false},"excerpt":{"rendered":"<p>Kapcsolat C\u00edm\u00fcnk:Budapest, 1056 M\u00e1rcius 15. t\u00e9r 2.,a tetov\u00e1l\u00f3 szalon csak p\u00e1r perc s\u00e9ta a V\u00e1ci utc\u00e1t\u00f3l! Nyitvatart\u00e1s:H-P 10:00-17:00, SZ-V Z\u00e1rva Telefonsz\u00e1m:+3630-914-3215 Email:info@inkroomtattoo.com\u00a0 Falvay Bori Telefonsz\u00e1m: +3630-294-8575 E-mail c\u00edm: falvayborbala@gmail.com \u00dczenet T\u00e9gl\u00e1s Attila Telefonsz\u00e1m: +3630-914-3215 E-mail c\u00edm: teglart@gmail.com \u00dczenet<\/p>","protected":false},"author":1,"featured_media":0,"parent":0,"menu_order":0,"comment_status":"closed","ping_status":"closed","template":"elementor_header_footer","meta":{"footnotes":""},"class_list":["post-19","page","type-page","status-publish","hentry"],"yoast_head":"<!-- This site is optimized with the Yoast SEO plugin v25.3 - https:\/\/yoast.com\/wordpress\/plugins\/seo\/ -->\n<title>Kapcsolat - InkRoom Tattoo Budapest V.ker\u00fclet | Tattoo Studi\u00f3<\/title>\n<meta name=\"description\" content=\"Inkroom Tattoo kapcsolat- Vedd fel vel\u00fcnk a kapcsolatot, Budapest, 1056 M\u00e1rcius 15. t\u00e9r 2., a tetov\u00e1l\u00f3 szalon +3630-914-3215\" \/>\n<meta name=\"robots\" content=\"index, follow, max-snippet:-1, max-image-preview:large, max-video-preview:-1\" \/>\n<link rel=\"canonical\" href=\"https:\/\/inkroomtattoo.com\/en\/kapcsolat\/\" \/>\n<meta property=\"og:locale\" content=\"en_GB\" \/>\n<meta property=\"og:type\" content=\"article\" \/>\n<meta property=\"og:title\" content=\"el\u00e9rhet\u0151s\u00e9gek \u00e9s kapcsolat\" \/>\n<meta property=\"og:description\" content=\"El\u00e9rhet\u0151s\u00e9gek \u00e9s kapcsolat- Vedd fel vel\u00fcnk a kapcsolatot, ha k\u00e9rd\u00e9sed van vagy id\u0151pontot k\u00e9rn\u00e9l!\" \/>\n<meta property=\"og:url\" content=\"https:\/\/inkroomtattoo.com\/en\/kapcsolat\/\" \/>\n<meta property=\"og:site_name\" content=\"InkRoomTattoo\" \/>\n<meta property=\"article:modified_time\" content=\"2025-07-29T08:39:03+00:00\" \/>\n<meta name=\"twitter:card\" content=\"summary_large_image\" \/>\n<meta name=\"twitter:label1\" content=\"Estimated reading time\" \/>\n\t<meta name=\"twitter:data1\" content=\"1 minute\" \/>\n<script type=\"application\/ld+json\" class=\"yoast-schema-graph\">{\"@context\":\"https:\/\/schema.org\",\"@graph\":[{\"@type\":\"WebPage\",\"@id\":\"https:\/\/inkroomtattoo.com\/kapcsolat\/\",\"url\":\"https:\/\/inkroomtattoo.com\/kapcsolat\/\",\"name\":\"Kapcsolat - InkRoom Tattoo Budapest V.ker\u00fclet | Tattoo Studi\u00f3\",\"isPartOf\":{\"@id\":\"https:\/\/inkroomtattoo.com\/#website\"},\"datePublished\":\"2020-11-24T09:04:32+00:00\",\"dateModified\":\"2025-07-29T08:39:03+00:00\",\"description\":\"Inkroom Tattoo kapcsolat- Vedd fel vel\u00fcnk a kapcsolatot, Budapest, 1056 M\u00e1rcius 15. t\u00e9r 2., a tetov\u00e1l\u00f3 szalon +3630-914-3215\",\"breadcrumb\":{\"@id\":\"https:\/\/inkroomtattoo.com\/kapcsolat\/#breadcrumb\"},\"inLanguage\":\"en-GB\",\"potentialAction\":[{\"@type\":\"ReadAction\",\"target\":[\"https:\/\/inkroomtattoo.com\/kapcsolat\/\"]}]},{\"@type\":\"BreadcrumbList\",\"@id\":\"https:\/\/inkroomtattoo.com\/kapcsolat\/#breadcrumb\",\"itemListElement\":[{\"@type\":\"ListItem\",\"position\":1,\"name\":\"Kezd\u0151lap\",\"item\":\"https:\/\/inkroomtattoo.com\/\"},{\"@type\":\"ListItem\",\"position\":2,\"name\":\"Kapcsolat\"}]},{\"@type\":\"WebSite\",\"@id\":\"https:\/\/inkroomtattoo.com\/#website\",\"url\":\"https:\/\/inkroomtattoo.com\/\",\"name\":\"InkRoomTattoo\",\"description\":\"Tattoo Budapest\",\"publisher\":{\"@id\":\"https:\/\/inkroomtattoo.com\/#organization\"},\"potentialAction\":[{\"@type\":\"SearchAction\",\"target\":{\"@type\":\"EntryPoint\",\"urlTemplate\":\"https:\/\/inkroomtattoo.com\/?s={search_term_string}\"},\"query-input\":{\"@type\":\"PropertyValueSpecification\",\"valueRequired\":true,\"valueName\":\"search_term_string\"}}],\"inLanguage\":\"en-GB\"},{\"@type\":\"Organization\",\"@id\":\"https:\/\/inkroomtattoo.com\/#organization\",\"name\":\"Inkroomtattoo\",\"url\":\"https:\/\/inkroomtattoo.com\/\",\"logo\":{\"@type\":\"ImageObject\",\"inLanguage\":\"en-GB\",\"@id\":\"https:\/\/inkroomtattoo.com\/#\/schema\/logo\/image\/\",\"url\":\"https:\/\/inkroomtattoo.com\/wp-content\/uploads\/2020\/12\/cropped-inkroom_logo_egysoros_BLACKnegyzet-01.png\",\"contentUrl\":\"https:\/\/inkroomtattoo.com\/wp-content\/uploads\/2020\/12\/cropped-inkroom_logo_egysoros_BLACKnegyzet-01.png\",\"width\":512,\"height\":512,\"caption\":\"Inkroomtattoo\"},\"image\":{\"@id\":\"https:\/\/inkroomtattoo.com\/#\/schema\/logo\/image\/\"}}]}<\/script>\n<!-- \/ Yoast SEO plugin. -->","yoast_head_json":{"title":"Kapcsolat - InkRoom Tattoo Budapest V.ker\u00fclet | Tattoo Studi\u00f3","description":"Inkroom Tattoo kapcsolat- Vedd fel vel\u00fcnk a kapcsolatot, Budapest, 1056 M\u00e1rcius 15. t\u00e9r 2., a tetov\u00e1l\u00f3 szalon +3630-914-3215","robots":{"index":"index","follow":"follow","max-snippet":"max-snippet:-1","max-image-preview":"max-image-preview:large","max-video-preview":"max-video-preview:-1"},"canonical":"https:\/\/inkroomtattoo.com\/en\/kapcsolat\/","og_locale":"en_GB","og_type":"article","og_title":"el\u00e9rhet\u0151s\u00e9gek \u00e9s kapcsolat","og_description":"El\u00e9rhet\u0151s\u00e9gek \u00e9s kapcsolat- Vedd fel vel\u00fcnk a kapcsolatot, ha k\u00e9rd\u00e9sed van vagy id\u0151pontot k\u00e9rn\u00e9l!","og_url":"https:\/\/inkroomtattoo.com\/en\/kapcsolat\/","og_site_name":"InkRoomTattoo","article_modified_time":"2025-07-29T08:39:03+00:00","twitter_card":"summary_large_image","twitter_misc":{"Estimated reading time":"1 minute"},"schema":{"@context":"https:\/\/schema.org","@graph":[{"@type":"WebPage","@id":"https:\/\/inkroomtattoo.com\/kapcsolat\/","url":"https:\/\/inkroomtattoo.com\/kapcsolat\/","name":"Kapcsolat - InkRoom Tattoo Budapest V.ker\u00fclet | Tattoo Studi\u00f3","isPartOf":{"@id":"https:\/\/inkroomtattoo.com\/#website"},"datePublished":"2020-11-24T09:04:32+00:00","dateModified":"2025-07-29T08:39:03+00:00","description":"Inkroom Tattoo kapcsolat- Vedd fel vel\u00fcnk a kapcsolatot, Budapest, 1056 M\u00e1rcius 15. t\u00e9r 2., a tetov\u00e1l\u00f3 szalon +3630-914-3215","breadcrumb":{"@id":"https:\/\/inkroomtattoo.com\/kapcsolat\/#breadcrumb"},"inLanguage":"en-GB","potentialAction":[{"@type":"ReadAction","target":["https:\/\/inkroomtattoo.com\/kapcsolat\/"]}]},{"@type":"BreadcrumbList","@id":"https:\/\/inkroomtattoo.com\/kapcsolat\/#breadcrumb","itemListElement":[{"@type":"ListItem","position":1,"name":"Kezd\u0151lap","item":"https:\/\/inkroomtattoo.com\/"},{"@type":"ListItem","position":2,"name":"Kapcsolat"}]},{"@type":"WebSite","@id":"https:\/\/inkroomtattoo.com\/#website","url":"https:\/\/inkroomtattoo.com\/","name":"InkRoomTattoo","description":"Tattoo Budapest","publisher":{"@id":"https:\/\/inkroomtattoo.com\/#organization"},"potentialAction":[{"@type":"SearchAction","target":{"@type":"EntryPoint","urlTemplate":"https:\/\/inkroomtattoo.com\/?s={search_term_string}"},"query-input":{"@type":"PropertyValueSpecification","valueRequired":true,"valueName":"search_term_string"}}],"inLanguage":"en-GB"},{"@type":"Organization","@id":"https:\/\/inkroomtattoo.com\/#organization","name":"Inkroomtattoo","url":"https:\/\/inkroomtattoo.com\/","logo":{"@type":"ImageObject","inLanguage":"en-GB","@id":"https:\/\/inkroomtattoo.com\/#\/schema\/logo\/image\/","url":"https:\/\/inkroomtattoo.com\/wp-content\/uploads\/2020\/12\/cropped-inkroom_logo_egysoros_BLACKnegyzet-01.png","contentUrl":"https:\/\/inkroomtattoo.com\/wp-content\/uploads\/2020\/12\/cropped-inkroom_logo_egysoros_BLACKnegyzet-01.png","width":512,"height":512,"caption":"Inkroomtattoo"},"image":{"@id":"https:\/\/inkroomtattoo.com\/#\/schema\/logo\/image\/"}}]}},"_links":{"self":[{"href":"https:\/\/inkroomtattoo.com\/en\/wp-json\/wp\/v2\/pages\/19","targetHints":{"allow":["GET"]}}],"collection":[{"href":"https:\/\/inkroomtattoo.com\/en\/wp-json\/wp\/v2\/pages"}],"about":[{"href":"https:\/\/inkroomtattoo.com\/en\/wp-json\/wp\/v2\/types\/page"}],"author":[{"embeddable":true,"href":"https:\/\/inkroomtattoo.com\/en\/wp-json\/wp\/v2\/users\/1"}],"replies":[{"embeddable":true,"href":"https:\/\/inkroomtattoo.com\/en\/wp-json\/wp\/v2\/comments?post=19"}],"version-history":[{"count":59,"href":"https:\/\/inkroomtattoo.com\/en\/wp-json\/wp\/v2\/pages\/19\/revisions"}],"predecessor-version":[{"id":1783,"href":"https:\/\/inkroomtattoo.com\/en\/wp-json\/wp\/v2\/pages\/19\/revisions\/1783"}],"wp:attachment":[{"href":"https:\/\/inkroomtattoo.com\/en\/wp-json\/wp\/v2\/media?parent=19"}],"curies":[{"name":"wp","href":"https:\/\/api.w.org\/{rel}","templated":true}]}}