{"id":1756,"date":"2025-07-21T15:31:22","date_gmt":"2025-07-21T12:31:22","guid":{"rendered":"https:\/\/inkroomtattoo.com\/?page_id=1756"},"modified":"2025-12-13T10:17:46","modified_gmt":"2025-12-13T08:17:46","slug":"tetkoakciok","status":"publish","type":"page","link":"https:\/\/inkroomtattoo.com\/en\/tetkoakciok\/","title":{"rendered":"Akci\u00f3ink"},"content":{"rendered":"<div data-elementor-type=\"wp-page\" data-elementor-id=\"1756\" class=\"elementor elementor-1756\" data-elementor-post-type=\"page\">\n\t\t\t\t\t\t<section class=\"elementor-section elementor-top-section elementor-element elementor-element-3a4c301 elementor-section-height-min-height elementor-section-boxed elementor-section-height-default elementor-section-items-middle\" data-id=\"3a4c301\" data-element_type=\"section\">\n\t\t\t\t\t\t<div class=\"elementor-container elementor-column-gap-default\">\n\t\t\t\t\t<div class=\"elementor-column elementor-col-100 elementor-top-column elementor-element elementor-element-120d202\" data-id=\"120d202\" data-element_type=\"column\">\n\t\t\t<div class=\"elementor-widget-wrap elementor-element-populated\">\n\t\t\t\t\t\t<div class=\"elementor-element elementor-element-dbc6b5e dupla-shadow elementor-invisible elementor-widget elementor-widget-heading\" data-id=\"dbc6b5e\" data-element_type=\"widget\" data-settings=\"{&quot;_animation&quot;:&quot;slideInRight&quot;}\" data-widget_type=\"heading.default\">\n\t\t\t\t<div class=\"elementor-widget-container\">\n\t\t\t\t\t<h1 class=\"elementor-heading-title elementor-size-default\">Akci\u00f3ink<\/h1>\t\t\t\t<\/div>\n\t\t\t\t<\/div>\n\t\t\t\t<div class=\"elementor-element elementor-element-71c3377 elementor-widget-divider--view-line elementor-invisible elementor-widget elementor-widget-divider\" data-id=\"71c3377\" data-element_type=\"widget\" data-settings=\"{&quot;_animation&quot;:&quot;slideInRight&quot;,&quot;_animation_delay&quot;:500}\" data-widget_type=\"divider.default\">\n\t\t\t\t<div class=\"elementor-widget-container\">\n\t\t\t\t\t\t\t<div class=\"elementor-divider\">\n\t\t\t<span class=\"elementor-divider-separator\">\n\t\t\t\t\t\t<\/span>\n\t\t<\/div>\n\t\t\t\t\t\t<\/div>\n\t\t\t\t<\/div>\n\t\t\t\t\t<\/div>\n\t\t<\/div>\n\t\t\t\t\t<\/div>\n\t\t<\/section>\n\t\t\t\t<section class=\"elementor-section elementor-top-section elementor-element elementor-element-2b878f7 elementor-section-boxed elementor-section-height-default elementor-section-height-default elementor-invisible\" data-id=\"2b878f7\" data-element_type=\"section\" data-settings=\"{&quot;animation&quot;:&quot;slideInUp&quot;}\">\n\t\t\t\t\t\t<div class=\"elementor-container elementor-column-gap-default\">\n\t\t\t\t\t<div class=\"elementor-column elementor-col-100 elementor-top-column elementor-element elementor-element-decea02\" data-id=\"decea02\" data-element_type=\"column\">\n\t\t\t<div class=\"elementor-widget-wrap elementor-element-populated\">\n\t\t\t\t\t\t<section class=\"elementor-section elementor-inner-section elementor-element elementor-element-95a4c8c elementor-section-boxed elementor-section-height-default elementor-section-height-default\" data-id=\"95a4c8c\" data-element_type=\"section\">\n\t\t\t\t\t\t<div class=\"elementor-container elementor-column-gap-default\">\n\t\t\t\t\t<div class=\"elementor-column elementor-col-100 elementor-inner-column elementor-element elementor-element-9dde79a\" data-id=\"9dde79a\" data-element_type=\"column\">\n\t\t\t<div class=\"elementor-widget-wrap elementor-element-populated\">\n\t\t\t\t\t\t<div class=\"elementor-element elementor-element-05cc7bd elementor-widget elementor-widget-heading\" data-id=\"05cc7bd\" data-element_type=\"widget\" data-widget_type=\"heading.default\">\n\t\t\t\t<div class=\"elementor-widget-container\">\n\t\t\t\t\t<h2 class=\"elementor-heading-title elementor-size-default\">Because with us you always have a reason to get a tattoo!<\/h2>\t\t\t\t<\/div>\n\t\t\t\t<\/div>\n\t\t\t\t<div class=\"elementor-element elementor-element-16e08e3 elementor-widget elementor-widget-text-editor\" data-id=\"16e08e3\" data-element_type=\"widget\" data-widget_type=\"text-editor.default\">\n\t\t\t\t<div class=\"elementor-widget-container\">\n\t\t\t\t\t\t\t\t\t<p class=\"p1\">Tattooing is not just art \u2013 it is an experience, a memory, a form of self-expression. At Inkroom, we like to give the first-time visitors a head start, and we also appreciate those who come back for more designs. That's why we have promotions <strong>available all year round<\/strong> that are just for you!<\/p>\t\t\t\t\t\t\t\t<\/div>\n\t\t\t\t<\/div>\n\t\t\t\t\t<\/div>\n\t\t<\/div>\n\t\t\t\t\t<\/div>\n\t\t<\/section>\n\t\t\t\t<section class=\"elementor-section elementor-inner-section elementor-element elementor-element-4b91043 elementor-section-boxed elementor-section-height-default elementor-section-height-default\" data-id=\"4b91043\" data-element_type=\"section\">\n\t\t\t\t\t\t<div class=\"elementor-container elementor-column-gap-default\">\n\t\t\t\t\t<div class=\"elementor-column elementor-col-100 elementor-inner-column elementor-element elementor-element-5e51d49\" data-id=\"5e51d49\" data-element_type=\"column\">\n\t\t\t<div class=\"elementor-widget-wrap elementor-element-populated\">\n\t\t\t\t\t\t<div class=\"elementor-element elementor-element-8590806 elementor-widget elementor-widget-heading\" data-id=\"8590806\" data-element_type=\"widget\" data-widget_type=\"heading.default\">\n\t\t\t\t<div class=\"elementor-widget-container\">\n\t\t\t\t\t<h3 class=\"elementor-heading-title elementor-size-default\">Birthday Sale \u2013 For you if you are celebrating!<\/h3>\t\t\t\t<\/div>\n\t\t\t\t<\/div>\n\t\t\t\t<div class=\"elementor-element elementor-element-5f2c8bf elementor-widget elementor-widget-text-editor\" data-id=\"5f2c8bf\" data-element_type=\"widget\" data-widget_type=\"text-editor.default\">\n\t\t\t\t<div class=\"elementor-widget-container\">\n\t\t\t\t\t\t\t\t\t<p><strong>Is it your birthday? We're celebrating with you too!<\/strong><br \/>Come to us during the week of your birthday and we will give you a <strong>-20% kedvezm\u00e9nyt<\/strong> on your tattoo.<br \/>This little surprise is for you \u2013 because a new tattoo is always a good gift.<\/p><p><em>Valid: 3 days before or after your birthday.<\/em><\/p>\t\t\t\t\t\t\t\t<\/div>\n\t\t\t\t<\/div>\n\t\t\t\t\t<\/div>\n\t\t<\/div>\n\t\t\t\t\t<\/div>\n\t\t<\/section>\n\t\t\t\t<section class=\"elementor-section elementor-inner-section elementor-element elementor-element-304cc8b elementor-section-boxed elementor-section-height-default elementor-section-height-default\" data-id=\"304cc8b\" data-element_type=\"section\">\n\t\t\t\t\t\t<div class=\"elementor-container elementor-column-gap-default\">\n\t\t\t\t\t<div class=\"elementor-column elementor-col-50 elementor-inner-column elementor-element elementor-element-2b2eaae\" data-id=\"2b2eaae\" data-element_type=\"column\">\n\t\t\t<div class=\"elementor-widget-wrap elementor-element-populated\">\n\t\t\t\t\t\t<div class=\"elementor-element elementor-element-2967414 elementor-widget elementor-widget-image\" data-id=\"2967414\" data-element_type=\"widget\" data-widget_type=\"image.default\">\n\t\t\t\t<div class=\"elementor-widget-container\">\n\t\t\t\t\t\t\t\t\t\t\t\t\t\t\t<img fetchpriority=\"high\" decoding=\"async\" width=\"800\" height=\"1000\" src=\"https:\/\/inkroomtattoo.com\/wp-content\/uploads\/2025\/09\/20elsotetko-819x1024.png\" class=\"attachment-large size-large wp-image-1804\" alt=\"elso tetovalas\" srcset=\"https:\/\/inkroomtattoo.com\/wp-content\/uploads\/2025\/09\/20elsotetko-819x1024.png 819w, https:\/\/inkroomtattoo.com\/wp-content\/uploads\/2025\/09\/20elsotetko-240x300.png 240w, https:\/\/inkroomtattoo.com\/wp-content\/uploads\/2025\/09\/20elsotetko-768x960.png 768w, https:\/\/inkroomtattoo.com\/wp-content\/uploads\/2025\/09\/20elsotetko-10x12.png 10w, https:\/\/inkroomtattoo.com\/wp-content\/uploads\/2025\/09\/20elsotetko.png 1080w\" sizes=\"(max-width: 800px) 100vw, 800px\" \/>\t\t\t\t\t\t\t\t\t\t\t\t\t\t\t<\/div>\n\t\t\t\t<\/div>\n\t\t\t\t\t<\/div>\n\t\t<\/div>\n\t\t\t\t<div class=\"elementor-column elementor-col-50 elementor-inner-column elementor-element elementor-element-a4d8acd\" data-id=\"a4d8acd\" data-element_type=\"column\">\n\t\t\t<div class=\"elementor-widget-wrap elementor-element-populated\">\n\t\t\t\t\t\t<div class=\"elementor-element elementor-element-ff62bad elementor-widget elementor-widget-heading\" data-id=\"ff62bad\" data-element_type=\"widget\" data-widget_type=\"heading.default\">\n\t\t\t\t<div class=\"elementor-widget-container\">\n\t\t\t\t\t<h3 class=\"elementor-heading-title elementor-size-default\">First Tattoo Discount \u2013 Hello, new world!<\/h3>\t\t\t\t<\/div>\n\t\t\t\t<\/div>\n\t\t\t\t<div class=\"elementor-element elementor-element-a1d225f elementor-widget elementor-widget-text-editor\" data-id=\"a1d225f\" data-element_type=\"widget\" data-widget_type=\"text-editor.default\">\n\t\t\t\t<div class=\"elementor-widget-container\">\n\t\t\t\t\t\t\t\t\t<p><strong>First tattoo? Time to enter the club in style!<\/strong><br>If you've never had a tattoo before, we're offering a <b>20<\/b><strong>% kedvezm\u00e9nyt kapsz az els\u0151 alkalommal<\/strong>.<\/p>\n<p>Don't worry, we're patient, we'll talk you through everything beforehand. It's not an assembly line, it's all about attention.<\/p>\t\t\t\t\t\t\t\t<\/div>\n\t\t\t\t<\/div>\n\t\t\t\t\t<\/div>\n\t\t<\/div>\n\t\t\t\t\t<\/div>\n\t\t<\/section>\n\t\t\t\t<section class=\"elementor-section elementor-inner-section elementor-element elementor-element-9f282ad elementor-section-boxed elementor-section-height-default elementor-section-height-default\" data-id=\"9f282ad\" data-element_type=\"section\">\n\t\t\t\t\t\t<div class=\"elementor-container elementor-column-gap-default\">\n\t\t\t\t\t<div class=\"elementor-column elementor-col-100 elementor-inner-column elementor-element elementor-element-d87b76a\" data-id=\"d87b76a\" data-element_type=\"column\">\n\t\t\t<div class=\"elementor-widget-wrap elementor-element-populated\">\n\t\t\t\t\t\t<div class=\"elementor-element elementor-element-24f586c elementor-widget elementor-widget-heading\" data-id=\"24f586c\" data-element_type=\"widget\" data-widget_type=\"heading.default\">\n\t\t\t\t<div class=\"elementor-widget-container\">\n\t\t\t\t\t<h3 class=\"elementor-heading-title elementor-size-default\">\"Friend's Skin\" \u2013 Bring your friend, buddy, and you'll get a gift!<\/h3>\t\t\t\t<\/div>\n\t\t\t\t<\/div>\n\t\t\t\t<div class=\"elementor-element elementor-element-a37bdeb elementor-widget elementor-widget-text-editor\" data-id=\"a37bdeb\" data-element_type=\"widget\" data-widget_type=\"text-editor.default\">\n\t\t\t\t<div class=\"elementor-widget-container\">\n\t\t\t\t\t\t\t\t\t<p><strong>We've already seduced you, now seduce others!<\/strong><br \/>If you bring a friend who is also tattooed, you will both receive a <strong>5,000 HUF voucher \/ or a Fatcat T-shirt.<\/strong><\/p><p><em>This skin friendship is now taking on literal meaning.<\/em><\/p>\t\t\t\t\t\t\t\t<\/div>\n\t\t\t\t<\/div>\n\t\t\t\t\t<\/div>\n\t\t<\/div>\n\t\t\t\t\t<\/div>\n\t\t<\/section>\n\t\t\t\t<section class=\"elementor-section elementor-inner-section elementor-element elementor-element-6529af7 elementor-section-boxed elementor-section-height-default elementor-section-height-default\" data-id=\"6529af7\" data-element_type=\"section\">\n\t\t\t\t\t\t<div class=\"elementor-container elementor-column-gap-default\">\n\t\t\t\t\t<div class=\"elementor-column elementor-col-100 elementor-inner-column elementor-element elementor-element-381f062\" data-id=\"381f062\" data-element_type=\"column\">\n\t\t\t<div class=\"elementor-widget-wrap elementor-element-populated\">\n\t\t\t\t\t\t<div class=\"elementor-element elementor-element-3a5846c elementor-widget elementor-widget-heading\" data-id=\"3a5846c\" data-element_type=\"widget\" data-widget_type=\"heading.default\">\n\t\t\t\t<div class=\"elementor-widget-container\">\n\t\t\t\t\t<h3 class=\"elementor-heading-title elementor-size-default\">\"More than one\" Discount \u2013 Because one tattoo is never enough!<\/h3>\t\t\t\t<\/div>\n\t\t\t\t<\/div>\n\t\t\t\t<div class=\"elementor-element elementor-element-affe235 elementor-widget elementor-widget-text-editor\" data-id=\"affe235\" data-element_type=\"widget\" data-widget_type=\"text-editor.default\">\n\t\t\t\t<div class=\"elementor-widget-container\">\n\t\t\t\t\t\t\t\t\t<p><strong>Do you want more designs at once? We'll solve it in style.<\/strong><br \/>Two or more smaller tattoos in one day? From the second one onwards, you get a <strong>20% discount<\/strong> on extra designs!<\/p><p><em>Especially recommended for mini tattoos and small series!<\/em><\/p>\t\t\t\t\t\t\t\t<\/div>\n\t\t\t\t<\/div>\n\t\t\t\t\t<\/div>\n\t\t<\/div>\n\t\t\t\t\t<\/div>\n\t\t<\/section>\n\t\t\t\t<section class=\"elementor-section elementor-inner-section elementor-element elementor-element-b59504d elementor-section-boxed elementor-section-height-default elementor-section-height-default\" data-id=\"b59504d\" data-element_type=\"section\">\n\t\t\t\t\t\t<div class=\"elementor-container elementor-column-gap-default\">\n\t\t\t\t\t<div class=\"elementor-column elementor-col-100 elementor-inner-column elementor-element elementor-element-78a61f7\" data-id=\"78a61f7\" data-element_type=\"column\">\n\t\t\t<div class=\"elementor-widget-wrap elementor-element-populated\">\n\t\t\t\t\t\t<div class=\"elementor-element elementor-element-1a82c5a elementor-widget elementor-widget-heading\" data-id=\"1a82c5a\" data-element_type=\"widget\" data-widget_type=\"heading.default\">\n\t\t\t\t<div class=\"elementor-widget-container\">\n\t\t\t\t\t<h3 class=\"elementor-heading-title elementor-size-default\">How can you take advantage of the promotions?<\/h3>\t\t\t\t<\/div>\n\t\t\t\t<\/div>\n\t\t\t\t<div class=\"elementor-element elementor-element-e017910 elementor-widget elementor-widget-text-editor\" data-id=\"e017910\" data-element_type=\"widget\" data-widget_type=\"text-editor.default\">\n\t\t\t\t<div class=\"elementor-widget-container\">\n\t\t\t\t\t\t\t\t\t<p>It's very simple: just indicate when booking which promotion you are interested in, and we will take it into account.<br \/>Discounts cannot be combined, but we always give you the best.<\/p>\t\t\t\t\t\t\t\t<\/div>\n\t\t\t\t<\/div>\n\t\t\t\t\t<\/div>\n\t\t<\/div>\n\t\t\t\t\t<\/div>\n\t\t<\/section>\n\t\t\t\t<section class=\"elementor-section elementor-inner-section elementor-element elementor-element-75658d0 elementor-section-boxed elementor-section-height-default elementor-section-height-default\" data-id=\"75658d0\" data-element_type=\"section\">\n\t\t\t\t\t\t<div class=\"elementor-container elementor-column-gap-default\">\n\t\t\t\t\t<div class=\"elementor-column elementor-col-100 elementor-inner-column elementor-element elementor-element-f6594d2\" data-id=\"f6594d2\" data-element_type=\"column\">\n\t\t\t<div class=\"elementor-widget-wrap elementor-element-populated\">\n\t\t\t\t\t\t<div class=\"elementor-element elementor-element-39569d7 elementor-widget elementor-widget-heading\" data-id=\"39569d7\" data-element_type=\"widget\" data-widget_type=\"heading.default\">\n\t\t\t\t<div class=\"elementor-widget-container\">\n\t\t\t\t\t<h3 class=\"elementor-heading-title elementor-size-default\">Come on, we're waiting!<\/h3>\t\t\t\t<\/div>\n\t\t\t\t<\/div>\n\t\t\t\t<div class=\"elementor-element elementor-element-4776131 elementor-widget elementor-widget-text-editor\" data-id=\"4776131\" data-element_type=\"widget\" data-widget_type=\"text-editor.default\">\n\t\t\t\t<div class=\"elementor-widget-container\">\n\t\t\t\t\t\t\t\t\t<p>Az <strong>Inkroom Tattoo<\/strong> is not just a tattoo parlor - it's a place where what your soul has been wanting to say for a long time will be put on your body.<br \/>Whether you're a beginner or a veteran, you'll always find a good reason to come back!<\/p><p>\ud83d\udcde <a href=\"https:\/\/inkroomtattoo.com\/en\/idopontfoglalas\/\">Book an appointment now and take advantage of our promotions!<\/a><\/p>\t\t\t\t\t\t\t\t<\/div>\n\t\t\t\t<\/div>\n\t\t\t\t\t<\/div>\n\t\t<\/div>\n\t\t\t\t\t<\/div>\n\t\t<\/section>\n\t\t\t\t\t<\/div>\n\t\t<\/div>\n\t\t\t\t\t<\/div>\n\t\t<\/section>\n\t\t\t\t<\/div>","protected":false},"excerpt":{"rendered":"<p>Akci\u00f3ink Mert n\u00e1lunk mindig van okod tetov\u00e1ltatni! A tetov\u00e1l\u00e1s nem csak m\u0171v\u00e9szet \u2013 \u00e9lm\u00e9ny, eml\u00e9k, \u00f6nkifejez\u00e9s. Mi az Inkroomn\u00e1l szeretj\u00fck megadni a kezd\u0151l\u00f6k\u00e9st azoknak, akik el\u0151sz\u00f6r j\u00f6nnek, \u00e9s \u00e9rt\u00e9kelj\u00fck azokat is, akik visszat\u00e9rnek hozz\u00e1nk \u00fajabb mint\u00e1k\u00e9rt. Ez\u00e9rt n\u00e1lunk eg\u00e9sz \u00e9vben el\u00e9rhet\u0151ek olyan akci\u00f3k, amelyek Neked sz\u00f3lnak! Sz\u00fclet\u00e9snapi Akci\u00f3 \u2013 Neked sz\u00f3l, ha \u00e9pp \u00fcnnepelsz! Sz\u00fclinapos [&hellip;]<\/p>","protected":false},"author":1,"featured_media":0,"parent":0,"menu_order":0,"comment_status":"closed","ping_status":"closed","template":"elementor_header_footer","meta":{"footnotes":""},"class_list":["post-1756","page","type-page","status-publish","hentry"],"yoast_head":"<!-- This site is optimized with the Yoast SEO plugin v25.3 - https:\/\/yoast.com\/wordpress\/plugins\/seo\/ -->\n<title>Akci\u00f3ink - InkRoomTattoo Tetov\u00e1l\u00e1s akci\u00f3k | Tattoo Budapest<\/title>\n<meta name=\"description\" content=\"Tetov\u00e1l\u00e1s Akci\u00f3k az Inkroom Tattoo n\u00e1l. Sz\u00fclet\u00e9snapod van 20% kedvezm\u00e9ny! Els\u0151 tetov\u00e1l\u00e1s akci\u00f3 25% kedvezm\u00e9ny.\" \/>\n<meta name=\"robots\" content=\"index, follow, max-snippet:-1, max-image-preview:large, max-video-preview:-1\" \/>\n<link rel=\"canonical\" href=\"https:\/\/inkroomtattoo.com\/en\/tetkoakciok\/\" \/>\n<meta property=\"og:locale\" content=\"en_GB\" \/>\n<meta property=\"og:type\" content=\"article\" \/>\n<meta property=\"og:title\" content=\"Akci\u00f3ink - InkRoomTattoo Tetov\u00e1l\u00e1s akci\u00f3k | Tattoo Budapest\" \/>\n<meta property=\"og:description\" content=\"Tetov\u00e1l\u00e1s Akci\u00f3k az Inkroom Tattoo n\u00e1l. Sz\u00fclet\u00e9snapod van 20% kedvezm\u00e9ny! Els\u0151 tetov\u00e1l\u00e1s akci\u00f3 25% kedvezm\u00e9ny.\" \/>\n<meta property=\"og:url\" content=\"https:\/\/inkroomtattoo.com\/en\/tetkoakciok\/\" \/>\n<meta property=\"og:site_name\" content=\"InkRoomTattoo\" \/>\n<meta property=\"article:modified_time\" content=\"2025-12-13T08:17:46+00:00\" \/>\n<meta property=\"og:image\" content=\"https:\/\/inkroomtattoo.com\/wp-content\/uploads\/2025\/09\/20elsotetko.png\" \/>\n\t<meta property=\"og:image:width\" content=\"1080\" \/>\n\t<meta property=\"og:image:height\" content=\"1350\" \/>\n\t<meta property=\"og:image:type\" content=\"image\/png\" \/>\n<meta name=\"twitter:card\" content=\"summary_large_image\" \/>\n<meta name=\"twitter:label1\" content=\"Estimated reading time\" \/>\n\t<meta name=\"twitter:data1\" content=\"2 minutes\" \/>\n<script type=\"application\/ld+json\" class=\"yoast-schema-graph\">{\"@context\":\"https:\/\/schema.org\",\"@graph\":[{\"@type\":\"WebPage\",\"@id\":\"https:\/\/inkroomtattoo.com\/tetkoakciok\/\",\"url\":\"https:\/\/inkroomtattoo.com\/tetkoakciok\/\",\"name\":\"Akci\u00f3ink - InkRoomTattoo Tetov\u00e1l\u00e1s akci\u00f3k | Tattoo Budapest\",\"isPartOf\":{\"@id\":\"https:\/\/inkroomtattoo.com\/#website\"},\"primaryImageOfPage\":{\"@id\":\"https:\/\/inkroomtattoo.com\/tetkoakciok\/#primaryimage\"},\"image\":{\"@id\":\"https:\/\/inkroomtattoo.com\/tetkoakciok\/#primaryimage\"},\"thumbnailUrl\":\"https:\/\/inkroomtattoo.com\/wp-content\/uploads\/2025\/09\/20elsotetko-819x1024.png\",\"datePublished\":\"2025-07-21T12:31:22+00:00\",\"dateModified\":\"2025-12-13T08:17:46+00:00\",\"description\":\"Tetov\u00e1l\u00e1s Akci\u00f3k az Inkroom Tattoo n\u00e1l. Sz\u00fclet\u00e9snapod van 20% kedvezm\u00e9ny! Els\u0151 tetov\u00e1l\u00e1s akci\u00f3 25% kedvezm\u00e9ny.\",\"breadcrumb\":{\"@id\":\"https:\/\/inkroomtattoo.com\/tetkoakciok\/#breadcrumb\"},\"inLanguage\":\"en-GB\",\"potentialAction\":[{\"@type\":\"ReadAction\",\"target\":[\"https:\/\/inkroomtattoo.com\/tetkoakciok\/\"]}]},{\"@type\":\"ImageObject\",\"inLanguage\":\"en-GB\",\"@id\":\"https:\/\/inkroomtattoo.com\/tetkoakciok\/#primaryimage\",\"url\":\"https:\/\/inkroomtattoo.com\/wp-content\/uploads\/2025\/09\/20elsotetko-819x1024.png\",\"contentUrl\":\"https:\/\/inkroomtattoo.com\/wp-content\/uploads\/2025\/09\/20elsotetko-819x1024.png\"},{\"@type\":\"BreadcrumbList\",\"@id\":\"https:\/\/inkroomtattoo.com\/tetkoakciok\/#breadcrumb\",\"itemListElement\":[{\"@type\":\"ListItem\",\"position\":1,\"name\":\"Kezd\u0151lap\",\"item\":\"https:\/\/inkroomtattoo.com\/\"},{\"@type\":\"ListItem\",\"position\":2,\"name\":\"Akci\u00f3ink\"}]},{\"@type\":\"WebSite\",\"@id\":\"https:\/\/inkroomtattoo.com\/#website\",\"url\":\"https:\/\/inkroomtattoo.com\/\",\"name\":\"InkRoomTattoo\",\"description\":\"Tattoo Budapest\",\"publisher\":{\"@id\":\"https:\/\/inkroomtattoo.com\/#organization\"},\"potentialAction\":[{\"@type\":\"SearchAction\",\"target\":{\"@type\":\"EntryPoint\",\"urlTemplate\":\"https:\/\/inkroomtattoo.com\/?s={search_term_string}\"},\"query-input\":{\"@type\":\"PropertyValueSpecification\",\"valueRequired\":true,\"valueName\":\"search_term_string\"}}],\"inLanguage\":\"en-GB\"},{\"@type\":\"Organization\",\"@id\":\"https:\/\/inkroomtattoo.com\/#organization\",\"name\":\"Inkroomtattoo\",\"url\":\"https:\/\/inkroomtattoo.com\/\",\"logo\":{\"@type\":\"ImageObject\",\"inLanguage\":\"en-GB\",\"@id\":\"https:\/\/inkroomtattoo.com\/#\/schema\/logo\/image\/\",\"url\":\"https:\/\/inkroomtattoo.com\/wp-content\/uploads\/2020\/12\/cropped-inkroom_logo_egysoros_BLACKnegyzet-01.png\",\"contentUrl\":\"https:\/\/inkroomtattoo.com\/wp-content\/uploads\/2020\/12\/cropped-inkroom_logo_egysoros_BLACKnegyzet-01.png\",\"width\":512,\"height\":512,\"caption\":\"Inkroomtattoo\"},\"image\":{\"@id\":\"https:\/\/inkroomtattoo.com\/#\/schema\/logo\/image\/\"}}]}<\/script>\n<!-- \/ Yoast SEO plugin. -->","yoast_head_json":{"title":"Akci\u00f3ink - InkRoomTattoo Tetov\u00e1l\u00e1s akci\u00f3k | Tattoo Budapest","description":"Tetov\u00e1l\u00e1s Akci\u00f3k az Inkroom Tattoo n\u00e1l. Sz\u00fclet\u00e9snapod van 20% kedvezm\u00e9ny! Els\u0151 tetov\u00e1l\u00e1s akci\u00f3 25% kedvezm\u00e9ny.","robots":{"index":"index","follow":"follow","max-snippet":"max-snippet:-1","max-image-preview":"max-image-preview:large","max-video-preview":"max-video-preview:-1"},"canonical":"https:\/\/inkroomtattoo.com\/en\/tetkoakciok\/","og_locale":"en_GB","og_type":"article","og_title":"Akci\u00f3ink - InkRoomTattoo Tetov\u00e1l\u00e1s akci\u00f3k | Tattoo Budapest","og_description":"Tetov\u00e1l\u00e1s Akci\u00f3k az Inkroom Tattoo n\u00e1l. Sz\u00fclet\u00e9snapod van 20% kedvezm\u00e9ny! Els\u0151 tetov\u00e1l\u00e1s akci\u00f3 25% kedvezm\u00e9ny.","og_url":"https:\/\/inkroomtattoo.com\/en\/tetkoakciok\/","og_site_name":"InkRoomTattoo","article_modified_time":"2025-12-13T08:17:46+00:00","og_image":[{"width":1080,"height":1350,"url":"https:\/\/inkroomtattoo.com\/wp-content\/uploads\/2025\/09\/20elsotetko.png","type":"image\/png"}],"twitter_card":"summary_large_image","twitter_misc":{"Estimated reading time":"2 minutes"},"schema":{"@context":"https:\/\/schema.org","@graph":[{"@type":"WebPage","@id":"https:\/\/inkroomtattoo.com\/tetkoakciok\/","url":"https:\/\/inkroomtattoo.com\/tetkoakciok\/","name":"Akci\u00f3ink - InkRoomTattoo Tetov\u00e1l\u00e1s akci\u00f3k | Tattoo Budapest","isPartOf":{"@id":"https:\/\/inkroomtattoo.com\/#website"},"primaryImageOfPage":{"@id":"https:\/\/inkroomtattoo.com\/tetkoakciok\/#primaryimage"},"image":{"@id":"https:\/\/inkroomtattoo.com\/tetkoakciok\/#primaryimage"},"thumbnailUrl":"https:\/\/inkroomtattoo.com\/wp-content\/uploads\/2025\/09\/20elsotetko-819x1024.png","datePublished":"2025-07-21T12:31:22+00:00","dateModified":"2025-12-13T08:17:46+00:00","description":"Tetov\u00e1l\u00e1s Akci\u00f3k az Inkroom Tattoo n\u00e1l. Sz\u00fclet\u00e9snapod van 20% kedvezm\u00e9ny! Els\u0151 tetov\u00e1l\u00e1s akci\u00f3 25% kedvezm\u00e9ny.","breadcrumb":{"@id":"https:\/\/inkroomtattoo.com\/tetkoakciok\/#breadcrumb"},"inLanguage":"en-GB","potentialAction":[{"@type":"ReadAction","target":["https:\/\/inkroomtattoo.com\/tetkoakciok\/"]}]},{"@type":"ImageObject","inLanguage":"en-GB","@id":"https:\/\/inkroomtattoo.com\/tetkoakciok\/#primaryimage","url":"https:\/\/inkroomtattoo.com\/wp-content\/uploads\/2025\/09\/20elsotetko-819x1024.png","contentUrl":"https:\/\/inkroomtattoo.com\/wp-content\/uploads\/2025\/09\/20elsotetko-819x1024.png"},{"@type":"BreadcrumbList","@id":"https:\/\/inkroomtattoo.com\/tetkoakciok\/#breadcrumb","itemListElement":[{"@type":"ListItem","position":1,"name":"Kezd\u0151lap","item":"https:\/\/inkroomtattoo.com\/"},{"@type":"ListItem","position":2,"name":"Akci\u00f3ink"}]},{"@type":"WebSite","@id":"https:\/\/inkroomtattoo.com\/#website","url":"https:\/\/inkroomtattoo.com\/","name":"InkRoomTattoo","description":"Tattoo Budapest","publisher":{"@id":"https:\/\/inkroomtattoo.com\/#organization"},"potentialAction":[{"@type":"SearchAction","target":{"@type":"EntryPoint","urlTemplate":"https:\/\/inkroomtattoo.com\/?s={search_term_string}"},"query-input":{"@type":"PropertyValueSpecification","valueRequired":true,"valueName":"search_term_string"}}],"inLanguage":"en-GB"},{"@type":"Organization","@id":"https:\/\/inkroomtattoo.com\/#organization","name":"Inkroomtattoo","url":"https:\/\/inkroomtattoo.com\/","logo":{"@type":"ImageObject","inLanguage":"en-GB","@id":"https:\/\/inkroomtattoo.com\/#\/schema\/logo\/image\/","url":"https:\/\/inkroomtattoo.com\/wp-content\/uploads\/2020\/12\/cropped-inkroom_logo_egysoros_BLACKnegyzet-01.png","contentUrl":"https:\/\/inkroomtattoo.com\/wp-content\/uploads\/2020\/12\/cropped-inkroom_logo_egysoros_BLACKnegyzet-01.png","width":512,"height":512,"caption":"Inkroomtattoo"},"image":{"@id":"https:\/\/inkroomtattoo.com\/#\/schema\/logo\/image\/"}}]}},"_links":{"self":[{"href":"https:\/\/inkroomtattoo.com\/en\/wp-json\/wp\/v2\/pages\/1756","targetHints":{"allow":["GET"]}}],"collection":[{"href":"https:\/\/inkroomtattoo.com\/en\/wp-json\/wp\/v2\/pages"}],"about":[{"href":"https:\/\/inkroomtattoo.com\/en\/wp-json\/wp\/v2\/types\/page"}],"author":[{"embeddable":true,"href":"https:\/\/inkroomtattoo.com\/en\/wp-json\/wp\/v2\/users\/1"}],"replies":[{"embeddable":true,"href":"https:\/\/inkroomtattoo.com\/en\/wp-json\/wp\/v2\/comments?post=1756"}],"version-history":[{"count":24,"href":"https:\/\/inkroomtattoo.com\/en\/wp-json\/wp\/v2\/pages\/1756\/revisions"}],"predecessor-version":[{"id":1816,"href":"https:\/\/inkroomtattoo.com\/en\/wp-json\/wp\/v2\/pages\/1756\/revisions\/1816"}],"wp:attachment":[{"href":"https:\/\/inkroomtattoo.com\/en\/wp-json\/wp\/v2\/media?parent=1756"}],"curies":[{"name":"wp","href":"https:\/\/api.w.org\/{rel}","templated":true}]}}