{"id":1741,"date":"2025-06-26T17:13:10","date_gmt":"2025-06-26T14:13:10","guid":{"rendered":"https:\/\/inkroomtattoo.com\/?page_id=1741"},"modified":"2025-07-29T11:36:18","modified_gmt":"2025-07-29T08:36:18","slug":"impresszum","status":"publish","type":"page","link":"https:\/\/inkroomtattoo.com\/en\/impresszum\/","title":{"rendered":"Impresszum"},"content":{"rendered":"<div data-elementor-type=\"wp-page\" data-elementor-id=\"1741\" class=\"elementor elementor-1741\" data-elementor-post-type=\"page\">\n\t\t\t\t\t\t<section class=\"elementor-section elementor-top-section elementor-element elementor-element-7e1963e elementor-section-boxed elementor-section-height-default elementor-section-height-default\" data-id=\"7e1963e\" data-element_type=\"section\">\n\t\t\t\t\t\t<div class=\"elementor-container elementor-column-gap-default\">\n\t\t\t\t\t<div class=\"elementor-column elementor-col-100 elementor-top-column elementor-element elementor-element-1598dcd\" data-id=\"1598dcd\" data-element_type=\"column\">\n\t\t\t<div class=\"elementor-widget-wrap elementor-element-populated\">\n\t\t\t\t\t\t<div class=\"elementor-element elementor-element-dc09d56 elementor-widget elementor-widget-heading\" data-id=\"dc09d56\" data-element_type=\"widget\" data-widget_type=\"heading.default\">\n\t\t\t\t<div class=\"elementor-widget-container\">\n\t\t\t\t\t<h2 class=\"elementor-heading-title elementor-size-default\">Impresszum<\/h2>\t\t\t\t<\/div>\n\t\t\t\t<\/div>\n\t\t\t\t<div class=\"elementor-element elementor-element-40f5e11 elementor-widget elementor-widget-text-editor\" data-id=\"40f5e11\" data-element_type=\"widget\" data-widget_type=\"text-editor.default\">\n\t\t\t\t<div class=\"elementor-widget-container\">\n\t\t\t\t\t\t\t\t\t<p class=\"p1\"><b style=\"font-size: 1rem;\">Weboldal \u00fczemeltet\u0151je:<\/b><\/p>\n<p class=\"p3\">N\u00e9v: T\u00e9gl\u00e1s Attila E.V.<\/p>\n<p class=\"p3\">Ad\u00f3sz\u00e1m: 68647414-1-43<\/p>\n<p class=\"p3\">Nyilv\u00e1ntart\u00e1si sz\u00e1m: 52045789<\/p>\n<p class=\"p3\">Sz\u00e9khely: 1121 Budapest, K\u00e1zm\u00e9r \u00fat 40.<\/p>\n<p class=\"p3\">El\u00e9rhet\u0151s\u00e9g:<\/p>\n<ul class=\"ul1\">\n<li class=\"li3\">E-mail c\u00edm: info@inkroomtattoo.com<\/li>\n<li class=\"li3\">Telefonsz\u00e1m: +36 30&nbsp;9143215<\/li>\n<li class=\"li3\">Weboldal: https:\/\/inkroomtattoo.com\/<\/li>\n<\/ul>\n<p class=\"p3\"><b>Weboldal t\u00e1rhelyszolg\u00e1ltat\u00f3ja: <\/b><\/p>\n<p class=\"p3\">N\u00e9v: T\u00e1rhely.EU Kft.<\/p>\n<p class=\"p3\">Ad\u00f3sz\u00e1m: 14571332-2-42<\/p>\n<p class=\"p3\">Nyilv\u00e1ntart\u00e1si sz\u00e1m: Cg.01-09-909968<\/p>\n<p class=\"p3\">Sz\u00e9khely: 1144 Budapest, Orm\u00e1ns\u00e1g utca 4. X. em. 241.<\/p>\n<p class=\"p3\">El\u00e9rhet\u0151s\u00e9g:<\/p>\n<ul class=\"ul1\">\n<li class=\"li3\">E-mail c\u00edm: iroda@tarhely.eu<\/li>\n<li class=\"li3\">Telefonsz\u00e1m: +3617892789<\/li>\n<li class=\"li3\">Weboldal: https:\/\/tarhely.eu<\/li>\n<\/ul>\n<p class=\"p3\"><b>Szellemi tulajdon<\/b><\/p>\n<p class=\"p4\">A honlap megjelen\u00e9se \u00e9s tartalma eredeti jellege miatt szerz\u0151i jogi v\u00e9delem al\u00e1 esik. A honlap tartalm\u00e1nak b\u00e1rmif\u00e9le felhaszn\u00e1l\u00e1s\u00e1hoz a Weboldal \u00fczemeltet\u0151j\u00e9nek el\u0151zetes \u00edr\u00e1sbeli hozz\u00e1j\u00e1rul\u00e1sa sz\u00fcks\u00e9ges.<\/p>\n<p class=\"p4\">Az Weboldal \u00fczemeltet\u0151j\u00e9nek el\u0151zetes \u00edr\u00e1sbeli enged\u00e9lye n\u00e9lk\u00fcl tilos a honlap tartalm\u00e1nak eg\u00e9sz\u00e9t vagy r\u00e9sz\u00e9t b\u00e1rmilyen form\u00e1ban m\u00e1solni, terjeszteni vagy t\u00e1rolni, kiv\u00e9ve, ha az Weboldal \u00fczemeltet\u0151je egy\u00e9rtelm\u0171en \u00e9s kifejezetten \u00fagy nyilatkozik, hogy az ilyen felhaszn\u00e1l\u00e1sok b\u00e1rmelyik\u00e9t megengedi. Tilos a honlap tartalm\u00e1b\u00f3l ered\u0151 vagy azon alapul\u00f3 b\u00e1rmilyen anyag vagy m\u0171 k\u00e9sz\u00edt\u00e9se, \u00e1tdolgoz\u00e1sa, ide\u00e9rtve k\u00fcl\u00f6n\u00f6sen az ikonok, gombok, linkek, h\u00e1tt\u00e9rk\u00e9pek, sz\u00f6veg, k\u00e9p, grafika, log\u00f3, fot\u00f3, hang \u00e9s vide\u00f3 anyagok k\u00e9sz\u00edt\u00e9s\u00e9t, valamint a tartalom Weboldal \u00fczemeltet\u0151j\u00e9nek el\u0151zetes enged\u00e9lye n\u00e9lk\u00fcli \u00fczleti c\u00e9l\u00fa felhaszn\u00e1l\u00e1sa, hozz\u00e1f\u00e9rhet\u0151v\u00e9 t\u00e9tele, terjeszt\u00e9se, b\u00e1rmilyen tov\u00e1bbi internetes felhaszn\u00e1l\u00e1sa, forgalmaz\u00e1sa.<\/p>\n<p class=\"p3\">Kelt. Budapesten, 2025.06.30.<\/p>\n<p class=\"p1\">\n<\/p><p><!-- \/wp:paragraph --><\/p>\t\t\t\t\t\t\t\t<\/div>\n\t\t\t\t<\/div>\n\t\t\t\t\t<\/div>\n\t\t<\/div>\n\t\t\t\t\t<\/div>\n\t\t<\/section>\n\t\t\t\t<\/div>","protected":false},"excerpt":{"rendered":"<p>Weboldal \u00fczemeltet\u0151je: N\u00e9v: T\u00e9gl\u00e1s Attila E.V. Ad\u00f3sz\u00e1m: 68647414-1-43 Nyilv\u00e1ntart\u00e1si sz\u00e1m: 52045789 Sz\u00e9khely: 1121 Budapest, K\u00e1zm\u00e9r \u00fat 40. El\u00e9rhet\u0151s\u00e9g: E-mail c\u00edm: info@inkroomtattoo.com Telefonsz\u00e1m: +36 30&nbsp;9143215 Weboldal: https:\/\/inkroomtattoo.com\/ Weboldal t\u00e1rhelyszolg\u00e1ltat\u00f3ja: N\u00e9v: T\u00e1rhely.EU Kft. Ad\u00f3sz\u00e1m: 14571332-2-42 Nyilv\u00e1ntart\u00e1si sz\u00e1m: Cg.01-09-909968 Sz\u00e9khely: 1144 Budapest, Orm\u00e1ns\u00e1g utca 4. X. em. 241. El\u00e9rhet\u0151s\u00e9g: E-mail c\u00edm: iroda@tarhely.eu Telefonsz\u00e1m: +3617892789 Weboldal: https:\/\/tarhely.eu Szellemi tulajdon [&hellip;]<\/p>","protected":false},"author":1,"featured_media":0,"parent":0,"menu_order":0,"comment_status":"closed","ping_status":"closed","template":"elementor_header_footer","meta":{"footnotes":""},"class_list":["post-1741","page","type-page","status-publish","hentry"],"yoast_head":"<!-- This site is optimized with the Yoast SEO plugin v25.3 - https:\/\/yoast.com\/wordpress\/plugins\/seo\/ -->\n<title>Impresszum - InkRoomTattoo | Tetov\u00e1l\u00e1s Budapesten<\/title>\n<meta name=\"description\" content=\"Tetov\u00e1l\u00e1s, Budapest sz\u00edv\u00e9ben!L\u00e1togass el hozz\u00e1nk, ismerj meg minket \u00e9s alkossunk valami maradand\u00f3t! Ehhez teremtett\u00fcnk egy olyan egyedi, de m\u00e9gis otthonos k\u00f6rnyezetet, ami nem csak sz\u00e1munkra jelent sokat, de Neked is olyan, mintha haza\u00e9rkezn\u00e9l.\" \/>\n<meta name=\"robots\" content=\"index, follow, max-snippet:-1, max-image-preview:large, max-video-preview:-1\" \/>\n<link rel=\"canonical\" href=\"https:\/\/inkroomtattoo.com\/en\/impresszum\/\" \/>\n<meta property=\"og:locale\" content=\"en_GB\" \/>\n<meta property=\"og:type\" content=\"article\" \/>\n<meta property=\"og:title\" content=\"Impresszum - InkRoomTattoo | Tetov\u00e1l\u00e1s Budapesten\" \/>\n<meta property=\"og:description\" content=\"Tetov\u00e1l\u00e1s, Budapest sz\u00edv\u00e9ben!L\u00e1togass el hozz\u00e1nk, ismerj meg minket \u00e9s alkossunk valami maradand\u00f3t! Ehhez teremtett\u00fcnk egy olyan egyedi, de m\u00e9gis otthonos k\u00f6rnyezetet, ami nem csak sz\u00e1munkra jelent sokat, de Neked is olyan, mintha haza\u00e9rkezn\u00e9l.\" \/>\n<meta property=\"og:url\" content=\"https:\/\/inkroomtattoo.com\/en\/impresszum\/\" \/>\n<meta property=\"og:site_name\" content=\"InkRoomTattoo\" \/>\n<meta property=\"article:modified_time\" content=\"2025-07-29T08:36:18+00:00\" \/>\n<meta name=\"twitter:card\" content=\"summary_large_image\" \/>\n<meta name=\"twitter:label1\" content=\"Estimated reading time\" \/>\n\t<meta name=\"twitter:data1\" content=\"1 minute\" \/>\n<script type=\"application\/ld+json\" class=\"yoast-schema-graph\">{\"@context\":\"https:\/\/schema.org\",\"@graph\":[{\"@type\":\"WebPage\",\"@id\":\"https:\/\/inkroomtattoo.com\/impresszum\/\",\"url\":\"https:\/\/inkroomtattoo.com\/impresszum\/\",\"name\":\"Impresszum - InkRoomTattoo | Tetov\u00e1l\u00e1s Budapesten\",\"isPartOf\":{\"@id\":\"https:\/\/inkroomtattoo.com\/#website\"},\"datePublished\":\"2025-06-26T14:13:10+00:00\",\"dateModified\":\"2025-07-29T08:36:18+00:00\",\"description\":\"Tetov\u00e1l\u00e1s, Budapest sz\u00edv\u00e9ben!L\u00e1togass el hozz\u00e1nk, ismerj meg minket \u00e9s alkossunk valami maradand\u00f3t! Ehhez teremtett\u00fcnk egy olyan egyedi, de m\u00e9gis otthonos k\u00f6rnyezetet, ami nem csak sz\u00e1munkra jelent sokat, de Neked is olyan, mintha haza\u00e9rkezn\u00e9l.\",\"breadcrumb\":{\"@id\":\"https:\/\/inkroomtattoo.com\/impresszum\/#breadcrumb\"},\"inLanguage\":\"en-GB\",\"potentialAction\":[{\"@type\":\"ReadAction\",\"target\":[\"https:\/\/inkroomtattoo.com\/impresszum\/\"]}]},{\"@type\":\"BreadcrumbList\",\"@id\":\"https:\/\/inkroomtattoo.com\/impresszum\/#breadcrumb\",\"itemListElement\":[{\"@type\":\"ListItem\",\"position\":1,\"name\":\"Kezd\u0151lap\",\"item\":\"https:\/\/inkroomtattoo.com\/\"},{\"@type\":\"ListItem\",\"position\":2,\"name\":\"Impresszum\"}]},{\"@type\":\"WebSite\",\"@id\":\"https:\/\/inkroomtattoo.com\/#website\",\"url\":\"https:\/\/inkroomtattoo.com\/\",\"name\":\"InkRoomTattoo\",\"description\":\"Tattoo Budapest\",\"publisher\":{\"@id\":\"https:\/\/inkroomtattoo.com\/#organization\"},\"potentialAction\":[{\"@type\":\"SearchAction\",\"target\":{\"@type\":\"EntryPoint\",\"urlTemplate\":\"https:\/\/inkroomtattoo.com\/?s={search_term_string}\"},\"query-input\":{\"@type\":\"PropertyValueSpecification\",\"valueRequired\":true,\"valueName\":\"search_term_string\"}}],\"inLanguage\":\"en-GB\"},{\"@type\":\"Organization\",\"@id\":\"https:\/\/inkroomtattoo.com\/#organization\",\"name\":\"Inkroomtattoo\",\"url\":\"https:\/\/inkroomtattoo.com\/\",\"logo\":{\"@type\":\"ImageObject\",\"inLanguage\":\"en-GB\",\"@id\":\"https:\/\/inkroomtattoo.com\/#\/schema\/logo\/image\/\",\"url\":\"https:\/\/inkroomtattoo.com\/wp-content\/uploads\/2020\/12\/cropped-inkroom_logo_egysoros_BLACKnegyzet-01.png\",\"contentUrl\":\"https:\/\/inkroomtattoo.com\/wp-content\/uploads\/2020\/12\/cropped-inkroom_logo_egysoros_BLACKnegyzet-01.png\",\"width\":512,\"height\":512,\"caption\":\"Inkroomtattoo\"},\"image\":{\"@id\":\"https:\/\/inkroomtattoo.com\/#\/schema\/logo\/image\/\"}}]}<\/script>\n<!-- \/ Yoast SEO plugin. -->","yoast_head_json":{"title":"Impresszum - InkRoomTattoo | Tetov\u00e1l\u00e1s Budapesten","description":"Tetov\u00e1l\u00e1s, Budapest sz\u00edv\u00e9ben!L\u00e1togass el hozz\u00e1nk, ismerj meg minket \u00e9s alkossunk valami maradand\u00f3t! Ehhez teremtett\u00fcnk egy olyan egyedi, de m\u00e9gis otthonos k\u00f6rnyezetet, ami nem csak sz\u00e1munkra jelent sokat, de Neked is olyan, mintha haza\u00e9rkezn\u00e9l.","robots":{"index":"index","follow":"follow","max-snippet":"max-snippet:-1","max-image-preview":"max-image-preview:large","max-video-preview":"max-video-preview:-1"},"canonical":"https:\/\/inkroomtattoo.com\/en\/impresszum\/","og_locale":"en_GB","og_type":"article","og_title":"Impresszum - InkRoomTattoo | Tetov\u00e1l\u00e1s Budapesten","og_description":"Tetov\u00e1l\u00e1s, Budapest sz\u00edv\u00e9ben!L\u00e1togass el hozz\u00e1nk, ismerj meg minket \u00e9s alkossunk valami maradand\u00f3t! Ehhez teremtett\u00fcnk egy olyan egyedi, de m\u00e9gis otthonos k\u00f6rnyezetet, ami nem csak sz\u00e1munkra jelent sokat, de Neked is olyan, mintha haza\u00e9rkezn\u00e9l.","og_url":"https:\/\/inkroomtattoo.com\/en\/impresszum\/","og_site_name":"InkRoomTattoo","article_modified_time":"2025-07-29T08:36:18+00:00","twitter_card":"summary_large_image","twitter_misc":{"Estimated reading time":"1 minute"},"schema":{"@context":"https:\/\/schema.org","@graph":[{"@type":"WebPage","@id":"https:\/\/inkroomtattoo.com\/impresszum\/","url":"https:\/\/inkroomtattoo.com\/impresszum\/","name":"Impresszum - InkRoomTattoo | Tetov\u00e1l\u00e1s Budapesten","isPartOf":{"@id":"https:\/\/inkroomtattoo.com\/#website"},"datePublished":"2025-06-26T14:13:10+00:00","dateModified":"2025-07-29T08:36:18+00:00","description":"Tetov\u00e1l\u00e1s, Budapest sz\u00edv\u00e9ben!L\u00e1togass el hozz\u00e1nk, ismerj meg minket \u00e9s alkossunk valami maradand\u00f3t! Ehhez teremtett\u00fcnk egy olyan egyedi, de m\u00e9gis otthonos k\u00f6rnyezetet, ami nem csak sz\u00e1munkra jelent sokat, de Neked is olyan, mintha haza\u00e9rkezn\u00e9l.","breadcrumb":{"@id":"https:\/\/inkroomtattoo.com\/impresszum\/#breadcrumb"},"inLanguage":"en-GB","potentialAction":[{"@type":"ReadAction","target":["https:\/\/inkroomtattoo.com\/impresszum\/"]}]},{"@type":"BreadcrumbList","@id":"https:\/\/inkroomtattoo.com\/impresszum\/#breadcrumb","itemListElement":[{"@type":"ListItem","position":1,"name":"Kezd\u0151lap","item":"https:\/\/inkroomtattoo.com\/"},{"@type":"ListItem","position":2,"name":"Impresszum"}]},{"@type":"WebSite","@id":"https:\/\/inkroomtattoo.com\/#website","url":"https:\/\/inkroomtattoo.com\/","name":"InkRoomTattoo","description":"Tattoo Budapest","publisher":{"@id":"https:\/\/inkroomtattoo.com\/#organization"},"potentialAction":[{"@type":"SearchAction","target":{"@type":"EntryPoint","urlTemplate":"https:\/\/inkroomtattoo.com\/?s={search_term_string}"},"query-input":{"@type":"PropertyValueSpecification","valueRequired":true,"valueName":"search_term_string"}}],"inLanguage":"en-GB"},{"@type":"Organization","@id":"https:\/\/inkroomtattoo.com\/#organization","name":"Inkroomtattoo","url":"https:\/\/inkroomtattoo.com\/","logo":{"@type":"ImageObject","inLanguage":"en-GB","@id":"https:\/\/inkroomtattoo.com\/#\/schema\/logo\/image\/","url":"https:\/\/inkroomtattoo.com\/wp-content\/uploads\/2020\/12\/cropped-inkroom_logo_egysoros_BLACKnegyzet-01.png","contentUrl":"https:\/\/inkroomtattoo.com\/wp-content\/uploads\/2020\/12\/cropped-inkroom_logo_egysoros_BLACKnegyzet-01.png","width":512,"height":512,"caption":"Inkroomtattoo"},"image":{"@id":"https:\/\/inkroomtattoo.com\/#\/schema\/logo\/image\/"}}]}},"_links":{"self":[{"href":"https:\/\/inkroomtattoo.com\/en\/wp-json\/wp\/v2\/pages\/1741","targetHints":{"allow":["GET"]}}],"collection":[{"href":"https:\/\/inkroomtattoo.com\/en\/wp-json\/wp\/v2\/pages"}],"about":[{"href":"https:\/\/inkroomtattoo.com\/en\/wp-json\/wp\/v2\/types\/page"}],"author":[{"embeddable":true,"href":"https:\/\/inkroomtattoo.com\/en\/wp-json\/wp\/v2\/users\/1"}],"replies":[{"embeddable":true,"href":"https:\/\/inkroomtattoo.com\/en\/wp-json\/wp\/v2\/comments?post=1741"}],"version-history":[{"count":5,"href":"https:\/\/inkroomtattoo.com\/en\/wp-json\/wp\/v2\/pages\/1741\/revisions"}],"predecessor-version":[{"id":1799,"href":"https:\/\/inkroomtattoo.com\/en\/wp-json\/wp\/v2\/pages\/1741\/revisions\/1799"}],"wp:attachment":[{"href":"https:\/\/inkroomtattoo.com\/en\/wp-json\/wp\/v2\/media?parent=1741"}],"curies":[{"name":"wp","href":"https:\/\/api.w.org\/{rel}","templated":true}]}}