{"id":17,"date":"2020-11-24T11:04:07","date_gmt":"2020-11-24T09:04:07","guid":{"rendered":"https:\/\/inkroomtattoo.com\/?page_id=17"},"modified":"2025-07-29T10:51:19","modified_gmt":"2025-07-29T07:51:19","slug":"rolunk","status":"publish","type":"page","link":"https:\/\/inkroomtattoo.com\/en\/rolunk\/","title":{"rendered":"About us"},"content":{"rendered":"<div data-elementor-type=\"wp-page\" data-elementor-id=\"17\" class=\"elementor elementor-17\" data-elementor-post-type=\"page\">\n\t\t\t\t\t\t<section class=\"elementor-section elementor-top-section elementor-element elementor-element-f323a20 elementor-section-height-min-height animated-slow elementor-section-boxed elementor-section-height-default elementor-section-items-middle elementor-invisible\" data-id=\"f323a20\" data-element_type=\"section\" data-settings=\"{&quot;background_background&quot;:&quot;classic&quot;,&quot;animation&quot;:&quot;fadeIn&quot;}\">\n\t\t\t\t\t\t<div class=\"elementor-container elementor-column-gap-default\">\n\t\t\t\t\t<div class=\"elementor-column elementor-col-100 elementor-top-column elementor-element elementor-element-3d5d2ad\" data-id=\"3d5d2ad\" data-element_type=\"column\" data-settings=\"{&quot;motion_fx_motion_fx_scrolling&quot;:&quot;yes&quot;,&quot;motion_fx_opacity_effect&quot;:&quot;yes&quot;,&quot;motion_fx_opacity_direction&quot;:&quot;in-out&quot;,&quot;motion_fx_opacity_range&quot;:{&quot;unit&quot;:&quot;%&quot;,&quot;size&quot;:&quot;&quot;,&quot;sizes&quot;:{&quot;start&quot;:50,&quot;end&quot;:100}},&quot;motion_fx_opacity_level&quot;:{&quot;unit&quot;:&quot;px&quot;,&quot;size&quot;:10,&quot;sizes&quot;:[]},&quot;motion_fx_devices&quot;:[&quot;desktop&quot;,&quot;tablet&quot;,&quot;mobile&quot;]}\">\n\t\t\t<div class=\"elementor-widget-wrap elementor-element-populated\">\n\t\t\t\t\t\t<div class=\"elementor-element elementor-element-4e72906 dupla-shadow elementor-widget elementor-widget-heading\" data-id=\"4e72906\" data-element_type=\"widget\" data-widget_type=\"heading.default\">\n\t\t\t\t<div class=\"elementor-widget-container\">\n\t\t\t\t\t<h4 class=\"elementor-heading-title elementor-size-default\">About us<\/h4>\t\t\t\t<\/div>\n\t\t\t\t<\/div>\n\t\t\t\t\t<\/div>\n\t\t<\/div>\n\t\t\t\t\t<\/div>\n\t\t<\/section>\n\t\t\t\t<section class=\"elementor-section elementor-top-section elementor-element elementor-element-621b9b2 elementor-section-height-min-height elementor-section-boxed elementor-section-height-default elementor-section-items-middle\" data-id=\"621b9b2\" data-element_type=\"section\">\n\t\t\t\t\t\t<div class=\"elementor-container elementor-column-gap-default\">\n\t\t\t\t\t<div class=\"elementor-column elementor-col-100 elementor-top-column elementor-element elementor-element-1adc3e2\" data-id=\"1adc3e2\" data-element_type=\"column\">\n\t\t\t<div class=\"elementor-widget-wrap elementor-element-populated\">\n\t\t\t\t\t\t<div class=\"elementor-element elementor-element-b0fd7b9 elementor-widget elementor-widget-heading\" data-id=\"b0fd7b9\" data-element_type=\"widget\" data-widget_type=\"heading.default\">\n\t\t\t\t<div class=\"elementor-widget-container\">\n\t\t\t\t\t<h4 class=\"elementor-heading-title elementor-size-default\">How would you describe yourself and your work?<\/h4>\t\t\t\t<\/div>\n\t\t\t\t<\/div>\n\t\t\t\t<div class=\"elementor-element elementor-element-8802f64 elementor-widget-divider--view-line elementor-widget elementor-widget-divider\" data-id=\"8802f64\" data-element_type=\"widget\" data-widget_type=\"divider.default\">\n\t\t\t\t<div class=\"elementor-widget-container\">\n\t\t\t\t\t\t\t<div class=\"elementor-divider\">\n\t\t\t<span class=\"elementor-divider-separator\">\n\t\t\t\t\t\t<\/span>\n\t\t<\/div>\n\t\t\t\t\t\t<\/div>\n\t\t\t\t<\/div>\n\t\t\t\t<div class=\"elementor-element elementor-element-bdb4e90 elementor-widget elementor-widget-text-editor\" data-id=\"bdb4e90\" data-element_type=\"widget\" data-widget_type=\"text-editor.default\">\n\t\t\t\t<div class=\"elementor-widget-container\">\n\t\t\t\t\t\t\t\t\t<p><strong>Bori:<\/strong> <em>conscientiousness, because if I do what the guest loves, I know he will come back, recommend it to someone else. I'd rather put it on for another 1-2 hours, just to make everything perfect.<\/em><\/p>\n<p><strong>Attila:<\/strong> <em>accuracy and speed while we get creative with the guest.<\/em><\/p>\t\t\t\t\t\t\t\t<\/div>\n\t\t\t\t<\/div>\n\t\t\t\t\t<\/div>\n\t\t<\/div>\n\t\t\t\t\t<\/div>\n\t\t<\/section>\n\t\t\t\t<section class=\"elementor-section elementor-top-section elementor-element elementor-element-0b4c687 elementor-section-boxed elementor-section-height-default elementor-section-height-default\" data-id=\"0b4c687\" data-element_type=\"section\">\n\t\t\t\t\t\t<div class=\"elementor-container elementor-column-gap-default\">\n\t\t\t\t\t<div class=\"elementor-column elementor-col-100 elementor-top-column elementor-element elementor-element-ac5c403\" data-id=\"ac5c403\" data-element_type=\"column\">\n\t\t\t<div class=\"elementor-widget-wrap elementor-element-populated\">\n\t\t\t\t\t\t<section class=\"elementor-section elementor-inner-section elementor-element elementor-element-254848a elementor-section-boxed elementor-section-height-default elementor-section-height-default\" data-id=\"254848a\" data-element_type=\"section\">\n\t\t\t\t\t\t<div class=\"elementor-container elementor-column-gap-default\">\n\t\t\t\t\t<div class=\"elementor-column elementor-col-25 elementor-inner-column elementor-element elementor-element-4d9beb3\" data-id=\"4d9beb3\" data-element_type=\"column\">\n\t\t\t<div class=\"elementor-widget-wrap\">\n\t\t\t\t\t\t\t<\/div>\n\t\t<\/div>\n\t\t\t\t<div class=\"elementor-column elementor-col-25 elementor-inner-column elementor-element elementor-element-8e4424e\" data-id=\"8e4424e\" data-element_type=\"column\">\n\t\t\t<div class=\"elementor-widget-wrap elementor-element-populated\">\n\t\t\t\t\t\t<div class=\"elementor-element elementor-element-1797657 elementor-cta--skin-cover elementor-cta--valign-middle elementor-animated-content elementor-bg-transform elementor-bg-transform-zoom-in elementor-widget elementor-widget-call-to-action\" data-id=\"1797657\" data-element_type=\"widget\" data-widget_type=\"call-to-action.default\">\n\t\t\t\t<div class=\"elementor-widget-container\">\n\t\t\t\t\t\t\t<div class=\"elementor-cta\">\n\t\t\t\t\t<div class=\"elementor-cta__bg-wrapper\">\n\t\t\t\t<div class=\"elementor-cta__bg elementor-bg\" style=\"background-image: url(https:\/\/inkroomtattoo.com\/wp-content\/uploads\/2020\/11\/optin-borifalvay-tattoo-1365x1200-1-1024x1024.jpg);\" role=\"img\" aria-label=\"Falvay Bori tattoo Tattoo Budapest - Inkroom tattoo\"><\/div>\n\t\t\t\t<div class=\"elementor-cta__bg-overlay\"><\/div>\n\t\t\t<\/div>\n\t\t\t\t\t\t\t<div class=\"elementor-cta__content\">\n\t\t\t\t\n\t\t\t\t\t\t\t\t\t<h4 class=\"elementor-cta__title elementor-cta__content-item elementor-content-item elementor-animated-item--grow\">\n\t\t\t\t\t\tFalvay <br>Bori\t\t\t\t\t<\/h4>\n\t\t\t\t\n\t\t\t\t\t\t\t\t\t<div class=\"elementor-cta__description elementor-cta__content-item elementor-content-item elementor-animated-item--grow\">\n\t\t\t\t\t\tPhone:<br> +3630-294-8575<br>\nEmail:<br> falvayborbala@gmail.com\n\t\t\t\t\t<\/div>\n\t\t\t\t\n\t\t\t\t\t\t\t\t\t<div class=\"elementor-cta__button-wrapper elementor-cta__content-item elementor-content-item elementor-animated-item--grow\">\n\t\t\t\t\t<a class=\"elementor-cta__button elementor-button elementor-size-\" href=\"https:\/\/inkroomtattoo.com\/en\/falvay-bori\/\">\n\t\t\t\t\t\tAbout me\t\t\t\t\t<\/a>\n\t\t\t\t\t<\/div>\n\t\t\t\t\t\t\t<\/div>\n\t\t\t\t\t\t<\/div>\n\t\t\t\t\t\t<\/div>\n\t\t\t\t<\/div>\n\t\t\t\t\t<\/div>\n\t\t<\/div>\n\t\t\t\t<div class=\"elementor-column elementor-col-25 elementor-inner-column elementor-element elementor-element-59b08d8\" data-id=\"59b08d8\" data-element_type=\"column\">\n\t\t\t<div class=\"elementor-widget-wrap elementor-element-populated\">\n\t\t\t\t\t\t<div class=\"elementor-element elementor-element-d45b7d3 elementor-cta--skin-cover elementor-cta--valign-middle elementor-animated-content elementor-bg-transform elementor-bg-transform-zoom-in elementor-widget elementor-widget-call-to-action\" data-id=\"d45b7d3\" data-element_type=\"widget\" data-widget_type=\"call-to-action.default\">\n\t\t\t\t<div class=\"elementor-widget-container\">\n\t\t\t\t\t\t\t<div class=\"elementor-cta\">\n\t\t\t\t\t<div class=\"elementor-cta__bg-wrapper\">\n\t\t\t\t<div class=\"elementor-cta__bg elementor-bg\" style=\"background-image: url(https:\/\/inkroomtattoo.com\/wp-content\/uploads\/2020\/11\/optin-Teglart1-1365x1200-1-1024x1024.jpg);\" role=\"img\" aria-label=\"T\u00e9gl\u00e1s Attila tattoo Tattoo Budapest - Inkroom tattoo\"><\/div>\n\t\t\t\t<div class=\"elementor-cta__bg-overlay\"><\/div>\n\t\t\t<\/div>\n\t\t\t\t\t\t\t<div class=\"elementor-cta__content\">\n\t\t\t\t\n\t\t\t\t\t\t\t\t\t<h4 class=\"elementor-cta__title elementor-cta__content-item elementor-content-item elementor-animated-item--grow\">\n\t\t\t\t\t\tT\u00e9gl\u00e1s <br>Attila\t\t\t\t\t<\/h4>\n\t\t\t\t\n\t\t\t\t\t\t\t\t\t<div class=\"elementor-cta__description elementor-cta__content-item elementor-content-item elementor-animated-item--grow\">\n\t\t\t\t\t\tPhone:<br> +3630-914-3215<br>\nEmail:<br> teglart@gmail.com\t\t\t\t\t<\/div>\n\t\t\t\t\n\t\t\t\t\t\t\t\t\t<div class=\"elementor-cta__button-wrapper elementor-cta__content-item elementor-content-item elementor-animated-item--grow\">\n\t\t\t\t\t<a class=\"elementor-cta__button elementor-button elementor-size-\" href=\"https:\/\/inkroomtattoo.com\/en\/teglas-attila\/\">\n\t\t\t\t\t\tAbout me\t\t\t\t\t<\/a>\n\t\t\t\t\t<\/div>\n\t\t\t\t\t\t\t<\/div>\n\t\t\t\t\t\t<\/div>\n\t\t\t\t\t\t<\/div>\n\t\t\t\t<\/div>\n\t\t\t\t\t<\/div>\n\t\t<\/div>\n\t\t\t\t<div class=\"elementor-column elementor-col-25 elementor-inner-column elementor-element elementor-element-bca1f02\" data-id=\"bca1f02\" data-element_type=\"column\">\n\t\t\t<div class=\"elementor-widget-wrap\">\n\t\t\t\t\t\t\t<\/div>\n\t\t<\/div>\n\t\t\t\t\t<\/div>\n\t\t<\/section>\n\t\t\t\t<section class=\"elementor-section elementor-inner-section elementor-element elementor-element-31a1b35 elementor-section-boxed elementor-section-height-default elementor-section-height-default\" data-id=\"31a1b35\" data-element_type=\"section\" data-settings=\"{&quot;motion_fx_motion_fx_scrolling&quot;:&quot;yes&quot;,&quot;motion_fx_opacity_effect&quot;:&quot;yes&quot;,&quot;motion_fx_opacity_range&quot;:{&quot;unit&quot;:&quot;%&quot;,&quot;size&quot;:&quot;&quot;,&quot;sizes&quot;:{&quot;start&quot;:0,&quot;end&quot;:50}},&quot;motion_fx_opacity_direction&quot;:&quot;out-in&quot;,&quot;motion_fx_opacity_level&quot;:{&quot;unit&quot;:&quot;px&quot;,&quot;size&quot;:10,&quot;sizes&quot;:[]},&quot;motion_fx_devices&quot;:[&quot;desktop&quot;,&quot;tablet&quot;,&quot;mobile&quot;]}\">\n\t\t\t\t\t\t<div class=\"elementor-container elementor-column-gap-default\">\n\t\t\t\t\t<div class=\"elementor-column elementor-col-33 elementor-inner-column elementor-element elementor-element-7d78388\" data-id=\"7d78388\" data-element_type=\"column\">\n\t\t\t<div class=\"elementor-widget-wrap\">\n\t\t\t\t\t\t\t<\/div>\n\t\t<\/div>\n\t\t\t\t<div class=\"elementor-column elementor-col-33 elementor-inner-column elementor-element elementor-element-bff07de\" data-id=\"bff07de\" data-element_type=\"column\">\n\t\t\t<div class=\"elementor-widget-wrap\">\n\t\t\t\t\t\t\t<\/div>\n\t\t<\/div>\n\t\t\t\t<div class=\"elementor-column elementor-col-33 elementor-inner-column elementor-element elementor-element-3e145b2\" data-id=\"3e145b2\" data-element_type=\"column\">\n\t\t\t<div class=\"elementor-widget-wrap\">\n\t\t\t\t\t\t\t<\/div>\n\t\t<\/div>\n\t\t\t\t\t<\/div>\n\t\t<\/section>\n\t\t\t\t\t<\/div>\n\t\t<\/div>\n\t\t\t\t\t<\/div>\n\t\t<\/section>\n\t\t\t\t<\/div>","protected":false},"excerpt":{"rendered":"<p>R\u00f3lunk Mivel jellemezn\u00e9d magadat \u00e9s a munk\u00e1dat? Bori: lelkiismeretess\u00e9g, mert ha olyat csin\u00e1lok, amit a vend\u00e9g im\u00e1d, akkor tudom, hogy vissza fog j\u00f6nni, aj\u00e1nlani fog m\u00e1snak. Ink\u00e1bb r\u00e1h\u00fazok m\u00e9g 1-2 \u00f3r\u00e1t, csakhogy t\u00f6k\u00e9letes legyen minden. Attila: pontoss\u00e1g \u00e9s gyorsas\u00e1g, mik\u00f6zben a vend\u00e9ggel egy\u00fctt kreat\u00edvkodunk. Falvay Bori Telefonsz\u00e1m: +3630-294-8575 E-mail c\u00edm: falvayborbala@gmail.com R\u00f3lam T\u00e9gl\u00e1s Attila Telefonsz\u00e1m: [&hellip;]<\/p>","protected":false},"author":1,"featured_media":0,"parent":0,"menu_order":0,"comment_status":"closed","ping_status":"closed","template":"elementor_header_footer","meta":{"footnotes":""},"class_list":["post-17","page","type-page","status-publish","hentry"],"yoast_head":"<!-- This site is optimized with the Yoast SEO plugin v25.3 - https:\/\/yoast.com\/wordpress\/plugins\/seo\/ -->\n<title>R\u00f3lunk - InkRoomTattoo | Tetov\u00e1l\u00f3 szalon Budapest<\/title>\n<meta name=\"description\" content=\"Inkroom Tattoo Budapest R\u00f3lunk: Ismerd meg a csapatot- precizit\u00e1s, kreativit\u00e1s \u00e9s szenved\u00e9ly minden egyes mint\u00e1ban.\" \/>\n<meta name=\"robots\" content=\"index, follow, max-snippet:-1, max-image-preview:large, max-video-preview:-1\" \/>\n<link rel=\"canonical\" href=\"https:\/\/inkroomtattoo.com\/en\/rolunk\/\" \/>\n<meta property=\"og:locale\" content=\"en_GB\" \/>\n<meta property=\"og:type\" content=\"article\" \/>\n<meta property=\"og:title\" content=\"r\u00f3lunk\" \/>\n<meta property=\"og:description\" content=\"R\u00f3lunk: Ismerd meg a csapatot- precizit\u00e1s, kreativit\u00e1s \u00e9s szenved\u00e9ly minden egyes mint\u00e1ban.\" \/>\n<meta property=\"og:url\" content=\"https:\/\/inkroomtattoo.com\/en\/rolunk\/\" \/>\n<meta property=\"og:site_name\" content=\"InkRoomTattoo\" \/>\n<meta property=\"article:modified_time\" content=\"2025-07-29T07:51:19+00:00\" \/>\n<meta name=\"twitter:card\" content=\"summary_large_image\" \/>\n<meta name=\"twitter:label1\" content=\"Estimated reading time\" \/>\n\t<meta name=\"twitter:data1\" content=\"1 minute\" \/>\n<script type=\"application\/ld+json\" class=\"yoast-schema-graph\">{\"@context\":\"https:\/\/schema.org\",\"@graph\":[{\"@type\":\"WebPage\",\"@id\":\"https:\/\/inkroomtattoo.com\/rolunk\/\",\"url\":\"https:\/\/inkroomtattoo.com\/rolunk\/\",\"name\":\"R\u00f3lunk - InkRoomTattoo | Tetov\u00e1l\u00f3 szalon Budapest\",\"isPartOf\":{\"@id\":\"https:\/\/inkroomtattoo.com\/#website\"},\"datePublished\":\"2020-11-24T09:04:07+00:00\",\"dateModified\":\"2025-07-29T07:51:19+00:00\",\"description\":\"Inkroom Tattoo Budapest R\u00f3lunk: Ismerd meg a csapatot- precizit\u00e1s, kreativit\u00e1s \u00e9s szenved\u00e9ly minden egyes mint\u00e1ban.\",\"breadcrumb\":{\"@id\":\"https:\/\/inkroomtattoo.com\/rolunk\/#breadcrumb\"},\"inLanguage\":\"en-GB\",\"potentialAction\":[{\"@type\":\"ReadAction\",\"target\":[\"https:\/\/inkroomtattoo.com\/rolunk\/\"]}]},{\"@type\":\"BreadcrumbList\",\"@id\":\"https:\/\/inkroomtattoo.com\/rolunk\/#breadcrumb\",\"itemListElement\":[{\"@type\":\"ListItem\",\"position\":1,\"name\":\"Kezd\u0151lap\",\"item\":\"https:\/\/inkroomtattoo.com\/\"},{\"@type\":\"ListItem\",\"position\":2,\"name\":\"R\u00f3lunk\"}]},{\"@type\":\"WebSite\",\"@id\":\"https:\/\/inkroomtattoo.com\/#website\",\"url\":\"https:\/\/inkroomtattoo.com\/\",\"name\":\"InkRoomTattoo\",\"description\":\"Tattoo Budapest\",\"publisher\":{\"@id\":\"https:\/\/inkroomtattoo.com\/#organization\"},\"potentialAction\":[{\"@type\":\"SearchAction\",\"target\":{\"@type\":\"EntryPoint\",\"urlTemplate\":\"https:\/\/inkroomtattoo.com\/?s={search_term_string}\"},\"query-input\":{\"@type\":\"PropertyValueSpecification\",\"valueRequired\":true,\"valueName\":\"search_term_string\"}}],\"inLanguage\":\"en-GB\"},{\"@type\":\"Organization\",\"@id\":\"https:\/\/inkroomtattoo.com\/#organization\",\"name\":\"Inkroomtattoo\",\"url\":\"https:\/\/inkroomtattoo.com\/\",\"logo\":{\"@type\":\"ImageObject\",\"inLanguage\":\"en-GB\",\"@id\":\"https:\/\/inkroomtattoo.com\/#\/schema\/logo\/image\/\",\"url\":\"https:\/\/inkroomtattoo.com\/wp-content\/uploads\/2020\/12\/cropped-inkroom_logo_egysoros_BLACKnegyzet-01.png\",\"contentUrl\":\"https:\/\/inkroomtattoo.com\/wp-content\/uploads\/2020\/12\/cropped-inkroom_logo_egysoros_BLACKnegyzet-01.png\",\"width\":512,\"height\":512,\"caption\":\"Inkroomtattoo\"},\"image\":{\"@id\":\"https:\/\/inkroomtattoo.com\/#\/schema\/logo\/image\/\"}}]}<\/script>\n<!-- \/ Yoast SEO plugin. -->","yoast_head_json":{"title":"R\u00f3lunk - InkRoomTattoo | Tetov\u00e1l\u00f3 szalon Budapest","description":"Inkroom Tattoo Budapest R\u00f3lunk: Ismerd meg a csapatot- precizit\u00e1s, kreativit\u00e1s \u00e9s szenved\u00e9ly minden egyes mint\u00e1ban.","robots":{"index":"index","follow":"follow","max-snippet":"max-snippet:-1","max-image-preview":"max-image-preview:large","max-video-preview":"max-video-preview:-1"},"canonical":"https:\/\/inkroomtattoo.com\/en\/rolunk\/","og_locale":"en_GB","og_type":"article","og_title":"r\u00f3lunk","og_description":"R\u00f3lunk: Ismerd meg a csapatot- precizit\u00e1s, kreativit\u00e1s \u00e9s szenved\u00e9ly minden egyes mint\u00e1ban.","og_url":"https:\/\/inkroomtattoo.com\/en\/rolunk\/","og_site_name":"InkRoomTattoo","article_modified_time":"2025-07-29T07:51:19+00:00","twitter_card":"summary_large_image","twitter_misc":{"Estimated reading time":"1 minute"},"schema":{"@context":"https:\/\/schema.org","@graph":[{"@type":"WebPage","@id":"https:\/\/inkroomtattoo.com\/rolunk\/","url":"https:\/\/inkroomtattoo.com\/rolunk\/","name":"R\u00f3lunk - InkRoomTattoo | Tetov\u00e1l\u00f3 szalon Budapest","isPartOf":{"@id":"https:\/\/inkroomtattoo.com\/#website"},"datePublished":"2020-11-24T09:04:07+00:00","dateModified":"2025-07-29T07:51:19+00:00","description":"Inkroom Tattoo Budapest R\u00f3lunk: Ismerd meg a csapatot- precizit\u00e1s, kreativit\u00e1s \u00e9s szenved\u00e9ly minden egyes mint\u00e1ban.","breadcrumb":{"@id":"https:\/\/inkroomtattoo.com\/rolunk\/#breadcrumb"},"inLanguage":"en-GB","potentialAction":[{"@type":"ReadAction","target":["https:\/\/inkroomtattoo.com\/rolunk\/"]}]},{"@type":"BreadcrumbList","@id":"https:\/\/inkroomtattoo.com\/rolunk\/#breadcrumb","itemListElement":[{"@type":"ListItem","position":1,"name":"Kezd\u0151lap","item":"https:\/\/inkroomtattoo.com\/"},{"@type":"ListItem","position":2,"name":"R\u00f3lunk"}]},{"@type":"WebSite","@id":"https:\/\/inkroomtattoo.com\/#website","url":"https:\/\/inkroomtattoo.com\/","name":"InkRoomTattoo","description":"Tattoo Budapest","publisher":{"@id":"https:\/\/inkroomtattoo.com\/#organization"},"potentialAction":[{"@type":"SearchAction","target":{"@type":"EntryPoint","urlTemplate":"https:\/\/inkroomtattoo.com\/?s={search_term_string}"},"query-input":{"@type":"PropertyValueSpecification","valueRequired":true,"valueName":"search_term_string"}}],"inLanguage":"en-GB"},{"@type":"Organization","@id":"https:\/\/inkroomtattoo.com\/#organization","name":"Inkroomtattoo","url":"https:\/\/inkroomtattoo.com\/","logo":{"@type":"ImageObject","inLanguage":"en-GB","@id":"https:\/\/inkroomtattoo.com\/#\/schema\/logo\/image\/","url":"https:\/\/inkroomtattoo.com\/wp-content\/uploads\/2020\/12\/cropped-inkroom_logo_egysoros_BLACKnegyzet-01.png","contentUrl":"https:\/\/inkroomtattoo.com\/wp-content\/uploads\/2020\/12\/cropped-inkroom_logo_egysoros_BLACKnegyzet-01.png","width":512,"height":512,"caption":"Inkroomtattoo"},"image":{"@id":"https:\/\/inkroomtattoo.com\/#\/schema\/logo\/image\/"}}]}},"_links":{"self":[{"href":"https:\/\/inkroomtattoo.com\/en\/wp-json\/wp\/v2\/pages\/17","targetHints":{"allow":["GET"]}}],"collection":[{"href":"https:\/\/inkroomtattoo.com\/en\/wp-json\/wp\/v2\/pages"}],"about":[{"href":"https:\/\/inkroomtattoo.com\/en\/wp-json\/wp\/v2\/types\/page"}],"author":[{"embeddable":true,"href":"https:\/\/inkroomtattoo.com\/en\/wp-json\/wp\/v2\/users\/1"}],"replies":[{"embeddable":true,"href":"https:\/\/inkroomtattoo.com\/en\/wp-json\/wp\/v2\/comments?post=17"}],"version-history":[{"count":55,"href":"https:\/\/inkroomtattoo.com\/en\/wp-json\/wp\/v2\/pages\/17\/revisions"}],"predecessor-version":[{"id":1780,"href":"https:\/\/inkroomtattoo.com\/en\/wp-json\/wp\/v2\/pages\/17\/revisions\/1780"}],"wp:attachment":[{"href":"https:\/\/inkroomtattoo.com\/en\/wp-json\/wp\/v2\/media?parent=17"}],"curies":[{"name":"wp","href":"https:\/\/api.w.org\/{rel}","templated":true}]}}