{"id":1642,"date":"2025-04-23T19:31:18","date_gmt":"2025-04-23T16:31:18","guid":{"rendered":"https:\/\/inkroomtattoo.com\/?page_id=1642"},"modified":"2025-04-23T20:17:46","modified_gmt":"2025-04-23T17:17:46","slug":"utokezeles-dry-healing-modszer","status":"publish","type":"page","link":"https:\/\/inkroomtattoo.com\/en\/utokezeles-dry-healing-modszer\/","title":{"rendered":"Aftercare \u2013 Dry healing method"},"content":{"rendered":"<div data-elementor-type=\"wp-page\" data-elementor-id=\"1642\" class=\"elementor elementor-1642\" data-elementor-post-type=\"page\">\n\t\t\t\t\t\t<section class=\"elementor-section elementor-top-section elementor-element elementor-element-47c59ac elementor-section-height-min-height animated-slow elementor-section-boxed elementor-section-height-default elementor-section-items-middle elementor-invisible\" data-id=\"47c59ac\" data-element_type=\"section\" data-settings=\"{&quot;background_background&quot;:&quot;classic&quot;,&quot;animation&quot;:&quot;fadeIn&quot;}\">\n\t\t\t\t\t\t<div class=\"elementor-container elementor-column-gap-default\">\n\t\t\t\t\t<div class=\"elementor-column elementor-col-100 elementor-top-column elementor-element elementor-element-fb3dba8\" data-id=\"fb3dba8\" data-element_type=\"column\" data-settings=\"{&quot;motion_fx_opacity_effect&quot;:&quot;yes&quot;,&quot;motion_fx_opacity_direction&quot;:&quot;in-out&quot;,&quot;motion_fx_opacity_range&quot;:{&quot;unit&quot;:&quot;%&quot;,&quot;size&quot;:&quot;&quot;,&quot;sizes&quot;:{&quot;start&quot;:50,&quot;end&quot;:100}},&quot;motion_fx_motion_fx_scrolling&quot;:&quot;yes&quot;,&quot;motion_fx_opacity_level&quot;:{&quot;unit&quot;:&quot;px&quot;,&quot;size&quot;:10,&quot;sizes&quot;:[]},&quot;motion_fx_devices&quot;:[&quot;desktop&quot;,&quot;tablet&quot;,&quot;mobile&quot;]}\">\n\t\t\t<div class=\"elementor-widget-wrap elementor-element-populated\">\n\t\t\t\t\t\t<div class=\"elementor-element elementor-element-7ca1338 dupla-shadow elementor-widget elementor-widget-heading\" data-id=\"7ca1338\" data-element_type=\"widget\" data-widget_type=\"heading.default\">\n\t\t\t\t<div class=\"elementor-widget-container\">\n\t\t\t\t\t<h1 class=\"elementor-heading-title elementor-size-default\">Aftercare \u2013 Dry healing method<\/h1>\t\t\t\t<\/div>\n\t\t\t\t<\/div>\n\t\t\t\t\t<\/div>\n\t\t<\/div>\n\t\t\t\t\t<\/div>\n\t\t<\/section>\n\t\t\t\t<section class=\"elementor-section elementor-top-section elementor-element elementor-element-512a1ff elementor-section-height-min-height elementor-section-boxed elementor-section-height-default elementor-section-items-middle\" data-id=\"512a1ff\" data-element_type=\"section\">\n\t\t\t\t\t\t<div class=\"elementor-container elementor-column-gap-default\">\n\t\t\t\t\t<div class=\"elementor-column elementor-col-100 elementor-top-column elementor-element elementor-element-a6f0ea4\" data-id=\"a6f0ea4\" data-element_type=\"column\">\n\t\t\t<div class=\"elementor-widget-wrap elementor-element-populated\">\n\t\t\t\t\t\t<div class=\"elementor-element elementor-element-f3e9c00 elementor-widget elementor-widget-text-editor\" data-id=\"f3e9c00\" data-element_type=\"widget\" data-widget_type=\"text-editor.default\">\n\t\t\t\t<div class=\"elementor-widget-container\">\n\t\t\t\t\t\t\t\t\t<p class=\"p2\">What you will need during the care, available from any pharmacy:<\/p><ul class=\"ul1\"><li class=\"li2\">Antibacterial soap (odorless, colorless)<\/li><li class=\"li2\">Octenisept spray<\/li><li class=\"li2\">Lotion<\/li><\/ul><p class=\"p2\">\u00a0<\/p><p class=\"p2\">The essence of \u201cdry healing\u201d is that we do not use foil and only a minimal amount of cream (or not at all), so we let the tattoo heal naturally.<\/p><ol class=\"ol1\"><li class=\"li3\">After the tattoo is done, the tattoo artist will clean the skin and bandage the fresh tattoo. You will need this bandage for about 2-4 hours until you get home and the tattoo calms down; it stops bleeding. The bandage protects the open wound from bacteria, dirt and contact with clothing.\u2028<\/li><li class=\"li3\">While the tattoo is fresh, it is important to keep it clean so that nothing gets into it that could cause infection. It is important to always wash your hands before touching it! <br \/>Remove the foil 2-4 hours after the tattoo and throw it away!\u2028<\/li><li class=\"li3\">Wash the tattoo with antibacterial soap, without soaking. Rinse thoroughly, first with lukewarm and then cold water to close the skin pores better.\u2028<\/li><li class=\"li3\">Gently blot with a paper towel or just let it dry. Do not wipe with a towel!<\/li><li class=\"li3\">Spray Octenisept spray evenly and let it dry.\u2028<\/li><li class=\"li3\">Thenk <b>DO NOT APPLY<\/b> cream, but <b>let it air<\/b>until it is completely dry (approx. 20\u201330 minutes). In the case of dry healing, there is no foil, after which the tattoo <b>remains free throughout<\/b>. Therefore, be very careful that the fresh tattoo DOES NOT come into contact with anything! Wear clean, loose clothing made of natural materials that won't rub your fresh tattoo!\u2028<\/li><li class=\"li3\">Spray it with Octenisept spray every hour and let it dry.<\/li><li class=\"li3\">In the first 1-2 days, wash your tattoo 2-3 times carefully, just like you did the first time. If the surface of the tattoo is no longer oozing, you can skip washing and just spray it with Octenisept spray. If it's very tight or dry, use only a minimal amount of moisturizer! The goal is for the skin to regenerate in its own natural way.<\/li><\/ol><p class=\"p2\">In about 7-10 days, the tattoo will start to peel, which is an unpleasant feeling because it itches. At this time, try not to pick at it with your nails, no matter how much you want to; because scratching too hard can tear the wound and the pattern will be incomplete. Try stroking, patting, or scratching through clothing. Using a very gentle skin scrub on the surface can also provide a pleasant feeling, and calendula cream can be a good solution to relieve itching.<\/p><p class=\"p2\">When your tattoo has completely peeled off, moisturize it with the body lotion you used to pre-treat the surface!<\/p><p class=\"p2\"><b>What NOT to do:<\/b><\/p><ul class=\"ul2\"><li class=\"li2\">do not scrape or scratch, the dead skin layer will fall off on its own, just be patient!<\/li><li class=\"li2\">do not soak it, you can shower, you should even wash it, but do not soak it!<\/li><li class=\"li2\">sunbathe, go to a solarium, use tanning cream; if you absolutely must sunbathe, cover it up!<\/li><li class=\"li2\">any kind of bathing or sauna is prohibited for 2-3 weeks<\/li><li class=\"li2\">do not use sunscreen while the tattoo is fresh<\/li><\/ul><p class=\"p2\">Once it is fully healed, use sunscreen when you are in the sun for a longer period of time to protect the colors and keep them vibrant for a long time!<\/p><p class=\"p2\"><b>When should you choose dry healing?<\/b><\/p><ul class=\"ul2\"><li class=\"li3\">If <b>you are sensitive to creams<\/b>, you are afraid of allergic reactions<\/li><li class=\"li3\">If <b>you do not have the opportunity to wrap regularly<\/b><b><\/b><\/li><li class=\"li3\">If you are aiming for a faster, natural healing process, with fewer external interventions<\/li><\/ul>\t\t\t\t\t\t\t\t<\/div>\n\t\t\t\t<\/div>\n\t\t\t\t<div class=\"elementor-element elementor-element-2a145ef elementor-align-center elementor-widget elementor-widget-button\" data-id=\"2a145ef\" data-element_type=\"widget\" data-widget_type=\"button.default\">\n\t\t\t\t<div class=\"elementor-widget-container\">\n\t\t\t\t\t\t\t\t\t<div class=\"elementor-button-wrapper\">\n\t\t\t\t\t<a class=\"elementor-button elementor-button-link elementor-size-sm elementor-animation-grow\" href=\"https:\/\/inkroomtattoo.com\/en\/kapcsolat\/\">\n\t\t\t\t\t\t<span class=\"elementor-button-content-wrapper\">\n\t\t\t\t\t\t\t\t\t<span class=\"elementor-button-text\">Contact<\/span>\n\t\t\t\t\t<\/span>\n\t\t\t\t\t<\/a>\n\t\t\t\t<\/div>\n\t\t\t\t\t\t\t\t<\/div>\n\t\t\t\t<\/div>\n\t\t\t\t\t<\/div>\n\t\t<\/div>\n\t\t\t\t\t<\/div>\n\t\t<\/section>\n\t\t\t\t<\/div>","protected":false},"excerpt":{"rendered":"<p>Ut\u00f3kezel\u00e9s \u2013 Dry healing m\u00f3dszer Amire sz\u00fcks\u00e9ged lesz az \u00e1pol\u00e1s sor\u00e1n, minden beszerezhet\u0151 patik\u00e1b\u00f3l: antibakteri\u00e1lis szappan (illatmentes, sz\u00ednez\u00e9kmentes) Octenisept spray test\u00e1pol\u00f3 \u00a0 A \u201edry healing\u201d l\u00e9nyege, hogy nem haszn\u00e1lunk f\u00f3li\u00e1t \u00e9s csak minim\u00e1lis mennyis\u00e9g\u0171 kr\u00e9met (vagy egy\u00e1ltal\u00e1n nem kenj\u00fck), teh\u00e1t hagyjuk a tetov\u00e1l\u00e1st term\u00e9szetesen gy\u00f3gyulni. A tetov\u00e1l\u00e1s elk\u00e9sz\u00fclte ut\u00e1n a tetov\u00e1l\u00f3 m\u0171v\u00e9sz megtiszt\u00edtja a b\u0151rt [&hellip;]<\/p>","protected":false},"author":1,"featured_media":0,"parent":0,"menu_order":0,"comment_status":"closed","ping_status":"closed","template":"elementor_header_footer","meta":{"footnotes":""},"class_list":["post-1642","page","type-page","status-publish","hentry"],"yoast_head":"<!-- This site is optimized with the Yoast SEO plugin v25.3 - https:\/\/yoast.com\/wordpress\/plugins\/seo\/ -->\n<title>Ut\u00f3kezel\u00e9s \u2013 Dry healing m\u00f3dszer - InkRoomTattoo<\/title>\n<meta name=\"robots\" content=\"index, follow, max-snippet:-1, max-image-preview:large, max-video-preview:-1\" \/>\n<link rel=\"canonical\" href=\"https:\/\/inkroomtattoo.com\/en\/utokezeles-dry-healing-modszer\/\" \/>\n<meta property=\"og:locale\" content=\"en_GB\" \/>\n<meta property=\"og:type\" content=\"article\" \/>\n<meta property=\"og:title\" content=\"Ut\u00f3kezel\u00e9s \u2013 Dry healing m\u00f3dszer - InkRoomTattoo\" \/>\n<meta property=\"og:description\" content=\"Ut\u00f3kezel\u00e9s \u2013 Dry healing m\u00f3dszer Amire sz\u00fcks\u00e9ged lesz az \u00e1pol\u00e1s sor\u00e1n, minden beszerezhet\u0151 patik\u00e1b\u00f3l: antibakteri\u00e1lis szappan (illatmentes, sz\u00ednez\u00e9kmentes) Octenisept spray test\u00e1pol\u00f3 \u00a0 A \u201edry healing\u201d l\u00e9nyege, hogy nem haszn\u00e1lunk f\u00f3li\u00e1t \u00e9s csak minim\u00e1lis mennyis\u00e9g\u0171 kr\u00e9met (vagy egy\u00e1ltal\u00e1n nem kenj\u00fck), teh\u00e1t hagyjuk a tetov\u00e1l\u00e1st term\u00e9szetesen gy\u00f3gyulni. A tetov\u00e1l\u00e1s elk\u00e9sz\u00fclte ut\u00e1n a tetov\u00e1l\u00f3 m\u0171v\u00e9sz megtiszt\u00edtja a b\u0151rt [&hellip;]\" \/>\n<meta property=\"og:url\" content=\"https:\/\/inkroomtattoo.com\/en\/utokezeles-dry-healing-modszer\/\" \/>\n<meta property=\"og:site_name\" content=\"InkRoomTattoo\" \/>\n<meta property=\"article:modified_time\" content=\"2025-04-23T17:17:46+00:00\" \/>\n<meta name=\"twitter:card\" content=\"summary_large_image\" \/>\n<meta name=\"twitter:label1\" content=\"Estimated reading time\" \/>\n\t<meta name=\"twitter:data1\" content=\"3 minutes\" \/>\n<script type=\"application\/ld+json\" class=\"yoast-schema-graph\">{\"@context\":\"https:\/\/schema.org\",\"@graph\":[{\"@type\":\"WebPage\",\"@id\":\"https:\/\/inkroomtattoo.com\/utokezeles-dry-healing-modszer\/\",\"url\":\"https:\/\/inkroomtattoo.com\/utokezeles-dry-healing-modszer\/\",\"name\":\"Ut\u00f3kezel\u00e9s \u2013 Dry healing m\u00f3dszer - InkRoomTattoo\",\"isPartOf\":{\"@id\":\"https:\/\/inkroomtattoo.com\/#website\"},\"datePublished\":\"2025-04-23T16:31:18+00:00\",\"dateModified\":\"2025-04-23T17:17:46+00:00\",\"breadcrumb\":{\"@id\":\"https:\/\/inkroomtattoo.com\/utokezeles-dry-healing-modszer\/#breadcrumb\"},\"inLanguage\":\"en-GB\",\"potentialAction\":[{\"@type\":\"ReadAction\",\"target\":[\"https:\/\/inkroomtattoo.com\/utokezeles-dry-healing-modszer\/\"]}]},{\"@type\":\"BreadcrumbList\",\"@id\":\"https:\/\/inkroomtattoo.com\/utokezeles-dry-healing-modszer\/#breadcrumb\",\"itemListElement\":[{\"@type\":\"ListItem\",\"position\":1,\"name\":\"Kezd\u0151lap\",\"item\":\"https:\/\/inkroomtattoo.com\/\"},{\"@type\":\"ListItem\",\"position\":2,\"name\":\"Ut\u00f3kezel\u00e9s \u2013 Dry healing m\u00f3dszer\"}]},{\"@type\":\"WebSite\",\"@id\":\"https:\/\/inkroomtattoo.com\/#website\",\"url\":\"https:\/\/inkroomtattoo.com\/\",\"name\":\"InkRoomTattoo\",\"description\":\"Tattoo Budapest\",\"publisher\":{\"@id\":\"https:\/\/inkroomtattoo.com\/#organization\"},\"potentialAction\":[{\"@type\":\"SearchAction\",\"target\":{\"@type\":\"EntryPoint\",\"urlTemplate\":\"https:\/\/inkroomtattoo.com\/?s={search_term_string}\"},\"query-input\":{\"@type\":\"PropertyValueSpecification\",\"valueRequired\":true,\"valueName\":\"search_term_string\"}}],\"inLanguage\":\"en-GB\"},{\"@type\":\"Organization\",\"@id\":\"https:\/\/inkroomtattoo.com\/#organization\",\"name\":\"Inkroomtattoo\",\"url\":\"https:\/\/inkroomtattoo.com\/\",\"logo\":{\"@type\":\"ImageObject\",\"inLanguage\":\"en-GB\",\"@id\":\"https:\/\/inkroomtattoo.com\/#\/schema\/logo\/image\/\",\"url\":\"https:\/\/inkroomtattoo.com\/wp-content\/uploads\/2020\/12\/cropped-inkroom_logo_egysoros_BLACKnegyzet-01.png\",\"contentUrl\":\"https:\/\/inkroomtattoo.com\/wp-content\/uploads\/2020\/12\/cropped-inkroom_logo_egysoros_BLACKnegyzet-01.png\",\"width\":512,\"height\":512,\"caption\":\"Inkroomtattoo\"},\"image\":{\"@id\":\"https:\/\/inkroomtattoo.com\/#\/schema\/logo\/image\/\"}}]}<\/script>\n<!-- \/ Yoast SEO plugin. -->","yoast_head_json":{"title":"Ut\u00f3kezel\u00e9s \u2013 Dry healing m\u00f3dszer - InkRoomTattoo","robots":{"index":"index","follow":"follow","max-snippet":"max-snippet:-1","max-image-preview":"max-image-preview:large","max-video-preview":"max-video-preview:-1"},"canonical":"https:\/\/inkroomtattoo.com\/en\/utokezeles-dry-healing-modszer\/","og_locale":"en_GB","og_type":"article","og_title":"Ut\u00f3kezel\u00e9s \u2013 Dry healing m\u00f3dszer - InkRoomTattoo","og_description":"Ut\u00f3kezel\u00e9s \u2013 Dry healing m\u00f3dszer Amire sz\u00fcks\u00e9ged lesz az \u00e1pol\u00e1s sor\u00e1n, minden beszerezhet\u0151 patik\u00e1b\u00f3l: antibakteri\u00e1lis szappan (illatmentes, sz\u00ednez\u00e9kmentes) Octenisept spray test\u00e1pol\u00f3 \u00a0 A \u201edry healing\u201d l\u00e9nyege, hogy nem haszn\u00e1lunk f\u00f3li\u00e1t \u00e9s csak minim\u00e1lis mennyis\u00e9g\u0171 kr\u00e9met (vagy egy\u00e1ltal\u00e1n nem kenj\u00fck), teh\u00e1t hagyjuk a tetov\u00e1l\u00e1st term\u00e9szetesen gy\u00f3gyulni. A tetov\u00e1l\u00e1s elk\u00e9sz\u00fclte ut\u00e1n a tetov\u00e1l\u00f3 m\u0171v\u00e9sz megtiszt\u00edtja a b\u0151rt [&hellip;]","og_url":"https:\/\/inkroomtattoo.com\/en\/utokezeles-dry-healing-modszer\/","og_site_name":"InkRoomTattoo","article_modified_time":"2025-04-23T17:17:46+00:00","twitter_card":"summary_large_image","twitter_misc":{"Estimated reading time":"3 minutes"},"schema":{"@context":"https:\/\/schema.org","@graph":[{"@type":"WebPage","@id":"https:\/\/inkroomtattoo.com\/utokezeles-dry-healing-modszer\/","url":"https:\/\/inkroomtattoo.com\/utokezeles-dry-healing-modszer\/","name":"Ut\u00f3kezel\u00e9s \u2013 Dry healing m\u00f3dszer - InkRoomTattoo","isPartOf":{"@id":"https:\/\/inkroomtattoo.com\/#website"},"datePublished":"2025-04-23T16:31:18+00:00","dateModified":"2025-04-23T17:17:46+00:00","breadcrumb":{"@id":"https:\/\/inkroomtattoo.com\/utokezeles-dry-healing-modszer\/#breadcrumb"},"inLanguage":"en-GB","potentialAction":[{"@type":"ReadAction","target":["https:\/\/inkroomtattoo.com\/utokezeles-dry-healing-modszer\/"]}]},{"@type":"BreadcrumbList","@id":"https:\/\/inkroomtattoo.com\/utokezeles-dry-healing-modszer\/#breadcrumb","itemListElement":[{"@type":"ListItem","position":1,"name":"Kezd\u0151lap","item":"https:\/\/inkroomtattoo.com\/"},{"@type":"ListItem","position":2,"name":"Ut\u00f3kezel\u00e9s \u2013 Dry healing m\u00f3dszer"}]},{"@type":"WebSite","@id":"https:\/\/inkroomtattoo.com\/#website","url":"https:\/\/inkroomtattoo.com\/","name":"InkRoomTattoo","description":"Tattoo Budapest","publisher":{"@id":"https:\/\/inkroomtattoo.com\/#organization"},"potentialAction":[{"@type":"SearchAction","target":{"@type":"EntryPoint","urlTemplate":"https:\/\/inkroomtattoo.com\/?s={search_term_string}"},"query-input":{"@type":"PropertyValueSpecification","valueRequired":true,"valueName":"search_term_string"}}],"inLanguage":"en-GB"},{"@type":"Organization","@id":"https:\/\/inkroomtattoo.com\/#organization","name":"Inkroomtattoo","url":"https:\/\/inkroomtattoo.com\/","logo":{"@type":"ImageObject","inLanguage":"en-GB","@id":"https:\/\/inkroomtattoo.com\/#\/schema\/logo\/image\/","url":"https:\/\/inkroomtattoo.com\/wp-content\/uploads\/2020\/12\/cropped-inkroom_logo_egysoros_BLACKnegyzet-01.png","contentUrl":"https:\/\/inkroomtattoo.com\/wp-content\/uploads\/2020\/12\/cropped-inkroom_logo_egysoros_BLACKnegyzet-01.png","width":512,"height":512,"caption":"Inkroomtattoo"},"image":{"@id":"https:\/\/inkroomtattoo.com\/#\/schema\/logo\/image\/"}}]}},"_links":{"self":[{"href":"https:\/\/inkroomtattoo.com\/en\/wp-json\/wp\/v2\/pages\/1642","targetHints":{"allow":["GET"]}}],"collection":[{"href":"https:\/\/inkroomtattoo.com\/en\/wp-json\/wp\/v2\/pages"}],"about":[{"href":"https:\/\/inkroomtattoo.com\/en\/wp-json\/wp\/v2\/types\/page"}],"author":[{"embeddable":true,"href":"https:\/\/inkroomtattoo.com\/en\/wp-json\/wp\/v2\/users\/1"}],"replies":[{"embeddable":true,"href":"https:\/\/inkroomtattoo.com\/en\/wp-json\/wp\/v2\/comments?post=1642"}],"version-history":[{"count":7,"href":"https:\/\/inkroomtattoo.com\/en\/wp-json\/wp\/v2\/pages\/1642\/revisions"}],"predecessor-version":[{"id":1659,"href":"https:\/\/inkroomtattoo.com\/en\/wp-json\/wp\/v2\/pages\/1642\/revisions\/1659"}],"wp:attachment":[{"href":"https:\/\/inkroomtattoo.com\/en\/wp-json\/wp\/v2\/media?parent=1642"}],"curies":[{"name":"wp","href":"https:\/\/api.w.org\/{rel}","templated":true}]}}