{"id":1637,"date":"2025-04-23T19:28:27","date_gmt":"2025-04-23T16:28:27","guid":{"rendered":"https:\/\/inkroomtattoo.com\/?page_id=1637"},"modified":"2025-04-23T20:18:41","modified_gmt":"2025-04-23T17:18:41","slug":"utokezeles-second-skin-nel","status":"publish","type":"page","link":"https:\/\/inkroomtattoo.com\/en\/utokezeles-second-skin-nel\/","title":{"rendered":"Aftercare with second skin"},"content":{"rendered":"<div data-elementor-type=\"wp-page\" data-elementor-id=\"1637\" class=\"elementor elementor-1637\" data-elementor-post-type=\"page\">\n\t\t\t\t\t\t<section class=\"elementor-section elementor-top-section elementor-element elementor-element-13e97d6 elementor-section-height-min-height animated-slow elementor-section-boxed elementor-section-height-default elementor-section-items-middle elementor-invisible\" data-id=\"13e97d6\" data-element_type=\"section\" data-settings=\"{&quot;background_background&quot;:&quot;classic&quot;,&quot;animation&quot;:&quot;fadeIn&quot;}\">\n\t\t\t\t\t\t<div class=\"elementor-container elementor-column-gap-default\">\n\t\t\t\t\t<div class=\"elementor-column elementor-col-100 elementor-top-column elementor-element elementor-element-5bce374\" data-id=\"5bce374\" data-element_type=\"column\" data-settings=\"{&quot;motion_fx_opacity_effect&quot;:&quot;yes&quot;,&quot;motion_fx_opacity_direction&quot;:&quot;in-out&quot;,&quot;motion_fx_opacity_range&quot;:{&quot;unit&quot;:&quot;%&quot;,&quot;size&quot;:&quot;&quot;,&quot;sizes&quot;:{&quot;start&quot;:50,&quot;end&quot;:100}},&quot;motion_fx_motion_fx_scrolling&quot;:&quot;yes&quot;,&quot;motion_fx_opacity_level&quot;:{&quot;unit&quot;:&quot;px&quot;,&quot;size&quot;:10,&quot;sizes&quot;:[]},&quot;motion_fx_devices&quot;:[&quot;desktop&quot;,&quot;tablet&quot;,&quot;mobile&quot;]}\">\n\t\t\t<div class=\"elementor-widget-wrap elementor-element-populated\">\n\t\t\t\t\t\t<div class=\"elementor-element elementor-element-cf60b70 dupla-shadow elementor-widget elementor-widget-heading\" data-id=\"cf60b70\" data-element_type=\"widget\" data-widget_type=\"heading.default\">\n\t\t\t\t<div class=\"elementor-widget-container\">\n\t\t\t\t\t<h1 class=\"elementor-heading-title elementor-size-default\">Aftercare with second skin<\/h1>\t\t\t\t<\/div>\n\t\t\t\t<\/div>\n\t\t\t\t\t<\/div>\n\t\t<\/div>\n\t\t\t\t\t<\/div>\n\t\t<\/section>\n\t\t\t\t<section class=\"elementor-section elementor-top-section elementor-element elementor-element-3692442 elementor-section-height-min-height elementor-section-boxed elementor-section-height-default elementor-section-items-middle\" data-id=\"3692442\" data-element_type=\"section\">\n\t\t\t\t\t\t<div class=\"elementor-container elementor-column-gap-default\">\n\t\t\t\t\t<div class=\"elementor-column elementor-col-100 elementor-top-column elementor-element elementor-element-49b4112\" data-id=\"49b4112\" data-element_type=\"column\">\n\t\t\t<div class=\"elementor-widget-wrap elementor-element-populated\">\n\t\t\t\t\t\t<div class=\"elementor-element elementor-element-c01d117 elementor-widget elementor-widget-text-editor\" data-id=\"c01d117\" data-element_type=\"widget\" data-widget_type=\"text-editor.default\">\n\t\t\t\t<div class=\"elementor-widget-container\">\n\t\t\t\t\t\t\t\t\t<p class=\"p1\">What you will need during the care, available from any pharmacy:<\/p>\n<ul class=\"ul1\">\n<li class=\"li1\">cream for aftercare: Bepanthen cream (wetter consistency)\/ointment (greaser consistency)<\/li>\n<li class=\"li1\">Antibacterial soap (odorless, colorless)<\/li>\n<li class=\"li1\">Lotion<\/li>\n<\/ul>\n<p class=\"p3\">This form of aftercare is used for smaller, linear patterns, when the wound does not bleed so intensely after the tattoo is done. After proper disinfection, we apply a special, transparent, self-adhesive film \u2013 this is the second skin.<\/p>\n<p class=\"p3\">For the first 3-4 days, you do not have to worry about the bandage. You can shower with it, but do not soak it. The second skin releases its adhesive ability when you sweat. Do not worry if liquid (plasma, ink, some blood) collects underneath \u2013 this is completely normal in the first few days. It is forbidden to pick at these fluid-filled blisters, because this way bacteria can get under them and they can become infected under the foil. If it really bothers you, you can squeeze the fluid out to the edge of the foil. If the fluid has accumulated a lot, it is better to remove the second sikn and perform the <span class=\"s1\"><a href=\"https:\/\/inkroomtattoo.com\/en\/utokezeles-folpack-foliaval\/\">aftercare with folpack foil<\/a>.<\/span><\/p>\n<ol class=\"ol1\">\n<li class=\"li1\">Wash your hands thoroughly!\u2028<\/li>\n<li class=\"li3\">When removing the foil, carefully pull it down towards the skin, not up, as is usually the case with the wax strip. If you do it under lukewarm water, the removal feels less unpleasant.\u2028<\/li>\n<li class=\"li1\">After removing it, wash the tattoo with antibacterial soap, without soaking it.\u2028<\/li>\n<li class=\"li1\">Gently blot with a paper towel or just let it dry. Do not wipe with a towel!<\/li>\n<li class=\"li3\">Apply a thin layer of Bepanthen for 5-7 days until it peels off.<\/li>\n<\/ol>\n<p class=\"p1\">In about 7-10 days, the tattoo will start to peel, which is an unpleasant feeling, because it itches. At this time, try not to pick at it with your nails, no matter how much you want to; because scratching vigorously can tear the wound and the pattern will be incomplete. Try stroking, patting, or scratching through clothing. You can also use a gentle skin scrub on the surface, and calendula cream can be a good solution to relieve itching.<\/p>\n<p class=\"p1\"><strong>After the 10th day:<\/strong><\/p>\n<p class=\"p1\">When your tattoo has completely peeled off, you will not need Bepanthen, but until its surface is shiny and has not completely healed, moisturize it with the body lotion you used to pre-treat the surface.<\/p>\n<p class=\"p1\"><strong>What NOT to do:<\/strong><\/p>\n<ul class=\"ul2\">\n<li class=\"li1\">do not use any other cream than the ones prescribed<\/li>\n<li class=\"li1\">do not scrape or scratch, the dead skin layer will fall off on its own, just be patient!<\/li>\n<li class=\"li1\">do not soak it, you can shower, you should even wash it, but do not soak it!<\/li>\n<li class=\"li1\">napozni, szol\u00e1riumba menni, barn\u00edt\u00f3 kr\u00e9met haszn\u00e1lni, ha minden\u00e1ron napozni szeretn\u00e9l, takard le!<\/li>\n<li class=\"li1\">any kind of bathing or sauna is prohibited for 2-3 weeks<\/li>\n<li class=\"li1\">do not use sunscreen while the tattoo is fresh<\/li>\n<\/ul>\n<p class=\"p1\">Once it is fully healed, use sunscreen when you are in the sun for a longer period of time to protect the colors and keep them vibrant for a long time!<\/p>\t\t\t\t\t\t\t\t<\/div>\n\t\t\t\t<\/div>\n\t\t\t\t<div class=\"elementor-element elementor-element-f69324f elementor-align-center elementor-widget elementor-widget-button\" data-id=\"f69324f\" data-element_type=\"widget\" data-widget_type=\"button.default\">\n\t\t\t\t<div class=\"elementor-widget-container\">\n\t\t\t\t\t\t\t\t\t<div class=\"elementor-button-wrapper\">\n\t\t\t\t\t<a class=\"elementor-button elementor-button-link elementor-size-sm elementor-animation-grow\" href=\"https:\/\/inkroomtattoo.com\/en\/kapcsolat\/\">\n\t\t\t\t\t\t<span class=\"elementor-button-content-wrapper\">\n\t\t\t\t\t\t\t\t\t<span class=\"elementor-button-text\">Contact<\/span>\n\t\t\t\t\t<\/span>\n\t\t\t\t\t<\/a>\n\t\t\t\t<\/div>\n\t\t\t\t\t\t\t\t<\/div>\n\t\t\t\t<\/div>\n\t\t\t\t\t<\/div>\n\t\t<\/div>\n\t\t\t\t\t<\/div>\n\t\t<\/section>\n\t\t\t\t<\/div>","protected":false},"excerpt":{"rendered":"<p>Ut\u00f3kezel\u00e9s second skin-nel Amire sz\u00fcks\u00e9ged lesz az \u00e1pol\u00e1s sor\u00e1n, minden beszerezhet\u0151 patik\u00e1b\u00f3l: kr\u00e9m az ut\u00f3kezel\u00e9shez: Bepanthen kr\u00e9m (vizesebb \u00e1llag\u00fa)\/ken\u0151cs (zs\u00edrosabb \u00e1llag\u00fa) antibakteri\u00e1lis szappan (illatmentes, sz\u00ednez\u00e9kmentes) test\u00e1pol\u00f3 Ezt az ut\u00f3kezel\u00e9si form\u00e1t kisebb, vonalas mint\u00e1kn\u00e1l alkalmazzuk, amikor a tetov\u00e1l\u00e1s elk\u00e9sz\u00fcl\u00e9se ut\u00e1n nem v\u00e9rzik olyan intenz\u00edven a seb. Megfelel\u0151 fert\u0151tlen\u00edt\u00e9st k\u00f6vet\u0151en felhelyez\u00fcnk egy speci\u00e1lis, \u00e1tl\u00e1tsz\u00f3, \u00f6ntapad\u00f3 f\u00f3li\u00e1t \u2013 [&hellip;]<\/p>","protected":false},"author":1,"featured_media":0,"parent":0,"menu_order":0,"comment_status":"closed","ping_status":"closed","template":"elementor_header_footer","meta":{"footnotes":""},"class_list":["post-1637","page","type-page","status-publish","hentry"],"yoast_head":"<!-- This site is optimized with the Yoast SEO plugin v25.3 - https:\/\/yoast.com\/wordpress\/plugins\/seo\/ -->\n<title>Ut\u00f3kezel\u00e9s second skin-nel - InkRoomTattoo<\/title>\n<meta name=\"robots\" content=\"index, follow, max-snippet:-1, max-image-preview:large, max-video-preview:-1\" \/>\n<link rel=\"canonical\" href=\"https:\/\/inkroomtattoo.com\/en\/utokezeles-second-skin-nel\/\" \/>\n<meta property=\"og:locale\" content=\"en_GB\" \/>\n<meta property=\"og:type\" content=\"article\" \/>\n<meta property=\"og:title\" content=\"Ut\u00f3kezel\u00e9s second skin-nel - InkRoomTattoo\" \/>\n<meta property=\"og:description\" content=\"Ut\u00f3kezel\u00e9s second skin-nel Amire sz\u00fcks\u00e9ged lesz az \u00e1pol\u00e1s sor\u00e1n, minden beszerezhet\u0151 patik\u00e1b\u00f3l: kr\u00e9m az ut\u00f3kezel\u00e9shez: Bepanthen kr\u00e9m (vizesebb \u00e1llag\u00fa)\/ken\u0151cs (zs\u00edrosabb \u00e1llag\u00fa) antibakteri\u00e1lis szappan (illatmentes, sz\u00ednez\u00e9kmentes) test\u00e1pol\u00f3 Ezt az ut\u00f3kezel\u00e9si form\u00e1t kisebb, vonalas mint\u00e1kn\u00e1l alkalmazzuk, amikor a tetov\u00e1l\u00e1s elk\u00e9sz\u00fcl\u00e9se ut\u00e1n nem v\u00e9rzik olyan intenz\u00edven a seb. Megfelel\u0151 fert\u0151tlen\u00edt\u00e9st k\u00f6vet\u0151en felhelyez\u00fcnk egy speci\u00e1lis, \u00e1tl\u00e1tsz\u00f3, \u00f6ntapad\u00f3 f\u00f3li\u00e1t \u2013 [&hellip;]\" \/>\n<meta property=\"og:url\" content=\"https:\/\/inkroomtattoo.com\/en\/utokezeles-second-skin-nel\/\" \/>\n<meta property=\"og:site_name\" content=\"InkRoomTattoo\" \/>\n<meta property=\"article:modified_time\" content=\"2025-04-23T17:18:41+00:00\" \/>\n<meta name=\"twitter:card\" content=\"summary_large_image\" \/>\n<meta name=\"twitter:label1\" content=\"Estimated reading time\" \/>\n\t<meta name=\"twitter:data1\" content=\"3 minutes\" \/>\n<script type=\"application\/ld+json\" class=\"yoast-schema-graph\">{\"@context\":\"https:\/\/schema.org\",\"@graph\":[{\"@type\":\"WebPage\",\"@id\":\"https:\/\/inkroomtattoo.com\/utokezeles-second-skin-nel\/\",\"url\":\"https:\/\/inkroomtattoo.com\/utokezeles-second-skin-nel\/\",\"name\":\"Ut\u00f3kezel\u00e9s second skin-nel - InkRoomTattoo\",\"isPartOf\":{\"@id\":\"https:\/\/inkroomtattoo.com\/#website\"},\"datePublished\":\"2025-04-23T16:28:27+00:00\",\"dateModified\":\"2025-04-23T17:18:41+00:00\",\"breadcrumb\":{\"@id\":\"https:\/\/inkroomtattoo.com\/utokezeles-second-skin-nel\/#breadcrumb\"},\"inLanguage\":\"en-GB\",\"potentialAction\":[{\"@type\":\"ReadAction\",\"target\":[\"https:\/\/inkroomtattoo.com\/utokezeles-second-skin-nel\/\"]}]},{\"@type\":\"BreadcrumbList\",\"@id\":\"https:\/\/inkroomtattoo.com\/utokezeles-second-skin-nel\/#breadcrumb\",\"itemListElement\":[{\"@type\":\"ListItem\",\"position\":1,\"name\":\"Kezd\u0151lap\",\"item\":\"https:\/\/inkroomtattoo.com\/\"},{\"@type\":\"ListItem\",\"position\":2,\"name\":\"Ut\u00f3kezel\u00e9s second skin-nel\"}]},{\"@type\":\"WebSite\",\"@id\":\"https:\/\/inkroomtattoo.com\/#website\",\"url\":\"https:\/\/inkroomtattoo.com\/\",\"name\":\"InkRoomTattoo\",\"description\":\"Tattoo Budapest\",\"publisher\":{\"@id\":\"https:\/\/inkroomtattoo.com\/#organization\"},\"potentialAction\":[{\"@type\":\"SearchAction\",\"target\":{\"@type\":\"EntryPoint\",\"urlTemplate\":\"https:\/\/inkroomtattoo.com\/?s={search_term_string}\"},\"query-input\":{\"@type\":\"PropertyValueSpecification\",\"valueRequired\":true,\"valueName\":\"search_term_string\"}}],\"inLanguage\":\"en-GB\"},{\"@type\":\"Organization\",\"@id\":\"https:\/\/inkroomtattoo.com\/#organization\",\"name\":\"Inkroomtattoo\",\"url\":\"https:\/\/inkroomtattoo.com\/\",\"logo\":{\"@type\":\"ImageObject\",\"inLanguage\":\"en-GB\",\"@id\":\"https:\/\/inkroomtattoo.com\/#\/schema\/logo\/image\/\",\"url\":\"https:\/\/inkroomtattoo.com\/wp-content\/uploads\/2020\/12\/cropped-inkroom_logo_egysoros_BLACKnegyzet-01.png\",\"contentUrl\":\"https:\/\/inkroomtattoo.com\/wp-content\/uploads\/2020\/12\/cropped-inkroom_logo_egysoros_BLACKnegyzet-01.png\",\"width\":512,\"height\":512,\"caption\":\"Inkroomtattoo\"},\"image\":{\"@id\":\"https:\/\/inkroomtattoo.com\/#\/schema\/logo\/image\/\"}}]}<\/script>\n<!-- \/ Yoast SEO plugin. -->","yoast_head_json":{"title":"Ut\u00f3kezel\u00e9s second skin-nel - InkRoomTattoo","robots":{"index":"index","follow":"follow","max-snippet":"max-snippet:-1","max-image-preview":"max-image-preview:large","max-video-preview":"max-video-preview:-1"},"canonical":"https:\/\/inkroomtattoo.com\/en\/utokezeles-second-skin-nel\/","og_locale":"en_GB","og_type":"article","og_title":"Ut\u00f3kezel\u00e9s second skin-nel - InkRoomTattoo","og_description":"Ut\u00f3kezel\u00e9s second skin-nel Amire sz\u00fcks\u00e9ged lesz az \u00e1pol\u00e1s sor\u00e1n, minden beszerezhet\u0151 patik\u00e1b\u00f3l: kr\u00e9m az ut\u00f3kezel\u00e9shez: Bepanthen kr\u00e9m (vizesebb \u00e1llag\u00fa)\/ken\u0151cs (zs\u00edrosabb \u00e1llag\u00fa) antibakteri\u00e1lis szappan (illatmentes, sz\u00ednez\u00e9kmentes) test\u00e1pol\u00f3 Ezt az ut\u00f3kezel\u00e9si form\u00e1t kisebb, vonalas mint\u00e1kn\u00e1l alkalmazzuk, amikor a tetov\u00e1l\u00e1s elk\u00e9sz\u00fcl\u00e9se ut\u00e1n nem v\u00e9rzik olyan intenz\u00edven a seb. Megfelel\u0151 fert\u0151tlen\u00edt\u00e9st k\u00f6vet\u0151en felhelyez\u00fcnk egy speci\u00e1lis, \u00e1tl\u00e1tsz\u00f3, \u00f6ntapad\u00f3 f\u00f3li\u00e1t \u2013 [&hellip;]","og_url":"https:\/\/inkroomtattoo.com\/en\/utokezeles-second-skin-nel\/","og_site_name":"InkRoomTattoo","article_modified_time":"2025-04-23T17:18:41+00:00","twitter_card":"summary_large_image","twitter_misc":{"Estimated reading time":"3 minutes"},"schema":{"@context":"https:\/\/schema.org","@graph":[{"@type":"WebPage","@id":"https:\/\/inkroomtattoo.com\/utokezeles-second-skin-nel\/","url":"https:\/\/inkroomtattoo.com\/utokezeles-second-skin-nel\/","name":"Ut\u00f3kezel\u00e9s second skin-nel - InkRoomTattoo","isPartOf":{"@id":"https:\/\/inkroomtattoo.com\/#website"},"datePublished":"2025-04-23T16:28:27+00:00","dateModified":"2025-04-23T17:18:41+00:00","breadcrumb":{"@id":"https:\/\/inkroomtattoo.com\/utokezeles-second-skin-nel\/#breadcrumb"},"inLanguage":"en-GB","potentialAction":[{"@type":"ReadAction","target":["https:\/\/inkroomtattoo.com\/utokezeles-second-skin-nel\/"]}]},{"@type":"BreadcrumbList","@id":"https:\/\/inkroomtattoo.com\/utokezeles-second-skin-nel\/#breadcrumb","itemListElement":[{"@type":"ListItem","position":1,"name":"Kezd\u0151lap","item":"https:\/\/inkroomtattoo.com\/"},{"@type":"ListItem","position":2,"name":"Ut\u00f3kezel\u00e9s second skin-nel"}]},{"@type":"WebSite","@id":"https:\/\/inkroomtattoo.com\/#website","url":"https:\/\/inkroomtattoo.com\/","name":"InkRoomTattoo","description":"Tattoo Budapest","publisher":{"@id":"https:\/\/inkroomtattoo.com\/#organization"},"potentialAction":[{"@type":"SearchAction","target":{"@type":"EntryPoint","urlTemplate":"https:\/\/inkroomtattoo.com\/?s={search_term_string}"},"query-input":{"@type":"PropertyValueSpecification","valueRequired":true,"valueName":"search_term_string"}}],"inLanguage":"en-GB"},{"@type":"Organization","@id":"https:\/\/inkroomtattoo.com\/#organization","name":"Inkroomtattoo","url":"https:\/\/inkroomtattoo.com\/","logo":{"@type":"ImageObject","inLanguage":"en-GB","@id":"https:\/\/inkroomtattoo.com\/#\/schema\/logo\/image\/","url":"https:\/\/inkroomtattoo.com\/wp-content\/uploads\/2020\/12\/cropped-inkroom_logo_egysoros_BLACKnegyzet-01.png","contentUrl":"https:\/\/inkroomtattoo.com\/wp-content\/uploads\/2020\/12\/cropped-inkroom_logo_egysoros_BLACKnegyzet-01.png","width":512,"height":512,"caption":"Inkroomtattoo"},"image":{"@id":"https:\/\/inkroomtattoo.com\/#\/schema\/logo\/image\/"}}]}},"_links":{"self":[{"href":"https:\/\/inkroomtattoo.com\/en\/wp-json\/wp\/v2\/pages\/1637","targetHints":{"allow":["GET"]}}],"collection":[{"href":"https:\/\/inkroomtattoo.com\/en\/wp-json\/wp\/v2\/pages"}],"about":[{"href":"https:\/\/inkroomtattoo.com\/en\/wp-json\/wp\/v2\/types\/page"}],"author":[{"embeddable":true,"href":"https:\/\/inkroomtattoo.com\/en\/wp-json\/wp\/v2\/users\/1"}],"replies":[{"embeddable":true,"href":"https:\/\/inkroomtattoo.com\/en\/wp-json\/wp\/v2\/comments?post=1637"}],"version-history":[{"count":7,"href":"https:\/\/inkroomtattoo.com\/en\/wp-json\/wp\/v2\/pages\/1637\/revisions"}],"predecessor-version":[{"id":1662,"href":"https:\/\/inkroomtattoo.com\/en\/wp-json\/wp\/v2\/pages\/1637\/revisions\/1662"}],"wp:attachment":[{"href":"https:\/\/inkroomtattoo.com\/en\/wp-json\/wp\/v2\/media?parent=1637"}],"curies":[{"name":"wp","href":"https:\/\/api.w.org\/{rel}","templated":true}]}}