{"id":1632,"date":"2025-04-23T19:24:43","date_gmt":"2025-04-23T16:24:43","guid":{"rendered":"https:\/\/inkroomtattoo.com\/?page_id=1632"},"modified":"2025-07-22T12:01:10","modified_gmt":"2025-07-22T09:01:10","slug":"utokezeles-folpack-foliaval","status":"publish","type":"page","link":"https:\/\/inkroomtattoo.com\/en\/utokezeles-folpack-foliaval\/","title":{"rendered":"Aftercare with folpack foil"},"content":{"rendered":"<div data-elementor-type=\"wp-page\" data-elementor-id=\"1632\" class=\"elementor elementor-1632\" data-elementor-post-type=\"page\">\n\t\t\t\t\t\t<section class=\"elementor-section elementor-top-section elementor-element elementor-element-4d4e5bf elementor-section-height-min-height animated-slow elementor-section-boxed elementor-section-height-default elementor-section-items-middle elementor-invisible\" data-id=\"4d4e5bf\" data-element_type=\"section\" data-settings=\"{&quot;background_background&quot;:&quot;classic&quot;,&quot;animation&quot;:&quot;fadeIn&quot;}\">\n\t\t\t\t\t\t<div class=\"elementor-container elementor-column-gap-default\">\n\t\t\t\t\t<div class=\"elementor-column elementor-col-100 elementor-top-column elementor-element elementor-element-0e36ade\" data-id=\"0e36ade\" data-element_type=\"column\" data-settings=\"{&quot;motion_fx_opacity_effect&quot;:&quot;yes&quot;,&quot;motion_fx_opacity_direction&quot;:&quot;in-out&quot;,&quot;motion_fx_opacity_range&quot;:{&quot;unit&quot;:&quot;%&quot;,&quot;size&quot;:&quot;&quot;,&quot;sizes&quot;:{&quot;start&quot;:50,&quot;end&quot;:100}},&quot;motion_fx_motion_fx_scrolling&quot;:&quot;yes&quot;,&quot;motion_fx_opacity_level&quot;:{&quot;unit&quot;:&quot;px&quot;,&quot;size&quot;:10,&quot;sizes&quot;:[]},&quot;motion_fx_devices&quot;:[&quot;desktop&quot;,&quot;tablet&quot;,&quot;mobile&quot;]}\">\n\t\t\t<div class=\"elementor-widget-wrap elementor-element-populated\">\n\t\t\t\t\t\t<div class=\"elementor-element elementor-element-983275b dupla-shadow elementor-widget elementor-widget-heading\" data-id=\"983275b\" data-element_type=\"widget\" data-widget_type=\"heading.default\">\n\t\t\t\t<div class=\"elementor-widget-container\">\n\t\t\t\t\t<h1 class=\"elementor-heading-title elementor-size-default\">Aftercare with folpack foil<\/h1>\t\t\t\t<\/div>\n\t\t\t\t<\/div>\n\t\t\t\t\t<\/div>\n\t\t<\/div>\n\t\t\t\t\t<\/div>\n\t\t<\/section>\n\t\t\t\t<section class=\"elementor-section elementor-top-section elementor-element elementor-element-dcf3e35 elementor-section-height-min-height elementor-section-boxed elementor-section-height-default elementor-section-items-middle\" data-id=\"dcf3e35\" data-element_type=\"section\">\n\t\t\t\t\t\t<div class=\"elementor-container elementor-column-gap-default\">\n\t\t\t\t\t<div class=\"elementor-column elementor-col-100 elementor-top-column elementor-element elementor-element-cfafbdf\" data-id=\"cfafbdf\" data-element_type=\"column\">\n\t\t\t<div class=\"elementor-widget-wrap elementor-element-populated\">\n\t\t\t\t\t\t<div class=\"elementor-element elementor-element-1c13061 elementor-widget elementor-widget-text-editor\" data-id=\"1c13061\" data-element_type=\"widget\" data-widget_type=\"text-editor.default\">\n\t\t\t\t<div class=\"elementor-widget-container\">\n\t\t\t\t\t\t\t\t\t<p class=\"p1\">What you will need during the care, available from any pharmacy:<\/p>\n<ul class=\"ul1\">\n<li class=\"li1\">cream for aftercare: Bepanthen cream (wetter consistency)\/ointment (greaser consistency)<\/li>\n<li class=\"li1\">Antibacterial soap (odorless, colorless)<\/li>\n<li class=\"li1\">Octenisept spray<\/li>\n<li class=\"li1\">medical adhesive tape<\/li>\n<li class=\"li1\">folpack foil<\/li>\n<li class=\"li1\">Lotion<\/li>\n<\/ul>\n<ol class=\"ol1\">\n<li class=\"li3\">After the tattoo is done, the tattoo artist will clean the skin and cover the fresh tattoo with folpack foil. This will protect the open wound from bacteria, dirt and contact with clothing. From now on, you will have to repeat this process as described.\u2028<\/li>\n<li class=\"li1\">While the tattoo is fresh, it is important to keep it clean so that nothing gets into it that could cause infection. It is important to always wash your hands before touching it!<\/li>\n<li class=\"li1\">Remove the foil a few hours after the tattoo and throw it away!\u2028<\/li>\n<li class=\"li1\">Wash the tattoo with antibacterial soap, without soaking. Rinse thoroughly, first with lukewarm and then cold water to close the skin pores better.\u2028<\/li>\n<li class=\"li1\">Gently blot with a paper towel or just let it dry. Do not wipe with a towel!<\/li>\n<li class=\"li1\">Spray Octenisept spray evenly and let it dry.\u2028<\/li>\n<li class=\"li1\">Apply <span class=\"s1\">a thin layer<\/span> of Bepanthen and place a clean foil pack on top. Make sure that the inside of the foil is in contact with the tattoo.<\/li>\n<\/ol>\n<p class=\"p5\"><b>The next day<\/b>when it is no longer bleeding or oozing, it is still important to keep the wound clean. Wash it with soap, rinse thoroughly with water, dry it with a paper towel and spray it with Octenisept spray. When it has dried, apply <span class=\"s1\">a thin layer<\/span> of Bepanthen and cover it with a clean plastic foil. Make sure that the inside of the foil is in contact with the tattoo. Change this bandage 2-3 times during the day, so repeat the steps in point 8.<\/p>\n<p class=\"p5\"><b>On the third day <\/b>, the tattoo will no longer oozing, so the folpack foil will no longer be needed, instead leave it open so that your skin can breathe. Apply a thin layer of Bepanthen 2-3 times during the day, the goal is to hydrate.<\/p>\n<p class=\"p1\">In about 7-10 days, the tattoo will start to peel, which is an unpleasant feeling, because it itches. At this time, try not to pick at it with your nails, no matter how much you want to; because scratching vigorously can tear the wound and the pattern will be incomplete. Try stroking, patting, or scratching through clothing. You can also use a gentle skin scrub on the surface, and calendula cream can be a good solution to relieve itching.<\/p>\n<p class=\"p1\"><strong>After the 10th day:<\/strong><\/p>\n<p class=\"p1\">When your tattoo has completely peeled off, you will not need Bepanthen, but until its surface is shiny and has not completely healed, moisturize it with the body lotion you used to pre-treat the surface.<\/p>\n<p class=\"p1\"><strong>What NOT to do:<\/strong><\/p>\n<ul class=\"ul2\">\n<li class=\"li1\">do not use any other cream than the ones prescribed<\/li>\n<li class=\"li1\">do not scrape or scratch, the dead skin layer will fall off on its own, just be patient!<\/li>\n<li class=\"li1\">do not soak it, you can shower, you should even wash it, but do not soak it!<\/li>\n<li class=\"li1\">sunbathe, go to a solarium, use tanning cream; if you absolutely must sunbathe, cover it up!<\/li>\n<li class=\"li1\">any kind of bathing or sauna is prohibited for 2-3 weeks<\/li>\n<li class=\"li1\">do not use sunscreen while the tattoo is fresh<\/li>\n<\/ul>\n<p class=\"p1\">Once it is fully healed, use sunscreen when you are in the sun for a longer period of time to protect the colors and keep them vibrant for a long time!<\/p><ol class=\"ol1\">\n<\/ol>\t\t\t\t\t\t\t\t<\/div>\n\t\t\t\t<\/div>\n\t\t\t\t<div class=\"elementor-element elementor-element-1b454d9 elementor-align-center elementor-widget elementor-widget-button\" data-id=\"1b454d9\" data-element_type=\"widget\" data-widget_type=\"button.default\">\n\t\t\t\t<div class=\"elementor-widget-container\">\n\t\t\t\t\t\t\t\t\t<div class=\"elementor-button-wrapper\">\n\t\t\t\t\t<a class=\"elementor-button elementor-button-link elementor-size-sm elementor-animation-grow\" href=\"https:\/\/inkroomtattoo.com\/en\/kapcsolat\/\">\n\t\t\t\t\t\t<span class=\"elementor-button-content-wrapper\">\n\t\t\t\t\t\t\t\t\t<span class=\"elementor-button-text\">Contact<\/span>\n\t\t\t\t\t<\/span>\n\t\t\t\t\t<\/a>\n\t\t\t\t<\/div>\n\t\t\t\t\t\t\t\t<\/div>\n\t\t\t\t<\/div>\n\t\t\t\t\t<\/div>\n\t\t<\/div>\n\t\t\t\t\t<\/div>\n\t\t<\/section>\n\t\t\t\t<\/div>","protected":false},"excerpt":{"rendered":"<p>Ut\u00f3kezel\u00e9s folpack f\u00f3li\u00e1val Amire sz\u00fcks\u00e9ged lesz az \u00e1pol\u00e1s sor\u00e1n, minden beszerezhet\u0151 patik\u00e1b\u00f3l: kr\u00e9m az ut\u00f3kezel\u00e9shez: Bepanthen kr\u00e9m (vizesebb \u00e1llag\u00fa)\/ken\u0151cs (zs\u00edrosabb \u00e1llag\u00fa) antibakteri\u00e1lis szappan (illatmentes, sz\u00ednez\u00e9kmentes) Octenisept spray orvosi ragaszt\u00f3szalag folpack f\u00f3lia test\u00e1pol\u00f3 A tetov\u00e1l\u00e1s elk\u00e9sz\u00fclte ut\u00e1n a tetov\u00e1l\u00f3 m\u0171v\u00e9sz megtiszt\u00edtja a b\u0151rt \u00e9s lefedi a friss tetov\u00e1l\u00e1st folpack f\u00f3li\u00e1val. Ez megv\u00e9di a ny\u00edlt sebet a [&hellip;]<\/p>","protected":false},"author":1,"featured_media":0,"parent":0,"menu_order":0,"comment_status":"closed","ping_status":"closed","template":"elementor_header_footer","meta":{"footnotes":""},"class_list":["post-1632","page","type-page","status-publish","hentry"],"yoast_head":"<!-- This site is optimized with the Yoast SEO plugin v25.3 - https:\/\/yoast.com\/wordpress\/plugins\/seo\/ -->\n<title>Ut\u00f3kezel\u00e9s folpack f\u00f3li\u00e1val - InkRoomTattoo<\/title>\n<meta name=\"robots\" content=\"index, follow, max-snippet:-1, max-image-preview:large, max-video-preview:-1\" \/>\n<link rel=\"canonical\" href=\"https:\/\/inkroomtattoo.com\/en\/utokezeles-folpack-foliaval\/\" \/>\n<meta property=\"og:locale\" content=\"en_GB\" \/>\n<meta property=\"og:type\" content=\"article\" \/>\n<meta property=\"og:title\" content=\"Ut\u00f3kezel\u00e9s folpack f\u00f3li\u00e1val - InkRoomTattoo\" \/>\n<meta property=\"og:description\" content=\"Ut\u00f3kezel\u00e9s folpack f\u00f3li\u00e1val Amire sz\u00fcks\u00e9ged lesz az \u00e1pol\u00e1s sor\u00e1n, minden beszerezhet\u0151 patik\u00e1b\u00f3l: kr\u00e9m az ut\u00f3kezel\u00e9shez: Bepanthen kr\u00e9m (vizesebb \u00e1llag\u00fa)\/ken\u0151cs (zs\u00edrosabb \u00e1llag\u00fa) antibakteri\u00e1lis szappan (illatmentes, sz\u00ednez\u00e9kmentes) Octenisept spray orvosi ragaszt\u00f3szalag folpack f\u00f3lia test\u00e1pol\u00f3 A tetov\u00e1l\u00e1s elk\u00e9sz\u00fclte ut\u00e1n a tetov\u00e1l\u00f3 m\u0171v\u00e9sz megtiszt\u00edtja a b\u0151rt \u00e9s lefedi a friss tetov\u00e1l\u00e1st folpack f\u00f3li\u00e1val. Ez megv\u00e9di a ny\u00edlt sebet a [&hellip;]\" \/>\n<meta property=\"og:url\" content=\"https:\/\/inkroomtattoo.com\/en\/utokezeles-folpack-foliaval\/\" \/>\n<meta property=\"og:site_name\" content=\"InkRoomTattoo\" \/>\n<meta property=\"article:modified_time\" content=\"2025-07-22T09:01:10+00:00\" \/>\n<meta name=\"twitter:card\" content=\"summary_large_image\" \/>\n<meta name=\"twitter:label1\" content=\"Estimated reading time\" \/>\n\t<meta name=\"twitter:data1\" content=\"3 minutes\" \/>\n<script type=\"application\/ld+json\" class=\"yoast-schema-graph\">{\"@context\":\"https:\/\/schema.org\",\"@graph\":[{\"@type\":\"WebPage\",\"@id\":\"https:\/\/inkroomtattoo.com\/utokezeles-folpack-foliaval\/\",\"url\":\"https:\/\/inkroomtattoo.com\/utokezeles-folpack-foliaval\/\",\"name\":\"Ut\u00f3kezel\u00e9s folpack f\u00f3li\u00e1val - InkRoomTattoo\",\"isPartOf\":{\"@id\":\"https:\/\/inkroomtattoo.com\/#website\"},\"datePublished\":\"2025-04-23T16:24:43+00:00\",\"dateModified\":\"2025-07-22T09:01:10+00:00\",\"breadcrumb\":{\"@id\":\"https:\/\/inkroomtattoo.com\/utokezeles-folpack-foliaval\/#breadcrumb\"},\"inLanguage\":\"en-GB\",\"potentialAction\":[{\"@type\":\"ReadAction\",\"target\":[\"https:\/\/inkroomtattoo.com\/utokezeles-folpack-foliaval\/\"]}]},{\"@type\":\"BreadcrumbList\",\"@id\":\"https:\/\/inkroomtattoo.com\/utokezeles-folpack-foliaval\/#breadcrumb\",\"itemListElement\":[{\"@type\":\"ListItem\",\"position\":1,\"name\":\"Kezd\u0151lap\",\"item\":\"https:\/\/inkroomtattoo.com\/\"},{\"@type\":\"ListItem\",\"position\":2,\"name\":\"Ut\u00f3kezel\u00e9s folpack f\u00f3li\u00e1val\"}]},{\"@type\":\"WebSite\",\"@id\":\"https:\/\/inkroomtattoo.com\/#website\",\"url\":\"https:\/\/inkroomtattoo.com\/\",\"name\":\"InkRoomTattoo\",\"description\":\"Tattoo Budapest\",\"publisher\":{\"@id\":\"https:\/\/inkroomtattoo.com\/#organization\"},\"potentialAction\":[{\"@type\":\"SearchAction\",\"target\":{\"@type\":\"EntryPoint\",\"urlTemplate\":\"https:\/\/inkroomtattoo.com\/?s={search_term_string}\"},\"query-input\":{\"@type\":\"PropertyValueSpecification\",\"valueRequired\":true,\"valueName\":\"search_term_string\"}}],\"inLanguage\":\"en-GB\"},{\"@type\":\"Organization\",\"@id\":\"https:\/\/inkroomtattoo.com\/#organization\",\"name\":\"Inkroomtattoo\",\"url\":\"https:\/\/inkroomtattoo.com\/\",\"logo\":{\"@type\":\"ImageObject\",\"inLanguage\":\"en-GB\",\"@id\":\"https:\/\/inkroomtattoo.com\/#\/schema\/logo\/image\/\",\"url\":\"https:\/\/inkroomtattoo.com\/wp-content\/uploads\/2020\/12\/cropped-inkroom_logo_egysoros_BLACKnegyzet-01.png\",\"contentUrl\":\"https:\/\/inkroomtattoo.com\/wp-content\/uploads\/2020\/12\/cropped-inkroom_logo_egysoros_BLACKnegyzet-01.png\",\"width\":512,\"height\":512,\"caption\":\"Inkroomtattoo\"},\"image\":{\"@id\":\"https:\/\/inkroomtattoo.com\/#\/schema\/logo\/image\/\"}}]}<\/script>\n<!-- \/ Yoast SEO plugin. -->","yoast_head_json":{"title":"Ut\u00f3kezel\u00e9s folpack f\u00f3li\u00e1val - InkRoomTattoo","robots":{"index":"index","follow":"follow","max-snippet":"max-snippet:-1","max-image-preview":"max-image-preview:large","max-video-preview":"max-video-preview:-1"},"canonical":"https:\/\/inkroomtattoo.com\/en\/utokezeles-folpack-foliaval\/","og_locale":"en_GB","og_type":"article","og_title":"Ut\u00f3kezel\u00e9s folpack f\u00f3li\u00e1val - InkRoomTattoo","og_description":"Ut\u00f3kezel\u00e9s folpack f\u00f3li\u00e1val Amire sz\u00fcks\u00e9ged lesz az \u00e1pol\u00e1s sor\u00e1n, minden beszerezhet\u0151 patik\u00e1b\u00f3l: kr\u00e9m az ut\u00f3kezel\u00e9shez: Bepanthen kr\u00e9m (vizesebb \u00e1llag\u00fa)\/ken\u0151cs (zs\u00edrosabb \u00e1llag\u00fa) antibakteri\u00e1lis szappan (illatmentes, sz\u00ednez\u00e9kmentes) Octenisept spray orvosi ragaszt\u00f3szalag folpack f\u00f3lia test\u00e1pol\u00f3 A tetov\u00e1l\u00e1s elk\u00e9sz\u00fclte ut\u00e1n a tetov\u00e1l\u00f3 m\u0171v\u00e9sz megtiszt\u00edtja a b\u0151rt \u00e9s lefedi a friss tetov\u00e1l\u00e1st folpack f\u00f3li\u00e1val. Ez megv\u00e9di a ny\u00edlt sebet a [&hellip;]","og_url":"https:\/\/inkroomtattoo.com\/en\/utokezeles-folpack-foliaval\/","og_site_name":"InkRoomTattoo","article_modified_time":"2025-07-22T09:01:10+00:00","twitter_card":"summary_large_image","twitter_misc":{"Estimated reading time":"3 minutes"},"schema":{"@context":"https:\/\/schema.org","@graph":[{"@type":"WebPage","@id":"https:\/\/inkroomtattoo.com\/utokezeles-folpack-foliaval\/","url":"https:\/\/inkroomtattoo.com\/utokezeles-folpack-foliaval\/","name":"Ut\u00f3kezel\u00e9s folpack f\u00f3li\u00e1val - InkRoomTattoo","isPartOf":{"@id":"https:\/\/inkroomtattoo.com\/#website"},"datePublished":"2025-04-23T16:24:43+00:00","dateModified":"2025-07-22T09:01:10+00:00","breadcrumb":{"@id":"https:\/\/inkroomtattoo.com\/utokezeles-folpack-foliaval\/#breadcrumb"},"inLanguage":"en-GB","potentialAction":[{"@type":"ReadAction","target":["https:\/\/inkroomtattoo.com\/utokezeles-folpack-foliaval\/"]}]},{"@type":"BreadcrumbList","@id":"https:\/\/inkroomtattoo.com\/utokezeles-folpack-foliaval\/#breadcrumb","itemListElement":[{"@type":"ListItem","position":1,"name":"Kezd\u0151lap","item":"https:\/\/inkroomtattoo.com\/"},{"@type":"ListItem","position":2,"name":"Ut\u00f3kezel\u00e9s folpack f\u00f3li\u00e1val"}]},{"@type":"WebSite","@id":"https:\/\/inkroomtattoo.com\/#website","url":"https:\/\/inkroomtattoo.com\/","name":"InkRoomTattoo","description":"Tattoo Budapest","publisher":{"@id":"https:\/\/inkroomtattoo.com\/#organization"},"potentialAction":[{"@type":"SearchAction","target":{"@type":"EntryPoint","urlTemplate":"https:\/\/inkroomtattoo.com\/?s={search_term_string}"},"query-input":{"@type":"PropertyValueSpecification","valueRequired":true,"valueName":"search_term_string"}}],"inLanguage":"en-GB"},{"@type":"Organization","@id":"https:\/\/inkroomtattoo.com\/#organization","name":"Inkroomtattoo","url":"https:\/\/inkroomtattoo.com\/","logo":{"@type":"ImageObject","inLanguage":"en-GB","@id":"https:\/\/inkroomtattoo.com\/#\/schema\/logo\/image\/","url":"https:\/\/inkroomtattoo.com\/wp-content\/uploads\/2020\/12\/cropped-inkroom_logo_egysoros_BLACKnegyzet-01.png","contentUrl":"https:\/\/inkroomtattoo.com\/wp-content\/uploads\/2020\/12\/cropped-inkroom_logo_egysoros_BLACKnegyzet-01.png","width":512,"height":512,"caption":"Inkroomtattoo"},"image":{"@id":"https:\/\/inkroomtattoo.com\/#\/schema\/logo\/image\/"}}]}},"_links":{"self":[{"href":"https:\/\/inkroomtattoo.com\/en\/wp-json\/wp\/v2\/pages\/1632","targetHints":{"allow":["GET"]}}],"collection":[{"href":"https:\/\/inkroomtattoo.com\/en\/wp-json\/wp\/v2\/pages"}],"about":[{"href":"https:\/\/inkroomtattoo.com\/en\/wp-json\/wp\/v2\/types\/page"}],"author":[{"embeddable":true,"href":"https:\/\/inkroomtattoo.com\/en\/wp-json\/wp\/v2\/users\/1"}],"replies":[{"embeddable":true,"href":"https:\/\/inkroomtattoo.com\/en\/wp-json\/wp\/v2\/comments?post=1632"}],"version-history":[{"count":7,"href":"https:\/\/inkroomtattoo.com\/en\/wp-json\/wp\/v2\/pages\/1632\/revisions"}],"predecessor-version":[{"id":1774,"href":"https:\/\/inkroomtattoo.com\/en\/wp-json\/wp\/v2\/pages\/1632\/revisions\/1774"}],"wp:attachment":[{"href":"https:\/\/inkroomtattoo.com\/en\/wp-json\/wp\/v2\/media?parent=1632"}],"curies":[{"name":"wp","href":"https:\/\/api.w.org\/{rel}","templated":true}]}}