{"id":1516,"date":"2025-04-22T15:30:42","date_gmt":"2025-04-22T12:30:42","guid":{"rendered":"https:\/\/inkroomtattoo.com\/?page_id=1516"},"modified":"2025-04-22T15:51:27","modified_gmt":"2025-04-22T12:51:27","slug":"ajandekutalvany","status":"publish","type":"page","link":"https:\/\/inkroomtattoo.com\/en\/ajandekutalvany\/","title":{"rendered":"Gift voucher"},"content":{"rendered":"<div data-elementor-type=\"wp-page\" data-elementor-id=\"1516\" class=\"elementor elementor-1516\" data-elementor-post-type=\"page\">\n\t\t\t\t\t\t<section class=\"elementor-section elementor-top-section elementor-element elementor-element-db5e4cc elementor-section-height-min-height elementor-section-boxed elementor-section-height-default elementor-section-items-middle\" data-id=\"db5e4cc\" data-element_type=\"section\">\n\t\t\t\t\t\t<div class=\"elementor-container elementor-column-gap-default\">\n\t\t\t\t\t<div class=\"elementor-column elementor-col-100 elementor-top-column elementor-element elementor-element-13c80b9\" data-id=\"13c80b9\" data-element_type=\"column\">\n\t\t\t<div class=\"elementor-widget-wrap elementor-element-populated\">\n\t\t\t\t\t\t<div class=\"elementor-element elementor-element-7ce44d6 dupla-shadow elementor-invisible elementor-widget elementor-widget-heading\" data-id=\"7ce44d6\" data-element_type=\"widget\" data-settings=\"{&quot;_animation&quot;:&quot;slideInRight&quot;}\" data-widget_type=\"heading.default\">\n\t\t\t\t<div class=\"elementor-widget-container\">\n\t\t\t\t\t<h1 class=\"elementor-heading-title elementor-size-default\">Gift voucher<\/h1>\t\t\t\t<\/div>\n\t\t\t\t<\/div>\n\t\t\t\t<div class=\"elementor-element elementor-element-fa62f92 elementor-widget-divider--view-line elementor-invisible elementor-widget elementor-widget-divider\" data-id=\"fa62f92\" data-element_type=\"widget\" data-settings=\"{&quot;_animation&quot;:&quot;slideInRight&quot;,&quot;_animation_delay&quot;:500}\" data-widget_type=\"divider.default\">\n\t\t\t\t<div class=\"elementor-widget-container\">\n\t\t\t\t\t\t\t<div class=\"elementor-divider\">\n\t\t\t<span class=\"elementor-divider-separator\">\n\t\t\t\t\t\t<\/span>\n\t\t<\/div>\n\t\t\t\t\t\t<\/div>\n\t\t\t\t<\/div>\n\t\t\t\t\t<\/div>\n\t\t<\/div>\n\t\t\t\t\t<\/div>\n\t\t<\/section>\n\t\t\t\t<section class=\"elementor-section elementor-top-section elementor-element elementor-element-8568c82 elementor-section-boxed elementor-section-height-default elementor-section-height-default elementor-invisible\" data-id=\"8568c82\" data-element_type=\"section\" data-settings=\"{&quot;animation&quot;:&quot;slideInUp&quot;}\">\n\t\t\t\t\t\t<div class=\"elementor-container elementor-column-gap-default\">\n\t\t\t\t\t<div class=\"elementor-column elementor-col-100 elementor-top-column elementor-element elementor-element-9f1910e\" data-id=\"9f1910e\" data-element_type=\"column\">\n\t\t\t<div class=\"elementor-widget-wrap elementor-element-populated\">\n\t\t\t\t\t\t<section class=\"elementor-section elementor-inner-section elementor-element elementor-element-78a314c elementor-section-boxed elementor-section-height-default elementor-section-height-default\" data-id=\"78a314c\" data-element_type=\"section\">\n\t\t\t\t\t\t<div class=\"elementor-container elementor-column-gap-default\">\n\t\t\t\t\t<div class=\"elementor-column elementor-col-100 elementor-inner-column elementor-element elementor-element-5937c37\" data-id=\"5937c37\" data-element_type=\"column\">\n\t\t\t<div class=\"elementor-widget-wrap elementor-element-populated\">\n\t\t\t\t\t\t<div class=\"elementor-element elementor-element-f48093a elementor-widget elementor-widget-text-editor\" data-id=\"f48093a\" data-element_type=\"widget\" data-widget_type=\"text-editor.default\">\n\t\t\t\t<div class=\"elementor-widget-container\">\n\t\t\t\t\t\t\t\t\t<p class=\"p1\"><b>Looking for a truly unique gift?\u2028<\/b><br \/>If you don't know what to give, or if you're tired of the usual gifts, our voucher is a creative, special, and truly lasting gift idea!<\/p><p class=\"p2\"><b>Available in any amount\u2028<\/b><b><\/b><\/p><p class=\"p3\">You decide the value of the voucher, so you won\u2019t have to spend more than the cost of the tattoo you choose. The minimum amount is 5,000 HUF, and the maximum is 20,000 HUF.<\/p><p class=\"p1\"><b>Validity<\/b><br \/>The gift voucher can be used anytime within 1 year from the date of purchase.\u2028<\/p><p class=\"p1\">If the cost of the tattoo is lower than the value of the voucher, the remaining balance can be used for a later tattoo, within the original validity period.\u2028<\/p><p class=\"p1\">The gift voucher is transferable, meaning others can use it, even multiple people. The owner\u2019s name will always be indicated on the voucher, but anyone can use it.<\/p><p class=\"p1\"><b>Immediate purchase\u2028<\/b><br \/>You can purchase the gift voucher immediately during our full opening hours at our salon, so if you decide on the spot, there\u2019s no need to wait!<\/p>\t\t\t\t\t\t\t\t<\/div>\n\t\t\t\t<\/div>\n\t\t\t\t\t<\/div>\n\t\t<\/div>\n\t\t\t\t\t<\/div>\n\t\t<\/section>\n\t\t\t\t\t<\/div>\n\t\t<\/div>\n\t\t\t\t\t<\/div>\n\t\t<\/section>\n\t\t\t\t<\/div>","protected":false},"excerpt":{"rendered":"<p>Aj\u00e1nd\u00e9kutalv\u00e1ny Val\u00f3ban egyedi aj\u00e1nd\u00e9kot keresel?Ha nem tudod, mit aj\u00e1nd\u00e9kozz, vagy m\u00e1r unod a szok\u00e1sos aj\u00e1nd\u00e9kokat, utalv\u00e1nyunk egy kreat\u00edv, k\u00fcl\u00f6nleges \u00e9s igaz\u00e1n maradand\u00f3 aj\u00e1nd\u00e9k\u00f6tlet! B\u00e1rmilyen \u00f6sszegben megv\u00e1s\u00e1rolhat\u00f3 A szelv\u00e9ny \u00e9rt\u00e9k\u00e9t te hat\u00e1rozod meg, \u00edgy nem kell t\u00f6bbet k\u00f6ltened, mint amennyibe a v\u00e1lasztott tetov\u00e1l\u00e1s ker\u00fcl. A minim\u00e1lis \u00f6sszeg 5.000 Ft, a maxim\u00e1lis pedig 20.000 Ft. \u00c9rv\u00e9nyess\u00e9gAz aj\u00e1nd\u00e9kutalv\u00e1ny [&hellip;]<\/p>","protected":false},"author":1,"featured_media":0,"parent":0,"menu_order":0,"comment_status":"closed","ping_status":"closed","template":"elementor_header_footer","meta":{"footnotes":""},"class_list":["post-1516","page","type-page","status-publish","hentry"],"yoast_head":"<!-- This site is optimized with the Yoast SEO plugin v25.3 - https:\/\/yoast.com\/wordpress\/plugins\/seo\/ -->\n<title>Aj\u00e1nd\u00e9kutalv\u00e1ny - InkRoomTattoo<\/title>\n<meta name=\"robots\" content=\"index, follow, max-snippet:-1, max-image-preview:large, max-video-preview:-1\" \/>\n<link rel=\"canonical\" href=\"https:\/\/inkroomtattoo.com\/en\/ajandekutalvany\/\" \/>\n<meta property=\"og:locale\" content=\"en_GB\" \/>\n<meta property=\"og:type\" content=\"article\" \/>\n<meta property=\"og:title\" content=\"Aj\u00e1nd\u00e9kutalv\u00e1ny - InkRoomTattoo\" \/>\n<meta property=\"og:description\" content=\"Aj\u00e1nd\u00e9kutalv\u00e1ny Val\u00f3ban egyedi aj\u00e1nd\u00e9kot keresel?Ha nem tudod, mit aj\u00e1nd\u00e9kozz, vagy m\u00e1r unod a szok\u00e1sos aj\u00e1nd\u00e9kokat, utalv\u00e1nyunk egy kreat\u00edv, k\u00fcl\u00f6nleges \u00e9s igaz\u00e1n maradand\u00f3 aj\u00e1nd\u00e9k\u00f6tlet! B\u00e1rmilyen \u00f6sszegben megv\u00e1s\u00e1rolhat\u00f3 A szelv\u00e9ny \u00e9rt\u00e9k\u00e9t te hat\u00e1rozod meg, \u00edgy nem kell t\u00f6bbet k\u00f6ltened, mint amennyibe a v\u00e1lasztott tetov\u00e1l\u00e1s ker\u00fcl. A minim\u00e1lis \u00f6sszeg 5.000 Ft, a maxim\u00e1lis pedig 20.000 Ft. \u00c9rv\u00e9nyess\u00e9gAz aj\u00e1nd\u00e9kutalv\u00e1ny [&hellip;]\" \/>\n<meta property=\"og:url\" content=\"https:\/\/inkroomtattoo.com\/en\/ajandekutalvany\/\" \/>\n<meta property=\"og:site_name\" content=\"InkRoomTattoo\" \/>\n<meta property=\"article:modified_time\" content=\"2025-04-22T12:51:27+00:00\" \/>\n<meta name=\"twitter:card\" content=\"summary_large_image\" \/>\n<meta name=\"twitter:label1\" content=\"Estimated reading time\" \/>\n\t<meta name=\"twitter:data1\" content=\"1 minute\" \/>\n<script type=\"application\/ld+json\" class=\"yoast-schema-graph\">{\"@context\":\"https:\/\/schema.org\",\"@graph\":[{\"@type\":\"WebPage\",\"@id\":\"https:\/\/inkroomtattoo.com\/ajandekutalvany\/\",\"url\":\"https:\/\/inkroomtattoo.com\/ajandekutalvany\/\",\"name\":\"Aj\u00e1nd\u00e9kutalv\u00e1ny - InkRoomTattoo\",\"isPartOf\":{\"@id\":\"https:\/\/inkroomtattoo.com\/#website\"},\"datePublished\":\"2025-04-22T12:30:42+00:00\",\"dateModified\":\"2025-04-22T12:51:27+00:00\",\"breadcrumb\":{\"@id\":\"https:\/\/inkroomtattoo.com\/ajandekutalvany\/#breadcrumb\"},\"inLanguage\":\"en-GB\",\"potentialAction\":[{\"@type\":\"ReadAction\",\"target\":[\"https:\/\/inkroomtattoo.com\/ajandekutalvany\/\"]}]},{\"@type\":\"BreadcrumbList\",\"@id\":\"https:\/\/inkroomtattoo.com\/ajandekutalvany\/#breadcrumb\",\"itemListElement\":[{\"@type\":\"ListItem\",\"position\":1,\"name\":\"Kezd\u0151lap\",\"item\":\"https:\/\/inkroomtattoo.com\/\"},{\"@type\":\"ListItem\",\"position\":2,\"name\":\"Aj\u00e1nd\u00e9kutalv\u00e1ny\"}]},{\"@type\":\"WebSite\",\"@id\":\"https:\/\/inkroomtattoo.com\/#website\",\"url\":\"https:\/\/inkroomtattoo.com\/\",\"name\":\"InkRoomTattoo\",\"description\":\"Tattoo Budapest\",\"publisher\":{\"@id\":\"https:\/\/inkroomtattoo.com\/#organization\"},\"potentialAction\":[{\"@type\":\"SearchAction\",\"target\":{\"@type\":\"EntryPoint\",\"urlTemplate\":\"https:\/\/inkroomtattoo.com\/?s={search_term_string}\"},\"query-input\":{\"@type\":\"PropertyValueSpecification\",\"valueRequired\":true,\"valueName\":\"search_term_string\"}}],\"inLanguage\":\"en-GB\"},{\"@type\":\"Organization\",\"@id\":\"https:\/\/inkroomtattoo.com\/#organization\",\"name\":\"Inkroomtattoo\",\"url\":\"https:\/\/inkroomtattoo.com\/\",\"logo\":{\"@type\":\"ImageObject\",\"inLanguage\":\"en-GB\",\"@id\":\"https:\/\/inkroomtattoo.com\/#\/schema\/logo\/image\/\",\"url\":\"https:\/\/inkroomtattoo.com\/wp-content\/uploads\/2020\/12\/cropped-inkroom_logo_egysoros_BLACKnegyzet-01.png\",\"contentUrl\":\"https:\/\/inkroomtattoo.com\/wp-content\/uploads\/2020\/12\/cropped-inkroom_logo_egysoros_BLACKnegyzet-01.png\",\"width\":512,\"height\":512,\"caption\":\"Inkroomtattoo\"},\"image\":{\"@id\":\"https:\/\/inkroomtattoo.com\/#\/schema\/logo\/image\/\"}}]}<\/script>\n<!-- \/ Yoast SEO plugin. -->","yoast_head_json":{"title":"Aj\u00e1nd\u00e9kutalv\u00e1ny - InkRoomTattoo","robots":{"index":"index","follow":"follow","max-snippet":"max-snippet:-1","max-image-preview":"max-image-preview:large","max-video-preview":"max-video-preview:-1"},"canonical":"https:\/\/inkroomtattoo.com\/en\/ajandekutalvany\/","og_locale":"en_GB","og_type":"article","og_title":"Aj\u00e1nd\u00e9kutalv\u00e1ny - InkRoomTattoo","og_description":"Aj\u00e1nd\u00e9kutalv\u00e1ny Val\u00f3ban egyedi aj\u00e1nd\u00e9kot keresel?Ha nem tudod, mit aj\u00e1nd\u00e9kozz, vagy m\u00e1r unod a szok\u00e1sos aj\u00e1nd\u00e9kokat, utalv\u00e1nyunk egy kreat\u00edv, k\u00fcl\u00f6nleges \u00e9s igaz\u00e1n maradand\u00f3 aj\u00e1nd\u00e9k\u00f6tlet! B\u00e1rmilyen \u00f6sszegben megv\u00e1s\u00e1rolhat\u00f3 A szelv\u00e9ny \u00e9rt\u00e9k\u00e9t te hat\u00e1rozod meg, \u00edgy nem kell t\u00f6bbet k\u00f6ltened, mint amennyibe a v\u00e1lasztott tetov\u00e1l\u00e1s ker\u00fcl. A minim\u00e1lis \u00f6sszeg 5.000 Ft, a maxim\u00e1lis pedig 20.000 Ft. \u00c9rv\u00e9nyess\u00e9gAz aj\u00e1nd\u00e9kutalv\u00e1ny [&hellip;]","og_url":"https:\/\/inkroomtattoo.com\/en\/ajandekutalvany\/","og_site_name":"InkRoomTattoo","article_modified_time":"2025-04-22T12:51:27+00:00","twitter_card":"summary_large_image","twitter_misc":{"Estimated reading time":"1 minute"},"schema":{"@context":"https:\/\/schema.org","@graph":[{"@type":"WebPage","@id":"https:\/\/inkroomtattoo.com\/ajandekutalvany\/","url":"https:\/\/inkroomtattoo.com\/ajandekutalvany\/","name":"Aj\u00e1nd\u00e9kutalv\u00e1ny - InkRoomTattoo","isPartOf":{"@id":"https:\/\/inkroomtattoo.com\/#website"},"datePublished":"2025-04-22T12:30:42+00:00","dateModified":"2025-04-22T12:51:27+00:00","breadcrumb":{"@id":"https:\/\/inkroomtattoo.com\/ajandekutalvany\/#breadcrumb"},"inLanguage":"en-GB","potentialAction":[{"@type":"ReadAction","target":["https:\/\/inkroomtattoo.com\/ajandekutalvany\/"]}]},{"@type":"BreadcrumbList","@id":"https:\/\/inkroomtattoo.com\/ajandekutalvany\/#breadcrumb","itemListElement":[{"@type":"ListItem","position":1,"name":"Kezd\u0151lap","item":"https:\/\/inkroomtattoo.com\/"},{"@type":"ListItem","position":2,"name":"Aj\u00e1nd\u00e9kutalv\u00e1ny"}]},{"@type":"WebSite","@id":"https:\/\/inkroomtattoo.com\/#website","url":"https:\/\/inkroomtattoo.com\/","name":"InkRoomTattoo","description":"Tattoo Budapest","publisher":{"@id":"https:\/\/inkroomtattoo.com\/#organization"},"potentialAction":[{"@type":"SearchAction","target":{"@type":"EntryPoint","urlTemplate":"https:\/\/inkroomtattoo.com\/?s={search_term_string}"},"query-input":{"@type":"PropertyValueSpecification","valueRequired":true,"valueName":"search_term_string"}}],"inLanguage":"en-GB"},{"@type":"Organization","@id":"https:\/\/inkroomtattoo.com\/#organization","name":"Inkroomtattoo","url":"https:\/\/inkroomtattoo.com\/","logo":{"@type":"ImageObject","inLanguage":"en-GB","@id":"https:\/\/inkroomtattoo.com\/#\/schema\/logo\/image\/","url":"https:\/\/inkroomtattoo.com\/wp-content\/uploads\/2020\/12\/cropped-inkroom_logo_egysoros_BLACKnegyzet-01.png","contentUrl":"https:\/\/inkroomtattoo.com\/wp-content\/uploads\/2020\/12\/cropped-inkroom_logo_egysoros_BLACKnegyzet-01.png","width":512,"height":512,"caption":"Inkroomtattoo"},"image":{"@id":"https:\/\/inkroomtattoo.com\/#\/schema\/logo\/image\/"}}]}},"_links":{"self":[{"href":"https:\/\/inkroomtattoo.com\/en\/wp-json\/wp\/v2\/pages\/1516","targetHints":{"allow":["GET"]}}],"collection":[{"href":"https:\/\/inkroomtattoo.com\/en\/wp-json\/wp\/v2\/pages"}],"about":[{"href":"https:\/\/inkroomtattoo.com\/en\/wp-json\/wp\/v2\/types\/page"}],"author":[{"embeddable":true,"href":"https:\/\/inkroomtattoo.com\/en\/wp-json\/wp\/v2\/users\/1"}],"replies":[{"embeddable":true,"href":"https:\/\/inkroomtattoo.com\/en\/wp-json\/wp\/v2\/comments?post=1516"}],"version-history":[{"count":4,"href":"https:\/\/inkroomtattoo.com\/en\/wp-json\/wp\/v2\/pages\/1516\/revisions"}],"predecessor-version":[{"id":1539,"href":"https:\/\/inkroomtattoo.com\/en\/wp-json\/wp\/v2\/pages\/1516\/revisions\/1539"}],"wp:attachment":[{"href":"https:\/\/inkroomtattoo.com\/en\/wp-json\/wp\/v2\/media?parent=1516"}],"curies":[{"name":"wp","href":"https:\/\/api.w.org\/{rel}","templated":true}]}}