{"id":1514,"date":"2025-04-22T15:30:11","date_gmt":"2025-04-22T12:30:11","guid":{"rendered":"https:\/\/inkroomtattoo.com\/?page_id=1514"},"modified":"2026-04-03T16:39:38","modified_gmt":"2026-04-03T13:39:38","slug":"ajanlatkeres","status":"publish","type":"page","link":"https:\/\/inkroomtattoo.com\/en\/ajanlatkeres\/","title":{"rendered":"Request a quote"},"content":{"rendered":"<div data-elementor-type=\"wp-page\" data-elementor-id=\"1514\" class=\"elementor elementor-1514\" data-elementor-post-type=\"page\">\n\t\t\t\t\t\t<section class=\"elementor-section elementor-top-section elementor-element elementor-element-daee1f2 elementor-section-height-min-height elementor-section-boxed elementor-section-height-default elementor-section-items-middle\" data-id=\"daee1f2\" data-element_type=\"section\">\n\t\t\t\t\t\t<div class=\"elementor-container elementor-column-gap-default\">\n\t\t\t\t\t<div class=\"elementor-column elementor-col-100 elementor-top-column elementor-element elementor-element-bd7c682\" data-id=\"bd7c682\" data-element_type=\"column\">\n\t\t\t<div class=\"elementor-widget-wrap elementor-element-populated\">\n\t\t\t\t\t\t<div class=\"elementor-element elementor-element-dac2097 dupla-shadow elementor-invisible elementor-widget elementor-widget-heading\" data-id=\"dac2097\" data-element_type=\"widget\" data-settings=\"{&quot;_animation&quot;:&quot;slideInRight&quot;}\" data-widget_type=\"heading.default\">\n\t\t\t\t<div class=\"elementor-widget-container\">\n\t\t\t\t\t<h1 class=\"elementor-heading-title elementor-size-default\">Tattoo price quote<\/h1>\t\t\t\t<\/div>\n\t\t\t\t<\/div>\n\t\t\t\t<div class=\"elementor-element elementor-element-739a902 elementor-widget-divider--view-line elementor-invisible elementor-widget elementor-widget-divider\" data-id=\"739a902\" data-element_type=\"widget\" data-settings=\"{&quot;_animation&quot;:&quot;slideInRight&quot;,&quot;_animation_delay&quot;:500}\" data-widget_type=\"divider.default\">\n\t\t\t\t<div class=\"elementor-widget-container\">\n\t\t\t\t\t\t\t<div class=\"elementor-divider\">\n\t\t\t<span class=\"elementor-divider-separator\">\n\t\t\t\t\t\t<\/span>\n\t\t<\/div>\n\t\t\t\t\t\t<\/div>\n\t\t\t\t<\/div>\n\t\t\t\t<div class=\"elementor-element elementor-element-e997578 dupla-shadow elementor-invisible elementor-widget elementor-widget-heading\" data-id=\"e997578\" data-element_type=\"widget\" data-settings=\"{&quot;_animation&quot;:&quot;slideInRight&quot;}\" data-widget_type=\"heading.default\">\n\t\t\t\t<div class=\"elementor-widget-container\">\n\t\t\t\t\t<h2 class=\"elementor-heading-title elementor-size-default\">K\u00fcldd el az \u00f6tletedet, \u00e9s seg\u00edt\u00fcnk megtervezni!<\/h2>\t\t\t\t<\/div>\n\t\t\t\t<\/div>\n\t\t\t\t\t<\/div>\n\t\t<\/div>\n\t\t\t\t\t<\/div>\n\t\t<\/section>\n\t\t\t\t<section class=\"elementor-section elementor-top-section elementor-element elementor-element-d58ddc6 elementor-section-boxed elementor-section-height-default elementor-section-height-default elementor-invisible\" data-id=\"d58ddc6\" data-element_type=\"section\" data-settings=\"{&quot;animation&quot;:&quot;slideInUp&quot;}\">\n\t\t\t\t\t\t<div class=\"elementor-container elementor-column-gap-default\">\n\t\t\t\t\t<div class=\"elementor-column elementor-col-100 elementor-top-column elementor-element elementor-element-fc9d657\" data-id=\"fc9d657\" data-element_type=\"column\">\n\t\t\t<div class=\"elementor-widget-wrap elementor-element-populated\">\n\t\t\t\t\t\t<section class=\"elementor-section elementor-inner-section elementor-element elementor-element-a70f0d1 elementor-section-boxed elementor-section-height-default elementor-section-height-default\" data-id=\"a70f0d1\" data-element_type=\"section\">\n\t\t\t\t\t\t<div class=\"elementor-container elementor-column-gap-default\">\n\t\t\t\t\t<div class=\"elementor-column elementor-col-100 elementor-inner-column elementor-element elementor-element-07f194b\" data-id=\"07f194b\" data-element_type=\"column\">\n\t\t\t<div class=\"elementor-widget-wrap elementor-element-populated\">\n\t\t\t\t\t\t<div class=\"elementor-element elementor-element-7e3b5fd elementor-button-align-start elementor-widget elementor-widget-form\" data-id=\"7e3b5fd\" data-element_type=\"widget\" data-settings=\"{&quot;step_next_label&quot;:&quot;K\\u00f6vetkez\\u0151&quot;,&quot;step_previous_label&quot;:&quot;El\\u0151z\\u0151&quot;,&quot;button_width&quot;:&quot;100&quot;,&quot;step_type&quot;:&quot;number_text&quot;,&quot;step_icon_shape&quot;:&quot;circle&quot;}\" data-widget_type=\"form.default\">\n\t\t\t\t<div class=\"elementor-widget-container\">\n\t\t\t\t\t\t\t<form class=\"elementor-form\" method=\"post\" name=\"\u00daj \u0171rlap\" action=\"\">\n\t\t\t<input type=\"hidden\" name=\"post_id\" value=\"1514\"\/>\n\t\t\t<input type=\"hidden\" name=\"form_id\" value=\"7e3b5fd\"\/>\n\t\t\t<input type=\"hidden\" name=\"referer_title\" value=\"InkRoomTattoo\" \/>\n\n\t\t\t\n\t\t\t<div class=\"elementor-form-fields-wrapper elementor-labels-above\">\n\t\t\t\t\t\t\t\t<div class=\"elementor-field-type-text elementor-field-group elementor-column elementor-field-group-name elementor-col-33 elementor-field-required\">\n\t\t\t\t\t\t\t\t\t\t\t\t<label for=\"form-field-name\" class=\"elementor-field-label\">\n\t\t\t\t\t\t\t\tName*\t\t\t\t\t\t\t<\/label>\n\t\t\t\t\t\t\t\t\t\t\t\t\t\t<input size=\"1\" type=\"text\" name=\"form_fields[name]\" id=\"form-field-name\" class=\"elementor-field elementor-size-sm  elementor-field-textual\" required=\"required\">\n\t\t\t\t\t\t\t\t\t\t\t<\/div>\n\t\t\t\t\t\t\t\t<div class=\"elementor-field-type-email elementor-field-group elementor-column elementor-field-group-email elementor-col-33 elementor-field-required\">\n\t\t\t\t\t\t\t\t\t\t\t\t<label for=\"form-field-email\" class=\"elementor-field-label\">\n\t\t\t\t\t\t\t\tEmail*\t\t\t\t\t\t\t<\/label>\n\t\t\t\t\t\t\t\t\t\t\t\t\t\t<input size=\"1\" type=\"email\" name=\"form_fields[email]\" id=\"form-field-email\" class=\"elementor-field elementor-size-sm  elementor-field-textual\" required=\"required\">\n\t\t\t\t\t\t\t\t\t\t\t<\/div>\n\t\t\t\t\t\t\t\t<div class=\"elementor-field-type-tel elementor-field-group elementor-column elementor-field-group-telefonszam elementor-col-33 elementor-field-required\">\n\t\t\t\t\t\t\t\t\t\t\t\t<label for=\"form-field-telefonszam\" class=\"elementor-field-label\">\n\t\t\t\t\t\t\t\tPhone*\t\t\t\t\t\t\t<\/label>\n\t\t\t\t\t\t\t\t<input size=\"1\" type=\"tel\" name=\"form_fields[telefonszam]\" id=\"form-field-telefonszam\" class=\"elementor-field elementor-size-sm  elementor-field-textual\" required=\"required\" pattern=\"[0-9()#&amp;+*-=.]+\" title=\"Only numbers and phone characters (#, -, *, etc) are accepted.\">\n\n\t\t\t\t\t\t<\/div>\n\t\t\t\t\t\t\t\t<div class=\"elementor-field-type-checkbox elementor-field-group elementor-column elementor-field-group-field_2342e23 elementor-col-50\">\n\t\t\t\t\t\t\t\t\t\t\t\t<label for=\"form-field-field_2342e23\" class=\"elementor-field-label\">\n\t\t\t\t\t\t\t\tWould you like us to call you?\t\t\t\t\t\t\t<\/label>\n\t\t\t\t\t\t<div class=\"elementor-field-subgroup  elementor-subgroup-inline\"><span class=\"elementor-field-option\"><input type=\"checkbox\" value=\"Igen\" id=\"form-field-field_2342e23-0\" name=\"form_fields[field_2342e23][]\"> <label for=\"form-field-field_2342e23-0\">Yes<\/label><\/span><span class=\"elementor-field-option\"><input type=\"checkbox\" value=\"Nem\" id=\"form-field-field_2342e23-1\" name=\"form_fields[field_2342e23][]\"> <label for=\"form-field-field_2342e23-1\">No<\/label><\/span><\/div>\t\t\t\t<\/div>\n\t\t\t\t\t\t\t\t<div class=\"elementor-field-type-radio elementor-field-group elementor-column elementor-field-group-field_5d9dd69 elementor-col-50 elementor-field-required\">\n\t\t\t\t\t\t\t\t\t\t\t\t<label for=\"form-field-field_5d9dd69\" class=\"elementor-field-label\">\n\t\t\t\t\t\t\t\tTattoo color*\u2028\t\t\t\t\t\t\t<\/label>\n\t\t\t\t\t\t<div class=\"elementor-field-subgroup  elementor-subgroup-inline\"><span class=\"elementor-field-option\"><input type=\"radio\" value=\"Sz\u00ednes\" id=\"form-field-field_5d9dd69-0\" name=\"form_fields[field_5d9dd69]\" required=\"required\"> <label for=\"form-field-field_5d9dd69-0\">Color<\/label><\/span><span class=\"elementor-field-option\"><input type=\"radio\" value=\"Fekete-sz\u00fcrke\" id=\"form-field-field_5d9dd69-1\" name=\"form_fields[field_5d9dd69]\" required=\"required\"> <label for=\"form-field-field_5d9dd69-1\">Black and grey<\/label><\/span><\/div>\t\t\t\t<\/div>\n\t\t\t\t\t\t\t\t<div class=\"elementor-field-type-text elementor-field-group elementor-column elementor-field-group-field_e9c13e7 elementor-col-33 elementor-field-required\">\n\t\t\t\t\t\t\t\t\t\t\t\t<label for=\"form-field-field_e9c13e7\" class=\"elementor-field-label\">\n\t\t\t\t\t\t\t\tTattoo width*\t\t\t\t\t\t\t<\/label>\n\t\t\t\t\t\t\t\t\t\t\t\t\t\t<input size=\"1\" type=\"text\" name=\"form_fields[field_e9c13e7]\" id=\"form-field-field_e9c13e7\" class=\"elementor-field elementor-size-sm  elementor-field-textual\" placeholder=\"(cm)\" required=\"required\">\n\t\t\t\t\t\t\t\t\t\t\t<\/div>\n\t\t\t\t\t\t\t\t<div class=\"elementor-field-type-text elementor-field-group elementor-column elementor-field-group-field_9ff1c65 elementor-col-33\">\n\t\t\t\t\t\t\t\t\t\t\t\t<label for=\"form-field-field_9ff1c65\" class=\"elementor-field-label\">\n\t\t\t\t\t\t\t\tTattoo height*\t\t\t\t\t\t\t<\/label>\n\t\t\t\t\t\t\t\t\t\t\t\t\t\t<input size=\"1\" type=\"text\" name=\"form_fields[field_9ff1c65]\" id=\"form-field-field_9ff1c65\" class=\"elementor-field elementor-size-sm  elementor-field-textual\" placeholder=\"(cm)\">\n\t\t\t\t\t\t\t\t\t\t\t<\/div>\n\t\t\t\t\t\t\t\t<div class=\"elementor-field-type-text elementor-field-group elementor-column elementor-field-group-field_1b6d46d elementor-col-33\">\n\t\t\t\t\t\t\t\t\t\t\t\t<label for=\"form-field-field_1b6d46d\" class=\"elementor-field-label\">\n\t\t\t\t\t\t\t\tBody placement*\t\t\t\t\t\t\t<\/label>\n\t\t\t\t\t\t\t\t\t\t\t\t\t\t<input size=\"1\" type=\"text\" name=\"form_fields[field_1b6d46d]\" id=\"form-field-field_1b6d46d\" class=\"elementor-field elementor-size-sm  elementor-field-textual\">\n\t\t\t\t\t\t\t\t\t\t\t<\/div>\n\t\t\t\t\t\t\t\t<div class=\"elementor-field-type-upload elementor-field-group elementor-column elementor-field-group-image elementor-col-100\">\n\t\t\t\t\t\t\t\t\t\t\t\t<label for=\"form-field-image\" class=\"elementor-field-label\">\n\t\t\t\t\t\t\t\tUpload a photo\t\t\t\t\t\t\t<\/label>\n\t\t\t\t\t\t\t\t<input type=\"file\" name=\"form_fields[image]\" id=\"form-field-image\" class=\"elementor-field elementor-size-sm  elementor-upload-field\" data-maxsize=\"1\" data-maxsize-message=\"This file exceeds the maximum allowed size.\">\n\n\t\t\t\t\t\t<\/div>\n\t\t\t\t\t\t\t\t<div class=\"elementor-field-type-textarea elementor-field-group elementor-column elementor-field-group-message elementor-col-100\">\n\t\t\t\t\t<textarea class=\"elementor-field-textual elementor-field  elementor-size-sm\" name=\"form_fields[message]\" id=\"form-field-message\" rows=\"4\" placeholder=\"Additional notes\"><\/textarea>\t\t\t\t<\/div>\n\t\t\t\t\t\t\t\t<div class=\"elementor-field-type-acceptance elementor-field-group elementor-column elementor-field-group-field_4dba7af elementor-col-100 elementor-field-required\">\n\t\t\t\t\t\t\t<div class=\"elementor-field-subgroup\">\n\t\t\t<span class=\"elementor-field-option\">\n\t\t\t\t<input type=\"checkbox\" name=\"form_fields[field_4dba7af]\" id=\"form-field-field_4dba7af\" class=\"elementor-field elementor-size-sm  elementor-acceptance-field\" required=\"required\">\n\t\t\t\t<label for=\"form-field-field_4dba7af\">Az <a href=\"https:\/\/inkroomtattoo.com\/en\/adatvedelem\/\">Adatv\u00e9delmi t\u00e1j\u00e9koztat\u00f3t<\/a> elolvastam \u00e9s elfogadom<\/label>\t\t\t<\/span>\n\t\t<\/div>\n\t\t\t\t\t\t<\/div>\n\t\t\t\t\t\t\t\t<div class=\"elementor-field-group elementor-column elementor-field-type-submit elementor-col-100 e-form__buttons\">\n\t\t\t\t\t<button class=\"elementor-button elementor-size-sm\" type=\"submit\">\n\t\t\t\t\t\t<span class=\"elementor-button-content-wrapper\">\n\t\t\t\t\t\t\t\t\t\t\t\t\t\t\t\t\t\t\t\t\t\t<span class=\"elementor-button-text\">Send<\/span>\n\t\t\t\t\t\t\t\t\t\t\t\t\t<\/span>\n\t\t\t\t\t<\/button>\n\t\t\t\t<\/div>\n\t\t\t<\/div>\n\t\t<input type=\"hidden\" name=\"trp-form-language\" value=\"en\"\/><\/form>\n\t\t\t\t\t\t<\/div>\n\t\t\t\t<\/div>\n\t\t\t\t<div class=\"elementor-element elementor-element-89ebbc5 elementor-widget elementor-widget-text-editor\" data-id=\"89ebbc5\" data-element_type=\"widget\" data-widget_type=\"text-editor.default\">\n\t\t\t\t<div class=\"elementor-widget-container\">\n\t\t\t\t\t\t\t\t\t<style>\n    \/* Premium Dark Theme - Mobile Optimized *\/\n    .quote-container {\n        background-color: #000000;\n        color: #ffffff;\n        font-family: 'Inter', -apple-system, BlinkMacSystemFont, \"Segoe UI\", Roboto, sans-serif;\n        padding: 30px 20px;\n        max-width: 480px;\n        margin: 0 auto;\n        line-height: 1.5;\n    }\n\n    \/* Section Spacing *\/\n    .q-section {\n        margin-bottom: 40px;\n    }\n\n    \/* Headlines *\/\n    .q-title {\n        font-size: 11px;\n        text-transform: uppercase;\n        letter-spacing: 3px;\n        color: #888888;\n        margin-bottom: 15px;\n        display: block;\n        border-left: 2px solid #ffffff;\n        padding-left: 10px;\n    }\n\n    \/* Main Paragraphs *\/\n    .q-text {\n        font-size: 16px;\n        font-weight: 300;\n        color: #e0e0e0;\n        margin-bottom: 20px;\n    }\n\n    \/* Scannable Cards *\/\n    .q-card {\n        background: #111111;\n        border: 1px solid #222222;\n        padding: 20px;\n        margin-bottom: 15px;\n        border-radius: 4px;\n    }\n\n    .q-card-title {\n        font-weight: 600;\n        font-size: 14px;\n        display: block;\n        margin-bottom: 8px;\n        color: #ffffff;\n    }\n\n    .q-card-body {\n        font-size: 14px;\n        color: #999999;\n        margin: 0;\n    }\n\n    \/* List styling for the form part *\/\n    .q-list {\n        margin: 20px 0;\n        padding: 0;\n        list-style: none;\n    }\n\n    .q-list li {\n        font-size: 15px;\n        padding: 12px 0;\n        border-bottom: 1px solid #222222;\n        display: flex;\n        justify-content: space-between;\n    }\n\n    .q-list li span {\n        color: #ffffff;\n    }\n\n    .q-footer-note {\n        font-size: 13px;\n        color: #666666;\n        text-align: center;\n        margin-top: 30px;\n        font-style: italic;\n    }\n\n<\/style>\n\n<div class=\"quote-container\">\n    \n    <div class=\"q-section\">\n        <span class=\"q-title\">\u00c1raz\u00e1s<\/span>\n        <p class=\"q-text\">The final price of a tattoo depends on several factors, so we can only provide an exact quote once we know the specific design.<\/p>\n        \n        <div class=\"q-card\">\n            <span class=\"q-card-title\">Fix &#038; Brutt\u00f3 \u00c1rak<\/span>\n            <p class=\"q-card-body\">\u00c1raink minden esetben a teljes munka elk\u00e9sz\u00edt\u00e9s\u00e9re vonatkoznak, rejtett k\u00f6lts\u00e9gek n\u00e9lk\u00fcl. Az el\u0151leg a v\u00e9g\u00f6sszegb\u0151l levon\u00e1sra ker\u00fcl.<\/p>\n        <\/div>\n\n        <div class=\"q-card\">\n            <span class=\"q-card-title\">Id\u0151keret<\/span>\n            <p class=\"q-card-body\">Az aj\u00e1nlat tartalmazza a becs\u00fclt id\u0151t, azonban a t\u00e9nyleges elk\u00e9sz\u00edt\u00e9si id\u0151 az el\u0151re nem l\u00e1that\u00f3 k\u00f6r\u00fclm\u00e9nyek miatt ett\u0151l elt\u00e9rhet.<\/p>\n        <\/div>\n    <\/div>\n\n    <div class=\"q-section\">\n        <span class=\"q-title\">Request a quote<\/span>\n        <p class=\"q-text\">Legegyszer\u0171bben online \u0171rlapunk kit\u00f6lt\u00e9s\u00e9vel k\u00e9rhetsz aj\u00e1nlatot, ahol az al\u00e1bbiakat adhatod meg:<\/p>\n        \n        <ul class=\"q-list\">\n            <li>T\u00edpus <span>Sz\u00ednes \/ Fekete-sz\u00fcrke<\/span><\/li>\n            <li>M\u00e9ret <span>Pontos cm alapj\u00e1n<\/span><\/li>\n            <li>Referencia <span>Csatolt k\u00e9pek<\/span><\/li>\n        <\/ul>\n\n        <p class=\"q-text\" style=\"font-size: 14px;\">Pr\u00f3b\u00e1lj meg min\u00e9l t\u00f6bb r\u00e9szletet megadni a legjobb eredm\u00e9ny \u00e9rdek\u00e9ben.<\/p>\n    <\/div>\n\n    <div class=\"q-footer-note\">\n        A tervez\u00e9st\u0151l f\u00fcgg\u0151en tov\u00e1bbi konzult\u00e1ci\u00f3ra lehet sz\u00fcks\u00e9g.\n    <\/div>\n\n<\/div>\t\t\t\t\t\t\t\t<\/div>\n\t\t\t\t<\/div>\n\t\t\t\t<div class=\"elementor-element elementor-element-2b889af elementor-widget elementor-widget-text-editor\" data-id=\"2b889af\" data-element_type=\"widget\" data-widget_type=\"text-editor.default\">\n\t\t\t\t<div class=\"elementor-widget-container\">\n\t\t\t\t\t\t\t\t\t<p class=\"p2\"><b>Request a callback!\u2028<\/b><\/p><p class=\"p2\">If you'd prefer to inquire about tattoo pricing over the phone, our tattoo artists can give you an approximate estimate. Please note that the final price depends on various details such as the style of the design, its exact size, placement on the body, and other specifics.<\/p><p class=\"p2\"><b>Response Time\u2028<\/b><\/p><p class=\"p2\">Please keep in mind that our tattoo artists focus on their daily work, so they usually respond to emails after working hours. Because of this, it might take 1\u20132 days to receive a reply. Messages sent over the weekend will be read on the next working day. Thank you for your understanding and patience!<\/p><p class=\"p4\"><b>Booking an appointment<\/b><\/p><p class=\"p4\">We can only reserve a fixed appointment with a deposit, which will naturally be deducted from the final price. The deposit is typically around 30% of the total tattoo cost.\u2028<\/p><p class=\"p4\">You can book in person during a consultation at our studio, or \u2014 following prior arrangement \u2014 via bank transfer.\u2028<\/p><p class=\"p4\">You can find more detailed information about the booking process <a href=\"https:\/\/inkroomtattoo.com\/en\/idopontfoglalas\/\"><b>HERE<\/b><\/a> .<\/p>\t\t\t\t\t\t\t\t<\/div>\n\t\t\t\t<\/div>\n\t\t\t\t\t<\/div>\n\t\t<\/div>\n\t\t\t\t\t<\/div>\n\t\t<\/section>\n\t\t\t\t\t<\/div>\n\t\t<\/div>\n\t\t\t\t\t<\/div>\n\t\t<\/section>\n\t\t\t\t<\/div>","protected":false},"excerpt":{"rendered":"<p>Tetov\u00e1l\u00e1s aj\u00e1nlatk\u00e9r\u00e9s K\u00fcldd el az \u00f6tletedet, \u00e9s seg\u00edt\u00fcnk megtervezni! \u00c1raz\u00e1s A tetov\u00e1l\u00e1s v\u00e9gleges \u00e1ra t\u00f6bb t\u00e9nyez\u0151t\u0151l is f\u00fcgg, ez\u00e9rt pontos \u00e1raj\u00e1nlatot csak a konkr\u00e9t minta ismeret\u00e9ben tudunk adni. Fix &#038; Brutt\u00f3 \u00c1rak \u00c1raink minden esetben a teljes munka elk\u00e9sz\u00edt\u00e9s\u00e9re vonatkoznak, rejtett k\u00f6lts\u00e9gek n\u00e9lk\u00fcl. Az el\u0151leg a v\u00e9g\u00f6sszegb\u0151l levon\u00e1sra ker\u00fcl. Id\u0151keret Az aj\u00e1nlat tartalmazza a becs\u00fclt [&hellip;]<\/p>","protected":false},"author":1,"featured_media":0,"parent":0,"menu_order":0,"comment_status":"closed","ping_status":"closed","template":"elementor_header_footer","meta":{"footnotes":""},"class_list":["post-1514","page","type-page","status-publish","hentry"],"yoast_head":"<!-- This site is optimized with the Yoast SEO plugin v25.3 - https:\/\/yoast.com\/wordpress\/plugins\/seo\/ -->\n<title>Aj\u00e1nlatk\u00e9r\u00e9s - InkRoomTattoo | Tattoo Budapest<\/title>\n<meta name=\"description\" content=\"A tetov\u00e1l\u00e1s v\u00e9gleges \u00e1ra t\u00f6bb t\u00e9nyez\u0151t\u0151l is f\u00fcgg, ez\u00e9rt pontos \u00e1raj\u00e1nlatot csak a konkr\u00e9t minta ismeret\u00e9ben tudunk adni. K\u00e9rj aj\u00e1nlatot most!\" \/>\n<meta name=\"robots\" content=\"index, follow, max-snippet:-1, max-image-preview:large, max-video-preview:-1\" \/>\n<link rel=\"canonical\" href=\"https:\/\/inkroomtattoo.com\/en\/ajanlatkeres\/\" \/>\n<meta property=\"og:locale\" content=\"en_GB\" \/>\n<meta property=\"og:type\" content=\"article\" \/>\n<meta property=\"og:title\" content=\"Aj\u00e1nlatk\u00e9r\u00e9s - InkRoomTattoo | Tattoo Budapest\" \/>\n<meta property=\"og:description\" content=\"A tetov\u00e1l\u00e1s v\u00e9gleges \u00e1ra t\u00f6bb t\u00e9nyez\u0151t\u0151l is f\u00fcgg, ez\u00e9rt pontos \u00e1raj\u00e1nlatot csak a konkr\u00e9t minta ismeret\u00e9ben tudunk adni. K\u00e9rj aj\u00e1nlatot most!\" \/>\n<meta property=\"og:url\" content=\"https:\/\/inkroomtattoo.com\/en\/ajanlatkeres\/\" \/>\n<meta property=\"og:site_name\" content=\"InkRoomTattoo\" \/>\n<meta property=\"article:modified_time\" content=\"2026-04-03T13:39:38+00:00\" \/>\n<meta name=\"twitter:card\" content=\"summary_large_image\" \/>\n<meta name=\"twitter:label1\" content=\"Estimated reading time\" \/>\n\t<meta name=\"twitter:data1\" content=\"2 minutes\" \/>\n<script type=\"application\/ld+json\" class=\"yoast-schema-graph\">{\"@context\":\"https:\/\/schema.org\",\"@graph\":[{\"@type\":\"WebPage\",\"@id\":\"https:\/\/inkroomtattoo.com\/ajanlatkeres\/\",\"url\":\"https:\/\/inkroomtattoo.com\/ajanlatkeres\/\",\"name\":\"Aj\u00e1nlatk\u00e9r\u00e9s - InkRoomTattoo | Tattoo Budapest\",\"isPartOf\":{\"@id\":\"https:\/\/inkroomtattoo.com\/#website\"},\"datePublished\":\"2025-04-22T12:30:11+00:00\",\"dateModified\":\"2026-04-03T13:39:38+00:00\",\"description\":\"A tetov\u00e1l\u00e1s v\u00e9gleges \u00e1ra t\u00f6bb t\u00e9nyez\u0151t\u0151l is f\u00fcgg, ez\u00e9rt pontos \u00e1raj\u00e1nlatot csak a konkr\u00e9t minta ismeret\u00e9ben tudunk adni. K\u00e9rj aj\u00e1nlatot most!\",\"breadcrumb\":{\"@id\":\"https:\/\/inkroomtattoo.com\/ajanlatkeres\/#breadcrumb\"},\"inLanguage\":\"en-GB\",\"potentialAction\":[{\"@type\":\"ReadAction\",\"target\":[\"https:\/\/inkroomtattoo.com\/ajanlatkeres\/\"]}]},{\"@type\":\"BreadcrumbList\",\"@id\":\"https:\/\/inkroomtattoo.com\/ajanlatkeres\/#breadcrumb\",\"itemListElement\":[{\"@type\":\"ListItem\",\"position\":1,\"name\":\"Kezd\u0151lap\",\"item\":\"https:\/\/inkroomtattoo.com\/\"},{\"@type\":\"ListItem\",\"position\":2,\"name\":\"Aj\u00e1nlatk\u00e9r\u00e9s\"}]},{\"@type\":\"WebSite\",\"@id\":\"https:\/\/inkroomtattoo.com\/#website\",\"url\":\"https:\/\/inkroomtattoo.com\/\",\"name\":\"InkRoomTattoo\",\"description\":\"Tattoo Budapest\",\"publisher\":{\"@id\":\"https:\/\/inkroomtattoo.com\/#organization\"},\"potentialAction\":[{\"@type\":\"SearchAction\",\"target\":{\"@type\":\"EntryPoint\",\"urlTemplate\":\"https:\/\/inkroomtattoo.com\/?s={search_term_string}\"},\"query-input\":{\"@type\":\"PropertyValueSpecification\",\"valueRequired\":true,\"valueName\":\"search_term_string\"}}],\"inLanguage\":\"en-GB\"},{\"@type\":\"Organization\",\"@id\":\"https:\/\/inkroomtattoo.com\/#organization\",\"name\":\"Inkroomtattoo\",\"url\":\"https:\/\/inkroomtattoo.com\/\",\"logo\":{\"@type\":\"ImageObject\",\"inLanguage\":\"en-GB\",\"@id\":\"https:\/\/inkroomtattoo.com\/#\/schema\/logo\/image\/\",\"url\":\"https:\/\/inkroomtattoo.com\/wp-content\/uploads\/2020\/12\/cropped-inkroom_logo_egysoros_BLACKnegyzet-01.png\",\"contentUrl\":\"https:\/\/inkroomtattoo.com\/wp-content\/uploads\/2020\/12\/cropped-inkroom_logo_egysoros_BLACKnegyzet-01.png\",\"width\":512,\"height\":512,\"caption\":\"Inkroomtattoo\"},\"image\":{\"@id\":\"https:\/\/inkroomtattoo.com\/#\/schema\/logo\/image\/\"}}]}<\/script>\n<!-- \/ Yoast SEO plugin. -->","yoast_head_json":{"title":"Aj\u00e1nlatk\u00e9r\u00e9s - InkRoomTattoo | Tattoo Budapest","description":"A tetov\u00e1l\u00e1s v\u00e9gleges \u00e1ra t\u00f6bb t\u00e9nyez\u0151t\u0151l is f\u00fcgg, ez\u00e9rt pontos \u00e1raj\u00e1nlatot csak a konkr\u00e9t minta ismeret\u00e9ben tudunk adni. K\u00e9rj aj\u00e1nlatot most!","robots":{"index":"index","follow":"follow","max-snippet":"max-snippet:-1","max-image-preview":"max-image-preview:large","max-video-preview":"max-video-preview:-1"},"canonical":"https:\/\/inkroomtattoo.com\/en\/ajanlatkeres\/","og_locale":"en_GB","og_type":"article","og_title":"Aj\u00e1nlatk\u00e9r\u00e9s - InkRoomTattoo | Tattoo Budapest","og_description":"A tetov\u00e1l\u00e1s v\u00e9gleges \u00e1ra t\u00f6bb t\u00e9nyez\u0151t\u0151l is f\u00fcgg, ez\u00e9rt pontos \u00e1raj\u00e1nlatot csak a konkr\u00e9t minta ismeret\u00e9ben tudunk adni. K\u00e9rj aj\u00e1nlatot most!","og_url":"https:\/\/inkroomtattoo.com\/en\/ajanlatkeres\/","og_site_name":"InkRoomTattoo","article_modified_time":"2026-04-03T13:39:38+00:00","twitter_card":"summary_large_image","twitter_misc":{"Estimated reading time":"2 minutes"},"schema":{"@context":"https:\/\/schema.org","@graph":[{"@type":"WebPage","@id":"https:\/\/inkroomtattoo.com\/ajanlatkeres\/","url":"https:\/\/inkroomtattoo.com\/ajanlatkeres\/","name":"Aj\u00e1nlatk\u00e9r\u00e9s - InkRoomTattoo | Tattoo Budapest","isPartOf":{"@id":"https:\/\/inkroomtattoo.com\/#website"},"datePublished":"2025-04-22T12:30:11+00:00","dateModified":"2026-04-03T13:39:38+00:00","description":"A tetov\u00e1l\u00e1s v\u00e9gleges \u00e1ra t\u00f6bb t\u00e9nyez\u0151t\u0151l is f\u00fcgg, ez\u00e9rt pontos \u00e1raj\u00e1nlatot csak a konkr\u00e9t minta ismeret\u00e9ben tudunk adni. K\u00e9rj aj\u00e1nlatot most!","breadcrumb":{"@id":"https:\/\/inkroomtattoo.com\/ajanlatkeres\/#breadcrumb"},"inLanguage":"en-GB","potentialAction":[{"@type":"ReadAction","target":["https:\/\/inkroomtattoo.com\/ajanlatkeres\/"]}]},{"@type":"BreadcrumbList","@id":"https:\/\/inkroomtattoo.com\/ajanlatkeres\/#breadcrumb","itemListElement":[{"@type":"ListItem","position":1,"name":"Kezd\u0151lap","item":"https:\/\/inkroomtattoo.com\/"},{"@type":"ListItem","position":2,"name":"Aj\u00e1nlatk\u00e9r\u00e9s"}]},{"@type":"WebSite","@id":"https:\/\/inkroomtattoo.com\/#website","url":"https:\/\/inkroomtattoo.com\/","name":"InkRoomTattoo","description":"Tattoo Budapest","publisher":{"@id":"https:\/\/inkroomtattoo.com\/#organization"},"potentialAction":[{"@type":"SearchAction","target":{"@type":"EntryPoint","urlTemplate":"https:\/\/inkroomtattoo.com\/?s={search_term_string}"},"query-input":{"@type":"PropertyValueSpecification","valueRequired":true,"valueName":"search_term_string"}}],"inLanguage":"en-GB"},{"@type":"Organization","@id":"https:\/\/inkroomtattoo.com\/#organization","name":"Inkroomtattoo","url":"https:\/\/inkroomtattoo.com\/","logo":{"@type":"ImageObject","inLanguage":"en-GB","@id":"https:\/\/inkroomtattoo.com\/#\/schema\/logo\/image\/","url":"https:\/\/inkroomtattoo.com\/wp-content\/uploads\/2020\/12\/cropped-inkroom_logo_egysoros_BLACKnegyzet-01.png","contentUrl":"https:\/\/inkroomtattoo.com\/wp-content\/uploads\/2020\/12\/cropped-inkroom_logo_egysoros_BLACKnegyzet-01.png","width":512,"height":512,"caption":"Inkroomtattoo"},"image":{"@id":"https:\/\/inkroomtattoo.com\/#\/schema\/logo\/image\/"}}]}},"_links":{"self":[{"href":"https:\/\/inkroomtattoo.com\/en\/wp-json\/wp\/v2\/pages\/1514","targetHints":{"allow":["GET"]}}],"collection":[{"href":"https:\/\/inkroomtattoo.com\/en\/wp-json\/wp\/v2\/pages"}],"about":[{"href":"https:\/\/inkroomtattoo.com\/en\/wp-json\/wp\/v2\/types\/page"}],"author":[{"embeddable":true,"href":"https:\/\/inkroomtattoo.com\/en\/wp-json\/wp\/v2\/users\/1"}],"replies":[{"embeddable":true,"href":"https:\/\/inkroomtattoo.com\/en\/wp-json\/wp\/v2\/comments?post=1514"}],"version-history":[{"count":61,"href":"https:\/\/inkroomtattoo.com\/en\/wp-json\/wp\/v2\/pages\/1514\/revisions"}],"predecessor-version":[{"id":2560,"href":"https:\/\/inkroomtattoo.com\/en\/wp-json\/wp\/v2\/pages\/1514\/revisions\/2560"}],"wp:attachment":[{"href":"https:\/\/inkroomtattoo.com\/en\/wp-json\/wp\/v2\/media?parent=1514"}],"curies":[{"name":"wp","href":"https:\/\/api.w.org\/{rel}","templated":true}]}}