{"id":15,"date":"2020-11-24T11:03:55","date_gmt":"2020-11-24T09:03:55","guid":{"rendered":"https:\/\/inkroomtattoo.com\/?page_id=15"},"modified":"2026-02-19T22:28:25","modified_gmt":"2026-02-19T20:28:25","slug":"3d-tetovalas","status":"publish","type":"page","link":"https:\/\/inkroomtattoo.com\/en\/3d-tetovalas\/","title":{"rendered":"3D tattoo"},"content":{"rendered":"<div data-elementor-type=\"wp-page\" data-elementor-id=\"15\" class=\"elementor elementor-15\" data-elementor-post-type=\"page\">\n\t\t\t\t\t\t<section class=\"elementor-section elementor-top-section elementor-element elementor-element-27d6527 elementor-section-height-min-height animated-slow elementor-section-boxed elementor-section-height-default elementor-section-items-middle elementor-invisible\" data-id=\"27d6527\" data-element_type=\"section\" data-settings=\"{&quot;background_background&quot;:&quot;classic&quot;,&quot;animation&quot;:&quot;fadeIn&quot;}\">\n\t\t\t\t\t\t<div class=\"elementor-container elementor-column-gap-default\">\n\t\t\t\t\t<div class=\"elementor-column elementor-col-100 elementor-top-column elementor-element elementor-element-844d2ce\" data-id=\"844d2ce\" data-element_type=\"column\" data-settings=\"{&quot;motion_fx_motion_fx_scrolling&quot;:&quot;yes&quot;,&quot;motion_fx_opacity_effect&quot;:&quot;yes&quot;,&quot;motion_fx_opacity_direction&quot;:&quot;in-out&quot;,&quot;motion_fx_opacity_range&quot;:{&quot;unit&quot;:&quot;%&quot;,&quot;size&quot;:&quot;&quot;,&quot;sizes&quot;:{&quot;start&quot;:50,&quot;end&quot;:100}},&quot;motion_fx_opacity_level&quot;:{&quot;unit&quot;:&quot;px&quot;,&quot;size&quot;:10,&quot;sizes&quot;:[]},&quot;motion_fx_devices&quot;:[&quot;desktop&quot;,&quot;tablet&quot;,&quot;mobile&quot;]}\">\n\t\t\t<div class=\"elementor-widget-wrap elementor-element-populated\">\n\t\t\t\t\t\t<div class=\"elementor-element elementor-element-f24f44a dupla-shadow elementor-widget elementor-widget-heading\" data-id=\"f24f44a\" data-element_type=\"widget\" data-widget_type=\"heading.default\">\n\t\t\t\t<div class=\"elementor-widget-container\">\n\t\t\t\t\t<h1 class=\"elementor-heading-title elementor-size-default\">3D tattoo<\/h1>\t\t\t\t<\/div>\n\t\t\t\t<\/div>\n\t\t\t\t<div class=\"elementor-element elementor-element-b07f148 dupla-shadow elementor-widget elementor-widget-heading\" data-id=\"b07f148\" data-element_type=\"widget\" data-widget_type=\"heading.default\">\n\t\t\t\t<div class=\"elementor-widget-container\">\n\t\t\t\t\t<h2 class=\"elementor-heading-title elementor-size-default\">Realistic tattoo<\/h2>\t\t\t\t<\/div>\n\t\t\t\t<\/div>\n\t\t\t\t\t<\/div>\n\t\t<\/div>\n\t\t\t\t\t<\/div>\n\t\t<\/section>\n\t\t\t\t<section class=\"elementor-section elementor-top-section elementor-element elementor-element-7fef920 elementor-section-height-min-height elementor-section-boxed elementor-section-height-default elementor-section-items-middle\" data-id=\"7fef920\" data-element_type=\"section\">\n\t\t\t\t\t\t<div class=\"elementor-container elementor-column-gap-default\">\n\t\t\t\t\t<div class=\"elementor-column elementor-col-100 elementor-top-column elementor-element elementor-element-54accff\" data-id=\"54accff\" data-element_type=\"column\">\n\t\t\t<div class=\"elementor-widget-wrap elementor-element-populated\">\n\t\t\t\t\t\t<div class=\"elementor-element elementor-element-dc53c1e elementor-invisible elementor-widget elementor-widget-text-editor\" data-id=\"dc53c1e\" data-element_type=\"widget\" data-settings=\"{&quot;_animation&quot;:&quot;slideInUp&quot;}\" data-widget_type=\"text-editor.default\">\n\t\t\t\t<div class=\"elementor-widget-container\">\n\t\t\t\t\t\t\t\t\t<style>\n    .inkroom-realism-card {\n        background-color: #000000;\n        color: #ffffff;\n        font-family: 'Inter', -apple-system, sans-serif;\n        padding: 40px 20px;\n        max-width: 450px;\n        margin: 0 auto;\n        line-height: 1.6;\n    }\n\n    .r-accent-title {\n        font-size: 11px;\n        text-transform: uppercase;\n        letter-spacing: 3px;\n        color: #666;\n        display: block;\n        margin-bottom: 15px;\n    }\n\n    .r-hero-text {\n        font-size: 18px;\n        font-weight: 600;\n        line-height: 1.4;\n        margin-bottom: 25px;\n        letter-spacing: -0.01em;\n    }\n\n    .r-divider {\n        height: 1px;\n        background: linear-gradient(to right, #333, transparent);\n        margin: 25px 0;\n    }\n\n    .r-body-text {\n        font-size: 15px;\n        color: #cccccc;\n        font-weight: 300;\n        margin-bottom: 20px;\n    }\n\n    .r-highlight-quote {\n        border-left: 2px solid #ffffff;\n        padding-left: 20px;\n        margin: 30px 0;\n        font-style: italic;\n        font-size: 16px;\n        color: #ffffff;\n    }\n\n    .r-feature-box {\n        background: #0a0a0a;\n        padding: 20px;\n        border: 1px solid #1a1a1a;\n        margin: 25px 0;\n        text-align: center;\n    }\n\n    .r-footer-text {\n        font-size: 14px;\n        text-align: center;\n        color: #888;\n        margin-top: 30px;\n    }\n\n    \/* Actions Area *\/\n    .action-area {\n        margin-top: 40px;\n        padding-top: 30px;\n        border-top: 1px solid #222;\n    }\n\n    .cta-grid {\n        display: grid;\n        grid-template-columns: 1fr;\n        gap: 12px;\n        margin-bottom: 30px;\n    }\n\n    .btn-primary {\n        display: block;\n        background-color: #ffffff;\n        color: #000000;\n        text-align: center;\n        text-decoration: none;\n        font-weight: 700;\n        font-size: 14px;\n        text-transform: uppercase;\n        letter-spacing: 1.5px;\n        padding: 18px;\n        border-radius: 2px;\n    }\n\n    .btn-secondary {\n        display: block;\n        background-color: #000000;\n        color: #ffffff;\n        text-align: center;\n        text-decoration: none;\n        font-weight: 700;\n        font-size: 14px;\n        text-transform: uppercase;\n        letter-spacing: 1.5px;\n        padding: 18px;\n        border: 1px solid #333;\n        border-radius: 2px;\n    }\n\n    .info-grid {\n        display: grid;\n        grid-template-columns: 1fr 1fr;\n        gap: 10px;\n    }\n\n    .info-link {\n        text-decoration: none;\n        display: flex;\n        flex-direction: column;\n        align-items: center;\n        text-align: center;\n    }\n\n    .info-label {\n        color: #555;\n        font-size: 10px;\n        text-transform: uppercase;\n        letter-spacing: 1px;\n        margin-bottom: 4px;\n    }\n\n    .info-value {\n        color: #ffffff;\n        font-size: 12px;\n        font-weight: 500;\n    }\n<\/style>\n\n<div class=\"inkroom-realism-card\">\n    <span class=\"r-accent-title\">St\u00edlus &#038; Szak\u00e9rtelem<\/span>\n    \n    <div class=\"r-hero-text\">\n        Ez az el\u00e9gg\u00e9 elterjedt st\u00edlus igen k\u00f6zkedvelt, de ez nem azt jelenti, hogy b\u00e1rki k\u00e9pes j\u00f3l elk\u00e9sz\u00edteni.\n    <\/div>\n\n    <p class=\"r-body-text\">\n        Ez a fajta st\u00edlus sok tapasztalatot \u00e9s tud\u00e1st ig\u00e9nyel, nem mellesleg tehets\u00e9get is. Szerencs\u00e9re ezen a t\u00e9ren is tudunk seg\u00edteni: hozz\u00e1\u00e9rt\u00e9s\u00fcnk \u00e9s tapasztalatunk \u00e1ltal csod\u00e1latos mint\u00e1kat alkotunk, melyet b\u00fcszk\u00e9n viselhetsz.\n    <\/p>\n\n    <div class=\"r-highlight-quote\">\n        Ha szeretn\u00e9l portr\u00e9, \u00e9leth\u0171, l\u00e9legzetel\u00e1ll\u00edt\u00f3 tetov\u00e1l\u00e1st viselni magadon, b\u00e1tran keress fel minket! Garant\u00e1ljuk, hogy nem fogsz csal\u00f3dni.\n    <\/div>\n\n    <div class=\"r-feature-box\">\n        <p style=\"margin:0; font-size: 14px; letter-spacing: 1px;\">\n            Szeretj\u00fck a kih\u00edv\u00e1sokat, t\u00f6bb \u00e9ves szakmai tapasztalattal rendelkez\u00fcnk.\n        <\/p>\n    <\/div>\n\n    <div class=\"r-footer-text\">\n        K\u00f6nnyed\u00e9n tal\u00e1lunk megold\u00e1st b\u00e1rmire. Fordulj hozz\u00e1nk bizalommal!\n    <\/div>\n\n    <div class=\"action-area\">\n        <div class=\"cta-grid\">\n            <a href=\"https:\/\/inkroomtattoo.com\/en\/ajanlatkeres\/\" class=\"btn-primary\">Request a quote<\/a>\n            <a href=\"https:\/\/inkroomtattoo.com\/en\/idopontfoglalas\/\" class=\"btn-secondary\">Booking an appointment<\/a>\n        <\/div>\n\n        <div class=\"info-grid\">\n            <a href=\"tel:+36309143215\" class=\"info-link\">\n                <span class=\"info-label\">H\u00edv\u00e1s<\/span>\n                <span class=\"info-value\">+36 30 914 3215<\/span>\n            <\/a>\n            <a href=\"mailto:info@inkroomtattoo.com\" class=\"info-link\">\n                <span class=\"info-label\">Email<\/span>\n                <span class=\"info-value\">info@inkroomtattoo.com<\/span>\n            <\/a>\n        <\/div>\n    <\/div>\n<\/div>\t\t\t\t\t\t\t\t<\/div>\n\t\t\t\t<\/div>\n\t\t\t\t<section class=\"elementor-section elementor-inner-section elementor-element elementor-element-ccc5ea8 elementor-section-boxed elementor-section-height-default elementor-section-height-default\" data-id=\"ccc5ea8\" data-element_type=\"section\">\n\t\t\t\t\t\t<div class=\"elementor-container elementor-column-gap-default\">\n\t\t\t\t\t<div class=\"elementor-column elementor-col-50 elementor-inner-column elementor-element elementor-element-4406f0a\" data-id=\"4406f0a\" data-element_type=\"column\">\n\t\t\t<div class=\"elementor-widget-wrap elementor-element-populated\">\n\t\t\t\t\t\t<div class=\"elementor-element elementor-element-2751675 elementor-invisible elementor-widget elementor-widget-image\" data-id=\"2751675\" data-element_type=\"widget\" data-settings=\"{&quot;_animation&quot;:&quot;slideInLeft&quot;}\" data-widget_type=\"image.default\">\n\t\t\t\t<div class=\"elementor-widget-container\">\n\t\t\t\t\t\t\t\t\t\t\t\t\t\t\t<img decoding=\"async\" src=\"https:\/\/inkroomtattoo.com\/wp-content\/uploads\/elementor\/thumbs\/3D-kep-2-weboldalra-r33enadojl4ueglyclsxuei7ax8b65njr2eqtwtno0.jpg\" title=\"\" alt=\"realisztikus tetov\u00e1l\u00e1s Tattoo Budapest - Inkroom tattoo\" loading=\"lazy\" \/>\t\t\t\t\t\t\t\t\t\t\t\t\t\t\t<\/div>\n\t\t\t\t<\/div>\n\t\t\t\t\t<\/div>\n\t\t<\/div>\n\t\t\t\t<div class=\"elementor-column elementor-col-50 elementor-inner-column elementor-element elementor-element-e035f50\" data-id=\"e035f50\" data-element_type=\"column\">\n\t\t\t<div class=\"elementor-widget-wrap elementor-element-populated\">\n\t\t\t\t\t\t<div class=\"elementor-element elementor-element-226611c elementor-invisible elementor-widget elementor-widget-image\" data-id=\"226611c\" data-element_type=\"widget\" data-settings=\"{&quot;_animation&quot;:&quot;slideInRight&quot;,&quot;_animation_delay&quot;:500}\" data-widget_type=\"image.default\">\n\t\t\t\t<div class=\"elementor-widget-container\">\n\t\t\t\t\t\t\t\t\t\t\t\t\t\t\t<img decoding=\"async\" src=\"https:\/\/inkroomtattoo.com\/wp-content\/uploads\/elementor\/thumbs\/realisztikus_01-r4qjdbbtr5c7tjesgl2dgkn0sjvamyfcya3qnssemo.jpg\" title=\"realisztikus_01\" alt=\"Tattoo Budapest - Inkroom tattoo\" loading=\"lazy\" \/>\t\t\t\t\t\t\t\t\t\t\t\t\t\t\t<\/div>\n\t\t\t\t<\/div>\n\t\t\t\t\t<\/div>\n\t\t<\/div>\n\t\t\t\t\t<\/div>\n\t\t<\/section>\n\t\t\t\t<section class=\"elementor-section elementor-inner-section elementor-element elementor-element-7091784 elementor-section-boxed elementor-section-height-default elementor-section-height-default\" data-id=\"7091784\" data-element_type=\"section\">\n\t\t\t\t\t\t<div class=\"elementor-container elementor-column-gap-default\">\n\t\t\t\t\t<div class=\"elementor-column elementor-col-50 elementor-inner-column elementor-element elementor-element-ff83a63\" data-id=\"ff83a63\" data-element_type=\"column\">\n\t\t\t<div class=\"elementor-widget-wrap elementor-element-populated\">\n\t\t\t\t\t\t<div class=\"elementor-element elementor-element-90298c3 elementor-invisible elementor-widget elementor-widget-image\" data-id=\"90298c3\" data-element_type=\"widget\" data-settings=\"{&quot;_animation&quot;:&quot;slideInLeft&quot;}\" data-widget_type=\"image.default\">\n\t\t\t\t<div class=\"elementor-widget-container\">\n\t\t\t\t\t\t\t\t\t\t\t\t\t\t\t<img decoding=\"async\" src=\"https:\/\/inkroomtattoo.com\/wp-content\/uploads\/elementor\/thumbs\/realisztikus_02-r4qjds8x65zdmiq7psdnpgdbhhjwhiaj0luhas3bio.jpg\" title=\"realisztikus_02\" alt=\"Tattoo Budapest - Inkroom tattoo\" loading=\"lazy\" \/>\t\t\t\t\t\t\t\t\t\t\t\t\t\t\t<\/div>\n\t\t\t\t<\/div>\n\t\t\t\t\t<\/div>\n\t\t<\/div>\n\t\t\t\t<div class=\"elementor-column elementor-col-50 elementor-inner-column elementor-element elementor-element-b67bc3b\" data-id=\"b67bc3b\" data-element_type=\"column\">\n\t\t\t<div class=\"elementor-widget-wrap elementor-element-populated\">\n\t\t\t\t\t\t<div class=\"elementor-element elementor-element-ae5f8d1 elementor-invisible elementor-widget elementor-widget-image\" data-id=\"ae5f8d1\" data-element_type=\"widget\" data-settings=\"{&quot;_animation&quot;:&quot;slideInRight&quot;,&quot;_animation_delay&quot;:500}\" data-widget_type=\"image.default\">\n\t\t\t\t<div class=\"elementor-widget-container\">\n\t\t\t\t\t\t\t\t\t\t\t\t\t\t\t<img decoding=\"async\" src=\"https:\/\/inkroomtattoo.com\/wp-content\/uploads\/elementor\/thumbs\/realisztikus_04-r4rzljtkon8nt09h7bsf43omjsfbumtzgl1dtoy040.jpg\" title=\"realisztikus_04\" alt=\"Inkroom Tattoo Budapest\" loading=\"lazy\" \/>\t\t\t\t\t\t\t\t\t\t\t\t\t\t\t<\/div>\n\t\t\t\t<\/div>\n\t\t\t\t\t<\/div>\n\t\t<\/div>\n\t\t\t\t\t<\/div>\n\t\t<\/section>\n\t\t\t\t<div class=\"elementor-element elementor-element-7aaa220 elementor-align-center elementor-widget elementor-widget-button\" data-id=\"7aaa220\" data-element_type=\"widget\" data-widget_type=\"button.default\">\n\t\t\t\t<div class=\"elementor-widget-container\">\n\t\t\t\t\t\t\t\t\t<div class=\"elementor-button-wrapper\">\n\t\t\t\t\t<a class=\"elementor-button elementor-button-link elementor-size-sm\" href=\"https:\/\/inkroomtattoo.com\/en\/kapcsolat\/\">\n\t\t\t\t\t\t<span class=\"elementor-button-content-wrapper\">\n\t\t\t\t\t\t\t\t\t<span class=\"elementor-button-text\">Contact<\/span>\n\t\t\t\t\t<\/span>\n\t\t\t\t\t<\/a>\n\t\t\t\t<\/div>\n\t\t\t\t\t\t\t\t<\/div>\n\t\t\t\t<\/div>\n\t\t\t\t\t<\/div>\n\t\t<\/div>\n\t\t\t\t\t<\/div>\n\t\t<\/section>\n\t\t\t\t<\/div>","protected":false},"excerpt":{"rendered":"<p>3D tetov\u00e1l\u00e1s Realisztikus tetov\u00e1l\u00e1s St\u00edlus &#038; Szak\u00e9rtelem Ez az el\u00e9gg\u00e9 elterjedt st\u00edlus igen k\u00f6zkedvelt, de ez nem azt jelenti, hogy b\u00e1rki k\u00e9pes j\u00f3l elk\u00e9sz\u00edteni. Ez a fajta st\u00edlus sok tapasztalatot \u00e9s tud\u00e1st ig\u00e9nyel, nem mellesleg tehets\u00e9get is. Szerencs\u00e9re ezen a t\u00e9ren is tudunk seg\u00edteni: hozz\u00e1\u00e9rt\u00e9s\u00fcnk \u00e9s tapasztalatunk \u00e1ltal csod\u00e1latos mint\u00e1kat alkotunk, melyet b\u00fcszk\u00e9n viselhetsz. Ha [&hellip;]<\/p>","protected":false},"author":1,"featured_media":0,"parent":0,"menu_order":0,"comment_status":"closed","ping_status":"closed","template":"elementor_header_footer","meta":{"footnotes":""},"class_list":["post-15","page","type-page","status-publish","hentry"],"yoast_head":"<!-- This site is optimized with the Yoast SEO plugin v25.3 - https:\/\/yoast.com\/wordpress\/plugins\/seo\/ -->\n<title>3D avagy realisztikus tetov\u00e1l\u00e1s - Inkroom Tattoo<\/title>\n<meta name=\"description\" content=\"3D avagy realisztikus tetov\u00e1l\u00e1s - Inkroom Tattoo, Szeretn\u00e9l kit\u0171nni a t\u00f6megb\u0151l, olyan tetov\u00e1l\u00e1st viselni ami \u00e9letre kelti b\u0151r\u00f6det? B\u00e1tran keress fel minket!\" \/>\n<meta name=\"robots\" content=\"index, follow, max-snippet:-1, max-image-preview:large, max-video-preview:-1\" \/>\n<link rel=\"canonical\" href=\"https:\/\/inkroomtattoo.com\/en\/3d-tetovalas\/\" \/>\n<meta property=\"og:locale\" content=\"en_GB\" \/>\n<meta property=\"og:type\" content=\"article\" \/>\n<meta property=\"og:title\" content=\"3 d tetov\u00e1l\u00e1s\" \/>\n<meta property=\"og:description\" content=\"Szeretn\u00e9l kit\u0171nni a t\u00f6megb\u0151l, olyan tetov\u00e1l\u00e1st viselni ami \u00e9letre kelti b\u0151r\u00f6det? B\u00e1tran keress fel minket!\" \/>\n<meta property=\"og:url\" content=\"https:\/\/inkroomtattoo.com\/en\/3d-tetovalas\/\" \/>\n<meta property=\"og:site_name\" content=\"InkRoomTattoo\" \/>\n<meta property=\"article:modified_time\" content=\"2026-02-19T20:28:25+00:00\" \/>\n<meta property=\"og:image\" content=\"https:\/\/inkroomtattoo.com\/wp-content\/uploads\/elementor\/thumbs\/3D-kep-2-weboldalra-r33enadojl4ueglyclsxuei7ax8b65njr2eqtwtno0.jpg\" \/>\n<meta name=\"twitter:card\" content=\"summary_large_image\" \/>\n<meta name=\"twitter:label1\" content=\"Estimated reading time\" \/>\n\t<meta name=\"twitter:data1\" content=\"2 minutes\" \/>\n<script type=\"application\/ld+json\" class=\"yoast-schema-graph\">{\"@context\":\"https:\/\/schema.org\",\"@graph\":[{\"@type\":\"WebPage\",\"@id\":\"https:\/\/inkroomtattoo.com\/3d-tetovalas\/\",\"url\":\"https:\/\/inkroomtattoo.com\/3d-tetovalas\/\",\"name\":\"3D avagy realisztikus tetov\u00e1l\u00e1s - Inkroom Tattoo\",\"isPartOf\":{\"@id\":\"https:\/\/inkroomtattoo.com\/#website\"},\"primaryImageOfPage\":{\"@id\":\"https:\/\/inkroomtattoo.com\/3d-tetovalas\/#primaryimage\"},\"image\":{\"@id\":\"https:\/\/inkroomtattoo.com\/3d-tetovalas\/#primaryimage\"},\"thumbnailUrl\":\"https:\/\/inkroomtattoo.com\/wp-content\/uploads\/elementor\/thumbs\/3D-kep-2-weboldalra-r33enadojl4ueglyclsxuei7ax8b65njr2eqtwtno0.jpg\",\"datePublished\":\"2020-11-24T09:03:55+00:00\",\"dateModified\":\"2026-02-19T20:28:25+00:00\",\"description\":\"3D avagy realisztikus tetov\u00e1l\u00e1s - Inkroom Tattoo, Szeretn\u00e9l kit\u0171nni a t\u00f6megb\u0151l, olyan tetov\u00e1l\u00e1st viselni ami \u00e9letre kelti b\u0151r\u00f6det? B\u00e1tran keress fel minket!\",\"breadcrumb\":{\"@id\":\"https:\/\/inkroomtattoo.com\/3d-tetovalas\/#breadcrumb\"},\"inLanguage\":\"en-GB\",\"potentialAction\":[{\"@type\":\"ReadAction\",\"target\":[\"https:\/\/inkroomtattoo.com\/3d-tetovalas\/\"]}]},{\"@type\":\"ImageObject\",\"inLanguage\":\"en-GB\",\"@id\":\"https:\/\/inkroomtattoo.com\/3d-tetovalas\/#primaryimage\",\"url\":\"https:\/\/inkroomtattoo.com\/wp-content\/uploads\/elementor\/thumbs\/3D-kep-2-weboldalra-r33enadojl4ueglyclsxuei7ax8b65njr2eqtwtno0.jpg\",\"contentUrl\":\"https:\/\/inkroomtattoo.com\/wp-content\/uploads\/elementor\/thumbs\/3D-kep-2-weboldalra-r33enadojl4ueglyclsxuei7ax8b65njr2eqtwtno0.jpg\"},{\"@type\":\"BreadcrumbList\",\"@id\":\"https:\/\/inkroomtattoo.com\/3d-tetovalas\/#breadcrumb\",\"itemListElement\":[{\"@type\":\"ListItem\",\"position\":1,\"name\":\"Kezd\u0151lap\",\"item\":\"https:\/\/inkroomtattoo.com\/\"},{\"@type\":\"ListItem\",\"position\":2,\"name\":\"3d tetov\u00e1l\u00e1s\"}]},{\"@type\":\"WebSite\",\"@id\":\"https:\/\/inkroomtattoo.com\/#website\",\"url\":\"https:\/\/inkroomtattoo.com\/\",\"name\":\"InkRoomTattoo\",\"description\":\"Tattoo Budapest\",\"publisher\":{\"@id\":\"https:\/\/inkroomtattoo.com\/#organization\"},\"potentialAction\":[{\"@type\":\"SearchAction\",\"target\":{\"@type\":\"EntryPoint\",\"urlTemplate\":\"https:\/\/inkroomtattoo.com\/?s={search_term_string}\"},\"query-input\":{\"@type\":\"PropertyValueSpecification\",\"valueRequired\":true,\"valueName\":\"search_term_string\"}}],\"inLanguage\":\"en-GB\"},{\"@type\":\"Organization\",\"@id\":\"https:\/\/inkroomtattoo.com\/#organization\",\"name\":\"Inkroomtattoo\",\"url\":\"https:\/\/inkroomtattoo.com\/\",\"logo\":{\"@type\":\"ImageObject\",\"inLanguage\":\"en-GB\",\"@id\":\"https:\/\/inkroomtattoo.com\/#\/schema\/logo\/image\/\",\"url\":\"https:\/\/inkroomtattoo.com\/wp-content\/uploads\/2020\/12\/cropped-inkroom_logo_egysoros_BLACKnegyzet-01.png\",\"contentUrl\":\"https:\/\/inkroomtattoo.com\/wp-content\/uploads\/2020\/12\/cropped-inkroom_logo_egysoros_BLACKnegyzet-01.png\",\"width\":512,\"height\":512,\"caption\":\"Inkroomtattoo\"},\"image\":{\"@id\":\"https:\/\/inkroomtattoo.com\/#\/schema\/logo\/image\/\"}}]}<\/script>\n<!-- \/ Yoast SEO plugin. -->","yoast_head_json":{"title":"3D avagy realisztikus tetov\u00e1l\u00e1s - Inkroom Tattoo","description":"3D avagy realisztikus tetov\u00e1l\u00e1s - Inkroom Tattoo, Szeretn\u00e9l kit\u0171nni a t\u00f6megb\u0151l, olyan tetov\u00e1l\u00e1st viselni ami \u00e9letre kelti b\u0151r\u00f6det? B\u00e1tran keress fel minket!","robots":{"index":"index","follow":"follow","max-snippet":"max-snippet:-1","max-image-preview":"max-image-preview:large","max-video-preview":"max-video-preview:-1"},"canonical":"https:\/\/inkroomtattoo.com\/en\/3d-tetovalas\/","og_locale":"en_GB","og_type":"article","og_title":"3 d tetov\u00e1l\u00e1s","og_description":"Szeretn\u00e9l kit\u0171nni a t\u00f6megb\u0151l, olyan tetov\u00e1l\u00e1st viselni ami \u00e9letre kelti b\u0151r\u00f6det? B\u00e1tran keress fel minket!","og_url":"https:\/\/inkroomtattoo.com\/en\/3d-tetovalas\/","og_site_name":"InkRoomTattoo","article_modified_time":"2026-02-19T20:28:25+00:00","og_image":[{"url":"https:\/\/inkroomtattoo.com\/wp-content\/uploads\/elementor\/thumbs\/3D-kep-2-weboldalra-r33enadojl4ueglyclsxuei7ax8b65njr2eqtwtno0.jpg","type":"","width":"","height":""}],"twitter_card":"summary_large_image","twitter_misc":{"Estimated reading time":"2 minutes"},"schema":{"@context":"https:\/\/schema.org","@graph":[{"@type":"WebPage","@id":"https:\/\/inkroomtattoo.com\/3d-tetovalas\/","url":"https:\/\/inkroomtattoo.com\/3d-tetovalas\/","name":"3D avagy realisztikus tetov\u00e1l\u00e1s - Inkroom Tattoo","isPartOf":{"@id":"https:\/\/inkroomtattoo.com\/#website"},"primaryImageOfPage":{"@id":"https:\/\/inkroomtattoo.com\/3d-tetovalas\/#primaryimage"},"image":{"@id":"https:\/\/inkroomtattoo.com\/3d-tetovalas\/#primaryimage"},"thumbnailUrl":"https:\/\/inkroomtattoo.com\/wp-content\/uploads\/elementor\/thumbs\/3D-kep-2-weboldalra-r33enadojl4ueglyclsxuei7ax8b65njr2eqtwtno0.jpg","datePublished":"2020-11-24T09:03:55+00:00","dateModified":"2026-02-19T20:28:25+00:00","description":"3D avagy realisztikus tetov\u00e1l\u00e1s - Inkroom Tattoo, Szeretn\u00e9l kit\u0171nni a t\u00f6megb\u0151l, olyan tetov\u00e1l\u00e1st viselni ami \u00e9letre kelti b\u0151r\u00f6det? B\u00e1tran keress fel minket!","breadcrumb":{"@id":"https:\/\/inkroomtattoo.com\/3d-tetovalas\/#breadcrumb"},"inLanguage":"en-GB","potentialAction":[{"@type":"ReadAction","target":["https:\/\/inkroomtattoo.com\/3d-tetovalas\/"]}]},{"@type":"ImageObject","inLanguage":"en-GB","@id":"https:\/\/inkroomtattoo.com\/3d-tetovalas\/#primaryimage","url":"https:\/\/inkroomtattoo.com\/wp-content\/uploads\/elementor\/thumbs\/3D-kep-2-weboldalra-r33enadojl4ueglyclsxuei7ax8b65njr2eqtwtno0.jpg","contentUrl":"https:\/\/inkroomtattoo.com\/wp-content\/uploads\/elementor\/thumbs\/3D-kep-2-weboldalra-r33enadojl4ueglyclsxuei7ax8b65njr2eqtwtno0.jpg"},{"@type":"BreadcrumbList","@id":"https:\/\/inkroomtattoo.com\/3d-tetovalas\/#breadcrumb","itemListElement":[{"@type":"ListItem","position":1,"name":"Kezd\u0151lap","item":"https:\/\/inkroomtattoo.com\/"},{"@type":"ListItem","position":2,"name":"3d tetov\u00e1l\u00e1s"}]},{"@type":"WebSite","@id":"https:\/\/inkroomtattoo.com\/#website","url":"https:\/\/inkroomtattoo.com\/","name":"InkRoomTattoo","description":"Tattoo Budapest","publisher":{"@id":"https:\/\/inkroomtattoo.com\/#organization"},"potentialAction":[{"@type":"SearchAction","target":{"@type":"EntryPoint","urlTemplate":"https:\/\/inkroomtattoo.com\/?s={search_term_string}"},"query-input":{"@type":"PropertyValueSpecification","valueRequired":true,"valueName":"search_term_string"}}],"inLanguage":"en-GB"},{"@type":"Organization","@id":"https:\/\/inkroomtattoo.com\/#organization","name":"Inkroomtattoo","url":"https:\/\/inkroomtattoo.com\/","logo":{"@type":"ImageObject","inLanguage":"en-GB","@id":"https:\/\/inkroomtattoo.com\/#\/schema\/logo\/image\/","url":"https:\/\/inkroomtattoo.com\/wp-content\/uploads\/2020\/12\/cropped-inkroom_logo_egysoros_BLACKnegyzet-01.png","contentUrl":"https:\/\/inkroomtattoo.com\/wp-content\/uploads\/2020\/12\/cropped-inkroom_logo_egysoros_BLACKnegyzet-01.png","width":512,"height":512,"caption":"Inkroomtattoo"},"image":{"@id":"https:\/\/inkroomtattoo.com\/#\/schema\/logo\/image\/"}}]}},"_links":{"self":[{"href":"https:\/\/inkroomtattoo.com\/en\/wp-json\/wp\/v2\/pages\/15","targetHints":{"allow":["GET"]}}],"collection":[{"href":"https:\/\/inkroomtattoo.com\/en\/wp-json\/wp\/v2\/pages"}],"about":[{"href":"https:\/\/inkroomtattoo.com\/en\/wp-json\/wp\/v2\/types\/page"}],"author":[{"embeddable":true,"href":"https:\/\/inkroomtattoo.com\/en\/wp-json\/wp\/v2\/users\/1"}],"replies":[{"embeddable":true,"href":"https:\/\/inkroomtattoo.com\/en\/wp-json\/wp\/v2\/comments?post=15"}],"version-history":[{"count":52,"href":"https:\/\/inkroomtattoo.com\/en\/wp-json\/wp\/v2\/pages\/15\/revisions"}],"predecessor-version":[{"id":2017,"href":"https:\/\/inkroomtattoo.com\/en\/wp-json\/wp\/v2\/pages\/15\/revisions\/2017"}],"wp:attachment":[{"href":"https:\/\/inkroomtattoo.com\/en\/wp-json\/wp\/v2\/media?parent=15"}],"curies":[{"name":"wp","href":"https:\/\/api.w.org\/{rel}","templated":true}]}}