{"id":13,"date":"2020-11-24T11:03:37","date_gmt":"2020-11-24T09:03:37","guid":{"rendered":"https:\/\/inkroomtattoo.com\/?page_id=13"},"modified":"2026-02-19T22:26:45","modified_gmt":"2026-02-19T20:26:45","slug":"tetovalas-takarasa","status":"publish","type":"page","link":"https:\/\/inkroomtattoo.com\/en\/tetovalas-takarasa\/","title":{"rendered":"Tattoo cover up"},"content":{"rendered":"<div data-elementor-type=\"wp-page\" data-elementor-id=\"13\" class=\"elementor elementor-13\" data-elementor-post-type=\"page\">\n\t\t\t\t\t\t<section class=\"elementor-section elementor-top-section elementor-element elementor-element-bb92518 elementor-section-height-min-height animated-slow elementor-section-boxed elementor-section-height-default elementor-section-items-middle elementor-invisible\" data-id=\"bb92518\" data-element_type=\"section\" data-settings=\"{&quot;background_background&quot;:&quot;classic&quot;,&quot;animation&quot;:&quot;fadeIn&quot;}\">\n\t\t\t\t\t\t<div class=\"elementor-container elementor-column-gap-default\">\n\t\t\t\t\t<div class=\"elementor-column elementor-col-100 elementor-top-column elementor-element elementor-element-c9895ec\" data-id=\"c9895ec\" data-element_type=\"column\" data-settings=\"{&quot;motion_fx_motion_fx_scrolling&quot;:&quot;yes&quot;,&quot;motion_fx_opacity_effect&quot;:&quot;yes&quot;,&quot;motion_fx_opacity_direction&quot;:&quot;in-out&quot;,&quot;motion_fx_opacity_range&quot;:{&quot;unit&quot;:&quot;%&quot;,&quot;size&quot;:&quot;&quot;,&quot;sizes&quot;:{&quot;start&quot;:50,&quot;end&quot;:100}},&quot;motion_fx_opacity_level&quot;:{&quot;unit&quot;:&quot;px&quot;,&quot;size&quot;:10,&quot;sizes&quot;:[]},&quot;motion_fx_devices&quot;:[&quot;desktop&quot;,&quot;tablet&quot;,&quot;mobile&quot;]}\">\n\t\t\t<div class=\"elementor-widget-wrap elementor-element-populated\">\n\t\t\t\t\t\t<div class=\"elementor-element elementor-element-204a1aa dupla-shadow elementor-widget elementor-widget-heading\" data-id=\"204a1aa\" data-element_type=\"widget\" data-widget_type=\"heading.default\">\n\t\t\t\t<div class=\"elementor-widget-container\">\n\t\t\t\t\t<h1 class=\"elementor-heading-title elementor-size-default\">Covering or fixing an old tattoo<\/h1>\t\t\t\t<\/div>\n\t\t\t\t<\/div>\n\t\t\t\t\t<\/div>\n\t\t<\/div>\n\t\t\t\t\t<\/div>\n\t\t<\/section>\n\t\t\t\t<section class=\"elementor-section elementor-top-section elementor-element elementor-element-3d5f4b9 elementor-section-height-min-height elementor-section-boxed elementor-section-height-default elementor-section-items-middle\" data-id=\"3d5f4b9\" data-element_type=\"section\">\n\t\t\t\t\t\t<div class=\"elementor-container elementor-column-gap-default\">\n\t\t\t\t\t<div class=\"elementor-column elementor-col-100 elementor-top-column elementor-element elementor-element-8e0afb6\" data-id=\"8e0afb6\" data-element_type=\"column\">\n\t\t\t<div class=\"elementor-widget-wrap elementor-element-populated\">\n\t\t\t\t\t\t<div class=\"elementor-element elementor-element-8a38647 elementor-invisible elementor-widget elementor-widget-text-editor\" data-id=\"8a38647\" data-element_type=\"widget\" data-settings=\"{&quot;_animation&quot;:&quot;slideInUp&quot;}\" data-widget_type=\"text-editor.default\">\n\t\t\t\t<div class=\"elementor-widget-container\">\n\t\t\t\t\t\t\t\t\t<style>\n    .inkroom-coverup-card {\n        background-color: #000000;\n        color: #ffffff;\n        font-family: 'Inter', -apple-system, BlinkMacSystemFont, \"Segoe UI\", Roboto, sans-serif;\n        padding: 40px 20px;\n        max-width: 450px;\n        margin: 0 auto;\n        line-height: 1.6;\n    }\n\n    \/* Text Content Styles *\/\n    .c-header { margin-bottom: 30px; }\n    .c-question { font-size: 18px; font-weight: 600; display: block; margin-bottom: 8px; letter-spacing: -0.02em; }\n    .c-accent { color: #888888; font-size: 15px; font-weight: 300; }\n    \n    .c-services {\n        border-top: 1px solid #222;\n        border-bottom: 1px solid #222;\n        padding: 20px 0;\n        margin: 25px 0;\n        text-align: center;\n        font-size: 15px;\n        letter-spacing: 0.5px;\n    }\n\n    .c-body-text { font-size: 14px; color: #cccccc; font-weight: 300; margin-bottom: 20px; }\n\n    .c-highlight-box {\n        background: #0a0a0a;\n        border-left: 2px solid #ffffff;\n        padding: 20px;\n        margin: 25px 0;\n        font-size: 14px;\n        color: #e0e0e0;\n    }\n\n    .c-footer-note {\n        text-align: center;\n        margin-bottom: 35px;\n    }\n\n    .c-experience {\n        font-size: 11px;\n        text-transform: uppercase;\n        letter-spacing: 2px;\n        color: #666;\n        display: block;\n        margin-bottom: 10px;\n    }\n\n    \/* Action Styles *\/\n    .action-area {\n        margin-top: 40px;\n        padding-top: 30px;\n        border-top: 1px solid #222;\n    }\n\n    .cta-grid {\n        display: grid;\n        grid-template-columns: 1fr;\n        gap: 12px;\n        margin-bottom: 30px;\n    }\n\n    .btn-primary {\n        display: block;\n        background-color: #ffffff;\n        color: #000000;\n        text-align: center;\n        text-decoration: none;\n        font-weight: 700;\n        font-size: 14px;\n        text-transform: uppercase;\n        letter-spacing: 1.5px;\n        padding: 18px;\n        border-radius: 2px;\n    }\n\n    .btn-secondary {\n        display: block;\n        background-color: #000000;\n        color: #ffffff;\n        text-align: center;\n        text-decoration: none;\n        font-weight: 700;\n        font-size: 14px;\n        text-transform: uppercase;\n        letter-spacing: 1.5px;\n        padding: 18px;\n        border: 1px solid #333;\n        border-radius: 2px;\n    }\n\n    .info-grid {\n        display: grid;\n        grid-template-columns: 1fr 1fr;\n        gap: 10px;\n    }\n\n    .info-link {\n        text-decoration: none;\n        display: flex;\n        flex-direction: column;\n        align-items: center;\n        text-align: center;\n    }\n\n    .info-label {\n        color: #555;\n        font-size: 10px;\n        text-transform: uppercase;\n        letter-spacing: 1px;\n        margin-bottom: 4px;\n    }\n\n    .info-value {\n        color: #ffffff;\n        font-size: 12px;\n        font-weight: 500;\n    }\n<\/style>\n\n<div class=\"inkroom-coverup-card\">\n    <div class=\"c-header\">\n        <span class=\"c-question\">Nem vagy megel\u00e9gedve egy r\u00e9gebbi tetov\u00e1l\u00e1soddal?<\/span>\n        <span class=\"c-accent\">Nem azt kaptad, amire sz\u00e1m\u00edtott\u00e1l?<\/span>\n    <\/div>\n\n    <div class=\"c-services\">\n        Whether it\u2019s a full cover-up, a partial redesign, or just refreshing an existing piece \u2013 you can count on us!\n    <\/div>\n\n    <p class=\"c-body-text\">\n        We understand how frustrating it can be to live with a tattoo you\u2019re not proud of. It can even affect your confidence. That\u2019s why it brings us real joy to help you feel good in your own skin again.\n    <\/p>\n\n    <div class=\"c-highlight-box\">\n        In some cases, fixing or covering a poorly done tattoo can be a challenge. When necessary, we recommend lightening the old ink with laser treatment first \u2013 to ensure the final result meets your expectations.\n    <\/div>\n\n    <div class=\"c-footer-note\">\n        <span class=\"c-experience\">Szeretj\u00fck a kih\u00edv\u00e1sokat \/ \u00c9ves szakmai tapasztalat<\/span>\n        <p class=\"c-body-text\" style=\"text-align:center;\">K\u00f6nnyed\u00e9n tal\u00e1lunk megold\u00e1st b\u00e1rmire. Fordulj hozz\u00e1nk bizalommal!<\/p>\n    <\/div>\n\n    <div class=\"action-area\">\n        <div class=\"cta-grid\">\n            <a href=\"https:\/\/inkroomtattoo.com\/en\/ajanlatkeres\/\" class=\"btn-primary\">Request a quote<\/a>\n            <a href=\"https:\/\/inkroomtattoo.com\/en\/idopontfoglalas\/\" class=\"btn-secondary\">Booking an appointment<\/a>\n        <\/div>\n\n        <div class=\"info-grid\">\n            <a href=\"tel:+36309143215\" class=\"info-link\">\n                <span class=\"info-label\">H\u00edv\u00e1s<\/span>\n                <span class=\"info-value\">+36 30 914 3215<\/span>\n            <\/a>\n            <a href=\"mailto:info@inkroomtattoo.com\" class=\"info-link\">\n                <span class=\"info-label\">Email<\/span>\n                <span class=\"info-value\">info@inkroomtattoo.com<\/span>\n            <\/a>\n        <\/div>\n    <\/div>\n<\/div>\t\t\t\t\t\t\t\t<\/div>\n\t\t\t\t<\/div>\n\t\t\t\t<section class=\"elementor-section elementor-inner-section elementor-element elementor-element-ece8ba1 elementor-section-boxed elementor-section-height-default elementor-section-height-default\" data-id=\"ece8ba1\" data-element_type=\"section\">\n\t\t\t\t\t\t<div class=\"elementor-container elementor-column-gap-default\">\n\t\t\t\t\t<div class=\"elementor-column elementor-col-50 elementor-inner-column elementor-element elementor-element-acb5900\" data-id=\"acb5900\" data-element_type=\"column\">\n\t\t\t<div class=\"elementor-widget-wrap elementor-element-populated\">\n\t\t\t\t\t\t<div class=\"elementor-element elementor-element-b893284 elementor-invisible elementor-widget elementor-widget-image\" data-id=\"b893284\" data-element_type=\"widget\" data-settings=\"{&quot;_animation&quot;:&quot;slideInLeft&quot;}\" data-widget_type=\"image.default\">\n\t\t\t\t<div class=\"elementor-widget-container\">\n\t\t\t\t\t\t\t\t\t\t\t\t\t\t\t<img fetchpriority=\"high\" decoding=\"async\" width=\"800\" height=\"917\" src=\"https:\/\/inkroomtattoo.com\/wp-content\/uploads\/2020\/12\/01_fonix_elrontott-min-893x1024.jpg\" class=\"attachment-large size-large wp-image-378\" alt=\"r\u00e9gi tetov\u00e1l\u00e1s takar\u00e1sa Tattoo Budapest - Inkroom tattoo\" srcset=\"https:\/\/inkroomtattoo.com\/wp-content\/uploads\/2020\/12\/01_fonix_elrontott-min-893x1024.jpg 893w, https:\/\/inkroomtattoo.com\/wp-content\/uploads\/2020\/12\/01_fonix_elrontott-min-262x300.jpg 262w, https:\/\/inkroomtattoo.com\/wp-content\/uploads\/2020\/12\/01_fonix_elrontott-min-768x881.jpg 768w, https:\/\/inkroomtattoo.com\/wp-content\/uploads\/2020\/12\/01_fonix_elrontott-min-1339x1536.jpg 1339w, https:\/\/inkroomtattoo.com\/wp-content\/uploads\/2020\/12\/01_fonix_elrontott-min-1786x2048.jpg 1786w\" sizes=\"(max-width: 800px) 100vw, 800px\" \/>\t\t\t\t\t\t\t\t\t\t\t\t\t\t\t<\/div>\n\t\t\t\t<\/div>\n\t\t\t\t\t<\/div>\n\t\t<\/div>\n\t\t\t\t<div class=\"elementor-column elementor-col-50 elementor-inner-column elementor-element elementor-element-37a788e\" data-id=\"37a788e\" data-element_type=\"column\">\n\t\t\t<div class=\"elementor-widget-wrap elementor-element-populated\">\n\t\t\t\t\t\t<div class=\"elementor-element elementor-element-0811394 elementor-invisible elementor-widget elementor-widget-image\" data-id=\"0811394\" data-element_type=\"widget\" data-settings=\"{&quot;_animation&quot;:&quot;slideInRight&quot;,&quot;_animation_delay&quot;:500}\" data-widget_type=\"image.default\">\n\t\t\t\t<div class=\"elementor-widget-container\">\n\t\t\t\t\t\t\t\t\t\t\t\t\t\t\t<img decoding=\"async\" width=\"800\" height=\"917\" src=\"https:\/\/inkroomtattoo.com\/wp-content\/uploads\/2020\/12\/01_fonix_javitott-min-893x1024.jpg\" class=\"attachment-large size-large wp-image-377\" alt=\"elrontott tetov\u00e1l\u00e1s jav\u00edt\u00e1sa Tattoo Budapest - Inkroom tattoo\" srcset=\"https:\/\/inkroomtattoo.com\/wp-content\/uploads\/2020\/12\/01_fonix_javitott-min-893x1024.jpg 893w, https:\/\/inkroomtattoo.com\/wp-content\/uploads\/2020\/12\/01_fonix_javitott-min-262x300.jpg 262w, https:\/\/inkroomtattoo.com\/wp-content\/uploads\/2020\/12\/01_fonix_javitott-min-768x881.jpg 768w, https:\/\/inkroomtattoo.com\/wp-content\/uploads\/2020\/12\/01_fonix_javitott-min-1339x1536.jpg 1339w, https:\/\/inkroomtattoo.com\/wp-content\/uploads\/2020\/12\/01_fonix_javitott-min-1786x2048.jpg 1786w\" sizes=\"(max-width: 800px) 100vw, 800px\" \/>\t\t\t\t\t\t\t\t\t\t\t\t\t\t\t<\/div>\n\t\t\t\t<\/div>\n\t\t\t\t\t<\/div>\n\t\t<\/div>\n\t\t\t\t\t<\/div>\n\t\t<\/section>\n\t\t\t\t<section class=\"elementor-section elementor-inner-section elementor-element elementor-element-6fb4ba4 elementor-section-boxed elementor-section-height-default elementor-section-height-default\" data-id=\"6fb4ba4\" data-element_type=\"section\">\n\t\t\t\t\t\t<div class=\"elementor-container elementor-column-gap-default\">\n\t\t\t\t\t<div class=\"elementor-column elementor-col-50 elementor-inner-column elementor-element elementor-element-5a9ef89\" data-id=\"5a9ef89\" data-element_type=\"column\">\n\t\t\t<div class=\"elementor-widget-wrap elementor-element-populated\">\n\t\t\t\t\t\t<div class=\"elementor-element elementor-element-cdf271f elementor-invisible elementor-widget elementor-widget-image\" data-id=\"cdf271f\" data-element_type=\"widget\" data-settings=\"{&quot;_animation&quot;:&quot;slideInLeft&quot;}\" data-widget_type=\"image.default\">\n\t\t\t\t<div class=\"elementor-widget-container\">\n\t\t\t\t\t\t\t\t\t\t\t\t\t\t\t<img decoding=\"async\" width=\"800\" height=\"917\" src=\"https:\/\/inkroomtattoo.com\/wp-content\/uploads\/2025\/04\/regi-takaras-javitas_01-893x1024.jpg\" class=\"attachment-large size-large wp-image-1560\" alt=\"Tattoo Budapest - Inkroom tattoo\" srcset=\"https:\/\/inkroomtattoo.com\/wp-content\/uploads\/2025\/04\/regi-takaras-javitas_01-893x1024.jpg 893w, https:\/\/inkroomtattoo.com\/wp-content\/uploads\/2025\/04\/regi-takaras-javitas_01-262x300.jpg 262w, https:\/\/inkroomtattoo.com\/wp-content\/uploads\/2025\/04\/regi-takaras-javitas_01-768x881.jpg 768w, https:\/\/inkroomtattoo.com\/wp-content\/uploads\/2025\/04\/regi-takaras-javitas_01-1339x1536.jpg 1339w, https:\/\/inkroomtattoo.com\/wp-content\/uploads\/2025\/04\/regi-takaras-javitas_01-1786x2048.jpg 1786w, https:\/\/inkroomtattoo.com\/wp-content\/uploads\/2025\/04\/regi-takaras-javitas_01-10x12.jpg 10w\" sizes=\"(max-width: 800px) 100vw, 800px\" \/>\t\t\t\t\t\t\t\t\t\t\t\t\t\t\t<\/div>\n\t\t\t\t<\/div>\n\t\t\t\t\t<\/div>\n\t\t<\/div>\n\t\t\t\t<div class=\"elementor-column elementor-col-50 elementor-inner-column elementor-element elementor-element-41ab81a\" data-id=\"41ab81a\" data-element_type=\"column\">\n\t\t\t<div class=\"elementor-widget-wrap elementor-element-populated\">\n\t\t\t\t\t\t<div class=\"elementor-element elementor-element-c3e1b49 elementor-invisible elementor-widget elementor-widget-image\" data-id=\"c3e1b49\" data-element_type=\"widget\" data-settings=\"{&quot;_animation&quot;:&quot;slideInRight&quot;,&quot;_animation_delay&quot;:500}\" data-widget_type=\"image.default\">\n\t\t\t\t<div class=\"elementor-widget-container\">\n\t\t\t\t\t\t\t\t\t\t\t\t\t\t\t<img loading=\"lazy\" decoding=\"async\" width=\"800\" height=\"917\" src=\"https:\/\/inkroomtattoo.com\/wp-content\/uploads\/2025\/04\/regi-takaras-javitas_02.jpg\" class=\"attachment-large size-large wp-image-1558\" alt=\"Tattoo Budapest - Inkroom tattoo\" srcset=\"https:\/\/inkroomtattoo.com\/wp-content\/uploads\/2025\/04\/regi-takaras-javitas_02.jpg 872w, https:\/\/inkroomtattoo.com\/wp-content\/uploads\/2025\/04\/regi-takaras-javitas_02-262x300.jpg 262w, https:\/\/inkroomtattoo.com\/wp-content\/uploads\/2025\/04\/regi-takaras-javitas_02-768x881.jpg 768w, https:\/\/inkroomtattoo.com\/wp-content\/uploads\/2025\/04\/regi-takaras-javitas_02-10x12.jpg 10w\" sizes=\"(max-width: 800px) 100vw, 800px\" \/>\t\t\t\t\t\t\t\t\t\t\t\t\t\t\t<\/div>\n\t\t\t\t<\/div>\n\t\t\t\t\t<\/div>\n\t\t<\/div>\n\t\t\t\t\t<\/div>\n\t\t<\/section>\n\t\t\t\t<div class=\"elementor-element elementor-element-70c5858 elementor-align-center elementor-widget elementor-widget-button\" data-id=\"70c5858\" data-element_type=\"widget\" data-widget_type=\"button.default\">\n\t\t\t\t<div class=\"elementor-widget-container\">\n\t\t\t\t\t\t\t\t\t<div class=\"elementor-button-wrapper\">\n\t\t\t\t\t<a class=\"elementor-button elementor-button-link elementor-size-sm\" href=\"https:\/\/inkroomtattoo.com\/en\/kapcsolat\/\">\n\t\t\t\t\t\t<span class=\"elementor-button-content-wrapper\">\n\t\t\t\t\t\t\t\t\t<span class=\"elementor-button-text\">Contact<\/span>\n\t\t\t\t\t<\/span>\n\t\t\t\t\t<\/a>\n\t\t\t\t<\/div>\n\t\t\t\t\t\t\t\t<\/div>\n\t\t\t\t<\/div>\n\t\t\t\t\t<\/div>\n\t\t<\/div>\n\t\t\t\t\t<\/div>\n\t\t<\/section>\n\t\t\t\t<\/div>","protected":false},"excerpt":{"rendered":"<p>R\u00e9gi tetov\u00e1l\u00e1s takar\u00e1sa, jav\u00edt\u00e1sa Nem vagy megel\u00e9gedve egy r\u00e9gebbi tetov\u00e1l\u00e1soddal? Nem azt kaptad, amire sz\u00e1m\u00edtott\u00e1l? Legyen sz\u00f3 teljes vagy r\u00e9szleges takar\u00e1sr\u00f3l, esetleg csak a megl\u00e9v\u0151 minta felfriss\u00edt\u00e9s\u00e9r\u0151l, r\u00e1nk sz\u00e1m\u00edthatsz! Tiszt\u00e1ban vagyunk vele, hogy nem kellemes b\u0151r\u00fcnk\u00f6n viselni egy elrontott tetov\u00e1l\u00e1st, ami az \u00f6nbizalmunkat is gyeng\u00edtheti, \u00edgy \u00f6r\u00f6mmel t\u00f6lt el minket, ha nek\u00fcnk k\u00f6sz\u00f6nhet\u0151en \u00fajra j\u00f3l [&hellip;]<\/p>","protected":false},"author":1,"featured_media":0,"parent":0,"menu_order":0,"comment_status":"closed","ping_status":"closed","template":"elementor_header_footer","meta":{"footnotes":""},"class_list":["post-13","page","type-page","status-publish","hentry"],"yoast_head":"<!-- This site is optimized with the Yoast SEO plugin v25.3 - https:\/\/yoast.com\/wordpress\/plugins\/seo\/ -->\n<title>Tetov\u00e1l\u00e1s takar\u00e1sa, jav\u00edt\u00e1sa - Inkroom Tattoo<\/title>\n<meta name=\"description\" content=\"Tetov\u00e1l\u00e1s takar\u00e1sa-Nem vagy megel\u00e9gedve egy r\u00e9gebbi tetov\u00e1l\u00e1soddal? Fordulj hozz\u00e1nk bizalommal!\" \/>\n<meta name=\"robots\" content=\"index, follow, max-snippet:-1, max-image-preview:large, max-video-preview:-1\" \/>\n<link rel=\"canonical\" href=\"https:\/\/inkroomtattoo.com\/en\/tetovalas-takarasa\/\" \/>\n<meta property=\"og:locale\" content=\"en_GB\" \/>\n<meta property=\"og:type\" content=\"article\" \/>\n<meta property=\"og:title\" content=\"Tetov\u00e1l\u00e1s takar\u00e1sa\" \/>\n<meta property=\"og:description\" content=\"Tetov\u00e1l\u00e1s takar\u00e1sa-Nem vagy megel\u00e9gedve egy r\u00e9gebbi tetov\u00e1l\u00e1soddal? Fordulj hozz\u00e1nk bizalommal!\" \/>\n<meta property=\"og:url\" content=\"https:\/\/inkroomtattoo.com\/en\/tetovalas-takarasa\/\" \/>\n<meta property=\"og:site_name\" content=\"InkRoomTattoo\" \/>\n<meta property=\"article:modified_time\" content=\"2026-02-19T20:26:45+00:00\" \/>\n<meta property=\"og:image\" content=\"https:\/\/inkroomtattoo.com\/wp-content\/uploads\/2020\/12\/01_fonix_elrontott-min-scaled.jpg\" \/>\n\t<meta property=\"og:image:width\" content=\"2232\" \/>\n\t<meta property=\"og:image:height\" content=\"2560\" \/>\n\t<meta property=\"og:image:type\" content=\"image\/jpeg\" \/>\n<meta name=\"twitter:card\" content=\"summary_large_image\" \/>\n<meta name=\"twitter:label1\" content=\"Estimated reading time\" \/>\n\t<meta name=\"twitter:data1\" content=\"2 minutes\" \/>\n<script type=\"application\/ld+json\" class=\"yoast-schema-graph\">{\"@context\":\"https:\/\/schema.org\",\"@graph\":[{\"@type\":\"WebPage\",\"@id\":\"https:\/\/inkroomtattoo.com\/tetovalas-takarasa\/\",\"url\":\"https:\/\/inkroomtattoo.com\/tetovalas-takarasa\/\",\"name\":\"Tetov\u00e1l\u00e1s takar\u00e1sa, jav\u00edt\u00e1sa - Inkroom Tattoo\",\"isPartOf\":{\"@id\":\"https:\/\/inkroomtattoo.com\/#website\"},\"primaryImageOfPage\":{\"@id\":\"https:\/\/inkroomtattoo.com\/tetovalas-takarasa\/#primaryimage\"},\"image\":{\"@id\":\"https:\/\/inkroomtattoo.com\/tetovalas-takarasa\/#primaryimage\"},\"thumbnailUrl\":\"https:\/\/inkroomtattoo.com\/wp-content\/uploads\/2020\/12\/01_fonix_elrontott-min-893x1024.jpg\",\"datePublished\":\"2020-11-24T09:03:37+00:00\",\"dateModified\":\"2026-02-19T20:26:45+00:00\",\"description\":\"Tetov\u00e1l\u00e1s takar\u00e1sa-Nem vagy megel\u00e9gedve egy r\u00e9gebbi tetov\u00e1l\u00e1soddal? Fordulj hozz\u00e1nk bizalommal!\",\"breadcrumb\":{\"@id\":\"https:\/\/inkroomtattoo.com\/tetovalas-takarasa\/#breadcrumb\"},\"inLanguage\":\"en-GB\",\"potentialAction\":[{\"@type\":\"ReadAction\",\"target\":[\"https:\/\/inkroomtattoo.com\/tetovalas-takarasa\/\"]}]},{\"@type\":\"ImageObject\",\"inLanguage\":\"en-GB\",\"@id\":\"https:\/\/inkroomtattoo.com\/tetovalas-takarasa\/#primaryimage\",\"url\":\"https:\/\/inkroomtattoo.com\/wp-content\/uploads\/2020\/12\/01_fonix_elrontott-min-893x1024.jpg\",\"contentUrl\":\"https:\/\/inkroomtattoo.com\/wp-content\/uploads\/2020\/12\/01_fonix_elrontott-min-893x1024.jpg\"},{\"@type\":\"BreadcrumbList\",\"@id\":\"https:\/\/inkroomtattoo.com\/tetovalas-takarasa\/#breadcrumb\",\"itemListElement\":[{\"@type\":\"ListItem\",\"position\":1,\"name\":\"Kezd\u0151lap\",\"item\":\"https:\/\/inkroomtattoo.com\/\"},{\"@type\":\"ListItem\",\"position\":2,\"name\":\"Tetov\u00e1l\u00e1s takar\u00e1s\"}]},{\"@type\":\"WebSite\",\"@id\":\"https:\/\/inkroomtattoo.com\/#website\",\"url\":\"https:\/\/inkroomtattoo.com\/\",\"name\":\"InkRoomTattoo\",\"description\":\"Tattoo Budapest\",\"publisher\":{\"@id\":\"https:\/\/inkroomtattoo.com\/#organization\"},\"potentialAction\":[{\"@type\":\"SearchAction\",\"target\":{\"@type\":\"EntryPoint\",\"urlTemplate\":\"https:\/\/inkroomtattoo.com\/?s={search_term_string}\"},\"query-input\":{\"@type\":\"PropertyValueSpecification\",\"valueRequired\":true,\"valueName\":\"search_term_string\"}}],\"inLanguage\":\"en-GB\"},{\"@type\":\"Organization\",\"@id\":\"https:\/\/inkroomtattoo.com\/#organization\",\"name\":\"Inkroomtattoo\",\"url\":\"https:\/\/inkroomtattoo.com\/\",\"logo\":{\"@type\":\"ImageObject\",\"inLanguage\":\"en-GB\",\"@id\":\"https:\/\/inkroomtattoo.com\/#\/schema\/logo\/image\/\",\"url\":\"https:\/\/inkroomtattoo.com\/wp-content\/uploads\/2020\/12\/cropped-inkroom_logo_egysoros_BLACKnegyzet-01.png\",\"contentUrl\":\"https:\/\/inkroomtattoo.com\/wp-content\/uploads\/2020\/12\/cropped-inkroom_logo_egysoros_BLACKnegyzet-01.png\",\"width\":512,\"height\":512,\"caption\":\"Inkroomtattoo\"},\"image\":{\"@id\":\"https:\/\/inkroomtattoo.com\/#\/schema\/logo\/image\/\"}}]}<\/script>\n<!-- \/ Yoast SEO plugin. -->","yoast_head_json":{"title":"Tetov\u00e1l\u00e1s takar\u00e1sa, jav\u00edt\u00e1sa - Inkroom Tattoo","description":"Tetov\u00e1l\u00e1s takar\u00e1sa-Nem vagy megel\u00e9gedve egy r\u00e9gebbi tetov\u00e1l\u00e1soddal? Fordulj hozz\u00e1nk bizalommal!","robots":{"index":"index","follow":"follow","max-snippet":"max-snippet:-1","max-image-preview":"max-image-preview:large","max-video-preview":"max-video-preview:-1"},"canonical":"https:\/\/inkroomtattoo.com\/en\/tetovalas-takarasa\/","og_locale":"en_GB","og_type":"article","og_title":"Tetov\u00e1l\u00e1s takar\u00e1sa","og_description":"Tetov\u00e1l\u00e1s takar\u00e1sa-Nem vagy megel\u00e9gedve egy r\u00e9gebbi tetov\u00e1l\u00e1soddal? Fordulj hozz\u00e1nk bizalommal!","og_url":"https:\/\/inkroomtattoo.com\/en\/tetovalas-takarasa\/","og_site_name":"InkRoomTattoo","article_modified_time":"2026-02-19T20:26:45+00:00","og_image":[{"width":2232,"height":2560,"url":"https:\/\/inkroomtattoo.com\/wp-content\/uploads\/2020\/12\/01_fonix_elrontott-min-scaled.jpg","type":"image\/jpeg"}],"twitter_card":"summary_large_image","twitter_misc":{"Estimated reading time":"2 minutes"},"schema":{"@context":"https:\/\/schema.org","@graph":[{"@type":"WebPage","@id":"https:\/\/inkroomtattoo.com\/tetovalas-takarasa\/","url":"https:\/\/inkroomtattoo.com\/tetovalas-takarasa\/","name":"Tetov\u00e1l\u00e1s takar\u00e1sa, jav\u00edt\u00e1sa - Inkroom Tattoo","isPartOf":{"@id":"https:\/\/inkroomtattoo.com\/#website"},"primaryImageOfPage":{"@id":"https:\/\/inkroomtattoo.com\/tetovalas-takarasa\/#primaryimage"},"image":{"@id":"https:\/\/inkroomtattoo.com\/tetovalas-takarasa\/#primaryimage"},"thumbnailUrl":"https:\/\/inkroomtattoo.com\/wp-content\/uploads\/2020\/12\/01_fonix_elrontott-min-893x1024.jpg","datePublished":"2020-11-24T09:03:37+00:00","dateModified":"2026-02-19T20:26:45+00:00","description":"Tetov\u00e1l\u00e1s takar\u00e1sa-Nem vagy megel\u00e9gedve egy r\u00e9gebbi tetov\u00e1l\u00e1soddal? Fordulj hozz\u00e1nk bizalommal!","breadcrumb":{"@id":"https:\/\/inkroomtattoo.com\/tetovalas-takarasa\/#breadcrumb"},"inLanguage":"en-GB","potentialAction":[{"@type":"ReadAction","target":["https:\/\/inkroomtattoo.com\/tetovalas-takarasa\/"]}]},{"@type":"ImageObject","inLanguage":"en-GB","@id":"https:\/\/inkroomtattoo.com\/tetovalas-takarasa\/#primaryimage","url":"https:\/\/inkroomtattoo.com\/wp-content\/uploads\/2020\/12\/01_fonix_elrontott-min-893x1024.jpg","contentUrl":"https:\/\/inkroomtattoo.com\/wp-content\/uploads\/2020\/12\/01_fonix_elrontott-min-893x1024.jpg"},{"@type":"BreadcrumbList","@id":"https:\/\/inkroomtattoo.com\/tetovalas-takarasa\/#breadcrumb","itemListElement":[{"@type":"ListItem","position":1,"name":"Kezd\u0151lap","item":"https:\/\/inkroomtattoo.com\/"},{"@type":"ListItem","position":2,"name":"Tetov\u00e1l\u00e1s takar\u00e1s"}]},{"@type":"WebSite","@id":"https:\/\/inkroomtattoo.com\/#website","url":"https:\/\/inkroomtattoo.com\/","name":"InkRoomTattoo","description":"Tattoo Budapest","publisher":{"@id":"https:\/\/inkroomtattoo.com\/#organization"},"potentialAction":[{"@type":"SearchAction","target":{"@type":"EntryPoint","urlTemplate":"https:\/\/inkroomtattoo.com\/?s={search_term_string}"},"query-input":{"@type":"PropertyValueSpecification","valueRequired":true,"valueName":"search_term_string"}}],"inLanguage":"en-GB"},{"@type":"Organization","@id":"https:\/\/inkroomtattoo.com\/#organization","name":"Inkroomtattoo","url":"https:\/\/inkroomtattoo.com\/","logo":{"@type":"ImageObject","inLanguage":"en-GB","@id":"https:\/\/inkroomtattoo.com\/#\/schema\/logo\/image\/","url":"https:\/\/inkroomtattoo.com\/wp-content\/uploads\/2020\/12\/cropped-inkroom_logo_egysoros_BLACKnegyzet-01.png","contentUrl":"https:\/\/inkroomtattoo.com\/wp-content\/uploads\/2020\/12\/cropped-inkroom_logo_egysoros_BLACKnegyzet-01.png","width":512,"height":512,"caption":"Inkroomtattoo"},"image":{"@id":"https:\/\/inkroomtattoo.com\/#\/schema\/logo\/image\/"}}]}},"_links":{"self":[{"href":"https:\/\/inkroomtattoo.com\/en\/wp-json\/wp\/v2\/pages\/13","targetHints":{"allow":["GET"]}}],"collection":[{"href":"https:\/\/inkroomtattoo.com\/en\/wp-json\/wp\/v2\/pages"}],"about":[{"href":"https:\/\/inkroomtattoo.com\/en\/wp-json\/wp\/v2\/types\/page"}],"author":[{"embeddable":true,"href":"https:\/\/inkroomtattoo.com\/en\/wp-json\/wp\/v2\/users\/1"}],"replies":[{"embeddable":true,"href":"https:\/\/inkroomtattoo.com\/en\/wp-json\/wp\/v2\/comments?post=13"}],"version-history":[{"count":44,"href":"https:\/\/inkroomtattoo.com\/en\/wp-json\/wp\/v2\/pages\/13\/revisions"}],"predecessor-version":[{"id":2014,"href":"https:\/\/inkroomtattoo.com\/en\/wp-json\/wp\/v2\/pages\/13\/revisions\/2014"}],"wp:attachment":[{"href":"https:\/\/inkroomtattoo.com\/en\/wp-json\/wp\/v2\/media?parent=13"}],"curies":[{"name":"wp","href":"https:\/\/api.w.org\/{rel}","templated":true}]}}