{"id":1101,"date":"2023-05-09T17:25:11","date_gmt":"2023-05-09T14:25:11","guid":{"rendered":"https:\/\/inkroomtattoo.com\/?page_id=1101"},"modified":"2026-02-19T22:37:21","modified_gmt":"2026-02-19T20:37:21","slug":"paros-tetovalas","status":"publish","type":"page","link":"https:\/\/inkroomtattoo.com\/en\/paros-tetovalas\/","title":{"rendered":"Couple tattoo"},"content":{"rendered":"<div data-elementor-type=\"wp-page\" data-elementor-id=\"1101\" class=\"elementor elementor-1101\" data-elementor-post-type=\"page\">\n\t\t\t\t\t\t<section class=\"elementor-section elementor-top-section elementor-element elementor-element-9fd13d3 elementor-section-height-min-height animated-slow elementor-section-boxed elementor-section-height-default elementor-section-items-middle elementor-invisible\" data-id=\"9fd13d3\" data-element_type=\"section\" data-settings=\"{&quot;background_background&quot;:&quot;classic&quot;,&quot;animation&quot;:&quot;fadeIn&quot;}\">\n\t\t\t\t\t\t<div class=\"elementor-container elementor-column-gap-default\">\n\t\t\t\t\t<div class=\"elementor-column elementor-col-100 elementor-top-column elementor-element elementor-element-a1071ad\" data-id=\"a1071ad\" data-element_type=\"column\" data-settings=\"{&quot;motion_fx_motion_fx_scrolling&quot;:&quot;yes&quot;,&quot;motion_fx_opacity_effect&quot;:&quot;yes&quot;,&quot;motion_fx_opacity_direction&quot;:&quot;in-out&quot;,&quot;motion_fx_opacity_range&quot;:{&quot;unit&quot;:&quot;%&quot;,&quot;size&quot;:&quot;&quot;,&quot;sizes&quot;:{&quot;start&quot;:50,&quot;end&quot;:100}},&quot;motion_fx_opacity_level&quot;:{&quot;unit&quot;:&quot;px&quot;,&quot;size&quot;:10,&quot;sizes&quot;:[]},&quot;motion_fx_devices&quot;:[&quot;desktop&quot;,&quot;tablet&quot;,&quot;mobile&quot;]}\">\n\t\t\t<div class=\"elementor-widget-wrap elementor-element-populated\">\n\t\t\t\t\t\t<div class=\"elementor-element elementor-element-60284eb dupla-shadow elementor-widget elementor-widget-heading\" data-id=\"60284eb\" data-element_type=\"widget\" data-widget_type=\"heading.default\">\n\t\t\t\t<div class=\"elementor-widget-container\">\n\t\t\t\t\t<h1 class=\"elementor-heading-title elementor-size-default\">Couple tattoo<\/h1>\t\t\t\t<\/div>\n\t\t\t\t<\/div>\n\t\t\t\t\t<\/div>\n\t\t<\/div>\n\t\t\t\t\t<\/div>\n\t\t<\/section>\n\t\t\t\t<section class=\"elementor-section elementor-top-section elementor-element elementor-element-9f8829b elementor-section-height-min-height elementor-section-boxed elementor-section-height-default elementor-section-items-middle\" data-id=\"9f8829b\" data-element_type=\"section\">\n\t\t\t\t\t\t<div class=\"elementor-container elementor-column-gap-default\">\n\t\t\t\t\t<div class=\"elementor-column elementor-col-100 elementor-top-column elementor-element elementor-element-48cf72b\" data-id=\"48cf72b\" data-element_type=\"column\">\n\t\t\t<div class=\"elementor-widget-wrap elementor-element-populated\">\n\t\t\t\t\t\t<div class=\"elementor-element elementor-element-e28b526 elementor-invisible elementor-widget elementor-widget-text-editor\" data-id=\"e28b526\" data-element_type=\"widget\" data-settings=\"{&quot;_animation&quot;:&quot;slideInUp&quot;}\" data-widget_type=\"text-editor.default\">\n\t\t\t\t<div class=\"elementor-widget-container\">\n\t\t\t\t\t\t\t\t\t<style>\n    .inkroom-premium-widget {\n        background-color: #000000;\n        color: #ffffff;\n        font-family: 'Inter', -apple-system, BlinkMacSystemFont, sans-serif;\n        padding: 40px 20px;\n        max-width: 450px;\n        margin: 0 auto;\n        line-height: 1.6;\n    }\n\n    \/* Paragraph Styling *\/\n    .inkroom-premium-widget p {\n        margin-bottom: 25px;\n        font-size: 15px;\n        font-weight: 300;\n        color: #d1d1d1;\n        letter-spacing: 0.2px;\n    }\n\n    \/* H2 Design *\/\n    .inkroom-premium-widget h2 {\n        font-size: 26px;\n        font-weight: 700;\n        letter-spacing: -0.03em;\n        margin-bottom: 25px;\n        border-left: 3px solid #ffffff;\n        padding-left: 15px;\n    }\n\n    \/* Pull Quote \/ Emphasis Style for Middle Paragraphs *\/\n    .highlight-para {\n        background: #0a0a0a;\n        border: 1px solid #1a1a1a;\n        padding: 25px;\n        position: relative;\n        margin: 30px 0;\n    }\n\n    \/* Section Splitter *\/\n    .style-header {\n        display: block;\n        font-size: 11px;\n        text-transform: uppercase;\n        letter-spacing: 3px;\n        color: #666;\n        margin: 40px 0 15px 0;\n    }\n\n    \/* Bottom spacing adjustment *\/\n    .last-text {\n        margin-bottom: 40px !important;\n        border-top: 1px solid #222;\n        padding-top: 25px;\n        font-style: italic;\n    }\n\n    \/* Actions Area *\/\n    .action-area {\n        margin-top: 20px;\n        padding-top: 30px;\n        border-top: 1px solid #222;\n    }\n\n    .cta-grid {\n        display: grid;\n        grid-template-columns: 1fr;\n        gap: 12px;\n        margin-bottom: 30px;\n    }\n\n    .btn-primary {\n        display: block;\n        background-color: #ffffff;\n        color: #000000;\n        text-align: center;\n        text-decoration: none;\n        font-weight: 700;\n        font-size: 14px;\n        text-transform: uppercase;\n        letter-spacing: 1.5px;\n        padding: 18px;\n        border-radius: 2px;\n    }\n\n    .btn-secondary {\n        display: block;\n        background-color: #000000;\n        color: #ffffff;\n        text-align: center;\n        text-decoration: none;\n        font-weight: 700;\n        font-size: 14px;\n        text-transform: uppercase;\n        letter-spacing: 1.5px;\n        padding: 18px;\n        border: 1px solid #333;\n        border-radius: 2px;\n    }\n\n    .info-grid {\n        display: grid;\n        grid-template-columns: 1fr 1fr;\n        gap: 10px;\n    }\n\n    .info-link {\n        text-decoration: none;\n        display: flex;\n        flex-direction: column;\n        align-items: center;\n        text-align: center;\n    }\n\n    .info-label {\n        color: #555;\n        font-size: 10px;\n        text-transform: uppercase;\n        letter-spacing: 1px;\n        margin-bottom: 4px;\n    }\n\n    .info-value {\n        color: #ffffff;\n        font-size: 12px;\n        font-weight: 500;\n    }\n<\/style>\n\n<div class=\"inkroom-premium-widget\">\n    <h2>Couple tattoo<\/h2>\n\n    <p>Szeretn\u00e9l megosztani egy \u00e9letre sz\u00f3l\u00f3 eml\u00e9ket egy hozz\u00e1d k\u00f6zel \u00e1ll\u00f3 szem\u00e9llyel? Erre meglehet\u0151sen alkalmas lehet a p\u00e1ros tetov\u00e1l\u00e1s, ami \u00e1ltal meger\u0151s\u00edtitek kapcsolatotokat p\u00e1roddal, rokonoddal, bar\u00e1toddal.<\/p>\n\n    <div class=\"highlight-para\">\n        <p style=\"margin-bottom: 0;\">Maga az \u00e9lm\u00e9ny izgalmas lehet mindkett\u0151t\u00f6k sz\u00e1m\u00e1ra, \u00edgy garant\u00e1ltan eml\u00e9kezetes pillanatokkal gazdagodtok egy p\u00e1ros tetov\u00e1l\u00e1s sor\u00e1n! Ez\u00e1ltal ez a p\u00e1ros tetov\u00e1l\u00e1s nem csak egy d\u00edsz lesz, hanem \u00e9rzelmileg is kapcsol\u00f3dtok hozz\u00e1. A p\u00e1ros tetov\u00e1l\u00e1s l\u00e9nyege, hogy sz\u00e1motokra egyfajta \u00e9rzelmi k\u00f6tel\u00e9ket fejez ki.<\/p>\n    <\/div>\n\n    <span class=\"style-header\">Mini Couple Tattoos<\/span>\n\n    <p>Most couple tattoos tend to be small, matching designs that can be done in a single session for both of you.\nSo if you\u2019re coming as a pair\u2014or even a small group\u2014that\u2019s no problem! These mini tattoos don\u2019t take long to complet<\/p>\n\n    <p>There are many creative ideas out there: from two halves of a single design that only makes sense when brought together, to patterns that start on one person and continue on the other. And of course, some designs are meaningful only to those who wear them \u2013 and that\u2019s what makes them special.<\/p>\n\n    <p>A p\u00e1ros tetk\u00f3k eset\u00e9ben is szabadj\u00e1ra engedhetj\u00fck kreativit\u00e1sunkat! A minta lehet egy k\u00e9p, sz\u00f6veg, forma\u2026b\u00e1rmi! Mi sz\u00edvesen elk\u00e9sz\u00edtj\u00fck sz\u00e1motokra a p\u00e1ros mini tetov\u00e1l\u00e1sotokat, akkor is, ha nem is olyan mini!<\/p>\n\n    <p class=\"last-text\">\u00c9rdemes ugyanazzal a tetov\u00e1l\u00f3val elk\u00e9sz\u00edtettni a mint\u00e1kat, hogy ne legyen m\u00e1s hangulatuk hiszen a tetov\u00e1l\u00f3k st\u00edlusai elt\u00e9rhetnek! Aj\u00e1nd\u00e9kozz egy \u00f6r\u00f6k eml\u00e9ket! Csin\u00e1ltass p\u00e1ros tetov\u00e1l\u00e1st N\u00e1lunk!<\/p>\n\n    <div class=\"action-area\">\n        <div class=\"cta-grid\">\n            <a href=\"https:\/\/inkroomtattoo.com\/en\/ajanlatkeres\/\" class=\"btn-primary\">Request a quote<\/a>\n            <a href=\"https:\/\/inkroomtattoo.com\/en\/idopontfoglalas\/\" class=\"btn-secondary\">Booking an appointment<\/a>\n        <\/div>\n\n        <div class=\"info-grid\">\n            <a href=\"tel:+36309143215\" class=\"info-link\">\n                <span class=\"info-label\">H\u00edv\u00e1s<\/span>\n                <span class=\"info-value\">+36 30 914 3215<\/span>\n            <\/a>\n            <a href=\"mailto:info@inkroomtattoo.com\" class=\"info-link\">\n                <span class=\"info-label\">Email<\/span>\n                <span class=\"info-value\">info@inkroomtattoo.com<\/span>\n            <\/a>\n        <\/div>\n    <\/div>\n<\/div>\t\t\t\t\t\t\t\t<\/div>\n\t\t\t\t<\/div>\n\t\t\t\t<section class=\"elementor-section elementor-inner-section elementor-element elementor-element-94a2367 elementor-section-boxed elementor-section-height-default elementor-section-height-default\" data-id=\"94a2367\" data-element_type=\"section\">\n\t\t\t\t\t\t<div class=\"elementor-container elementor-column-gap-default\">\n\t\t\t\t\t<div class=\"elementor-column elementor-col-50 elementor-inner-column elementor-element elementor-element-cb37717\" data-id=\"cb37717\" data-element_type=\"column\">\n\t\t\t<div class=\"elementor-widget-wrap elementor-element-populated\">\n\t\t\t\t\t\t<div class=\"elementor-element elementor-element-325394d elementor-invisible elementor-widget elementor-widget-image\" data-id=\"325394d\" data-element_type=\"widget\" data-settings=\"{&quot;_animation&quot;:&quot;slideInLeft&quot;}\" data-widget_type=\"image.default\">\n\t\t\t\t<div class=\"elementor-widget-container\">\n\t\t\t\t\t\t\t\t\t\t\t\t\t\t\t<img decoding=\"async\" src=\"https:\/\/inkroomtattoo.com\/wp-content\/uploads\/elementor\/thumbs\/paros-2-logozott-min-r33ennjf79mux02u7rhptb6nmbfg5x3sgvjjjsa58w.jpg\" title=\"paros-2-logozott-min\" alt=\"Tattoo Budapest - Inkroom tattoo\" loading=\"lazy\" \/>\t\t\t\t\t\t\t\t\t\t\t\t\t\t\t<\/div>\n\t\t\t\t<\/div>\n\t\t\t\t\t<\/div>\n\t\t<\/div>\n\t\t\t\t<div class=\"elementor-column elementor-col-50 elementor-inner-column elementor-element elementor-element-eaa4be2\" data-id=\"eaa4be2\" data-element_type=\"column\">\n\t\t\t<div class=\"elementor-widget-wrap elementor-element-populated\">\n\t\t\t\t\t\t<div class=\"elementor-element elementor-element-4a82e52 elementor-invisible elementor-widget elementor-widget-image\" data-id=\"4a82e52\" data-element_type=\"widget\" data-settings=\"{&quot;_animation&quot;:&quot;slideInRight&quot;,&quot;_animation_delay&quot;:500}\" data-widget_type=\"image.default\">\n\t\t\t\t<div class=\"elementor-widget-container\">\n\t\t\t\t\t\t\t\t\t\t\t\t\t\t\t<img decoding=\"async\" src=\"https:\/\/inkroomtattoo.com\/wp-content\/uploads\/elementor\/thumbs\/paros-02-r4qjrkjpeourwmpb7qwo9z4p4xlpdp0swuauovng9c.jpg\" title=\"paros-02\" alt=\"Tattoo Budapest - Inkroom tattoo\" loading=\"lazy\" \/>\t\t\t\t\t\t\t\t\t\t\t\t\t\t\t<\/div>\n\t\t\t\t<\/div>\n\t\t\t\t\t<\/div>\n\t\t<\/div>\n\t\t\t\t\t<\/div>\n\t\t<\/section>\n\t\t\t\t<section class=\"elementor-section elementor-inner-section elementor-element elementor-element-cf4f83a elementor-section-boxed elementor-section-height-default elementor-section-height-default\" data-id=\"cf4f83a\" data-element_type=\"section\">\n\t\t\t\t\t\t<div class=\"elementor-container elementor-column-gap-default\">\n\t\t\t\t\t<div class=\"elementor-column elementor-col-100 elementor-inner-column elementor-element elementor-element-35be003\" data-id=\"35be003\" data-element_type=\"column\">\n\t\t\t<div class=\"elementor-widget-wrap elementor-element-populated\">\n\t\t\t\t\t\t<div class=\"elementor-element elementor-element-7b98d10 elementor-invisible elementor-widget elementor-widget-image\" data-id=\"7b98d10\" data-element_type=\"widget\" data-settings=\"{&quot;_animation&quot;:&quot;slideInLeft&quot;}\" data-widget_type=\"image.default\">\n\t\t\t\t<div class=\"elementor-widget-container\">\n\t\t\t\t\t\t\t\t\t\t\t\t\t\t\t<img decoding=\"async\" src=\"https:\/\/inkroomtattoo.com\/wp-content\/uploads\/elementor\/thumbs\/paros-03-r4qjrmfdscxcjumkwrpxeynmbpcft389l3ltnfknww.jpg\" title=\"paros-03\" alt=\"Inkroom Tattoo Budapest\" loading=\"lazy\" \/>\t\t\t\t\t\t\t\t\t\t\t\t\t\t\t<\/div>\n\t\t\t\t<\/div>\n\t\t\t\t\t<\/div>\n\t\t<\/div>\n\t\t\t\t\t<\/div>\n\t\t<\/section>\n\t\t\t\t<div class=\"elementor-element elementor-element-7a4b13b elementor-align-center elementor-widget elementor-widget-button\" data-id=\"7a4b13b\" data-element_type=\"widget\" data-widget_type=\"button.default\">\n\t\t\t\t<div class=\"elementor-widget-container\">\n\t\t\t\t\t\t\t\t\t<div class=\"elementor-button-wrapper\">\n\t\t\t\t\t<a class=\"elementor-button elementor-button-link elementor-size-sm elementor-animation-grow\" href=\"https:\/\/inkroomtattoo.com\/en\/kapcsolat\/\">\n\t\t\t\t\t\t<span class=\"elementor-button-content-wrapper\">\n\t\t\t\t\t\t\t\t\t<span class=\"elementor-button-text\">Contact<\/span>\n\t\t\t\t\t<\/span>\n\t\t\t\t\t<\/a>\n\t\t\t\t<\/div>\n\t\t\t\t\t\t\t\t<\/div>\n\t\t\t\t<\/div>\n\t\t\t\t\t<\/div>\n\t\t<\/div>\n\t\t\t\t\t<\/div>\n\t\t<\/section>\n\t\t\t\t<\/div>","protected":false},"excerpt":{"rendered":"<p>P\u00e1ros tetov\u00e1l\u00e1s P\u00e1ros tetov\u00e1l\u00e1s Szeretn\u00e9l megosztani egy \u00e9letre sz\u00f3l\u00f3 eml\u00e9ket egy hozz\u00e1d k\u00f6zel \u00e1ll\u00f3 szem\u00e9llyel? Erre meglehet\u0151sen alkalmas lehet a p\u00e1ros tetov\u00e1l\u00e1s, ami \u00e1ltal meger\u0151s\u00edtitek kapcsolatotokat p\u00e1roddal, rokonoddal, bar\u00e1toddal. Maga az \u00e9lm\u00e9ny izgalmas lehet mindkett\u0151t\u00f6k sz\u00e1m\u00e1ra, \u00edgy garant\u00e1ltan eml\u00e9kezetes pillanatokkal gazdagodtok egy p\u00e1ros tetov\u00e1l\u00e1s sor\u00e1n! Ez\u00e1ltal ez a p\u00e1ros tetov\u00e1l\u00e1s nem csak egy d\u00edsz lesz, [&hellip;]<\/p>","protected":false},"author":1,"featured_media":0,"parent":0,"menu_order":0,"comment_status":"closed","ping_status":"closed","template":"elementor_header_footer","meta":{"footnotes":""},"class_list":["post-1101","page","type-page","status-publish","hentry"],"yoast_head":"<!-- This site is optimized with the Yoast SEO plugin v25.3 - https:\/\/yoast.com\/wordpress\/plugins\/seo\/ -->\n<title>P\u00e1ros tetov\u00e1l\u00e1s | Tet\u00f3v\u00e1l\u00f3 szalon Budapest | Inkroom Tattoo<\/title>\n<meta name=\"description\" content=\"Szeretn\u00e9l megosztani egy \u00e9letre sz\u00f3l\u00f3 eml\u00e9ket. R\u00e1nk sz\u00e1m\u00edthatsz ha a p\u00e1ros tetk\u00f3t szeretn\u00e9l! P\u00e1ros tetov\u00e1l\u00e1s Budapest belv\u00e1ros\u00e1ban.\" \/>\n<meta name=\"robots\" content=\"index, follow, max-snippet:-1, max-image-preview:large, max-video-preview:-1\" \/>\n<link rel=\"canonical\" href=\"https:\/\/inkroomtattoo.com\/en\/paros-tetovalas\/\" \/>\n<meta property=\"og:locale\" content=\"en_GB\" \/>\n<meta property=\"og:type\" content=\"article\" \/>\n<meta property=\"og:title\" content=\"p\u00e1ros tetov\u00e1l\u00e1s\" \/>\n<meta property=\"og:description\" content=\"Szeretn\u00e9l megosztani egy \u00e9letre sz\u00f3l\u00f3 eml\u00e9ket. R\u00e1nk sz\u00e1m\u00edthatsz ha a p\u00e1ros tetov\u00e1l\u00e1st szeretn\u00e9l!\" \/>\n<meta property=\"og:url\" content=\"https:\/\/inkroomtattoo.com\/en\/paros-tetovalas\/\" \/>\n<meta property=\"og:site_name\" content=\"InkRoomTattoo\" \/>\n<meta property=\"article:modified_time\" content=\"2026-02-19T20:37:21+00:00\" \/>\n<meta property=\"og:image\" content=\"https:\/\/inkroomtattoo.com\/wp-content\/uploads\/elementor\/thumbs\/paros-2-logozott-min-r33ennjf79mux02u7rhptb6nmbfg5x3sgvjjjsa58w.jpg\" \/>\n<meta name=\"twitter:card\" content=\"summary_large_image\" \/>\n<meta name=\"twitter:label1\" content=\"Estimated reading time\" \/>\n\t<meta name=\"twitter:data1\" content=\"2 minutes\" \/>\n<script type=\"application\/ld+json\" class=\"yoast-schema-graph\">{\"@context\":\"https:\/\/schema.org\",\"@graph\":[{\"@type\":\"WebPage\",\"@id\":\"https:\/\/inkroomtattoo.com\/paros-tetovalas\/\",\"url\":\"https:\/\/inkroomtattoo.com\/paros-tetovalas\/\",\"name\":\"P\u00e1ros tetov\u00e1l\u00e1s | Tet\u00f3v\u00e1l\u00f3 szalon Budapest | Inkroom Tattoo\",\"isPartOf\":{\"@id\":\"https:\/\/inkroomtattoo.com\/#website\"},\"primaryImageOfPage\":{\"@id\":\"https:\/\/inkroomtattoo.com\/paros-tetovalas\/#primaryimage\"},\"image\":{\"@id\":\"https:\/\/inkroomtattoo.com\/paros-tetovalas\/#primaryimage\"},\"thumbnailUrl\":\"https:\/\/inkroomtattoo.com\/wp-content\/uploads\/elementor\/thumbs\/paros-2-logozott-min-r33ennjf79mux02u7rhptb6nmbfg5x3sgvjjjsa58w.jpg\",\"datePublished\":\"2023-05-09T14:25:11+00:00\",\"dateModified\":\"2026-02-19T20:37:21+00:00\",\"description\":\"Szeretn\u00e9l megosztani egy \u00e9letre sz\u00f3l\u00f3 eml\u00e9ket. R\u00e1nk sz\u00e1m\u00edthatsz ha a p\u00e1ros tetk\u00f3t szeretn\u00e9l! P\u00e1ros tetov\u00e1l\u00e1s Budapest belv\u00e1ros\u00e1ban.\",\"breadcrumb\":{\"@id\":\"https:\/\/inkroomtattoo.com\/paros-tetovalas\/#breadcrumb\"},\"inLanguage\":\"en-GB\",\"potentialAction\":[{\"@type\":\"ReadAction\",\"target\":[\"https:\/\/inkroomtattoo.com\/paros-tetovalas\/\"]}]},{\"@type\":\"ImageObject\",\"inLanguage\":\"en-GB\",\"@id\":\"https:\/\/inkroomtattoo.com\/paros-tetovalas\/#primaryimage\",\"url\":\"https:\/\/inkroomtattoo.com\/wp-content\/uploads\/elementor\/thumbs\/paros-2-logozott-min-r33ennjf79mux02u7rhptb6nmbfg5x3sgvjjjsa58w.jpg\",\"contentUrl\":\"https:\/\/inkroomtattoo.com\/wp-content\/uploads\/elementor\/thumbs\/paros-2-logozott-min-r33ennjf79mux02u7rhptb6nmbfg5x3sgvjjjsa58w.jpg\"},{\"@type\":\"BreadcrumbList\",\"@id\":\"https:\/\/inkroomtattoo.com\/paros-tetovalas\/#breadcrumb\",\"itemListElement\":[{\"@type\":\"ListItem\",\"position\":1,\"name\":\"Kezd\u0151lap\",\"item\":\"https:\/\/inkroomtattoo.com\/\"},{\"@type\":\"ListItem\",\"position\":2,\"name\":\"P\u00e1ros tetov\u00e1l\u00e1s\"}]},{\"@type\":\"WebSite\",\"@id\":\"https:\/\/inkroomtattoo.com\/#website\",\"url\":\"https:\/\/inkroomtattoo.com\/\",\"name\":\"InkRoomTattoo\",\"description\":\"Tattoo Budapest\",\"publisher\":{\"@id\":\"https:\/\/inkroomtattoo.com\/#organization\"},\"potentialAction\":[{\"@type\":\"SearchAction\",\"target\":{\"@type\":\"EntryPoint\",\"urlTemplate\":\"https:\/\/inkroomtattoo.com\/?s={search_term_string}\"},\"query-input\":{\"@type\":\"PropertyValueSpecification\",\"valueRequired\":true,\"valueName\":\"search_term_string\"}}],\"inLanguage\":\"en-GB\"},{\"@type\":\"Organization\",\"@id\":\"https:\/\/inkroomtattoo.com\/#organization\",\"name\":\"Inkroomtattoo\",\"url\":\"https:\/\/inkroomtattoo.com\/\",\"logo\":{\"@type\":\"ImageObject\",\"inLanguage\":\"en-GB\",\"@id\":\"https:\/\/inkroomtattoo.com\/#\/schema\/logo\/image\/\",\"url\":\"https:\/\/inkroomtattoo.com\/wp-content\/uploads\/2020\/12\/cropped-inkroom_logo_egysoros_BLACKnegyzet-01.png\",\"contentUrl\":\"https:\/\/inkroomtattoo.com\/wp-content\/uploads\/2020\/12\/cropped-inkroom_logo_egysoros_BLACKnegyzet-01.png\",\"width\":512,\"height\":512,\"caption\":\"Inkroomtattoo\"},\"image\":{\"@id\":\"https:\/\/inkroomtattoo.com\/#\/schema\/logo\/image\/\"}}]}<\/script>\n<!-- \/ Yoast SEO plugin. -->","yoast_head_json":{"title":"P\u00e1ros tetov\u00e1l\u00e1s | Tet\u00f3v\u00e1l\u00f3 szalon Budapest | Inkroom Tattoo","description":"Szeretn\u00e9l megosztani egy \u00e9letre sz\u00f3l\u00f3 eml\u00e9ket. R\u00e1nk sz\u00e1m\u00edthatsz ha a p\u00e1ros tetk\u00f3t szeretn\u00e9l! P\u00e1ros tetov\u00e1l\u00e1s Budapest belv\u00e1ros\u00e1ban.","robots":{"index":"index","follow":"follow","max-snippet":"max-snippet:-1","max-image-preview":"max-image-preview:large","max-video-preview":"max-video-preview:-1"},"canonical":"https:\/\/inkroomtattoo.com\/en\/paros-tetovalas\/","og_locale":"en_GB","og_type":"article","og_title":"p\u00e1ros tetov\u00e1l\u00e1s","og_description":"Szeretn\u00e9l megosztani egy \u00e9letre sz\u00f3l\u00f3 eml\u00e9ket. R\u00e1nk sz\u00e1m\u00edthatsz ha a p\u00e1ros tetov\u00e1l\u00e1st szeretn\u00e9l!","og_url":"https:\/\/inkroomtattoo.com\/en\/paros-tetovalas\/","og_site_name":"InkRoomTattoo","article_modified_time":"2026-02-19T20:37:21+00:00","og_image":[{"url":"https:\/\/inkroomtattoo.com\/wp-content\/uploads\/elementor\/thumbs\/paros-2-logozott-min-r33ennjf79mux02u7rhptb6nmbfg5x3sgvjjjsa58w.jpg","type":"","width":"","height":""}],"twitter_card":"summary_large_image","twitter_misc":{"Estimated reading time":"2 minutes"},"schema":{"@context":"https:\/\/schema.org","@graph":[{"@type":"WebPage","@id":"https:\/\/inkroomtattoo.com\/paros-tetovalas\/","url":"https:\/\/inkroomtattoo.com\/paros-tetovalas\/","name":"P\u00e1ros tetov\u00e1l\u00e1s | Tet\u00f3v\u00e1l\u00f3 szalon Budapest | Inkroom Tattoo","isPartOf":{"@id":"https:\/\/inkroomtattoo.com\/#website"},"primaryImageOfPage":{"@id":"https:\/\/inkroomtattoo.com\/paros-tetovalas\/#primaryimage"},"image":{"@id":"https:\/\/inkroomtattoo.com\/paros-tetovalas\/#primaryimage"},"thumbnailUrl":"https:\/\/inkroomtattoo.com\/wp-content\/uploads\/elementor\/thumbs\/paros-2-logozott-min-r33ennjf79mux02u7rhptb6nmbfg5x3sgvjjjsa58w.jpg","datePublished":"2023-05-09T14:25:11+00:00","dateModified":"2026-02-19T20:37:21+00:00","description":"Szeretn\u00e9l megosztani egy \u00e9letre sz\u00f3l\u00f3 eml\u00e9ket. R\u00e1nk sz\u00e1m\u00edthatsz ha a p\u00e1ros tetk\u00f3t szeretn\u00e9l! P\u00e1ros tetov\u00e1l\u00e1s Budapest belv\u00e1ros\u00e1ban.","breadcrumb":{"@id":"https:\/\/inkroomtattoo.com\/paros-tetovalas\/#breadcrumb"},"inLanguage":"en-GB","potentialAction":[{"@type":"ReadAction","target":["https:\/\/inkroomtattoo.com\/paros-tetovalas\/"]}]},{"@type":"ImageObject","inLanguage":"en-GB","@id":"https:\/\/inkroomtattoo.com\/paros-tetovalas\/#primaryimage","url":"https:\/\/inkroomtattoo.com\/wp-content\/uploads\/elementor\/thumbs\/paros-2-logozott-min-r33ennjf79mux02u7rhptb6nmbfg5x3sgvjjjsa58w.jpg","contentUrl":"https:\/\/inkroomtattoo.com\/wp-content\/uploads\/elementor\/thumbs\/paros-2-logozott-min-r33ennjf79mux02u7rhptb6nmbfg5x3sgvjjjsa58w.jpg"},{"@type":"BreadcrumbList","@id":"https:\/\/inkroomtattoo.com\/paros-tetovalas\/#breadcrumb","itemListElement":[{"@type":"ListItem","position":1,"name":"Kezd\u0151lap","item":"https:\/\/inkroomtattoo.com\/"},{"@type":"ListItem","position":2,"name":"P\u00e1ros tetov\u00e1l\u00e1s"}]},{"@type":"WebSite","@id":"https:\/\/inkroomtattoo.com\/#website","url":"https:\/\/inkroomtattoo.com\/","name":"InkRoomTattoo","description":"Tattoo Budapest","publisher":{"@id":"https:\/\/inkroomtattoo.com\/#organization"},"potentialAction":[{"@type":"SearchAction","target":{"@type":"EntryPoint","urlTemplate":"https:\/\/inkroomtattoo.com\/?s={search_term_string}"},"query-input":{"@type":"PropertyValueSpecification","valueRequired":true,"valueName":"search_term_string"}}],"inLanguage":"en-GB"},{"@type":"Organization","@id":"https:\/\/inkroomtattoo.com\/#organization","name":"Inkroomtattoo","url":"https:\/\/inkroomtattoo.com\/","logo":{"@type":"ImageObject","inLanguage":"en-GB","@id":"https:\/\/inkroomtattoo.com\/#\/schema\/logo\/image\/","url":"https:\/\/inkroomtattoo.com\/wp-content\/uploads\/2020\/12\/cropped-inkroom_logo_egysoros_BLACKnegyzet-01.png","contentUrl":"https:\/\/inkroomtattoo.com\/wp-content\/uploads\/2020\/12\/cropped-inkroom_logo_egysoros_BLACKnegyzet-01.png","width":512,"height":512,"caption":"Inkroomtattoo"},"image":{"@id":"https:\/\/inkroomtattoo.com\/#\/schema\/logo\/image\/"}}]}},"_links":{"self":[{"href":"https:\/\/inkroomtattoo.com\/en\/wp-json\/wp\/v2\/pages\/1101","targetHints":{"allow":["GET"]}}],"collection":[{"href":"https:\/\/inkroomtattoo.com\/en\/wp-json\/wp\/v2\/pages"}],"about":[{"href":"https:\/\/inkroomtattoo.com\/en\/wp-json\/wp\/v2\/types\/page"}],"author":[{"embeddable":true,"href":"https:\/\/inkroomtattoo.com\/en\/wp-json\/wp\/v2\/users\/1"}],"replies":[{"embeddable":true,"href":"https:\/\/inkroomtattoo.com\/en\/wp-json\/wp\/v2\/comments?post=1101"}],"version-history":[{"count":19,"href":"https:\/\/inkroomtattoo.com\/en\/wp-json\/wp\/v2\/pages\/1101\/revisions"}],"predecessor-version":[{"id":2029,"href":"https:\/\/inkroomtattoo.com\/en\/wp-json\/wp\/v2\/pages\/1101\/revisions\/2029"}],"wp:attachment":[{"href":"https:\/\/inkroomtattoo.com\/en\/wp-json\/wp\/v2\/media?parent=1101"}],"curies":[{"name":"wp","href":"https:\/\/api.w.org\/{rel}","templated":true}]}}